{"id":468,"date":"2026-01-14T08:26:18","date_gmt":"2026-01-14T08:26:18","guid":{"rendered":"https:\/\/aircompressorforlasercutter.com\/product\/air-assist-compressor-for-two-trees-ts2-engraver\/"},"modified":"2026-01-14T08:46:55","modified_gmt":"2026-01-14T08:46:55","slug":"air-assist-compressor-for-two-trees-ts2-engraver","status":"publish","type":"product","link":"https:\/\/aircompressorforlasercutter.com\/vi\/san-pham\/may-nen-khi-ho-tro-cho-may-khac-ts2-hai-cay\/","title":{"rendered":"M\u00e1y n\u00e9n kh\u00ed h\u1ed7 tr\u1ee3 cho m\u00e1y kh\u1eafc Two Trees TS2"},"content":{"rendered":"<h1>M\u00e1y n\u00e9n kh\u00ed h\u1ed7 tr\u1ee3 cho m\u00e1y kh\u1eafc Two Trees TS2: Ng\u01b0\u1eddi h\u00f9ng th\u1ea7m l\u1eb7ng<\/h1>\n<h2>1. B\u1ed1i c\u1ea3nh: T\u00ecnh h\u00ecnh th\u1ecb tr\u01b0\u1eddng hi\u1ec7n t\u1ea1i<\/h2>\n<p>Trong ng\u00e0nh c\u00f4ng nghi\u1ec7p kh\u1eafc laser, h\u1ea7u h\u1ebft ng\u01b0\u1eddi mua \u0111\u1ea7u t\u01b0 m\u1ed9t kho\u1ea3n ti\u1ec1n \u0111\u00e1ng k\u1ec3 v\u00e0o c\u00e1c m\u00e1y kh\u1eafc laser cao c\u1ea5p, th\u01b0\u1eddng b\u1ecf qua m\u1ed9t ph\u1ee5 ki\u1ec7n quan tr\u1ecdng: m\u00e1y n\u00e9n kh\u00ed h\u1ed7 tr\u1ee3. B\u1ed9 ph\u1eadn \u00edt \u0111\u01b0\u1ee3c \u0111\u00e1nh gi\u00e1 cao n\u00e0y \u0111\u00f3ng vai tr\u00f2 thi\u1ebft y\u1ebfu trong vi\u1ec7c n\u00e2ng cao hi\u1ec7u su\u1ea5t t\u1ed5ng th\u1ec3 v\u00e0 tu\u1ed5i th\u1ecd c\u1ee7a thi\u1ebft b\u1ecb laser. \u0110i\u1ec1u c\u1ea7n thi\u1ebft l\u00e0 ph\u1ea3i nh\u1eadn ra r\u1eb1ng m\u00e1y n\u00e9n kh\u00ed h\u1ed7 tr\u1ee3 kh\u00f4ng ch\u1ec9 \u0111\u01a1n thu\u1ea7n l\u00e0 m\u1ed9t ph\u1ee5 ki\u1ec7n b\u1ed5 sung; n\u00f3 l\u00e0 y\u1ebfu t\u1ed1 quy\u1ebft \u0111\u1ecbnh quan tr\u1ecdng \u0111\u1ebfn ch\u1ea5t l\u01b0\u1ee3ng c\u1eaft v\u00e0 tu\u1ed5i th\u1ecd c\u1ee7a m\u00e1y.<\/p>\n<h3>Nh\u1eefng hi\u1ec3u bi\u1ebft c\u1ed1t l\u00f5i: Gi\u00e1 tr\u1ecb c\u1ee7a h\u1ed7 tr\u1ee3 kh\u00f4ng l\u01b0u<\/h3>\n<p>\u0110\u1ed1i v\u1edbi c\u00e1c nh\u00e0 ph\u00e2n ph\u1ed1i, vi\u1ec7c l\u1ef1a ch\u1ecdn m\u00e1y n\u00e9n kh\u00ed h\u1ed7 tr\u1ee3 ph\u00f9 h\u1ee3p s\u1ebd tr\u1ef1c ti\u1ebfp d\u1eabn \u0111\u1ebfn vi\u1ec7c gi\u1ea3m thi\u1ec3u khi\u1ebfu n\u1ea1i c\u1ee7a kh\u00e1ch h\u00e0ng v\u1ec1 c\u00e1c v\u1ea5n \u0111\u1ec1 nh\u01b0 \u201cc\u1eaft kh\u00f4ng ho\u00e0n ch\u1ec9nh\u201d v\u00e0 \u201c\u1ed1ng k\u00ednh b\u1ecb h\u01b0 h\u1ecfng\u201d. Hi\u1ec7u \u1ee9ng lan t\u1ecfa r\u00f5 r\u1ec7t l\u00e0 t\u1ef7 l\u1ec7 gi\u1eef ch\u00e2n kh\u00e1ch h\u00e0ng cao h\u01a1n. \u0110\u1ea7u t\u01b0 v\u00e0o m\u1ed9t m\u00e1y n\u00e9n kh\u00ed ch\u1ea5t l\u01b0\u1ee3ng c\u00f3 ngh\u0129a l\u00e0 cung c\u1ea5p cho kh\u00e1ch h\u00e0ng c\u1ee7a b\u1ea1n nh\u1eefng k\u1ebft qu\u1ea3 v\u01b0\u1ee3t tr\u1ed9i v\u00e0 hi\u1ec7u su\u1ea5t \u0111\u00e1ng tin c\u1eady.<\/p>\n<h2>2. Ph\u00e2n t\u00edch \u0111i\u1ec3m kh\u00f3 kh\u0103n: Chi ph\u00ed \u1ea9n c\u1ee7a m\u00e1y n\u00e9n kh\u00ed gi\u00e1 r\u1ebb<\/h2>\n<p>Khi l\u1ef1a ch\u1ecdn m\u00e1y n\u00e9n kh\u00ed gi\u00e1 r\u1ebb, c\u00e1c doanh nghi\u1ec7p th\u01b0\u1eddng g\u1eb7p ph\u1ea3i m\u1ed9t s\u1ed1 chi ph\u00ed \u1ea9n c\u00f3 th\u1ec3 v\u01b0\u1ee3t xa kho\u1ea3n ti\u1ebft ki\u1ec7m ban \u0111\u1ea7u.<\/p>\n<h3>Ch\u1ea5t l\u01b0\u1ee3ng c\u1eaft k\u00e9m<\/h3>\n<p>Lu\u1ed3ng kh\u00ed kh\u00f4ng \u1ed5n \u0111\u1ecbnh t\u1eeb c\u00e1c m\u00e1y n\u00e9n k\u00e9m ch\u1ea5t l\u01b0\u1ee3ng c\u00f3 th\u1ec3 d\u1eabn \u0111\u1ebfn nh\u1eefng k\u1ebft qu\u1ea3 kh\u00f4ng mong mu\u1ed1n, ch\u1eb3ng h\u1ea1n nh\u01b0 c\u00e1c c\u1ea1nh b\u1ecb ch\u00e1y x\u00e9m tr\u00ean v\u1eadt li\u1ec7u, d\u1eabn \u0111\u1ebfn s\u1ea3n ph\u1ea9m ho\u00e0n thi\u1ec7n kh\u00f4ng \u0111\u1eb9p m\u1eaft. \u0110i\u1ec1u n\u00e0y kh\u00f4ng ch\u1ec9 \u1ea3nh h\u01b0\u1edfng \u0111\u1ebfn t\u00ednh th\u1ea9m m\u1ef9 m\u00e0 c\u00f2n l\u00e0m gi\u1ea3m gi\u00e1 tr\u1ecb c\u1ea3m nh\u1eadn c\u1ee7a s\u1ea3n ph\u1ea9m cu\u1ed1i c\u00f9ng.<\/p>\n<h3>Nguy c\u01a1 h\u01b0 h\u1ecfng thi\u1ebft b\u1ecb<\/h3>\n<p>C\u00e1c m\u00e1y n\u00e9n kh\u00ed k\u00e9m ch\u1ea5t l\u01b0\u1ee3ng, \u0111\u1eb7c bi\u1ec7t l\u00e0 lo\u1ea1i s\u1eed d\u1ee5ng d\u1ea7u, ti\u1ec1m \u1ea9n r\u1ee7i ro \u0111\u00e1ng k\u1ec3 do ph\u00e1t ra h\u01a1i d\u1ea7u ho\u1eb7c h\u01a1i \u1ea9m c\u00f3 th\u1ec3 l\u00e0m \u00f4 nhi\u1ec5m th\u1ea5u k\u00ednh laser. S\u1ef1 \u00f4 nhi\u1ec5m n\u00e0y c\u00f3 th\u1ec3 d\u1eabn \u0111\u1ebfn chi ph\u00ed s\u1eeda ch\u1eefa t\u1ed1n k\u00e9m v\u00e0 kh\u1ea3 n\u0103ng ph\u1ea3i tr\u1ea3 l\u1ea1i h\u00e0ng, l\u00e0m gi\u1ea3m l\u1ee3i nhu\u1eadn.<\/p>\n<h3>Ng\u0103n ch\u1eb7n ti\u1ebfng \u1ed3n<\/h3>\n<p>M\u00e1y n\u00e9n kh\u00ed truy\u1ec1n th\u1ed1ng n\u1ed5i ti\u1ebfng l\u00e0 \u1ed3n \u00e0o, \u0111i\u1ec1u n\u00e0y h\u1ea1n ch\u1ebf kh\u1ea3 n\u0103ng s\u1eed d\u1ee5ng c\u1ee7a ch\u00fang trong m\u00f4i tr\u01b0\u1eddng gia \u0111\u00ecnh ho\u1eb7c tr\u01b0\u1eddng h\u1ecdc. Ti\u1ebfng \u1ed3n n\u00e0y c\u00f3 th\u1ec3 khi\u1ebfn kh\u00e1ch h\u00e0ng ti\u1ec1m n\u0103ng e ng\u1ea1i, l\u00e0m thu h\u1eb9p ph\u1ea1m vi ti\u1ebfp c\u1eadn th\u1ecb tr\u01b0\u1eddng c\u1ee7a b\u1ea1n.<\/p>\n<h2>3. Gi\u1ea3i ph\u00e1p c\u1ee7a ch\u00fang t\u00f4i: \u0110\u1ecbnh ngh\u0129a l\u1ea1i d\u1ecbch v\u1ee5 h\u1ed7 tr\u1ee3 h\u00e0ng kh\u00f4ng chuy\u00ean nghi\u1ec7p<\/h2>\n<p>Gi\u1edbi thi\u1ec7u m\u00e1y n\u00e9n kh\u00ed h\u1ed7 tr\u1ee3 th\u1ebf h\u1ec7 m\u1edbi \u0111\u01b0\u1ee3c thi\u1ebft k\u1ebf \u0111\u1ec3 gi\u1ea3i quy\u1ebft nh\u1eefng v\u1ea5n \u0111\u1ec1 th\u01b0\u1eddng g\u1eb7p \u0111\u1ed1i v\u1edbi ng\u01b0\u1eddi s\u1eed d\u1ee5ng m\u00e1y kh\u1eafc laser.<\/p>\n<h3>Thi\u1ebft k\u1ebf kh\u00f4ng d\u1ea7u v\u00e0 kh\u00f4ng n\u01b0\u1edbc<\/h3>\n<p>M\u00e1y n\u00e9n kh\u00ed c\u1ee7a ch\u00fang t\u00f4i \u0111\u1ea3m b\u1ea3o kh\u1ea3 n\u0103ng b\u1ea3o v\u1ec7 100% cho h\u1ec7 th\u1ed1ng quang h\u1ecdc laser, kh\u00f4ng y\u00eau c\u1ea7u ng\u01b0\u1eddi d\u00f9ng cu\u1ed1i ph\u1ea3i b\u1ea3o tr\u00ec. \u0110i\u1ec1u n\u00e0y mang l\u1ea1i s\u1ef1 an t\u00e2m v\u00e0 ti\u1ebft ki\u1ec7m \u0111\u00e1ng k\u1ec3 th\u1eddi gian v\u00e0 ngu\u1ed3n l\u1ef1c.<\/p>\n<h3>C\u00f4ng ngh\u1ec7 si\u00eau y\u00ean t\u0129nh<\/h3>\n<p>\u0110\u01b0\u1ee3c thi\u1ebft k\u1ebf d\u00e0nh cho c\u00e1c \u1ee9ng d\u1ee5ng trong nh\u00e0 v\u00e0 ph\u00f2ng thu t\u1ea1i gia, m\u00e1y n\u00e9n \u00e2m thanh c\u1ee7a ch\u00fang t\u00f4i ho\u1ea1t \u0111\u1ed9ng \u1edf m\u1ee9c \u0111\u1ed9 ti\u1ebfng \u1ed3n c\u1ef1c th\u1ea5p (d\u01b0\u1edbi 60dB), gi\u00fap n\u00e2ng cao \u0111\u00e1ng k\u1ec3 tr\u1ea3i nghi\u1ec7m ng\u01b0\u1eddi d\u00f9ng v\u00e0 ph\u00f9 h\u1ee3p v\u1edbi nhi\u1ec1u \u0111\u1ed1i t\u01b0\u1ee3ng ng\u01b0\u1eddi d\u00f9ng h\u01a1n.<\/p>\n<h3>Hi\u1ec7u su\u1ea5t m\u1ea1nh m\u1ebd<\/h3>\n<p>V\u1edbi c\u00f4ng su\u1ea5t \u1ed5n \u0111\u1ecbnh v\u00e0 m\u1ea1nh m\u1ebd 30 l\u00edt\/ph\u00fat, m\u00e1y n\u00e9n kh\u00ed c\u1ee7a ch\u00fang t\u00f4i \u0111\u1ea3m b\u1ea3o vi\u1ec7c c\u1eaft c\u00e1c v\u1eadt li\u1ec7u d\u00e0y nh\u01b0 g\u1ed7 v\u00e0 acrylic \u0111\u01b0\u1ee3c th\u1ef1c hi\u1ec7n s\u1ea1ch s\u1ebd, kh\u00f4ng kh\u00f3i v\u00e0 kh\u00f4ng mu\u1ed9i than, t\u1eeb \u0111\u00f3 n\u00e2ng cao ch\u1ea5t l\u01b0\u1ee3ng v\u00e0 hi\u1ec7u qu\u1ea3.<\/p>\n<h2>4. Kh\u1ea3 n\u0103ng t\u01b0\u01a1ng th\u00edch r\u1ed9ng r\u00e3i: Gi\u1ea3i ph\u00e1p tr\u1ecdn g\u00f3i<\/h2>\n<p>M\u00e1y n\u00e9n kh\u00ed h\u1ed7 tr\u1ee3 c\u1ee7a ch\u00fang t\u00f4i \u0111\u01b0\u1ee3c thi\u1ebft k\u1ebf \u0111\u1ec3 t\u01b0\u01a1ng th\u00edch v\u1edbi h\u01a1n 95% m\u00e1y kh\u1eafc ph\u1ed5 bi\u1ebfn tr\u00ean th\u1ecb tr\u01b0\u1eddng, bao g\u1ed3m c\u00e1c m\u1eabu t\u1eeb xTool, Ortur, Atomstack v\u00e0 nhi\u1ec1u m\u00e1y laser CO2 kh\u00e1c nhau.<\/p>\n<h3>L\u1ee3i \u00edch d\u00e0nh cho nh\u00e0 ph\u00e2n ph\u1ed1i<\/h3>\n<p>Vi\u1ec7c cung c\u1ea5p m\u1ed9t m\u00e3 s\u1ea3n ph\u1ea9m duy nh\u1ea5t ph\u00f9 h\u1ee3p v\u1edbi nhi\u1ec1u lo\u1ea1i m\u00e1y gi\u00fap gi\u1ea3m \u0111\u00e1ng k\u1ec3 g\u00e1nh n\u1eb7ng t\u1ed3n kho v\u00e0 s\u1ef1 ph\u1ee9c t\u1ea1p li\u00ean quan \u0111\u1ebfn vi\u1ec7c d\u1ef1 tr\u1eef nhi\u1ec1u s\u1ea3n ph\u1ea9m kh\u00e1c nhau. \u0110i\u1ec1u n\u00e0y gi\u00fap t\u1ed1i \u01b0u h\u00f3a ho\u1ea1t \u0111\u1ed9ng v\u00e0 t\u0103ng l\u1ee3i nhu\u1eadn.<\/p>\n<h2>5. L\u1ee3i th\u1ebf c\u1ee7a chu\u1ed7i cung \u1ee9ng v\u00e0 quan h\u1ec7 \u0111\u1ed1i t\u00e1c<\/h2>\n<p>Ch\u00fang t\u00f4i t\u1ef1 h\u00e0o v\u1ec1 chu\u1ed7i cung \u1ee9ng m\u1ea1nh m\u1ebd v\u00e0 n\u0103ng l\u1ef1c s\u1ea3n xu\u1ea5t v\u01b0\u1ee3t tr\u1ed9i, \u0111\u1ea3m b\u1ea3o ch\u1ea5t l\u01b0\u1ee3ng v\u00e0 \u0111\u1ed9 tin c\u1eady trong t\u1eebng s\u1ea3n ph\u1ea9m.<\/p>\n<h3>\u0110i\u1ec3m m\u1ea1nh c\u1ee7a nh\u00e0 m\u00e1y<\/h3>\n<p>Quy tr\u00ecnh ki\u1ec3m so\u00e1t ch\u1ea5t l\u01b0\u1ee3ng (QC) nghi\u00eam ng\u1eb7t c\u1ee7a ch\u00fang t\u00f4i \u0111\u1ea3m b\u1ea3o t\u1ef7 l\u1ec7 l\u1ed7i c\u1ef1c th\u1ea5p (d\u01b0\u1edbi 1%), gi\u00fap b\u1ea1n ti\u1ebft ki\u1ec7m chi ph\u00ed li\u00ean quan \u0111\u1ebfn vi\u1ec7c tr\u1ea3 l\u1ea1i h\u00e0ng v\u00e0 v\u1eadn chuy\u1ec3n.<\/p>\n<h3>D\u1ecbch v\u1ee5 t\u00f9y ch\u1ec9nh (OEM\/ODM)<\/h3>\n<p>Ch\u00fang t\u00f4i h\u1ed7 tr\u1ee3 x\u00e2y d\u1ef1ng th\u01b0\u01a1ng hi\u1ec7u th\u00f4ng qua vi\u1ec7c t\u00f9y ch\u1ec9nh logo, thi\u1ebft k\u1ebf bao b\u00ec v\u00e0 th\u00f4ng s\u1ed1 k\u1ef9 thu\u1eadt ph\u00edch c\u1eafm cho nhi\u1ec1u qu\u1ed1c gia kh\u00e1c nhau, gi\u00fap b\u1ea1n x\u00e2y d\u1ef1ng nh\u1eadn di\u1ec7n th\u01b0\u01a1ng hi\u1ec7u m\u1ed9t c\u00e1ch hi\u1ec7u qu\u1ea3.<\/p>\n<h3>H\u1ed7 tr\u1ee3 sau b\u00e1n h\u00e0ng to\u00e0n di\u1ec7n<\/h3>\n<p>Kh\u1ea3 n\u0103ng ph\u1ea3n h\u1ed3i k\u1ef9 thu\u1eadt nhanh ch\u00f3ng v\u00e0 s\u1ef1 s\u1eb5n c\u00f3 c\u1ee7a ph\u1ee5 t\u00f9ng thay th\u1ebf \u0111\u1ea3m b\u1ea3o kh\u00e1ch h\u00e0ng c\u1ee7a b\u1ea1n nh\u1eadn \u0111\u01b0\u1ee3c s\u1ef1 h\u1ed7 tr\u1ee3 v\u01b0\u1ee3t tr\u1ed9i, c\u1ee7ng c\u1ed1 ni\u1ec1m tin c\u1ee7a h\u1ecd v\u00e0o th\u01b0\u01a1ng hi\u1ec7u c\u1ee7a b\u1ea1n.<\/p>\n<h2>6. K\u1ebft lu\u1eadn v\u00e0 l\u1eddi k\u00eau g\u1ecdi h\u00e0nh \u0111\u1ed9ng<\/h2>\n<p>T\u00f3m l\u1ea1i, \u0111\u1eebng \u0111\u1ec3 c\u00e1c ph\u1ee5 ki\u1ec7n k\u00e9m ch\u1ea5t l\u01b0\u1ee3ng l\u00e0m \u1ea3nh h\u01b0\u1edfng \u0111\u1ebfn danh ti\u1ebfng c\u1ee7a nh\u1eefng thi\u1ebft b\u1ecb cao c\u1ea5p c\u1ee7a b\u1ea1n. Vi\u1ec7c l\u1ef1a ch\u1ecdn m\u00e1y n\u00e9n kh\u00ed ph\u00f9 h\u1ee3p v\u1edbi ch\u1ea5t l\u01b0\u1ee3ng thi\u1ebft b\u1ecb l\u00e0 \u0111i\u1ec1u c\u1ea7n thi\u1ebft \u0111\u1ec3 duy tr\u00ec hi\u1ec7u su\u1ea5t ho\u1ea1t \u0111\u1ed9ng xu\u1ea5t s\u1eafc.<\/p>\n<p>H\u00e3y li\u00ean h\u1ec7 v\u1edbi ch\u00fang t\u00f4i ngay h\u00f4m nay \u0111\u1ec3 \u0111\u01b0\u1ee3c d\u00f9ng th\u1eed m\u1eabu ho\u1eb7c nh\u1eadn b\u00e1o gi\u00e1 b\u00e1n bu\u00f4n B2B m\u1edbi nh\u1ea5t. \u0110\u1eebng b\u1ecf l\u1ee1 c\u01a1 h\u1ed9i n\u00e2ng t\u1ea7m doanh nghi\u1ec7p c\u1ee7a b\u1ea1n v\u1edbi c\u00f4ng ngh\u1ec7 h\u1ed7 tr\u1ee3 kh\u00ed n\u00e9n v\u01b0\u1ee3t tr\u1ed9i.<\/p>\n<p>H\u00e3y gh\u00e9 th\u0103m ch\u00fang t\u00f4i t\u1ea1i <a href=\"https:\/\/aircompressorforlasercutter.com\/vi\/lien-he-voi-chung-toi\/\">trang li\u00ean h\u1ec7 c\u1ee7a ch\u00fang t\u00f4i<\/a> \u0110\u1ec3 t\u00ecm hi\u1ec3u th\u00eam.<\/p>","protected":false},"excerpt":{"rendered":"<p>Air Assist Compressor for Two Trees TS2 Engraver: The Unsung Hero 1. Background: The Current Market Landscape In the laser engraving industry, most buyers invest significant sums into high-end laser engraving machines, often overlooking a critical accessory: the air assist compressor. This underappreciated component plays a vital role in enhancing the overall performance and longevity [&hellip;]<\/p>","protected":false},"featured_media":455,"comment_status":"open","ping_status":"closed","template":"","meta":{"_et_pb_use_builder":"","_et_pb_old_content":"","_et_gb_content_width":""},"product_brand":[],"product_cat":[1093],"product_tag":[1094],"class_list":{"0":"post-468","1":"product","2":"type-product","3":"status-publish","4":"has-post-thumbnail","6":"product_cat-air-compressor-for-laser-cutter","7":"product_tag-air-compressor-for-laser-cutter","9":"first","10":"instock","11":"shipping-taxable","12":"product-type-simple"},"_links":{"self":[{"href":"https:\/\/aircompressorforlasercutter.com\/vi\/wp-json\/wp\/v2\/product\/468","targetHints":{"allow":["GET"]}}],"collection":[{"href":"https:\/\/aircompressorforlasercutter.com\/vi\/wp-json\/wp\/v2\/product"}],"about":[{"href":"https:\/\/aircompressorforlasercutter.com\/vi\/wp-json\/wp\/v2\/types\/product"}],"replies":[{"embeddable":true,"href":"https:\/\/aircompressorforlasercutter.com\/vi\/wp-json\/wp\/v2\/comments?post=468"}],"wp:featuredmedia":[{"embeddable":true,"href":"https:\/\/aircompressorforlasercutter.com\/vi\/wp-json\/wp\/v2\/media\/455"}],"wp:attachment":[{"href":"https:\/\/aircompressorforlasercutter.com\/vi\/wp-json\/wp\/v2\/media?parent=468"}],"wp:term":[{"taxonomy":"product_brand","embeddable":true,"href":"https:\/\/aircompressorforlasercutter.com\/vi\/wp-json\/wp\/v2\/product_brand?post=468"},{"taxonomy":"product_cat","embeddable":true,"href":"https:\/\/aircompressorforlasercutter.com\/vi\/wp-json\/wp\/v2\/product_cat?post=468"},{"taxonomy":"product_tag","embeddable":true,"href":"https:\/\/aircompressorforlasercutter.com\/vi\/wp-json\/wp\/v2\/product_tag?post=468"}],"curies":[{"name":"wp","href":"https:\/\/api.w.org\/{rel}","templated":true}]}}