{"id":469,"date":"2026-01-14T08:26:18","date_gmt":"2026-01-14T08:26:18","guid":{"rendered":"https:\/\/aircompressorforlasercutter.com\/product\/universal-air-assist-pump-for-diode-laser-machines\/"},"modified":"2026-01-14T08:46:24","modified_gmt":"2026-01-14T08:46:24","slug":"universal-air-assist-pump-for-diode-laser-machines","status":"publish","type":"product","link":"https:\/\/aircompressorforlasercutter.com\/vi\/san-pham\/bom-ho-tro-khi-da-nang-cho-may-laser-diode\/","title":{"rendered":"B\u01a1m h\u1ed7 tr\u1ee3 kh\u00ed \u0111a n\u0103ng cho m\u00e1y laser diode"},"content":{"rendered":"<h1>B\u01a1m h\u1ed7 tr\u1ee3 kh\u00ed \u0111a n\u0103ng cho m\u00e1y laser diode: Ng\u01b0\u1eddi h\u00f9ng th\u1ea7m l\u1eb7ng<\/h1>\n<h2>1. B\u1ed1i c\u1ea3nh: M\u1ed9t y\u1ebfu t\u1ed1 quan tr\u1ecdng th\u01b0\u1eddng b\u1ecb b\u1ecf qua<\/h2>\n<p>Trong b\u1ed1i c\u1ea3nh c\u1ea1nh tranh kh\u1ed1c li\u1ec7t c\u1ee7a th\u1ecb tr\u01b0\u1eddng kh\u1eafc laser, nhi\u1ec1u ng\u01b0\u1eddi mua \u0111\u1ea7u t\u01b0 m\u1ea1nh v\u00e0o c\u00e1c m\u00e1y c\u1eaft laser cao c\u1ea5p m\u00e0 l\u1ea1i b\u1ecf qua m\u1ed9t ph\u1ee5 ki\u1ec7n quan tr\u1ecdng: b\u01a1m h\u1ed7 tr\u1ee3 kh\u00ed. S\u1ef1 thi\u1ebfu s\u00f3t n\u00e0y c\u00f3 th\u1ec3 g\u00e2y h\u1eadu qu\u1ea3 nghi\u00eam tr\u1ecdng, v\u00ec b\u01a1m h\u1ed7 tr\u1ee3 kh\u00ed kh\u00f4ng ch\u1ec9 l\u00e0 m\u1ed9t ph\u1ee5 ki\u1ec7n b\u1ed5 sung; n\u00f3 \u1ea3nh h\u01b0\u1edfng tr\u1ef1c ti\u1ebfp \u0111\u1ebfn c\u1ea3 ch\u1ea5t l\u01b0\u1ee3ng c\u1eaft v\u00e0 tu\u1ed5i th\u1ecd c\u1ee7a m\u00e1y.<\/p>\n<p>Th\u1ef1c t\u1ebf l\u00e0 m\u1ed9t m\u00e1y b\u01a1m h\u1ed7 tr\u1ee3 kh\u00ed hi\u1ec7u su\u1ea5t cao l\u00e0 y\u1ebfu t\u1ed1 thi\u1ebft y\u1ebfu \u0111\u1ec3 \u0111\u1ea1t \u0111\u01b0\u1ee3c k\u1ebft qu\u1ea3 t\u1ed1i \u01b0u. Khi ng\u01b0\u1eddi mua ch\u1ec9 t\u1eadp trung v\u00e0o b\u1ed9 ph\u1eadn laser, h\u1ecd b\u1ecf l\u1ee1 c\u01a1 h\u1ed9i n\u00e2ng cao \u0111\u00e1ng k\u1ec3 ho\u1ea1t \u0111\u1ed9ng c\u1ee7a m\u00ecnh, d\u1eabn \u0111\u1ebfn k\u1ebft qu\u1ea3 k\u00e9m hi\u1ec7u qu\u1ea3 v\u00e0 chi ph\u00ed v\u1eadn h\u00e0nh t\u0103ng cao.<\/p>\n<h2>\u00dd t\u01b0\u1edfng c\u1ed1t l\u00f5i: T\u00e1c \u0111\u1ed9ng tr\u1ef1c ti\u1ebfp c\u1ee7a h\u1ec7 th\u1ed1ng h\u1ed7 tr\u1ee3 kh\u00ed n\u00e9n l\u00ean hi\u1ec7u su\u1ea5t<\/h2>\n<p>\u0110\u1ed1i v\u1edbi c\u00e1c nh\u00e0 ph\u00e2n ph\u1ed1i B2B, vi\u1ec7c l\u1ef1a ch\u1ecdn m\u1ed9t m\u00e1y b\u01a1m kh\u00ed ch\u1ea5t l\u01b0\u1ee3ng cao \u0111\u1ed3ng ngh\u0129a v\u1edbi vi\u1ec7c gi\u1ea3m thi\u1ec3u c\u00e1c khi\u1ebfu n\u1ea1i v\u1ec1 \"c\u1eaft kh\u00f4ng ho\u00e0n ch\u1ec9nh\" ho\u1eb7c \"th\u1ea5u k\u00ednh b\u1ecb h\u01b0 h\u1ecfng\", d\u1eabn \u0111\u1ebfn t\u1ef7 l\u1ec7 gi\u1eef ch\u00e2n kh\u00e1ch h\u00e0ng cao h\u01a1n. M\u00e1y b\u01a1m kh\u00ed h\u1ed7 tr\u1ee3 l\u00e0 m\u1ed9t y\u1ebfu t\u1ed1 then ch\u1ed1t c\u00f3 th\u1ec3 t\u1ea1o n\u00ean s\u1ef1 kh\u00e1c bi\u1ec7t gi\u1eefa kh\u00e1ch h\u00e0ng h\u00e0i l\u00f2ng v\u00e0 nh\u1eefng kh\u00e1ch h\u00e0ng c\u00f3 th\u1ec3 chuy\u1ec3n sang \u0111\u1ed1i th\u1ee7 c\u1ea1nh tranh do th\u1ea5t v\u1ecdng v\u1ec1 ch\u1ea5t l\u01b0\u1ee3ng c\u1eaft.<\/p>\n<h2>2. Ph\u00e2n t\u00edch \u0111i\u1ec3m kh\u00f3 kh\u0103n: Chi ph\u00ed \u1ea9n c\u1ee7a m\u00e1y b\u01a1m h\u01a1i gi\u00e1 r\u1ebb<\/h2>\n<p>\u0110\u1ea7u t\u01b0 v\u00e0o m\u00e1y b\u01a1m kh\u00ed gi\u00e1 r\u1ebb th\u01b0\u1eddng d\u1eabn \u0111\u1ebfn nh\u1eefng chi ph\u00ed \u1ea9n c\u00f3 th\u1ec3 l\u00e0m gi\u1ea3m hi\u1ec7u qu\u1ea3 v\u00e0 l\u1ee3i nhu\u1eadn t\u1ed5ng th\u1ec3:<\/p>\n<h3>Ch\u1ea5t l\u01b0\u1ee3ng c\u1eaft k\u00e9m<\/h3>\n<p>Lu\u1ed3ng kh\u00ed kh\u00f4ng \u1ed5n \u0111\u1ecbnh t\u1eeb c\u00e1c m\u00e1y b\u01a1m k\u00e9m ch\u1ea5t l\u01b0\u1ee3ng c\u00f3 th\u1ec3 d\u1eabn \u0111\u1ebfn hi\u1ec7n t\u01b0\u1ee3ng ch\u00e1y c\u1ea1nh v\u00e0 gi\u1ea3m hi\u1ec7u qu\u1ea3 c\u1eaft. \u0110i\u1ec1u n\u00e0y kh\u00f4ng ch\u1ec9 \u1ea3nh h\u01b0\u1edfng \u0111\u1ebfn t\u00ednh th\u1ea9m m\u1ef9 c\u1ee7a s\u1ea3n ph\u1ea9m ho\u00e0n thi\u1ec7n m\u00e0 c\u00f2n l\u00e0m gi\u1ea3m kh\u1ea3 n\u0103ng b\u00e1n \u0111\u01b0\u1ee3c h\u00e0ng. Kh\u00e1ch h\u00e0ng mong \u0111\u1ee3i s\u1ef1 ch\u00ednh x\u00e1c, v\u00e0 b\u1ea5t k\u1ef3 sai l\u1ec7ch n\u00e0o c\u0169ng c\u00f3 th\u1ec3 \u1ea3nh h\u01b0\u1edfng \u0111\u1ebfn s\u1ef1 h\u00e0i l\u00f2ng v\u00e0 kh\u1ea3 n\u0103ng quay l\u1ea1i mua h\u00e0ng c\u1ee7a h\u1ecd.<\/p>\n<h3>Nguy c\u01a1 h\u01b0 h\u1ecfng thi\u1ebft b\u1ecb<\/h3>\n<p>M\u00e1y b\u01a1m kh\u00ed k\u00e9m ch\u1ea5t l\u01b0\u1ee3ng, \u0111\u1eb7c bi\u1ec7t l\u00e0 nh\u1eefng m\u00e1y ph\u00e1t ra d\u1ea7u ho\u1eb7c h\u01a1i \u1ea9m, c\u00f3 th\u1ec3 l\u00e0m \u00f4 nhi\u1ec5m th\u1ea5u k\u00ednh laser, d\u1eabn \u0111\u1ebfn chi ph\u00ed s\u1eeda ch\u1eefa v\u00e0 tr\u1ea3 l\u1ea1i h\u00e0ng t\u1ed1n k\u00e9m. S\u1ef1 \u00f4 nhi\u1ec5m n\u00e0y c\u00f3 th\u1ec3 g\u00e2y ra th\u1eddi gian ng\u1eebng ho\u1ea1t \u0111\u1ed9ng \u0111\u00e1ng k\u1ec3 v\u00e0 m\u1ea5t n\u0103ng su\u1ea5t, cu\u1ed1i c\u00f9ng \u1ea3nh h\u01b0\u1edfng \u0111\u1ebfn l\u1ee3i nhu\u1eadn.<\/p>\n<h3>Ng\u0103n ch\u1eb7n ti\u1ebfng \u1ed3n<\/h3>\n<p>M\u00e1y n\u00e9n kh\u00ed truy\u1ec1n th\u1ed1ng c\u00f3 th\u1ec3 t\u1ea1o ra ti\u1ebfng \u1ed3n qu\u00e1 m\u1ee9c, \u0111i\u1ec1u n\u00e0y h\u1ea1n ch\u1ebf kh\u1ea3 n\u0103ng \u1ee9ng d\u1ee5ng c\u1ee7a ch\u00fang trong c\u00e1c x\u01b0\u1edfng gia \u0111\u00ecnh v\u00e0 m\u00f4i tr\u01b0\u1eddng gi\u00e1o d\u1ee5c. V\u1ea5n \u0111\u1ec1 ti\u1ebfng \u1ed3n n\u00e0y thu h\u1eb9p th\u1ecb tr\u01b0\u1eddng cho s\u1ea3n ph\u1ea9m c\u1ee7a b\u1ea1n, v\u00ec kh\u00e1ch h\u00e0ng ti\u1ec1m n\u0103ng s\u1ebd e ng\u1ea1i vi\u1ec7c v\u1eadn h\u00e0nh m\u00e1y m\u00f3c \u1ed3n \u00e0o trong khu d\u00e2n c\u01b0.<\/p>\n<h2>3. Gi\u1ea3i ph\u00e1p c\u1ee7a ch\u00fang t\u00f4i: \u0110\u1ecbnh ngh\u0129a l\u1ea1i d\u1ecbch v\u1ee5 h\u1ed7 tr\u1ee3 tr\u00ean kh\u00f4ng chuy\u00ean nghi\u1ec7p.<\/h2>\n<p>Ch\u00fang t\u00f4i xin gi\u1edbi thi\u1ec7u m\u1ed9t lo\u1ea1i b\u01a1m h\u1ed7 tr\u1ee3 kh\u00ed \u0111\u1ed9t ph\u00e1 \u0111\u01b0\u1ee3c thi\u1ebft k\u1ebf \u0111\u1ec3 gi\u1ea3i quy\u1ebft nh\u1eefng th\u00e1ch th\u1ee9c hi\u1ec7n c\u00f3 tr\u00ean th\u1ecb tr\u01b0\u1eddng:<\/p>\n<h3>Thi\u1ebft k\u1ebf kh\u00f4ng d\u1ea7u v\u00e0 kh\u00f4ng n\u01b0\u1edbc<\/h3>\n<p>M\u00e1y b\u01a1m h\u1ed7 tr\u1ee3 kh\u00ed \u0111a n\u0103ng 100% c\u1ee7a ch\u00fang t\u00f4i c\u00f3 thi\u1ebft k\u1ebf kh\u00f4ng d\u1ea7u v\u00e0 kh\u00f4ng n\u01b0\u1edbc, \u0111\u1ea3m b\u1ea3o b\u1ea3o v\u1ec7 ho\u00e0n to\u00e0n cho c\u00e1c th\u1ea5u k\u00ednh laser. \u0110i\u1ec1u n\u00e0y lo\u1ea1i b\u1ecf nhu c\u1ea7u b\u1ea3o tr\u00ec t\u1eeb ph\u00eda ng\u01b0\u1eddi d\u00f9ng cu\u1ed1i, mang l\u1ea1i cho h\u1ecd tr\u1ea3i nghi\u1ec7m d\u1ec5 d\u00e0ng \u0111\u1ed3ng th\u1eddi t\u0103ng tu\u1ed5i th\u1ecd thi\u1ebft b\u1ecb.<\/p>\n<h3>C\u00f4ng ngh\u1ec7 si\u00eau y\u00ean t\u0129nh<\/h3>\n<p>\u0110\u01b0\u1ee3c thi\u1ebft k\u1ebf \u0111\u1eb7c bi\u1ec7t \u0111\u1ec3 s\u1eed d\u1ee5ng trong nh\u00e0 v\u00e0 ph\u00f2ng thu t\u1ea1i gia, m\u00e1y b\u01a1m h\u1ed7 tr\u1ee3 kh\u00ed c\u1ee7a ch\u00fang t\u00f4i ho\u1ea1t \u0111\u1ed9ng v\u1edbi \u0111\u1ed9 \u1ed3n c\u1ef1c th\u1ea5p (&lt;60dB), nh\u1edd \u0111\u00f3 c\u1ea3i thi\u1ec7n tr\u1ea3i nghi\u1ec7m ng\u01b0\u1eddi d\u00f9ng. T\u00ednh n\u0103ng n\u00e0y m\u1edf ra nh\u1eefng c\u01a1 h\u1ed9i m\u1edbi trong th\u1ecb tr\u01b0\u1eddng t\u1ef1 ch\u1ebf t\u1ea1i nh\u00e0 v\u00e0 gi\u00e1o d\u1ee5c, cho ph\u00e9p \u1ee9ng d\u1ee5ng r\u1ed9ng r\u00e3i h\u01a1n v\u00e0 ti\u1ebfp c\u1eadn nhi\u1ec1u kh\u00e1ch h\u00e0ng h\u01a1n.<\/p>\n<h3>Hi\u1ec7u su\u1ea5t m\u1ea1nh m\u1ebd<\/h3>\n<p>V\u1edbi c\u00f4ng su\u1ea5t m\u1ea1nh m\u1ebd v\u00e0 \u1ed5n \u0111\u1ecbnh 30 l\u00edt\/ph\u00fat, m\u00e1y b\u01a1m c\u1ee7a ch\u00fang t\u00f4i \u0111\u1ea3m b\u1ea3o c\u00e1c v\u1ebft c\u1eaft s\u1ea1ch s\u1ebd, kh\u00f4ng kh\u00f3i, ngay c\u1ea3 khi l\u00e0m vi\u1ec7c v\u1edbi g\u1ed7 d\u00e0y ho\u1eb7c v\u1eadt li\u1ec7u acrylic. Ng\u01b0\u1eddi d\u00f9ng c\u00f3 th\u1ec3 tin t\u01b0\u1edfng r\u1eb1ng c\u00e1c d\u1ef1 \u00e1n c\u1ee7a h\u1ecd s\u1ebd \u0111\u00e1p \u1ee9ng c\u00e1c ti\u00eau chu\u1ea9n cao, n\u00e2ng cao s\u1ef1 h\u00e0i l\u00f2ng v\u00e0 thu h\u00fat kh\u00e1ch h\u00e0ng quay l\u1ea1i.<\/p>\n<h2>4. Kh\u1ea3 n\u0103ng t\u01b0\u01a1ng th\u00edch r\u1ed9ng r\u00e3i: Gi\u1ea3i ph\u00e1p k\u1ebft n\u1ed1i to\u00e0n di\u1ec7n<\/h2>\n<p>M\u00e1y b\u01a1m h\u1ed7 tr\u1ee3 kh\u00ed c\u1ee7a ch\u00fang t\u00f4i \u0111\u01b0\u1ee3c thi\u1ebft k\u1ebf \u0111\u1ec3 t\u00edch h\u1ee3p li\u1ec1n m\u1ea1ch v\u1edbi c\u00e1c m\u1eabu m\u00e1y ph\u1ed5 bi\u1ebfn tr\u00ean th\u1ecb tr\u01b0\u1eddng (m\u00e3 s\u1ea3n ph\u1ea9m 95%), bao g\u1ed3m xTool, Ortur, Atomstack v\u00e0 nhi\u1ec1u m\u00e1y c\u1eaft laser CO2 kh\u00e1c nhau. Kh\u1ea3 n\u0103ng t\u01b0\u01a1ng th\u00edch r\u1ed9ng r\u00e3i n\u00e0y \u0111\u1ea3m b\u1ea3o c\u00e1c nh\u00e0 ph\u00e2n ph\u1ed1i c\u00f3 th\u1ec3 \u0111\u00e1p \u1ee9ng nhu c\u1ea7u \u0111a d\u1ea1ng c\u1ee7a kh\u00e1ch h\u00e0ng m\u00e0 kh\u00f4ng c\u1ea7n ph\u1ea3i qu\u1ea3n l\u00fd nhi\u1ec1u m\u00e3 s\u1ea3n ph\u1ea9m kh\u00e1c nhau.<\/p>\n<h3>L\u1ee3i \u00edch d\u00e0nh cho nh\u00e0 ph\u00e2n ph\u1ed1i<\/h3>\n<p>V\u1edbi gi\u1ea3i ph\u00e1p \u201cm\u1ed9t m\u00e3 s\u1ea3n ph\u1ea9m ph\u00f9 h\u1ee3p v\u1edbi nhi\u1ec1u m\u00e1y\u201d, gi\u1ea3i ph\u00e1p c\u1ee7a ch\u00fang t\u00f4i gi\u00fap gi\u1ea3m \u0111\u00e1ng k\u1ec3 \u00e1p l\u1ef1c v\u00e0 s\u1ef1 ph\u1ee9c t\u1ea1p trong qu\u1ea3n l\u00fd t\u1ed3n kho cho c\u00e1c nh\u00e0 ph\u00e2n ph\u1ed1i, tr\u1edf th\u00e0nh l\u1ef1a ch\u1ecdn hi\u1ec7u qu\u1ea3 \u0111\u1ec3 duy tr\u00ec m\u1ee9c t\u1ed3n kho trong khi ph\u1ee5c v\u1ee5 nhi\u1ec1u kh\u00e1ch h\u00e0ng kh\u00e1c nhau.<\/p>\n<h2>5. L\u1ee3i th\u1ebf c\u1ee7a chu\u1ed7i cung \u1ee9ng v\u00e0 quan h\u1ec7 \u0111\u1ed1i t\u00e1c<\/h2>\n<p>Cam k\u1ebft v\u1ec1 ch\u1ea5t l\u01b0\u1ee3ng v\u00e0 s\u1ef1 h\u00e0i l\u00f2ng c\u1ee7a kh\u00e1ch h\u00e0ng l\u00e0 \u0111i\u1ec1u t\u1ea1o n\u00ean s\u1ef1 kh\u00e1c bi\u1ec7t c\u1ee7a ch\u00fang t\u00f4i trong ng\u00e0nh:<\/p>\n<h3>Ngu\u1ed3n \u0111i\u1ec7n m\u1ea1nh c\u1ee7a nh\u00e0 m\u00e1y<\/h3>\n<p>Ch\u00fang t\u00f4i \u0111\u00e3 tri\u1ec3n khai c\u00e1c quy tr\u00ecnh ki\u1ec3m so\u00e1t ch\u1ea5t l\u01b0\u1ee3ng nghi\u00eam ng\u1eb7t, \u0111\u1ea3m b\u1ea3o t\u1ef7 l\u1ec7 l\u1ed7i c\u1ef1c th\u1ea5p (&lt;1%), gi\u1ea3m thi\u1ec3u chi ph\u00ed tr\u1ea3 l\u1ea1i h\u00e0ng v\u00e0 chi ph\u00ed v\u1eadn chuy\u1ec3n cho b\u1ea1n. \u0110\u1ed9 tin c\u1eady c\u1ee7a ch\u00fang t\u00f4i \u0111\u1ea3m b\u1ea3o b\u1ea1n c\u00f3 th\u1ec3 tin t\u01b0\u1edfng v\u00e0o c\u00e1c s\u1ea3n ph\u1ea9m m\u00e0 b\u1ea1n cung c\u1ea5p cho kh\u00e1ch h\u00e0ng c\u1ee7a m\u00ecnh.<\/p>\n<h3>D\u1ecbch v\u1ee5 t\u00f9y ch\u1ec9nh (OEM\/ODM)<\/h3>\n<p>Ch\u00fang t\u00f4i cung c\u1ea5p c\u00e1c d\u1ecbch v\u1ee5 t\u00f9y ch\u1ec9nh, bao g\u1ed3m thi\u1ebft k\u1ebf logo th\u01b0\u01a1ng hi\u1ec7u, gi\u1ea3i ph\u00e1p \u0111\u00f3ng g\u00f3i v\u00e0 th\u00f4ng s\u1ed1 k\u1ef9 thu\u1eadt ph\u00edch c\u1eafm ph\u00f9 h\u1ee3p v\u1edbi c\u00e1c qu\u1ed1c gia kh\u00e1c nhau. S\u1ef1 linh ho\u1ea1t n\u00e0y cho ph\u00e9p b\u1ea1n t\u1ea1o d\u1ef1ng b\u1ea3n s\u1eafc th\u01b0\u01a1ng hi\u1ec7u m\u1ea1nh m\u1ebd \u0111\u1ed3ng th\u1eddi \u0111\u00e1p \u1ee9ng nhu c\u1ea7u th\u1ecb tr\u01b0\u1eddng \u0111\u1ecba ph\u01b0\u01a1ng.<\/p>\n<h3>H\u1ed7 tr\u1ee3 sau b\u00e1n h\u00e0ng<\/h3>\n<p>\u0110\u1ed9i ng\u0169 c\u1ee7a ch\u00fang t\u00f4i cung c\u1ea5p kh\u1ea3 n\u0103ng ph\u1ea3n h\u1ed3i k\u1ef9 thu\u1eadt nhanh ch\u00f3ng v\u00e0 cung c\u1ea5p ph\u1ee5 t\u00f9ng k\u1ecbp th\u1eddi, \u0111\u1ea3m b\u1ea3o m\u1ecdi v\u1ea5n \u0111\u1ec1 \u0111\u01b0\u1ee3c gi\u1ea3i quy\u1ebft nhanh ch\u00f3ng, t\u1eeb \u0111\u00f3 x\u00e2y d\u1ef1ng l\u00f2ng tin v\u00e0 m\u1ed1i quan h\u1ec7 l\u00e2u d\u00e0i v\u1edbi kh\u00e1ch h\u00e0ng c\u1ee7a b\u1ea1n.<\/p>\n<h2>6. K\u1ebft lu\u1eadn v\u00e0 l\u1eddi k\u00eau g\u1ecdi h\u00e0nh \u0111\u1ed9ng<\/h2>\n<p>\u0110\u1eebng \u0111\u1ec3 c\u00e1c ph\u1ee5 ki\u1ec7n k\u00e9m ch\u1ea5t l\u01b0\u1ee3ng l\u00e0m \u1ea3nh h\u01b0\u1edfng \u0111\u1ebfn danh ti\u1ebfng c\u1ee7a m\u00e1y kh\u1eafc laser cao c\u1ea5p c\u1ee7a b\u1ea1n. H\u00e3y ch\u1ecdn b\u01a1m h\u1ed7 tr\u1ee3 kh\u00ed ph\u00f9 h\u1ee3p v\u1edbi ch\u1ea5t l\u01b0\u1ee3ng thi\u1ebft b\u1ecb c\u1ee7a b\u1ea1n \u0111\u1ec3 \u0111\u1ea3m b\u1ea3o hi\u1ec7u su\u1ea5t t\u1ed1i \u01b0u.<\/p>\n<p>H\u00e3y li\u00ean h\u1ec7 v\u1edbi ch\u00fang t\u00f4i ngay h\u00f4m nay \u0111\u1ec3 d\u00f9ng th\u1eed m\u1eabu ho\u1eb7c \u0111\u1ec3 nh\u1eadn b\u00e1o gi\u00e1 b\u00e1n bu\u00f4n B2B m\u1edbi nh\u1ea5t. H\u00e3y b\u1eaft \u0111\u1ea7u h\u00e0nh tr\u00ecnh n\u00e2ng cao ch\u1ea5t l\u01b0\u1ee3ng s\u1ea3n ph\u1ea9m v\u00e0 c\u1ea3i thi\u1ec7n s\u1ef1 h\u00e0i l\u00f2ng c\u1ee7a kh\u00e1ch h\u00e0ng v\u1edbi b\u01a1m h\u1ed7 tr\u1ee3 kh\u00ed \u0111a n\u0103ng c\u1ee7a ch\u00fang t\u00f4i.<\/p>\n<p>\u0110\u1ec3 bi\u1ebft th\u00eam th\u00f4ng tin chi ti\u1ebft, vui l\u00f2ng truy c\u1eadp <a href=\"https:\/\/aircompressorforlasercutter.com\/vi\/lien-he-voi-chung-toi\/\">li\u00ean k\u1ebft n\u00e0y<\/a>.<\/p>","protected":false},"excerpt":{"rendered":"<p>Universal Air Assist Pump for Diode Laser Machines: The Unsung Hero 1. Background: A Critical Component Often Overlooked In the competitive landscape of the laser engraving market, many buyers invest heavily in high-end laser cutting machines while neglecting a crucial accessory: the air assist pump. This oversight can be detrimental, as air assist is not [&hellip;]<\/p>","protected":false},"featured_media":455,"comment_status":"open","ping_status":"closed","template":"","meta":{"_et_pb_use_builder":"","_et_pb_old_content":"","_et_gb_content_width":""},"product_brand":[],"product_cat":[1093],"product_tag":[1095],"class_list":{"0":"post-469","1":"product","2":"type-product","3":"status-publish","4":"has-post-thumbnail","6":"product_cat-air-compressor-for-laser-cutter","7":"product_tag-air-compressor-for-laser-cutter-price","9":"first","10":"instock","11":"shipping-taxable","12":"product-type-simple"},"_links":{"self":[{"href":"https:\/\/aircompressorforlasercutter.com\/vi\/wp-json\/wp\/v2\/product\/469","targetHints":{"allow":["GET"]}}],"collection":[{"href":"https:\/\/aircompressorforlasercutter.com\/vi\/wp-json\/wp\/v2\/product"}],"about":[{"href":"https:\/\/aircompressorforlasercutter.com\/vi\/wp-json\/wp\/v2\/types\/product"}],"replies":[{"embeddable":true,"href":"https:\/\/aircompressorforlasercutter.com\/vi\/wp-json\/wp\/v2\/comments?post=469"}],"wp:featuredmedia":[{"embeddable":true,"href":"https:\/\/aircompressorforlasercutter.com\/vi\/wp-json\/wp\/v2\/media\/455"}],"wp:attachment":[{"href":"https:\/\/aircompressorforlasercutter.com\/vi\/wp-json\/wp\/v2\/media?parent=469"}],"wp:term":[{"taxonomy":"product_brand","embeddable":true,"href":"https:\/\/aircompressorforlasercutter.com\/vi\/wp-json\/wp\/v2\/product_brand?post=469"},{"taxonomy":"product_cat","embeddable":true,"href":"https:\/\/aircompressorforlasercutter.com\/vi\/wp-json\/wp\/v2\/product_cat?post=469"},{"taxonomy":"product_tag","embeddable":true,"href":"https:\/\/aircompressorforlasercutter.com\/vi\/wp-json\/wp\/v2\/product_tag?post=469"}],"curies":[{"name":"wp","href":"https:\/\/api.w.org\/{rel}","templated":true}]}}