{"id":470,"date":"2026-01-14T08:26:18","date_gmt":"2026-01-14T08:26:18","guid":{"rendered":"https:\/\/aircompressorforlasercutter.com\/product\/ultra-quiet-air-compressor-for-indoor-laser-engraving\/"},"modified":"2026-01-14T08:46:04","modified_gmt":"2026-01-14T08:46:04","slug":"ultra-quiet-air-compressor-for-indoor-laser-engraving","status":"publish","type":"product","link":"https:\/\/aircompressorforlasercutter.com\/vi\/san-pham\/may-nen-khi-sieu-em-danh-cho-khac-laser-trong-nha\/","title":{"rendered":"M\u00e1y n\u00e9n kh\u00ed si\u00eau \u00eam d\u00e0nh cho kh\u1eafc laser trong nh\u00e0"},"content":{"rendered":"<h1>M\u00e1y n\u00e9n kh\u00ed si\u00eau \u00eam d\u00e0nh cho kh\u1eafc laser trong nh\u00e0<\/h1>\n<h2>Ng\u01b0\u1eddi h\u00f9ng th\u1ea7m l\u1eb7ng c\u1ee7a ng\u00e0nh kh\u1eafc laser<\/h2>\n<p>Trong th\u1ecb tr\u01b0\u1eddng kh\u1eafc laser s\u00f4i \u0111\u1ed9ng, ng\u01b0\u1eddi mua th\u01b0\u1eddng \u0111\u1ea7u t\u01b0 m\u1ed9t kho\u1ea3n ti\u1ec1n \u0111\u00e1ng k\u1ec3 v\u00e0o c\u00e1c m\u00e1y m\u00f3c ch\u1ea5t l\u01b0\u1ee3ng cao, nh\u01b0ng l\u1ea1i c\u00f3 xu h\u01b0\u1edbng b\u1ecf qua b\u1ed9 ph\u1eadn b\u01a1m kh\u00ed quan tr\u1ecdng, y\u1ebfu t\u1ed1 \u1ea3nh h\u01b0\u1edfng \u0111\u00e1ng k\u1ec3 \u0111\u1ebfn hi\u1ec7u su\u1ea5t t\u1ed5ng th\u1ec3. S\u1ef1 thi\u1ebfu s\u00f3t n\u00e0y c\u00f3 th\u1ec3 d\u1eabn \u0111\u1ebfn v\u00f4 s\u1ed1 v\u1ea5n \u0111\u1ec1 v\u1eadn h\u00e0nh, l\u00e0m gi\u1ea3m ch\u1ea5t l\u01b0\u1ee3ng v\u00e0 tu\u1ed5i th\u1ecd c\u1ee7a qu\u00e1 tr\u00ecnh kh\u1eafc. H\u1ec7 th\u1ed1ng cung c\u1ea5p kh\u00ed kh\u00f4ng ch\u1ec9 \u0111\u01a1n thu\u1ea7n l\u00e0 m\u1ed9t ph\u1ee5 ki\u1ec7n; n\u00f3 \u0111\u00f3ng vai tr\u00f2 then ch\u1ed1t trong vi\u1ec7c quy\u1ebft \u0111\u1ecbnh c\u1ea3 ch\u1ea5t l\u01b0\u1ee3ng c\u1eaft v\u00e0 tu\u1ed5i th\u1ecd c\u1ee7a m\u00e1y, nh\u1eefng y\u1ebfu t\u1ed1 thi\u1ebft y\u1ebfu cho b\u1ea5t k\u1ef3 m\u1ed1i quan h\u1ec7 kinh doanh B2B n\u00e0o.<\/p>\n<h2>Hi\u1ec3u r\u00f5 b\u1ed1i c\u1ea3nh th\u1ecb tr\u01b0\u1eddng<\/h2>\n<p>H\u1ea7u h\u1ebft c\u00e1c doanh nghi\u1ec7p t\u1eadp trung v\u00e0o vi\u1ec7c mua s\u1eafm thi\u1ebft b\u1ecb c\u1eaft laser ti\u00ean ti\u1ebfn, do \u0111\u00f3 m\u00e1y n\u00e9n kh\u00ed th\u01b0\u1eddng b\u1ecb xem nh\u1eb9. Tuy nhi\u00ean, s\u1ef1 th\u1eadt l\u00e0 h\u1ed7 tr\u1ee3 kh\u00ed n\u00e9n \u1ea3nh h\u01b0\u1edfng tr\u1ef1c ti\u1ebfp \u0111\u1ebfn ch\u1ea5t l\u01b0\u1ee3ng c\u1eaft v\u00e0 hi\u1ec7u qu\u1ea3 ho\u1ea1t \u0111\u1ed9ng. \u0110\u1ed1i v\u1edbi c\u00e1c nh\u00e0 ph\u00e2n ph\u1ed1i, vi\u1ec7c l\u1ef1a ch\u1ecdn m\u00e1y b\u01a1m kh\u00ed ch\u1ea5t l\u01b0\u1ee3ng cao s\u1ebd gi\u00fap gi\u1ea3m thi\u1ec3u khi\u1ebfu n\u1ea1i c\u1ee7a kh\u00e1ch h\u00e0ng v\u1ec1 hi\u1ec7u su\u1ea5t c\u1eaft kh\u00f4ng \u0111\u1ea1t y\u00eau c\u1ea7u ho\u1eb7c th\u1ea5u k\u00ednh b\u1ecb h\u01b0 h\u1ecfng, t\u1eeb \u0111\u00f3 d\u1eabn \u0111\u1ebfn t\u1ef7 l\u1ec7 gi\u1eef ch\u00e2n kh\u00e1ch h\u00e0ng cao h\u01a1n.<\/p>\n<h2>Nh\u1eefng nh\u01b0\u1ee3c \u0111i\u1ec3m c\u1ee7a m\u00e1y b\u01a1m h\u01a1i ch\u1ea5t l\u01b0\u1ee3ng th\u1ea5p<\/h2>\n<p>M\u1eb7c d\u00f9 vi\u1ec7c l\u1ef1a ch\u1ecdn m\u00e1y n\u00e9n kh\u00ed gi\u00e1 r\u1ebb c\u00f3 v\u1ebb h\u1ea5p d\u1eabn, nh\u01b0ng nh\u1eefng chi ph\u00ed \u1ea9n li\u00ean quan \u0111\u1ebfn thi\u1ebft b\u1ecb k\u00e9m ch\u1ea5t l\u01b0\u1ee3ng c\u00f3 th\u1ec3 g\u00e2y ra h\u1eadu qu\u1ea3 nghi\u00eam tr\u1ecdng:<\/p>\n<h3>Ch\u1ea5t l\u01b0\u1ee3ng c\u1eaft k\u00e9m<\/h3>\n<p>Lu\u1ed3ng kh\u00ed kh\u00f4ng \u1ed5n \u0111\u1ecbnh t\u1eeb c\u00e1c m\u00e1y b\u01a1m kh\u00ed gi\u00e1 r\u1ebb c\u00f3 th\u1ec3 d\u1eabn \u0111\u1ebfn hi\u1ec7n t\u01b0\u1ee3ng c\u00e1c c\u1ea1nh b\u1ecb \u0111en ho\u1eb7c ch\u00e1y x\u00e9m tr\u00ean v\u1eadt li\u1ec7u, \u1ea3nh h\u01b0\u1edfng x\u1ea5u \u0111\u1ebfn t\u00ednh th\u1ea9m m\u1ef9 c\u1ee7a s\u1ea3n ph\u1ea9m cu\u1ed1i c\u00f9ng. \u0110i\u1ec1u n\u00e0y c\u00f3 th\u1ec3 d\u1eabn \u0111\u1ebfn s\u1ef1 th\u1ea5t v\u1ecdng c\u1ee7a kh\u00e1ch h\u00e0ng v\u00e0 m\u1ea5t \u0111i c\u00e1c c\u01a1 h\u1ed9i kinh doanh.<\/p>\n<h3>Nguy c\u01a1 h\u01b0 h\u1ecfng thi\u1ebft b\u1ecb<\/h3>\n<p>M\u00e1y n\u00e9n kh\u00ed ch\u1ea5t l\u01b0\u1ee3ng th\u1ea5p, \u0111\u1eb7c bi\u1ec7t l\u00e0 nh\u1eefng lo\u1ea1i s\u1eed d\u1ee5ng d\u1ea7u, c\u00f3 th\u1ec3 th\u1ea3i ra s\u01b0\u01a1ng d\u1ea7u ho\u1eb7c h\u01a1i \u1ea9m, l\u00e0m \u00f4 nhi\u1ec5m th\u1ea5u k\u00ednh laser. \u0110i\u1ec1u n\u00e0y kh\u00f4ng ch\u1ec9 l\u00e0m t\u0103ng kh\u1ea3 n\u0103ng ph\u1ea3i s\u1eeda ch\u1eefa t\u1ed1n k\u00e9m m\u00e0 c\u00f2n c\u00f3 th\u1ec3 d\u1eabn \u0111\u1ebfn vi\u1ec7c tr\u1ea3 l\u1ea1i s\u1ea3n ph\u1ea9m, \u1ea3nh h\u01b0\u1edfng th\u00eam \u0111\u1ebfn l\u1ee3i nhu\u1eadn.<\/p>\n<h3>Ng\u0103n ch\u1eb7n ti\u1ebfng \u1ed3n<\/h3>\n<p>M\u00e1y n\u00e9n kh\u00ed truy\u1ec1n th\u1ed1ng th\u01b0\u1eddng qu\u00e1 \u1ed3n, \u0111i\u1ec1u n\u00e0y c\u00f3 th\u1ec3 khi\u1ebfn ng\u01b0\u1eddi d\u00f9ng gia \u0111\u00ecnh v\u00e0 c\u00e1c kh\u00f4ng gian ch\u1ebf t\u1ea1o gi\u00e1o d\u1ee5c ng\u1ea7n ng\u1ea1i s\u1eed d\u1ee5ng c\u00f4ng ngh\u1ec7 kh\u1eafc laser, t\u1eeb \u0111\u00f3 h\u1ea1n ch\u1ebf th\u1ecb tr\u01b0\u1eddng ti\u1ec1m n\u0103ng.<\/p>\n<h2>Gi\u1ea3i ph\u00e1p c\u1ee7a ch\u00fang t\u00f4i: \u0110\u1ecbnh ngh\u0129a l\u1ea1i d\u1ecbch v\u1ee5 h\u1ed7 tr\u1ee3 h\u00e0ng kh\u00f4ng chuy\u00ean nghi\u1ec7p<\/h2>\n<p>T\u1ea1i Ever-power, ch\u00fang t\u00f4i cung c\u1ea5p m\u00e1y n\u00e9n kh\u00ed \u0111\u1ecbnh ngh\u0129a l\u1ea1i ti\u00eau chu\u1ea9n h\u1ed7 tr\u1ee3 kh\u00ed n\u00e9n chuy\u00ean nghi\u1ec7p:<\/p>\n<h3>Thi\u1ebft k\u1ebf kh\u00f4ng d\u1ea7u v\u00e0 kh\u00f4ng n\u01b0\u1edbc<\/h3>\n<p>M\u00e1y n\u00e9n kh\u00ed si\u00eau \u00eam 100% c\u1ee7a ch\u00fang t\u00f4i t\u1ef1 h\u00e0o s\u1edf h\u1eefu thi\u1ebft k\u1ebf kh\u00f4ng d\u1ea7u v\u00e0 kh\u00f4ng n\u01b0\u1edbc, \u0111\u1ea3m b\u1ea3o b\u1ea3o v\u1ec7 ho\u00e0n to\u00e0n cho th\u1ea5u k\u00ednh laser. \u0110i\u1ec1u n\u00e0y c\u00f3 ngh\u0129a l\u00e0 ng\u01b0\u1eddi d\u00f9ng cu\u1ed1i s\u1ebd ho\u00e0n to\u00e0n y\u00ean t\u00e2m v\u00ec kh\u00f4ng c\u1ea7n ph\u1ea3i lo l\u1eafng v\u1ec1 b\u1ea3o tr\u00ec hay \u00f4 nhi\u1ec5m.<\/p>\n<h3>C\u00f4ng ngh\u1ec7 si\u00eau y\u00ean t\u0129nh<\/h3>\n<p>\u0110\u01b0\u1ee3c thi\u1ebft k\u1ebf \u0111\u1eb7c bi\u1ec7t cho m\u00f4i tr\u01b0\u1eddng ph\u00f2ng thu trong nh\u00e0 v\u00e0 t\u1ea1i gia, m\u00e1y n\u00e9n \u00e2m c\u1ee7a ch\u00fang t\u00f4i duy tr\u00ec m\u1ee9c \u0111\u1ed9 ti\u1ebfng \u1ed3n d\u01b0\u1edbi 60dB, n\u00e2ng cao \u0111\u00e1ng k\u1ec3 tr\u1ea3i nghi\u1ec7m ng\u01b0\u1eddi d\u00f9ng. \u0110i\u1ec1u n\u00e0y \u0111\u1ea3m b\u1ea3o kh\u00f4ng gian l\u00e0m vi\u1ec7c thu\u1eadn l\u1ee3i h\u01a1n cho s\u1ef1 s\u00e1ng t\u1ea1o v\u00e0 n\u0103ng su\u1ea5t.<\/p>\n<h3>Hi\u1ec7u n\u0103ng m\u1ea1nh m\u1ebd<\/h3>\n<p>V\u1edbi l\u01b0u l\u01b0\u1ee3ng m\u1ea1nh m\u1ebd 30 l\u00edt\/ph\u00fat, m\u00e1y n\u00e9n kh\u00ed c\u1ee7a ch\u00fang t\u00f4i \u0111\u1ea3m b\u1ea3o lu\u1ed3ng kh\u00ed \u1ed5n \u0111\u1ecbnh v\u00e0 li\u00ean t\u1ee5c, \u0111i\u1ec1u n\u00e0y r\u1ea5t quan tr\u1ecdng khi c\u1eaft c\u00e1c v\u1eadt li\u1ec7u d\u00e0y nh\u01b0 g\u1ed7 ho\u1eb7c acrylic. \u0110i\u1ec1u n\u00e0y \u0111\u1ea3m b\u1ea3o c\u00e1c v\u1ebft c\u1eaft s\u1ea1ch s\u1ebd, kh\u00f4ng kh\u00f3i hay c\u1eb7n b\u1ea9n, n\u00e2ng cao ch\u1ea5t l\u01b0\u1ee3ng v\u00e0 hi\u1ec7u qu\u1ea3.<\/p>\n<h2>Kh\u1ea3 n\u0103ng t\u01b0\u01a1ng th\u00edch r\u1ed9ng: Gi\u1ea3i ph\u00e1p tr\u1ecdn g\u00f3i<\/h2>\n<p>M\u00e1y n\u00e9n kh\u00ed c\u1ee7a ch\u00fang t\u00f4i \u0111\u01b0\u1ee3c thi\u1ebft k\u1ebf \u0111\u1ec3 t\u00edch h\u1ee3p li\u1ec1n m\u1ea1ch v\u1edbi c\u00e1c m\u00e1y kh\u1eafc laser th\u00f4ng d\u1ee5ng tr\u00ean th\u1ecb tr\u01b0\u1eddng (m\u00e3 s\u1ea3n ph\u1ea9m 95%), bao g\u1ed3m c\u00e1c th\u01b0\u01a1ng hi\u1ec7u nh\u01b0 xTool, Ortur, Atomstack v\u00e0 nhi\u1ec1u h\u1ec7 th\u1ed1ng laser CO2 kh\u00e1c nhau.<\/p>\n<h3>L\u1ee3i \u00edch d\u00e0nh cho nh\u00e0 ph\u00e2n ph\u1ed1i<\/h3>\n<p>B\u1eb1ng c\u00e1ch l\u1ef1a ch\u1ecdn m\u00e1y n\u00e9n kh\u00ed c\u1ee7a ch\u00fang t\u00f4i, c\u00e1c nh\u00e0 ph\u00e2n ph\u1ed1i c\u00f3 th\u1ec3 gi\u1ea3m b\u1edbt \u00e1p l\u1ef1c t\u1ed3n kho, v\u00ec m\u1ed9t m\u00e3 s\u1ea3n ph\u1ea9m (SKU) t\u01b0\u01a1ng th\u00edch v\u1edbi nhi\u1ec1u m\u00e1y m\u00f3c. \u0110i\u1ec1u n\u00e0y gi\u00fap \u0111\u01a1n gi\u1ea3n h\u00f3a vi\u1ec7c qu\u1ea3n l\u00fd kho v\u00e0 t\u1ed1i \u01b0u h\u00f3a chu\u1ed7i cung \u1ee9ng.<\/p>\n<h2>L\u1ee3i th\u1ebf c\u1ee7a chu\u1ed7i cung \u1ee9ng v\u00e0 quan h\u1ec7 \u0111\u1ed1i t\u00e1c<\/h2>\n<p>V\u1edbi n\u1ec1n t\u1ea3ng s\u1ea3n xu\u1ea5t v\u1eefng ch\u1eafc, Ever-power \u0111\u1ea3m b\u1ea3o quy tr\u00ecnh ki\u1ec3m so\u00e1t ch\u1ea5t l\u01b0\u1ee3ng nghi\u00eam ng\u1eb7t, d\u1eabn \u0111\u1ebfn t\u1ef7 l\u1ec7 l\u1ed7i d\u01b0\u1edbi 1%. \u0110i\u1ec1u n\u00e0y gi\u00fap gi\u1ea3m thi\u1ec3u chi ph\u00ed h\u1eadu c\u1ea7n li\u00ean quan \u0111\u1ebfn vi\u1ec7c tr\u1ea3 l\u1ea1i v\u00e0 thay th\u1ebf s\u1ea3n ph\u1ea9m.<\/p>\n<h3>D\u1ecbch v\u1ee5 t\u00f9y ch\u1ec9nh<\/h3>\n<p>Ch\u00fang t\u00f4i cung c\u1ea5p d\u1ecbch v\u1ee5 OEM\/ODM to\u00e0n di\u1ec7n, cho ph\u00e9p t\u00f9y ch\u1ec9nh logo th\u01b0\u01a1ng hi\u1ec7u, thi\u1ebft k\u1ebf bao b\u00ec v\u00e0 th\u00f4ng s\u1ed1 k\u1ef9 thu\u1eadt ph\u00edch c\u1eafm ph\u00f9 h\u1ee3p v\u1edbi c\u00e1c th\u1ecb tr\u01b0\u1eddng kh\u00e1c nhau, gi\u00fap doanh nghi\u1ec7p x\u00e2y d\u1ef1ng b\u1ea3n s\u1eafc th\u01b0\u01a1ng hi\u1ec7u \u0111\u1ed9c \u0111\u00e1o c\u1ee7a ri\u00eang m\u00ecnh.<\/p>\n<h3>H\u1ed7 tr\u1ee3 sau b\u00e1n h\u00e0ng<\/h3>\n<p>Cam k\u1ebft c\u1ee7a ch\u00fang t\u00f4i kh\u00f4ng ch\u1ec9 d\u1eebng l\u1ea1i \u1edf vi\u1ec7c b\u00e1n h\u00e0ng, m\u00e0 c\u00f2n bao g\u1ed3m vi\u1ec7c cung c\u1ea5p ph\u1ea3n h\u1ed3i k\u1ef9 thu\u1eadt nhanh ch\u00f3ng v\u00e0 s\u1eb5n c\u00f3 ph\u1ee5 t\u00f9ng thay th\u1ebf \u0111\u1ec3 \u0111\u1ea3m b\u1ea3o c\u00e1c \u0111\u1ed1i t\u00e1c c\u1ee7a ch\u00fang t\u00f4i c\u00f3 th\u1ec3 duy tr\u00ec hi\u1ec7u qu\u1ea3 ho\u1ea1t \u0111\u1ed9ng.<\/p>\n<p>\u0110\u1eebng \u0111\u1ec3 c\u00e1c linh ki\u1ec7n k\u00e9m ch\u1ea5t l\u01b0\u1ee3ng l\u00e0m \u1ea3nh h\u01b0\u1edfng \u0111\u1ebfn danh ti\u1ebfng c\u1ee7a nh\u1eefng m\u00e1y m\u00f3c cao c\u1ea5p c\u1ee7a b\u1ea1n. H\u00e3y ch\u1ecdn m\u00e1y n\u00e9n kh\u00ed ph\u00f9 h\u1ee3p v\u1edbi ch\u1ea5t l\u01b0\u1ee3ng thi\u1ebft b\u1ecb c\u1ee7a b\u1ea1n. Ch\u00fang t\u00f4i m\u1eddi b\u1ea1n li\u00ean h\u1ec7 v\u1edbi ch\u00fang t\u00f4i ngay h\u00f4m nay \u0111\u1ec3 d\u00f9ng th\u1eed m\u1eabu ho\u1eb7c nh\u1eadn b\u1ea3ng gi\u00e1 b\u00e1n bu\u00f4n B2B m\u1edbi nh\u1ea5t. C\u00f9ng nhau, ch\u00fang ta h\u00e3y n\u00e2ng cao ch\u1ea5t l\u01b0\u1ee3ng s\u1ea3n ph\u1ea9m v\u00e0 \u0111\u1ea3m b\u1ea3o s\u1ef1 h\u00e0i l\u00f2ng c\u1ee7a kh\u00e1ch h\u00e0ng.<\/p>\n<p><a href=\"https:\/\/aircompressorforlasercutter.com\/vi\/lien-he-voi-chung-toi\/\">Li\u00ean h\u1ec7 v\u1edbi ch\u00fang t\u00f4i<\/a> \u0110\u1ec3 bi\u1ebft th\u00eam th\u00f4ng tin chi ti\u1ebft v\u00e0 n\u00e2ng cao ti\u1ec1m n\u0103ng kinh doanh c\u1ee7a b\u1ea1n.<\/p>","protected":false},"excerpt":{"rendered":"<p>Ultra Quiet Air Compressor for Indoor Laser Engraving The Unsung Hero of Laser Engraving In the bustling market of laser engraving, buyers often invest substantial amounts in high-quality machines, yet tend to overlook the crucial air pump that significantly impacts overall performance. This oversight can lead to a myriad of operational issues that diminish the [&hellip;]<\/p>","protected":false},"featured_media":455,"comment_status":"open","ping_status":"closed","template":"","meta":{"_et_pb_use_builder":"","_et_pb_old_content":"","_et_gb_content_width":""},"product_brand":[],"product_cat":[1093],"product_tag":[1096],"class_list":{"0":"post-470","1":"product","2":"type-product","3":"status-publish","4":"has-post-thumbnail","6":"product_cat-air-compressor-for-laser-cutter","7":"product_tag-air-compressor-for-laser-cutter-cost","9":"first","10":"instock","11":"shipping-taxable","12":"product-type-simple"},"_links":{"self":[{"href":"https:\/\/aircompressorforlasercutter.com\/vi\/wp-json\/wp\/v2\/product\/470","targetHints":{"allow":["GET"]}}],"collection":[{"href":"https:\/\/aircompressorforlasercutter.com\/vi\/wp-json\/wp\/v2\/product"}],"about":[{"href":"https:\/\/aircompressorforlasercutter.com\/vi\/wp-json\/wp\/v2\/types\/product"}],"replies":[{"embeddable":true,"href":"https:\/\/aircompressorforlasercutter.com\/vi\/wp-json\/wp\/v2\/comments?post=470"}],"wp:featuredmedia":[{"embeddable":true,"href":"https:\/\/aircompressorforlasercutter.com\/vi\/wp-json\/wp\/v2\/media\/455"}],"wp:attachment":[{"href":"https:\/\/aircompressorforlasercutter.com\/vi\/wp-json\/wp\/v2\/media?parent=470"}],"wp:term":[{"taxonomy":"product_brand","embeddable":true,"href":"https:\/\/aircompressorforlasercutter.com\/vi\/wp-json\/wp\/v2\/product_brand?post=470"},{"taxonomy":"product_cat","embeddable":true,"href":"https:\/\/aircompressorforlasercutter.com\/vi\/wp-json\/wp\/v2\/product_cat?post=470"},{"taxonomy":"product_tag","embeddable":true,"href":"https:\/\/aircompressorforlasercutter.com\/vi\/wp-json\/wp\/v2\/product_tag?post=470"}],"curies":[{"name":"wp","href":"https:\/\/api.w.org\/{rel}","templated":true}]}}