{"id":472,"date":"2026-01-14T08:26:18","date_gmt":"2026-01-14T08:26:18","guid":{"rendered":"https:\/\/aircompressorforlasercutter.com\/product\/low-vibration-air-pump-for-desktop-laser-cutter\/"},"modified":"2026-01-14T08:45:10","modified_gmt":"2026-01-14T08:45:10","slug":"low-vibration-air-pump-for-desktop-laser-cutter","status":"publish","type":"product","link":"https:\/\/aircompressorforlasercutter.com\/vi\/san-pham\/bom-khi-do-rung-thap-cho-may-cat-laser-de-ban\/","title":{"rendered":"B\u01a1m kh\u00ed \u0111\u1ed9 rung th\u1ea5p d\u00e0nh cho m\u00e1y c\u1eaft laser \u0111\u1ec3 b\u00e0n"},"content":{"rendered":"<h1>M\u00e1y b\u01a1m kh\u00ed gi\u1ea3m rung cho m\u00e1y c\u1eaft laser \u0111\u1ec3 b\u00e0n: Ng\u01b0\u1eddi h\u00f9ng th\u1ea7m l\u1eb7ng<\/h1>\n<h2>1. B\u1ed1i c\u1ea3nh: Th\u1ef1c tr\u1ea1ng th\u1ecb tr\u01b0\u1eddng<\/h2>\n<p>Trong th\u1ebf gi\u1edbi c\u1eaft v\u00e0 kh\u1eafc laser \u0111ang ph\u00e1t tri\u1ec3n m\u1ea1nh m\u1ebd, nhi\u1ec1u ng\u01b0\u1eddi mua \u0111\u1ea7u t\u01b0 \u0111\u00e1ng k\u1ec3 v\u00e0o c\u00e1c m\u00e1y laser cao c\u1ea5p, nh\u01b0ng th\u01b0\u1eddng b\u1ecf qua m\u1ed9t b\u1ed9 ph\u1eadn quan tr\u1ecdng: b\u01a1m kh\u00ed. S\u1ef1 thi\u1ebfu s\u00f3t n\u00e0y c\u00f3 th\u1ec3 d\u1eabn \u0111\u1ebfn k\u1ebft qu\u1ea3 kh\u00f4ng nh\u01b0 \u00fd v\u00e0 chi ph\u00ed kh\u00f4ng c\u1ea7n thi\u1ebft. Nhi\u1ec1u ng\u01b0\u1eddi kh\u00f4ng nh\u1eadn ra r\u1eb1ng h\u1ed7 tr\u1ee3 kh\u00ed kh\u00f4ng ch\u1ec9 l\u00e0 m\u1ed9t ph\u1ee5 ki\u1ec7n; n\u00f3 \u1ea3nh h\u01b0\u1edfng tr\u1ef1c ti\u1ebfp \u0111\u1ebfn ch\u1ea5t l\u01b0\u1ee3ng c\u1eaft v\u00e0, t\u1eeb \u0111\u00f3, quy\u1ebft \u0111\u1ecbnh tu\u1ed5i th\u1ecd c\u1ee7a m\u00e1y m\u00f3c. M\u1ed9t b\u01a1m kh\u00ed ph\u00f9 h\u1ee3p c\u00f3 th\u1ec3 n\u00e2ng cao hi\u1ec7u su\u1ea5t t\u1ed5ng th\u1ec3 c\u1ee7a h\u1ec7 th\u1ed1ng laser, \u0111\u1ea3m b\u1ea3o c\u00e1c d\u1ef1 \u00e1n \u0111\u01b0\u1ee3c ho\u00e0n th\u00e0nh v\u1edbi \u0111\u1ed9 ch\u00ednh x\u00e1c v\u00e0 hi\u1ec7u qu\u1ea3 cao.<\/p>\n<h2>\u00dd t\u01b0\u1edfng c\u1ed1t l\u00f5i: H\u1ed7 tr\u1ee3 tr\u00ean kh\u00f4ng l\u00e0 m\u1ed9t th\u00e0nh ph\u1ea7n kh\u00f4ng th\u1ec3 thi\u1ebfu.<\/h2>\n<p>\u0110\u1ed1i v\u1edbi c\u00e1c nh\u00e0 ph\u00e2n ph\u1ed1i B2B, vi\u1ec7c l\u1ef1a ch\u1ecdn m\u1ed9t m\u00e1y b\u01a1m kh\u00ed ch\u1ea5t l\u01b0\u1ee3ng s\u1ebd gi\u00fap gi\u1ea3m thi\u1ec3u khi\u1ebfu n\u1ea1i c\u1ee7a kh\u00e1ch h\u00e0ng v\u1ec1 c\u00e1c v\u1ea5n \u0111\u1ec1 nh\u01b0 c\u1eaft kh\u00f4ng ho\u00e0n ch\u1ec9nh ho\u1eb7c th\u1ea5u k\u00ednh b\u1ecb h\u01b0 h\u1ecfng. S\u1ef1 c\u1ea3i thi\u1ec7n n\u00e0y kh\u00f4ng ch\u1ec9 n\u00e2ng cao s\u1ef1 h\u00e0i l\u00f2ng c\u1ee7a kh\u00e1ch h\u00e0ng m\u00e0 c\u00f2n th\u00fac \u0111\u1ea9y t\u1ef7 l\u1ec7 gi\u1eef ch\u00e2n kh\u00e1ch h\u00e0ng cao h\u01a1n. C\u00e1c nh\u00e0 ph\u00e2n ph\u1ed1i hi\u1ec3u \u0111\u01b0\u1ee3c t\u1ea7m quan tr\u1ecdng c\u1ee7a vi\u1ec7c k\u1ebft h\u1ee3p m\u00e1y c\u1eaft laser c\u1ee7a h\u1ecd v\u1edbi m\u1ed9t m\u00e1y b\u01a1m kh\u00ed hi\u1ec7u qu\u1ea3 s\u1ebd \u0111\u01b0\u1ee3c h\u01b0\u1edfng l\u1ee3i r\u1ea5t nhi\u1ec1u t\u1eeb vi\u1ec7c gi\u1ea3m thi\u1ec3u y\u00eau c\u1ea7u d\u1ecbch v\u1ee5 h\u1eadu m\u00e3i v\u00e0 t\u0103ng c\u01b0\u1eddng l\u00f2ng trung th\u00e0nh c\u1ee7a kh\u00e1ch h\u00e0ng.<\/p>\n<h2>2. Ph\u00e2n t\u00edch \u0111i\u1ec3m kh\u00f3 kh\u0103n: Chi ph\u00ed \u1ea9n c\u1ee7a m\u00e1y b\u01a1m h\u01a1i gi\u00e1 r\u1ebb<\/h2>\n<h3>Ch\u1ea5t l\u01b0\u1ee3ng c\u1eaft k\u00e9m<\/h3>\n<p>M\u00e1y b\u01a1m kh\u00ed gi\u00e1 r\u1ebb tho\u1ea1t nh\u00ecn c\u00f3 v\u1ebb l\u00e0 m\u1ed9t l\u1ef1a ch\u1ecdn t\u1ed1t, nh\u01b0ng ch\u00fang th\u01b0\u1eddng d\u1eabn \u0111\u1ebfn ch\u1ea5t l\u01b0\u1ee3ng c\u1eaft k\u00e9m. Lu\u1ed3ng kh\u00ed kh\u00f4ng \u1ed5n \u0111\u1ecbnh c\u00f3 th\u1ec3 l\u00e0m ch\u00e1y c\u1ea1nh v\u1eadt li\u1ec7u, l\u00e0m gi\u1ea3m t\u00ednh th\u1ea9m m\u1ef9 c\u1ee7a s\u1ea3n ph\u1ea9m cu\u1ed1i c\u00f9ng. \u0110i\u1ec1u n\u00e0y kh\u00f4ng ch\u1ec9 \u1ea3nh h\u01b0\u1edfng \u0111\u1ebfn s\u1ef1 h\u00e0i l\u00f2ng c\u1ee7a kh\u00e1ch h\u00e0ng m\u00e0 c\u00f2n t\u00e1c \u0111\u1ed9ng \u0111\u1ebfn gi\u00e1 tr\u1ecb c\u1ea3m nh\u1eadn c\u1ee7a s\u1ea3n ph\u1ea9m.<\/p>\n<h3>Nguy c\u01a1 h\u01b0 h\u1ecfng thi\u1ebft b\u1ecb<\/h3>\n<p>C\u00e1c lo\u1ea1i b\u01a1m kh\u00ed gi\u00e1 r\u1ebb, \u0111\u1eb7c bi\u1ec7t l\u00e0 nh\u1eefng lo\u1ea1i c\u00f3 ch\u1ee9a d\u1ea7u, c\u00f3 th\u1ec3 gi\u1ea3i ph\u00f3ng h\u01a1i d\u1ea7u ho\u1eb7c h\u01a1i \u1ea9m l\u00e0m \u00f4 nhi\u1ec5m th\u1ea5u k\u00ednh laser. S\u1ef1 \u00f4 nhi\u1ec5m n\u00e0y c\u00f3 th\u1ec3 d\u1eabn \u0111\u1ebfn chi ph\u00ed s\u1eeda ch\u1eefa v\u00e0 tr\u1ea3 l\u1ea1i h\u00e0ng t\u1ed1n k\u00e9m, l\u00e0m gi\u1ea3m l\u1ee3i nhu\u1eadn v\u00e0 g\u00e2y t\u1ed5n h\u1ea1i \u0111\u1ebfn uy t\u00edn.<\/p>\n<h3>Ng\u0103n ch\u1eb7n ti\u1ebfng \u1ed3n<\/h3>\n<p>M\u00e1y n\u00e9n kh\u00ed truy\u1ec1n th\u1ed1ng n\u1ed5i ti\u1ebfng v\u1edbi ti\u1ebfng \u1ed3n l\u1edbn khi ho\u1ea1t \u0111\u1ed9ng, \u0111i\u1ec1u n\u00e0y c\u00f3 th\u1ec3 g\u00e2y kh\u00f3 ch\u1ecbu cho ng\u01b0\u1eddi d\u00f9ng gia \u0111\u00ecnh v\u00e0 nh\u1eefng ng\u01b0\u1eddi ch\u1ebf t\u1ea1o trong m\u00f4i tr\u01b0\u1eddng gi\u00e1o d\u1ee5c. \u00d4 nhi\u1ec5m ti\u1ebfng \u1ed3n n\u00e0y h\u1ea1n ch\u1ebf kh\u1ea3 n\u0103ng s\u1eed d\u1ee5ng m\u00e1y c\u1eaft laser trong kh\u00f4ng gian nh\u1ecf v\u00e0 thu h\u1eb9p c\u01a1 h\u1ed9i th\u1ecb tr\u01b0\u1eddng cho c\u00e1c nh\u00e0 cung c\u1ea5p.<\/p>\n<h2>3. Gi\u1ea3i ph\u00e1p c\u1ee7a ch\u00fang t\u00f4i: \u0110\u1ecbnh ngh\u0129a l\u1ea1i d\u1ecbch v\u1ee5 h\u1ed7 tr\u1ee3 h\u00e0ng kh\u00f4ng chuy\u00ean nghi\u1ec7p<\/h2>\n<h3>Thi\u1ebft k\u1ebf kh\u00f4ng d\u1ea7u v\u00e0 kh\u00f4ng \u1ea9m<\/h3>\n<p>M\u00e1y b\u01a1m kh\u00ed \u0111\u1ed9 rung th\u1ea5p c\u1ee7a ch\u00fang t\u00f4i c\u00f3 thi\u1ebft k\u1ebf kh\u00f4ng d\u1ea7u v\u00e0 kh\u00f4ng \u1ea9m 100%, \u0111\u1ea3m b\u1ea3o kh\u1ea3 n\u0103ng b\u1ea3o v\u1ec7 t\u1ed1i \u0111a cho c\u00e1c th\u1ea5u k\u00ednh laser. \u0110i\u1ec1u n\u00e0y lo\u1ea1i b\u1ecf nhu c\u1ea7u b\u1ea3o tr\u00ec th\u01b0\u1eddng xuy\u00ean cho ng\u01b0\u1eddi d\u00f9ng cu\u1ed1i, mang l\u1ea1i s\u1ef1 an t\u00e2m v\u00e0 gi\u1ea3m chi ph\u00ed v\u1eadn h\u00e0nh.<\/p>\n<h3>C\u00f4ng ngh\u1ec7 si\u00eau y\u00ean t\u0129nh<\/h3>\n<p>\u0110\u01b0\u1ee3c thi\u1ebft k\u1ebf \u0111\u1eb7c bi\u1ec7t cho ph\u00f2ng thu trong nh\u00e0 v\u00e0 t\u1ea1i gia, m\u00e1y b\u01a1m kh\u00ed c\u1ee7a ch\u00fang t\u00f4i ho\u1ea1t \u0111\u1ed9ng v\u1edbi \u0111\u1ed9 \u1ed3n c\u1ef1c th\u1ea5p, d\u01b0\u1edbi 60dB. Ho\u1ea1t \u0111\u1ed9ng si\u00eau \u00eam \u00e1i n\u00e0y gi\u00fap n\u00e2ng cao \u0111\u00e1ng k\u1ec3 tr\u1ea3i nghi\u1ec7m ng\u01b0\u1eddi d\u00f9ng, l\u00fd t\u01b0\u1edfng cho c\u00e1c chuy\u00ean gia s\u00e1ng t\u1ea1o c\u1ea7n m\u1ed9t m\u00f4i tr\u01b0\u1eddng l\u00e0m vi\u1ec7c thu\u1eadn l\u1ee3i.<\/p>\n<h3>Hi\u1ec7u su\u1ea5t m\u1ea1nh m\u1ebd<\/h3>\n<p>V\u1edbi l\u01b0u l\u01b0\u1ee3ng kh\u00ed \u1ed5n \u0111\u1ecbnh 30 l\u00edt\/ph\u00fat, m\u00e1y b\u01a1m kh\u00ed c\u1ee7a ch\u00fang t\u00f4i \u0111\u1ea3m b\u1ea3o ngay c\u1ea3 nh\u1eefng v\u1eadt li\u1ec7u c\u1ee9ng nh\u1ea5t, nh\u01b0 g\u1ed7 d\u00e0y ho\u1eb7c acrylic, c\u0169ng \u0111\u01b0\u1ee3c c\u1eaft v\u1edbi c\u00e1c c\u1ea1nh s\u1ea1ch s\u1ebd, kh\u00f4ng kh\u00f3i. \u0110i\u1ec1u n\u00e0y kh\u00f4ng ch\u1ec9 c\u1ea3i thi\u1ec7n hi\u1ec7u qu\u1ea3 c\u1eaft m\u00e0 c\u00f2n k\u00e9o d\u00e0i tu\u1ed5i th\u1ecd c\u1ee7a m\u00e1y c\u1eaft laser.<\/p>\n<h2>4. Kh\u1ea3 n\u0103ng t\u01b0\u01a1ng th\u00edch r\u1ed9ng r\u00e3i: Gi\u1ea3i ph\u00e1p tr\u1ecdn g\u00f3i<\/h2>\n<h3>Ph\u1ea1m vi \u1ee9ng d\u1ee5ng r\u1ed9ng r\u00e3i<\/h3>\n<p>M\u00e1y b\u01a1m kh\u00ed c\u1ee7a ch\u00fang t\u00f4i \u0111\u01b0\u1ee3c thi\u1ebft k\u1ebf \u0111\u1ec3 ho\u00e0n to\u00e0n t\u01b0\u01a1ng th\u00edch v\u1edbi c\u00e1c m\u1eabu m\u00e1y ph\u1ed5 bi\u1ebfn tr\u00ean th\u1ecb tr\u01b0\u1eddng (m\u00e3 s\u1ea3n ph\u1ea9m 95%), bao g\u1ed3m xTool, Ortur, Atomstack v\u00e0 nhi\u1ec1u m\u00e1y c\u1eaft laser CO2 kh\u00e1c. Kh\u1ea3 n\u0103ng t\u01b0\u01a1ng th\u00edch r\u1ed9ng r\u00e3i n\u00e0y \u0111\u1ea3m b\u1ea3o kh\u00e1ch h\u00e0ng c\u00f3 th\u1ec3 t\u00edch h\u1ee3p m\u00e1y b\u01a1m c\u1ee7a ch\u00fang t\u00f4i m\u1ed9t c\u00e1ch li\u1ec1n m\u1ea1ch m\u00e0 kh\u00f4ng c\u1ea7n s\u1eeda \u0111\u1ed5i th\u00eam.<\/p>\n<h3>L\u1ee3i \u00edch d\u00e0nh cho nh\u00e0 ph\u00e2n ph\u1ed1i<\/h3>\n<p>V\u1edbi m\u1ed9t m\u00e3 s\u1ea3n ph\u1ea9m duy nh\u1ea5t t\u01b0\u01a1ng th\u00edch v\u1edbi nhi\u1ec1u lo\u1ea1i m\u00e1y, c\u00e1c nh\u00e0 ph\u00e2n ph\u1ed1i c\u00f3 th\u1ec3 gi\u1ea3m \u0111\u00e1ng k\u1ec3 \u00e1p l\u1ef1c t\u1ed3n kho v\u00e0 \u0111\u01a1n gi\u1ea3n h\u00f3a qu\u00e1 tr\u00ecnh nh\u1eadp h\u00e0ng. Hi\u1ec7u qu\u1ea3 n\u00e0y d\u1eabn \u0111\u1ebfn chi ph\u00ed v\u1eadn h\u00e0nh th\u1ea5p h\u01a1n v\u00e0 c\u1ea3i thi\u1ec7n l\u1ee3i nhu\u1eadn t\u1ed5ng th\u1ec3.<\/p>\n<h2>5. L\u1ee3i th\u1ebf chu\u1ed7i cung \u1ee9ng v\u00e0 h\u1ee3p t\u00e1c<\/h2>\n<h3>S\u1ee9c m\u1ea1nh c\u1ee7a nh\u00e0 m\u00e1y<\/h3>\n<p>Ch\u00fang t\u00f4i t\u1ef1 h\u00e0o v\u1ec1 quy tr\u00ecnh ki\u1ec3m so\u00e1t ch\u1ea5t l\u01b0\u1ee3ng nghi\u00eam ng\u1eb7t, \u0111\u1ea3m b\u1ea3o t\u1ef7 l\u1ec7 l\u1ed7i c\u1ef1c th\u1ea5p, d\u01b0\u1edbi 1%. Cam k\u1ebft v\u1ec1 ch\u1ea5t l\u01b0\u1ee3ng n\u00e0y gi\u00fap c\u00e1c \u0111\u1ed1i t\u00e1c c\u1ee7a ch\u00fang t\u00f4i ti\u1ebft ki\u1ec7m \u0111\u00e1ng k\u1ec3 chi ph\u00ed v\u1eadn chuy\u1ec3n h\u00e0ng tr\u1ea3 l\u1ea1i.<\/p>\n<h3>D\u1ecbch v\u1ee5 t\u00f9y ch\u1ec9nh (OEM\/ODM)<\/h3>\n<p>Ch\u00fang t\u00f4i cung c\u1ea5p c\u00e1c gi\u1ea3i ph\u00e1p t\u00f9y ch\u1ec9nh, bao g\u1ed3m thi\u1ebft k\u1ebf logo th\u01b0\u01a1ng hi\u1ec7u, \u0111i\u1ec1u ch\u1ec9nh bao b\u00ec v\u00e0 th\u00f4ng s\u1ed1 k\u1ef9 thu\u1eadt ph\u00edch c\u1eafm cho c\u00e1c qu\u1ed1c gia kh\u00e1c nhau. S\u1ef1 linh ho\u1ea1t n\u00e0y cho ph\u00e9p b\u1ea1n t\u1ea1o ra m\u1ed9t b\u1ea3n s\u1eafc th\u01b0\u01a1ng hi\u1ec7u \u0111\u1ed9c \u0111\u00e1o, g\u00e2y \u1ea5n t\u01b0\u1ee3ng v\u1edbi th\u1ecb tr\u01b0\u1eddng m\u1ee5c ti\u00eau c\u1ee7a m\u00ecnh.<\/p>\n<h3>H\u1ed7 tr\u1ee3 sau b\u00e1n h\u00e0ng<\/h3>\n<p>Cam k\u1ebft c\u1ee7a ch\u00fang t\u00f4i kh\u00f4ng ch\u1ec9 d\u1eebng l\u1ea1i \u1edf vi\u1ec7c b\u00e1n h\u00e0ng m\u00e0 c\u00f2n bao g\u1ed3m h\u1ed7 tr\u1ee3 k\u1ef9 thu\u1eadt nhanh ch\u00f3ng v\u00e0 cung c\u1ea5p ph\u1ee5 t\u00f9ng thay th\u1ebf k\u1ecbp th\u1eddi, \u0111\u1ea3m b\u1ea3o ho\u1ea1t \u0111\u1ed9ng c\u1ee7a b\u1ea1n di\u1ec5n ra su\u00f4n s\u1ebb m\u00e0 kh\u00f4ng g\u1eb7p ph\u1ea3i s\u1ef1 c\u1ed1 ng\u1eebng ho\u1ea1t \u0111\u1ed9ng kh\u00f4ng c\u1ea7n thi\u1ebft.<\/p>\n<h2>6. K\u1ebft lu\u1eadn v\u00e0 l\u1eddi k\u00eau g\u1ecdi h\u00e0nh \u0111\u1ed9ng<\/h2>\n<p>\u0110\u1eebng \u0111\u1ec3 c\u00e1c linh ki\u1ec7n k\u00e9m ch\u1ea5t l\u01b0\u1ee3ng l\u00e0m \u1ea3nh h\u01b0\u1edfng \u0111\u1ebfn danh ti\u1ebfng c\u1ee7a nh\u1eefng c\u1ed7 m\u00e1y cao c\u1ea5p c\u1ee7a b\u1ea1n. H\u00e3y \u0111\u1ea7u t\u01b0 v\u00e0o m\u1ed9t m\u00e1y b\u01a1m kh\u00ed c\u00f3 ch\u1ea5t l\u01b0\u1ee3ng t\u01b0\u01a1ng x\u1ee9ng v\u1edbi thi\u1ebft b\u1ecb c\u1ee7a b\u1ea1n. B\u1eb1ng c\u00e1ch l\u1ef1a ch\u1ecdn m\u00e1y b\u01a1m kh\u00ed \u0111\u1ed9 rung th\u1ea5p c\u1ee7a ch\u00fang t\u00f4i, b\u1ea1n \u0111\u1ea3m b\u1ea3o r\u1eb1ng quy tr\u00ecnh c\u1eaft g\u1ecdt c\u1ee7a b\u1ea1n kh\u00f4ng ch\u1ec9 hi\u1ec7u qu\u1ea3 m\u00e0 c\u00f2n cho ra k\u1ebft qu\u1ea3 v\u01b0\u1ee3t tr\u1ed9i.<\/p>\n<p>Li\u00ean h\u1ec7 v\u1edbi ch\u00fang t\u00f4i ngay h\u00f4m nay \u0111\u1ec3 d\u00f9ng th\u1eed m\u1eabu ho\u1eb7c \u0111\u1ec3 bi\u1ebft th\u00f4ng tin chi ti\u1ebft v\u1ec1 gi\u00e1 b\u00e1n bu\u00f4n B2B m\u1edbi nh\u1ea5t. Truy c\u1eadp trang web c\u1ee7a ch\u00fang t\u00f4i t\u1ea1i [\u0111\u1ecba ch\u1ec9 trang web]. <a href=\"https:\/\/aircompressorforlasercutter.com\/vi\/lien-he-voi-chung-toi\/\">Ever-power Li\u00ean h\u1ec7 v\u1edbi ch\u00fang t\u00f4i<\/a> T\u00ecm hi\u1ec3u th\u00eam v\u1ec1 c\u00e1ch c\u00e1c gi\u1ea3i ph\u00e1p c\u1ee7a ch\u00fang t\u00f4i c\u00f3 th\u1ec3 mang l\u1ea1i l\u1ee3i \u00edch cho doanh nghi\u1ec7p c\u1ee7a b\u1ea1n.<\/p>","protected":false},"excerpt":{"rendered":"<p>Low Vibration Air Pump for Desktop Laser Cutter: The Unsung Hero 1. Background: The Market Reality In the burgeoning world of laser cutting and engraving, many buyers invest significantly in high-end laser machines, often overlooking a crucial component: the air pump. This oversight can lead to compromised results and unnecessary costs. Many do not realize [&hellip;]<\/p>","protected":false},"featured_media":455,"comment_status":"open","ping_status":"closed","template":"","meta":{"_et_pb_use_builder":"","_et_pb_old_content":"","_et_gb_content_width":""},"product_brand":[],"product_cat":[1093],"product_tag":[1095],"class_list":{"0":"post-472","1":"product","2":"type-product","3":"status-publish","4":"has-post-thumbnail","6":"product_cat-air-compressor-for-laser-cutter","7":"product_tag-air-compressor-for-laser-cutter-price","9":"first","10":"instock","11":"shipping-taxable","12":"product-type-simple"},"_links":{"self":[{"href":"https:\/\/aircompressorforlasercutter.com\/vi\/wp-json\/wp\/v2\/product\/472","targetHints":{"allow":["GET"]}}],"collection":[{"href":"https:\/\/aircompressorforlasercutter.com\/vi\/wp-json\/wp\/v2\/product"}],"about":[{"href":"https:\/\/aircompressorforlasercutter.com\/vi\/wp-json\/wp\/v2\/types\/product"}],"replies":[{"embeddable":true,"href":"https:\/\/aircompressorforlasercutter.com\/vi\/wp-json\/wp\/v2\/comments?post=472"}],"wp:featuredmedia":[{"embeddable":true,"href":"https:\/\/aircompressorforlasercutter.com\/vi\/wp-json\/wp\/v2\/media\/455"}],"wp:attachment":[{"href":"https:\/\/aircompressorforlasercutter.com\/vi\/wp-json\/wp\/v2\/media?parent=472"}],"wp:term":[{"taxonomy":"product_brand","embeddable":true,"href":"https:\/\/aircompressorforlasercutter.com\/vi\/wp-json\/wp\/v2\/product_brand?post=472"},{"taxonomy":"product_cat","embeddable":true,"href":"https:\/\/aircompressorforlasercutter.com\/vi\/wp-json\/wp\/v2\/product_cat?post=472"},{"taxonomy":"product_tag","embeddable":true,"href":"https:\/\/aircompressorforlasercutter.com\/vi\/wp-json\/wp\/v2\/product_tag?post=472"}],"curies":[{"name":"wp","href":"https:\/\/api.w.org\/{rel}","templated":true}]}}