{"id":473,"date":"2026-01-14T08:26:18","date_gmt":"2026-01-14T08:26:18","guid":{"rendered":"https:\/\/aircompressorforlasercutter.com\/product\/portable-mini-air-compressor-for-laser-marking\/"},"modified":"2026-01-14T08:41:19","modified_gmt":"2026-01-14T08:41:19","slug":"portable-mini-air-compressor-for-laser-marking","status":"publish","type":"product","link":"https:\/\/aircompressorforlasercutter.com\/vi\/san-pham\/may-nen-khi-mini-cam-tay-dung-cho-khac-laser\/","title":{"rendered":"M\u00e1y n\u00e9n kh\u00ed mini c\u1ea7m tay d\u00f9ng cho kh\u1eafc laser"},"content":{"rendered":"<h1>M\u00e1y n\u00e9n kh\u00ed mini c\u1ea7m tay d\u00e0nh cho kh\u1eafc laser: Ng\u01b0\u1eddi h\u00f9ng th\u1ea7m l\u1eb7ng c\u1ee7a h\u1ec7 th\u1ed1ng kh\u1eafc laser c\u1ee7a b\u1ea1n.<\/h1>\n<h2>1. B\u1ed1i c\u1ea3nh: Th\u1ef1c tr\u1ea1ng th\u1ecb tr\u01b0\u1eddng<\/h2>\n<p>Trong b\u1ed1i c\u1ea3nh c\u1ea1nh tranh kh\u1ed1c li\u1ec7t c\u1ee7a ng\u00e0nh kh\u1eafc laser, h\u1ea7u h\u1ebft ng\u01b0\u1eddi mua \u0111\u1ea7u t\u01b0 \u0111\u00e1ng k\u1ec3 v\u00e0o c\u00e1c m\u00e1y c\u1eaft laser cao c\u1ea5p, th\u01b0\u1eddng b\u1ecf qua m\u1ed9t b\u1ed9 ph\u1eadn quan tr\u1ecdng kh\u00f4ng k\u00e9m: m\u00e1y n\u00e9n kh\u00ed. Ph\u1ee5 ki\u1ec7n thi\u1ebft y\u1ebfu n\u00e0y \u0111\u00f3ng vai tr\u00f2 then ch\u1ed1t trong vi\u1ec7c n\u00e2ng cao hi\u1ec7u su\u1ea5t t\u1ed5ng th\u1ec3 v\u00e0 tu\u1ed5i th\u1ecd c\u1ee7a h\u1ec7 th\u1ed1ng laser.<\/p>\n<p>H\u1ed7 tr\u1ee3 kh\u00f4ng kh\u00ed kh\u00f4ng ch\u1ec9 \u0111\u01a1n thu\u1ea7n l\u00e0 m\u1ed9t thi\u1ebft b\u1ecb ph\u1ee5 tr\u1ee3; n\u00f3 l\u00e0 m\u1ed9t y\u1ebfu t\u1ed1 quy\u1ebft \u0111\u1ecbnh \u1ea3nh h\u01b0\u1edfng \u0111\u1ebfn c\u1ea3... <strong>ch\u1ea5t l\u01b0\u1ee3ng c\u1eaft<\/strong> v\u00e0 <strong>\u0111\u1ed9 b\u1ec1n c\u1ee7a m\u00e1y<\/strong>M\u1ed9t m\u00e1y n\u00e9n kh\u00ed ch\u1ea5t l\u01b0\u1ee3ng cao c\u00f3 th\u1ec3 t\u1ea1o n\u00ean s\u1ef1 kh\u00e1c bi\u1ec7t gi\u1eefa m\u1ed9t b\u1ea3n kh\u1eafc ho\u00e0n h\u1ea3o v\u00e0 m\u1ed9t k\u1ebft qu\u1ea3 k\u00e9m ch\u1ea5t l\u01b0\u1ee3ng.<\/p>\n<h2>Gi\u00e1 tr\u1ecb c\u1ed1t l\u00f5i<\/h2>\n<p>\u0110\u1ed1i v\u1edbi c\u00e1c nh\u00e0 ph\u00e2n ph\u1ed1i, vi\u1ec7c l\u1ef1a ch\u1ecdn m\u1ed9t m\u00e1y b\u01a1m kh\u00ed \u0111\u00e1ng tin c\u1eady s\u1ebd tr\u1ef1c ti\u1ebfp d\u1eabn \u0111\u1ebfn vi\u1ec7c gi\u1ea3m thi\u1ec3u khi\u1ebfu n\u1ea1i c\u1ee7a kh\u00e1ch h\u00e0ng v\u1ec1 c\u00e1c v\u1ea5n \u0111\u1ec1 nh\u01b0... <strong>v\u1ebft c\u1eaft kh\u00f4ng ho\u00e0n ch\u1ec9nh<\/strong> ho\u1eb7c <strong>\u1ed1ng k\u00ednh b\u1ecb h\u01b0 h\u1ecfng<\/strong>\u0110i\u1ec1u n\u00e0y kh\u00f4ng ch\u1ec9 n\u00e2ng cao s\u1ef1 h\u00e0i l\u00f2ng c\u1ee7a kh\u00e1ch h\u00e0ng m\u00e0 c\u00f2n th\u00fac \u0111\u1ea9y \u0111\u00e1ng k\u1ec3... <strong>t\u1ef7 l\u1ec7 gi\u1eef ch\u00e2n kh\u00e1ch h\u00e0ng<\/strong>Do \u0111\u00f3, \u0111\u1ea7u t\u01b0 v\u00e0o m\u1ed9t m\u00e1y n\u00e9n kh\u00ed cao c\u1ea5p c\u00f3 th\u1ec3 \u0111\u01b0\u1ee3c xem nh\u01b0 m\u1ed9t kho\u1ea3n \u0111\u1ea7u t\u01b0 v\u00e0o s\u1ef1 b\u1ec1n v\u1eefng c\u1ee7a m\u1ed1i quan h\u1ec7 kh\u00e1ch h\u00e0ng.<\/p>\n<h2>2. Ph\u00e2n t\u00edch \u0111i\u1ec3m kh\u00f3 kh\u0103n: Chi ph\u00ed \u1ea9n c\u1ee7a m\u00e1y b\u01a1m h\u01a1i gi\u00e1 r\u1ebb<\/h2>\n<h3>Ch\u1ea5t l\u01b0\u1ee3ng c\u1eaft k\u00e9m<\/h3>\n<p>M\u1ed9t trong nh\u1eefng nh\u01b0\u1ee3c \u0111i\u1ec3m ph\u1ed5 bi\u1ebfn nh\u1ea5t c\u1ee7a c\u00e1c lo\u1ea1i b\u01a1m kh\u00ed gi\u00e1 r\u1ebb l\u00e0 s\u1ef1 kh\u00f4ng \u1ed5n \u0111\u1ecbnh c\u1ee7a lu\u1ed3ng kh\u00ed. \u0110i\u1ec1u n\u00e0y c\u00f3 th\u1ec3 d\u1eabn \u0111\u1ebfn nh\u1eefng h\u1eadu qu\u1ea3 kh\u00f4ng mong mu\u1ed1n nh\u01b0 c\u00e1c c\u1ea1nh v\u1eadt li\u1ec7u b\u1ecb ch\u00e1y x\u00e9m, hi\u1ec7u su\u1ea5t c\u1eaft gi\u1ea3m v\u00e0 \u1ea3nh h\u01b0\u1edfng ti\u00eau c\u1ef1c \u0111\u1ebfn t\u00ednh th\u1ea9m m\u1ef9 c\u1ee7a s\u1ea3n ph\u1ea9m cu\u1ed1i c\u00f9ng.<\/p>\n<h3>Nguy c\u01a1 h\u01b0 h\u1ecfng thi\u1ebft b\u1ecb<\/h3>\n<p>C\u00e1c lo\u1ea1i b\u01a1m kh\u00ed k\u00e9m ch\u1ea5t l\u01b0\u1ee3ng, \u0111\u1eb7c bi\u1ec7t l\u00e0 lo\u1ea1i d\u00f9ng d\u1ea7u, c\u00f3 th\u1ec3 v\u00f4 t\u00ecnh phun s\u01b0\u01a1ng d\u1ea7u ho\u1eb7c h\u01a1i \u1ea9m l\u00ean th\u1ea5u k\u00ednh laser, d\u1eabn \u0111\u1ebfn chi ph\u00ed s\u1eeda ch\u1eefa v\u00e0 v\u1eadn chuy\u1ec3n tr\u1ea3 l\u1ea1i t\u1ed1n k\u00e9m. Chi ph\u00ed \u1ea9n n\u00e0y c\u00f3 th\u1ec3 l\u00e0m gi\u1ea3m l\u1ee3i nhu\u1eadn c\u1ee7a b\u1ea5t k\u1ef3 doanh nghi\u1ec7p n\u00e0o.<\/p>\n<h3>Ho\u1ea1t \u0111\u1ed9ng \u1ed3n \u00e0o<\/h3>\n<p>M\u00e1y n\u00e9n kh\u00ed truy\u1ec1n th\u1ed1ng th\u01b0\u1eddng ho\u1ea1t \u0111\u1ed9ng \u1edf m\u1ee9c \u0111\u1ed9 ti\u1ebfng \u1ed3n g\u00e2y kh\u00f3 ch\u1ecbu, \u0111i\u1ec1u n\u00e0y h\u1ea1n ch\u1ebf kh\u1ea3 n\u0103ng \u1ee9ng d\u1ee5ng c\u1ee7a ch\u00fang trong m\u00f4i tr\u01b0\u1eddng gia \u0111\u00ecnh ho\u1eb7c kh\u00f4ng gian ch\u1ebf t\u1ea1o d\u00e0nh cho gi\u00e1o d\u1ee5c. \u0110i\u1ec1u n\u00e0y thu h\u1eb9p ph\u1ea1m vi th\u1ecb tr\u01b0\u1eddng v\u00e0 l\u00e0m gi\u1ea3m c\u01a1 h\u1ed9i b\u00e1n h\u00e0ng.<\/p>\n<h2>3. Gi\u1ea3i ph\u00e1p c\u1ee7a ch\u00fang t\u00f4i: \u0110\u1ecbnh ngh\u0129a l\u1ea1i d\u1ecbch v\u1ee5 h\u1ed7 tr\u1ee3 tr\u00ean kh\u00f4ng chuy\u00ean nghi\u1ec7p.<\/h2>\n<h3>Thi\u1ebft k\u1ebf kh\u00f4ng d\u1ea7u v\u00e0 kh\u00f4ng \u1ea9m<\/h3>\n<p>M\u00e1y n\u00e9n kh\u00ed mini c\u1ea7m tay 100% c\u1ee7a ch\u00fang t\u00f4i c\u00f3 thi\u1ebft k\u1ebf kh\u00f4ng d\u1ea7u v\u00e0 kh\u00f4ng \u1ea9m, \u0111\u1ea3m b\u1ea3o th\u1ea5u k\u00ednh laser lu\u00f4n s\u1ea1ch s\u1ebd. \u0110i\u1ec1u n\u00e0y kh\u00f4ng ch\u1ec9 \u0111\u01a1n gi\u1ea3n h\u00f3a vi\u1ec7c b\u1ea3o tr\u00ec cho ng\u01b0\u1eddi d\u00f9ng cu\u1ed1i m\u00e0 c\u00f2n n\u00e2ng cao n\u0103ng su\u1ea5t v\u00e0 s\u1ef1 an t\u00e2m.<\/p>\n<h3>C\u00f4ng ngh\u1ec7 si\u00eau y\u00ean t\u0129nh<\/h3>\n<p>\u0110\u01b0\u1ee3c thi\u1ebft k\u1ebf \u0111\u1eb7c bi\u1ec7t cho c\u00e1c \u1ee9ng d\u1ee5ng trong nh\u00e0 v\u00e0 ph\u00f2ng thu t\u1ea1i gia, m\u00e1y n\u00e9n \u00e2m thanh c\u1ee7a ch\u00fang t\u00f4i duy tr\u00ec m\u1ee9c \u0111\u1ed9 ti\u1ebfng \u1ed3n d\u01b0\u1edbi 60dB. Ho\u1ea1t \u0111\u1ed9ng si\u00eau \u00eam \u00e1i n\u00e0y n\u00e2ng cao tr\u1ea3i nghi\u1ec7m ng\u01b0\u1eddi d\u00f9ng, l\u00fd t\u01b0\u1edfng cho nh\u1eefng m\u00f4i tr\u01b0\u1eddng m\u00e0 ti\u1ebfng \u1ed3n c\u00f3 th\u1ec3 l\u00e0 v\u1ea5n \u0111\u1ec1 c\u1ea7n quan t\u00e2m.<\/p>\n<h3>Hi\u1ec7u su\u1ea5t m\u1ea1nh m\u1ebd<\/h3>\n<p>V\u1edbi l\u01b0u l\u01b0\u1ee3ng \u1ed5n \u0111\u1ecbnh 30 l\u00edt\/ph\u00fat, m\u00e1y n\u00e9n kh\u00ed n\u00e0y \u0111\u1ea3m b\u1ea3o c\u00e1c v\u1ebft c\u1eaft s\u1ea1ch s\u1ebd v\u00e0 kh\u00f4ng kh\u00f3i, ngay c\u1ea3 khi l\u00e0m vi\u1ec7c v\u1edbi c\u00e1c v\u1eadt li\u1ec7u d\u00e0y h\u01a1n nh\u01b0 v\u00e1n \u00e9p ho\u1eb7c acrylic. L\u01b0u l\u01b0\u1ee3ng kh\u00ed \u1ed5n \u0111\u1ecbnh l\u00e0 y\u1ebfu t\u1ed1 c\u1ea7n thi\u1ebft \u0111\u1ec3 \u0111\u1ea1t \u0111\u01b0\u1ee3c k\u1ebft qu\u1ea3 kh\u1eafc v\u01b0\u1ee3t tr\u1ed9i.<\/p>\n<h2>4. Kh\u1ea3 n\u0103ng t\u01b0\u01a1ng th\u00edch r\u1ed9ng r\u00e3i: Gi\u1ea3i ph\u00e1p tr\u1ecdn g\u00f3i (Gi\u1ea3i quy\u1ebft v\u1ea5n \u0111\u1ec1 t\u1ed3n kho)<\/h2>\n<h3>\u1ee8ng d\u1ee5ng r\u1ed9ng r\u00e3i<\/h3>\n<p>M\u00e1y n\u00e9n n\u00e0y \u0111\u01b0\u1ee3c thi\u1ebft k\u1ebf \u0111\u1ec3 t\u00edch h\u1ee3p li\u1ec1n m\u1ea1ch v\u1edbi c\u00e1c m\u1eabu m\u00e1y laser th\u00f4ng d\u1ee5ng 95% tr\u00ean th\u1ecb tr\u01b0\u1eddng, bao g\u1ed3m c\u00e1c th\u01b0\u01a1ng hi\u1ec7u n\u1ed5i ti\u1ebfng nh\u01b0 xTool, Ortur, Atomstack v\u00e0 nhi\u1ec1u m\u00e1y laser CO2 kh\u00e1c nhau.<\/p>\n<h3>L\u1ee3i \u00edch d\u00e0nh cho nh\u00e0 ph\u00e2n ph\u1ed1i<\/h3>\n<p>B\u1eb1ng c\u00e1ch cung c\u1ea5p m\u1ed9t m\u00e3 s\u1ea3n ph\u1ea9m duy nh\u1ea5t t\u01b0\u01a1ng th\u00edch v\u1edbi nhi\u1ec1u lo\u1ea1i m\u00e1y, c\u00e1c nh\u00e0 ph\u00e2n ph\u1ed1i c\u00f3 th\u1ec3 gi\u1ea3m \u0111\u00e1ng k\u1ec3 \u00e1p l\u1ef1c t\u1ed3n kho v\u00e0 \u0111\u01a1n gi\u1ea3n h\u00f3a qu\u00e1 tr\u00ecnh nh\u1eadp h\u00e0ng, gi\u00fap qu\u1ea3n l\u00fd d\u00f2ng s\u1ea3n ph\u1ea9m d\u1ec5 d\u00e0ng h\u01a1n.<\/p>\n<h2>5. L\u1ee3i th\u1ebf c\u1ee7a chu\u1ed7i cung \u1ee9ng v\u00e0 quan h\u1ec7 \u0111\u1ed1i t\u00e1c<\/h2>\n<h3>S\u1ee9c m\u1ea1nh c\u1ee7a nh\u00e0 m\u00e1y<\/h3>\n<p>Quy tr\u00ecnh ki\u1ec3m so\u00e1t ch\u1ea5t l\u01b0\u1ee3ng nghi\u00eam ng\u1eb7t c\u1ee7a ch\u00fang t\u00f4i \u0111\u1ea3m b\u1ea3o t\u1ef7 l\u1ec7 l\u1ed7i c\u1ef1c th\u1ea5p, d\u01b0\u1edbi 1%. \u0110\u1ed9 tin c\u1eady n\u00e0y cho ph\u00e9p b\u1ea1n ti\u1ebft ki\u1ec7m chi ph\u00ed v\u1eadn chuy\u1ec3n li\u00ean quan \u0111\u1ebfn vi\u1ec7c tr\u1ea3 l\u1ea1i v\u00e0 \u0111\u1ed5i h\u00e0ng.<\/p>\n<h3>D\u1ecbch v\u1ee5 t\u00f9y ch\u1ec9nh (OEM\/ODM)<\/h3>\n<p>Ch\u00fang t\u00f4i cung c\u1ea5p c\u00e1c gi\u1ea3i ph\u00e1p t\u00f9y ch\u1ec9nh, bao g\u1ed3m in logo, thi\u1ebft k\u1ebf bao b\u00ec v\u00e0 \u0111i\u1ec1u ch\u1ec9nh cho c\u00e1c th\u00f4ng s\u1ed1 k\u1ef9 thu\u1eadt ph\u00edch c\u1eafm kh\u00e1c nhau d\u1ef1a tr\u00ean y\u00eau c\u1ea7u c\u1ee7a t\u1eebng khu v\u1ef1c. S\u1ef1 linh ho\u1ea1t n\u00e0y cho ph\u00e9p b\u1ea1n x\u00e2y d\u1ef1ng v\u00e0 qu\u1ea3ng b\u00e1 th\u01b0\u01a1ng hi\u1ec7u c\u1ee7a m\u00ecnh m\u1ed9t c\u00e1ch hi\u1ec7u qu\u1ea3.<\/p>\n<h3>H\u1ed7 tr\u1ee3 sau b\u00e1n h\u00e0ng<\/h3>\n<p>Cam k\u1ebft c\u1ee7a ch\u00fang t\u00f4i \u0111\u1ed1i v\u1edbi d\u1ecbch v\u1ee5 kh\u00e1ch h\u00e0ng bao g\u1ed3m kh\u1ea3 n\u0103ng ph\u1ea3n h\u1ed3i k\u1ef9 thu\u1eadt nhanh ch\u00f3ng v\u00e0 cung c\u1ea5p ph\u1ee5 t\u00f9ng thay th\u1ebf, \u0111\u1ea3m b\u1ea3o ho\u1ea1t \u0111\u1ed9ng c\u1ee7a b\u1ea1n di\u1ec5n ra su\u00f4n s\u1ebb m\u00e0 kh\u00f4ng b\u1ecb gi\u00e1n \u0111o\u1ea1n kh\u00f4ng c\u1ea7n thi\u1ebft.<\/p>\n<h2>6.<\/h2>\n<p>\u0110\u1eebng \u0111\u1ec3 c\u00e1c linh ki\u1ec7n k\u00e9m ch\u1ea5t l\u01b0\u1ee3ng l\u00e0m \u1ea3nh h\u01b0\u1edfng \u0111\u1ebfn danh ti\u1ebfng c\u1ee7a nh\u1eefng m\u00e1y m\u00f3c cao c\u1ea5p c\u1ee7a b\u1ea1n. Vi\u1ec7c l\u1ef1a ch\u1ecdn m\u00e1y n\u00e9n kh\u00ed ch\u1ea5t l\u01b0\u1ee3ng cao l\u00e0 r\u1ea5t quan tr\u1ecdng \u0111\u1ec3 duy tr\u00ec ch\u1ea5t l\u01b0\u1ee3ng v\u00e0 \u0111\u1ed9 tin c\u1eady m\u00e0 kh\u00e1ch h\u00e0ng mong \u0111\u1ee3i.<\/p>\n<p>H\u00e3y li\u00ean h\u1ec7 v\u1edbi ch\u00fang t\u00f4i ngay h\u00f4m nay \u0111\u1ec3 d\u00f9ng th\u1eed s\u1ea3n ph\u1ea9m ho\u1eb7c \u0111\u1ec3 nh\u1eadn b\u00e1o gi\u00e1 b\u00e1n bu\u00f4n B2B m\u1edbi nh\u1ea5t. H\u00e3y \u0111\u1ec3 ch\u00fang t\u00f4i gi\u00fap b\u1ea1n n\u00e2ng cao ch\u1ea5t l\u01b0\u1ee3ng s\u1ea3n ph\u1ea9m v\u00e0 x\u00e2y d\u1ef1ng m\u1ed1i quan h\u1ec7 kh\u00e1ch h\u00e0ng b\u1ec1n ch\u1eb7t h\u01a1n.<\/p>\n<p>\u0110\u1ec3 bi\u1ebft th\u00eam th\u00f4ng tin chi ti\u1ebft, vui l\u00f2ng truy c\u1eadp <a href=\"https:\/\/aircompressorforlasercutter.com\/vi\/lien-he-voi-chung-toi\/\">trang li\u00ean h\u1ec7 c\u1ee7a ch\u00fang t\u00f4i<\/a>.<\/p>","protected":false},"excerpt":{"rendered":"<p>Portable Mini Air Compressor for Laser Marking: The Unsung Hero of Your Laser Engraving Setup 1. Background: The Market Reality In the competitive landscape of laser engraving, most buyers invest significantly in high-end laser cutting machines, often overlooking an equally crucial component: the air compressor. This essential accessory plays a pivotal role in enhancing the [&hellip;]<\/p>","protected":false},"featured_media":456,"comment_status":"open","ping_status":"closed","template":"","meta":{"_et_pb_use_builder":"","_et_pb_old_content":"","_et_gb_content_width":""},"product_brand":[],"product_cat":[1093],"product_tag":[1096],"class_list":{"0":"post-473","1":"product","2":"type-product","3":"status-publish","4":"has-post-thumbnail","6":"product_cat-air-compressor-for-laser-cutter","7":"product_tag-air-compressor-for-laser-cutter-cost","9":"first","10":"instock","11":"shipping-taxable","12":"product-type-simple"},"_links":{"self":[{"href":"https:\/\/aircompressorforlasercutter.com\/vi\/wp-json\/wp\/v2\/product\/473","targetHints":{"allow":["GET"]}}],"collection":[{"href":"https:\/\/aircompressorforlasercutter.com\/vi\/wp-json\/wp\/v2\/product"}],"about":[{"href":"https:\/\/aircompressorforlasercutter.com\/vi\/wp-json\/wp\/v2\/types\/product"}],"replies":[{"embeddable":true,"href":"https:\/\/aircompressorforlasercutter.com\/vi\/wp-json\/wp\/v2\/comments?post=473"}],"wp:featuredmedia":[{"embeddable":true,"href":"https:\/\/aircompressorforlasercutter.com\/vi\/wp-json\/wp\/v2\/media\/456"}],"wp:attachment":[{"href":"https:\/\/aircompressorforlasercutter.com\/vi\/wp-json\/wp\/v2\/media?parent=473"}],"wp:term":[{"taxonomy":"product_brand","embeddable":true,"href":"https:\/\/aircompressorforlasercutter.com\/vi\/wp-json\/wp\/v2\/product_brand?post=473"},{"taxonomy":"product_cat","embeddable":true,"href":"https:\/\/aircompressorforlasercutter.com\/vi\/wp-json\/wp\/v2\/product_cat?post=473"},{"taxonomy":"product_tag","embeddable":true,"href":"https:\/\/aircompressorforlasercutter.com\/vi\/wp-json\/wp\/v2\/product_tag?post=473"}],"curies":[{"name":"wp","href":"https:\/\/api.w.org\/{rel}","templated":true}]}}