{"id":474,"date":"2026-01-14T08:26:19","date_gmt":"2026-01-14T08:26:19","guid":{"rendered":"https:\/\/aircompressorforlasercutter.com\/product\/continuous-duty-air-pump-for-commercial-laser-cutting\/"},"modified":"2026-01-14T08:39:03","modified_gmt":"2026-01-14T08:39:03","slug":"continuous-duty-air-pump-for-commercial-laser-cutting","status":"publish","type":"product","link":"https:\/\/aircompressorforlasercutter.com\/vi\/san-pham\/may-bom-khi-hoat-dong-lien-tuc-cho-may-cat-laser-cong-nghiep\/","title":{"rendered":"M\u00e1y b\u01a1m kh\u00ed ho\u1ea1t \u0111\u1ed9ng li\u00ean t\u1ee5c cho m\u00e1y c\u1eaft laser c\u00f4ng nghi\u1ec7p"},"content":{"rendered":"<h1>M\u00e1y b\u01a1m kh\u00ed ho\u1ea1t \u0111\u1ed9ng li\u00ean t\u1ee5c cho m\u00e1y c\u1eaft laser c\u00f4ng nghi\u1ec7p<\/h1>\n<h2>Ng\u01b0\u1eddi h\u00f9ng th\u1ea7m l\u1eb7ng<\/h2>\n<p>Trong l\u0129nh v\u1ef1c c\u1eaft laser, n\u01a1i \u0111\u1ed9 ch\u00ednh x\u00e1c v\u00e0 ch\u1ea5t l\u01b0\u1ee3ng l\u00e0 t\u1ed1i quan tr\u1ecdng, m\u1ed9t b\u1ed9 ph\u1eadn thi\u1ebft y\u1ebfu th\u01b0\u1eddng b\u1ecb b\u1ecf qua: b\u01a1m kh\u00ed. Trong khi ng\u01b0\u1eddi mua \u0111\u1ea7u t\u01b0 nh\u1eefng kho\u1ea3n ti\u1ec1n \u0111\u00e1ng k\u1ec3 v\u00e0o c\u00e1c m\u00e1y kh\u1eafc laser cao c\u1ea5p, t\u1ea7m quan tr\u1ecdng c\u1ee7a b\u01a1m kh\u00ed \u2013 m\u1ed9t ph\u1ee5 ki\u1ec7n thi\u1ebft y\u1ebfu \u2013 l\u1ea1i th\u01b0\u1eddng b\u1ecb xem nh\u1eb9. S\u1ef1 thi\u1ebfu s\u00f3t n\u00e0y c\u00f3 th\u1ec3 l\u00e0m \u1ea3nh h\u01b0\u1edfng \u0111\u1ebfn ch\u00ednh nh\u1eefng m\u1ee5c ti\u00eau m\u00e0 ng\u01b0\u1eddi mua \u0111ang h\u01b0\u1edbng t\u1edbi.<\/p>\n<p>H\u1ed7 tr\u1ee3 kh\u00ed n\u00e9n kh\u00f4ng ch\u1ec9 \u0111\u01a1n thu\u1ea7n l\u00e0 m\u1ed9t ph\u1ee5 ki\u1ec7n; n\u00f3 \u0111\u00f3ng vai tr\u00f2 then ch\u1ed1t trong vi\u1ec7c quy\u1ebft \u0111\u1ecbnh ch\u1ea5t l\u01b0\u1ee3ng c\u1eaft cu\u1ed1i c\u00f9ng v\u00e0 tu\u1ed5i th\u1ecd c\u1ee7a thi\u1ebft b\u1ecb. Trong m\u1ed9t th\u1ecb tr\u01b0\u1eddng m\u00e0 hi\u1ec7u qu\u1ea3 v\u00e0 s\u1ef1 h\u00e0i l\u00f2ng c\u1ee7a kh\u00e1ch h\u00e0ng l\u00e0 t\u1ed1i quan tr\u1ecdng, vi\u1ec7c l\u1ef1a ch\u1ecdn \u0111\u00fang b\u01a1m kh\u00ed c\u00f3 th\u1ec3 t\u00e1c \u0111\u1ed9ng \u0111\u00e1ng k\u1ec3 \u0111\u1ebfn k\u1ebft qu\u1ea3 kinh doanh.<\/p>\n<h2>Th\u00f4ng tin th\u1ecb tr\u01b0\u1eddng: Chi ph\u00ed khi b\u1ecf qua m\u00e1y b\u01a1m kh\u00ed<\/h2>\n<p>\u0110\u1ed1i v\u1edbi c\u00e1c nh\u00e0 ph\u00e2n ph\u1ed1i, vi\u1ec7c l\u1ef1a ch\u1ecdn m\u1ed9t m\u00e1y b\u01a1m kh\u00ed ch\u1ea5t l\u01b0\u1ee3ng cao \u0111\u1ed3ng ngh\u0129a v\u1edbi vi\u1ec7c gi\u1ea3m thi\u1ec3u khi\u1ebfu n\u1ea1i c\u1ee7a kh\u00e1ch h\u00e0ng v\u1ec1 c\u00e1c v\u1ea5n \u0111\u1ec1 nh\u01b0 \u201cc\u1eaft kh\u00f4ng ho\u00e0n ch\u1ec9nh\u201d v\u00e0 \u201c\u1ed1ng k\u00ednh b\u1ecb h\u01b0 h\u1ecfng\u201d. S\u1ef1 l\u1ef1a ch\u1ecdn n\u00e0y c\u00f3 m\u1ed1i li\u00ean h\u1ec7 tr\u1ef1c ti\u1ebfp v\u1edbi t\u1ef7 l\u1ec7 gi\u1eef ch\u00e2n kh\u00e1ch h\u00e0ng cao h\u01a1n, th\u00fac \u0111\u1ea9y m\u1ed1i quan h\u1ec7 l\u00e2u d\u00e0i v\u00e0 t\u0103ng c\u01b0\u1eddng l\u00f2ng trung th\u00e0nh v\u1edbi th\u01b0\u01a1ng hi\u1ec7u.<\/p>\n<h3>Ph\u00e2n t\u00edch c\u00e1c \u0111i\u1ec3m y\u1ebfu: Chi ph\u00ed \u1ea9n c\u1ee7a m\u00e1y b\u01a1m h\u01a1i gi\u00e1 r\u1ebb<\/h3>\n<p>M\u1eb7c d\u00f9 vi\u1ec7c l\u1ef1a ch\u1ecdn c\u00e1c gi\u1ea3i ph\u00e1p thay th\u1ebf gi\u00e1 r\u1ebb c\u00f3 v\u1ebb h\u1ea5p d\u1eabn, nh\u01b0ng nh\u1eefng chi ph\u00ed \u1ea9n li\u00ean quan \u0111\u1ebfn m\u00e1y b\u01a1m h\u01a1i gi\u00e1 r\u1ebb c\u00f3 th\u1ec3 g\u00e2y ra nh\u1eefng h\u1eadu qu\u1ea3 nghi\u00eam tr\u1ecdng:<\/p>\n<ul>\n<li><strong>Ch\u1ea5t l\u01b0\u1ee3ng c\u1eaft k\u00e9m:<\/strong> Lu\u1ed3ng kh\u00ed kh\u00f4ng \u1ed5n \u0111\u1ecbnh d\u1eabn \u0111\u1ebfn c\u00e1c c\u1ea1nh v\u1eadt li\u1ec7u b\u1ecb ch\u00e1y x\u00e9m v\u00e0 hi\u1ec7u qu\u1ea3 c\u1eaft gi\u1ea3m, \u1ea3nh h\u01b0\u1edfng x\u1ea5u \u0111\u1ebfn h\u00ecnh th\u1ee9c s\u1ea3n ph\u1ea9m cu\u1ed1i c\u00f9ng \u0111\u1ed1i v\u1edbi ng\u01b0\u1eddi d\u00f9ng.<\/li>\n<li><strong>Nguy c\u01a1 h\u01b0 h\u1ecfng thi\u1ebft b\u1ecb:<\/strong> C\u00e1c lo\u1ea1i b\u01a1m k\u00e9m ch\u1ea5t l\u01b0\u1ee3ng, \u0111\u1eb7c bi\u1ec7t l\u00e0 b\u01a1m d\u1ea7u, c\u00f3 th\u1ec3 ph\u00e1t ra s\u01b0\u01a1ng d\u1ea7u ho\u1eb7c h\u01a1i \u1ea9m l\u00e0m \u00f4 nhi\u1ec5m h\u1ec7 th\u1ed1ng quang h\u1ecdc laser, d\u1eabn \u0111\u1ebfn chi ph\u00ed s\u1eeda ch\u1eefa \u0111\u1eaft \u0111\u1ecf v\u00e0 ph\u1ea3i tr\u1ea3 l\u1ea1i s\u1ea3n ph\u1ea9m.<\/li>\n<li><strong>\u00d4 nhi\u1ec5m ti\u1ebfng \u1ed3n:<\/strong> M\u00e1y n\u00e9n kh\u00ed truy\u1ec1n th\u1ed1ng th\u01b0\u1eddng ho\u1ea1t \u0111\u1ed9ng \u1edf m\u1ee9c \u0111\u1ed9 ti\u1ebfng \u1ed3n cao, h\u1ea1n ch\u1ebf vi\u1ec7c s\u1eed d\u1ee5ng ch\u00fang trong m\u00f4i tr\u01b0\u1eddng gia \u0111\u00ecnh v\u00e0 kh\u00f4ng gian gi\u00e1o d\u1ee5c s\u00e1ng t\u1ea1o, do \u0111\u00f3 thu h\u1eb9p ph\u1ea1m vi th\u1ecb tr\u01b0\u1eddng ti\u1ec1m n\u0103ng.<\/li>\n<\/ul>\n<h2>Gi\u1ea3i ph\u00e1p c\u1ee7a ch\u00fang t\u00f4i: \u0110\u1ecbnh ngh\u0129a l\u1ea1i d\u1ecbch v\u1ee5 h\u1ed7 tr\u1ee3 h\u00e0ng kh\u00f4ng \u201cchuy\u00ean nghi\u1ec7p\u201d.<\/h2>\n<p>Ever-power t\u1ef1 h\u00e0o gi\u1edbi thi\u1ec7u m\u1ed9t m\u00e1y b\u01a1m kh\u00ed \u0111\u1ed9t ph\u00e1 \u0111\u01b0\u1ee3c thi\u1ebft k\u1ebf \u0111\u1eb7c bi\u1ec7t cho c\u00e1c \u1ee9ng d\u1ee5ng c\u1eaft laser th\u01b0\u01a1ng m\u1ea1i. M\u00e1y b\u01a1m kh\u00ed ho\u1ea1t \u0111\u1ed9ng li\u00ean t\u1ee5c c\u1ee7a ch\u00fang t\u00f4i \u0111\u1ecbnh ngh\u0129a l\u1ea1i c\u00e1c ti\u00eau chu\u1ea9n h\u1ed7 tr\u1ee3 kh\u00ed n\u00e9n v\u1edbi tr\u1ecdng t\u00e2m l\u00e0 hi\u1ec7u su\u1ea5t, \u0111\u1ed9 tin c\u1eady v\u00e0 tr\u1ea3i nghi\u1ec7m ng\u01b0\u1eddi d\u00f9ng.<\/p>\n<h3>Thi\u1ebft k\u1ebf kh\u00f4ng d\u1ea7u v\u00e0 kh\u00f4ng n\u01b0\u1edbc<\/h3>\n<p>M\u00e1y b\u01a1m kh\u00ed c\u1ee7a ch\u00fang t\u00f4i c\u00f3 thi\u1ebft k\u1ebf kh\u00f4ng d\u1ea7u v\u00e0 kh\u00f4ng n\u01b0\u1edbc 100%, \u0111\u1ea3m b\u1ea3o s\u1ef1 b\u1ea3o v\u1ec7 t\u1ed1i \u0111a cho th\u1ea5u k\u00ednh laser. Ng\u01b0\u1eddi d\u00f9ng kh\u00f4ng c\u00f2n c\u1ea7n ph\u1ea3i lo l\u1eafng v\u1ec1 vi\u1ec7c b\u1ea3o tr\u00ec, cho ph\u00e9p h\u1ecd t\u1eadp trung v\u00e0o c\u00e1c ho\u1ea1t \u0111\u1ed9ng ch\u00ednh m\u1ed9t c\u00e1ch d\u1ec5 d\u00e0ng.<\/p>\n<h3>C\u00f4ng ngh\u1ec7 si\u00eau y\u00ean t\u0129nh<\/h3>\n<p>\u0110\u01b0\u1ee3c ph\u00e1t tri\u1ec3n \u0111\u1eb7c bi\u1ec7t cho m\u00f4i tr\u01b0\u1eddng ph\u00f2ng thu trong nh\u00e0 v\u00e0 t\u1ea1i gia, m\u00e1y b\u01a1m kh\u00ed c\u1ee7a ch\u00fang t\u00f4i ho\u1ea1t \u0111\u1ed9ng v\u1edbi \u0111\u1ed9 \u1ed3n d\u01b0\u1edbi 60 dB. Ho\u1ea1t \u0111\u1ed9ng si\u00eau \u00eam \u00e1i n\u00e0y gi\u00fap n\u00e2ng cao \u0111\u00e1ng k\u1ec3 tr\u1ea3i nghi\u1ec7m ng\u01b0\u1eddi d\u00f9ng, l\u00fd t\u01b0\u1edfng cho c\u00e1c \u1ee9ng d\u1ee5ng gi\u00e1o d\u1ee5c v\u00e0 s\u00e1ng t\u1ea1o.<\/p>\n<h3>Hi\u1ec7u su\u1ea5t m\u1ea1nh m\u1ebd<\/h3>\n<p>V\u1edbi c\u00f4ng su\u1ea5t li\u00ean t\u1ee5c 30 l\u00edt\/ph\u00fat, m\u00e1y b\u01a1m kh\u00ed c\u1ee7a ch\u00fang t\u00f4i \u0111\u1ea3m b\u1ea3o lu\u1ed3ng kh\u00ed \u1ed5n \u0111\u1ecbnh v\u00e0 m\u1ea1nh m\u1ebd, gi\u00fap t\u1ea1o ra nh\u1eefng \u0111\u01b0\u1eddng c\u1eaft s\u1ea1ch s\u1ebd, kh\u00f4ng kh\u00f3i ngay c\u1ea3 khi gia c\u00f4ng g\u1ed7 d\u00e0y ho\u1eb7c v\u1eadt li\u1ec7u acrylic. Hi\u1ec7u su\u1ea5t n\u00e0y kh\u00f4ng ch\u1ec9 n\u00e2ng cao ch\u1ea5t l\u01b0\u1ee3ng c\u1eaft m\u00e0 c\u00f2n c\u1ea3i thi\u1ec7n hi\u1ec7u qu\u1ea3 quy tr\u00ecnh l\u00e0m vi\u1ec7c.<\/p>\n<h2>Kh\u1ea3 n\u0103ng t\u01b0\u01a1ng th\u00edch r\u1ed9ng r\u00e3i: Gi\u1ea3i ph\u00e1p tr\u1ecdn g\u00f3i<\/h2>\n<p>M\u00e1y b\u01a1m kh\u00ed c\u1ee7a ch\u00fang t\u00f4i \u0111\u01b0\u1ee3c thi\u1ebft k\u1ebf \u0111\u1ec3 t\u01b0\u01a1ng th\u00edch r\u1ed9ng r\u00e3i, ph\u00f9 h\u1ee3p ho\u00e0n h\u1ea3o v\u1edbi h\u1ea7u h\u1ebft c\u00e1c m\u00e1y c\u1eaft laser th\u00f4ng d\u1ee5ng tr\u00ean th\u1ecb tr\u01b0\u1eddng, bao g\u1ed3m c\u00e1c m\u1eabu ph\u1ed5 bi\u1ebfn nh\u01b0 xTool, Ortur, Atomstack v\u00e0 nhi\u1ec1u m\u00e1y laser CO2 kh\u00e1c.<\/p>\n<p>\u0110\u1ed1i v\u1edbi c\u00e1c nh\u00e0 ph\u00e2n ph\u1ed1i, \u0111i\u1ec1u n\u00e0y c\u00f3 ngh\u0129a l\u00e0 m\u1ed9t m\u00e3 s\u1ea3n ph\u1ea9m duy nh\u1ea5t c\u00f3 th\u1ec3 \u0111\u00e1p \u1ee9ng nhu c\u1ea7u c\u1ee7a nhi\u1ec1u lo\u1ea1i m\u00e1y m\u00f3c kh\u00e1c nhau, gi\u00fap gi\u1ea3m thi\u1ec3u \u00e1p l\u1ef1c t\u1ed3n kho v\u00e0 \u0111\u01a1n gi\u1ea3n h\u00f3a vi\u1ec7c qu\u1ea3n l\u00fd kho.<\/p>\n<h2>L\u1ee3i th\u1ebf c\u1ee7a chu\u1ed7i cung \u1ee9ng v\u00e0 quan h\u1ec7 \u0111\u1ed1i t\u00e1c<\/h2>\n<p>T\u1ea1i Ever-power, ch\u00fang t\u00f4i t\u1ef1 h\u00e0o v\u1ec1 quy tr\u00ecnh ki\u1ec3m so\u00e1t ch\u1ea5t l\u01b0\u1ee3ng nghi\u00eam ng\u1eb7t, \u0111\u1ea3m b\u1ea3o t\u1ef7 l\u1ec7 l\u1ed7i c\u1ef1c th\u1ea5p, d\u01b0\u1edbi 1%. Cam k\u1ebft n\u00e0y gi\u00fap ti\u1ebft ki\u1ec7m chi ph\u00ed cho nh\u00e0 ph\u00e2n ph\u1ed1i b\u1eb1ng c\u00e1ch gi\u1ea3m thi\u1ec3u h\u00e0ng tr\u1ea3 l\u1ea1i v\u00e0 chi ph\u00ed h\u1eadu c\u1ea7n.<\/p>\n<p>Ch\u00fang t\u00f4i c\u0169ng cung c\u1ea5p c\u00e1c d\u1ecbch v\u1ee5 t\u00f9y ch\u1ec9nh, bao g\u1ed3m c\u00e1c t\u00f9y ch\u1ecdn OEM v\u00e0 ODM, cho ph\u00e9p t\u00f9y ch\u1ec9nh th\u01b0\u01a1ng hi\u1ec7u, thi\u1ebft k\u1ebf bao b\u00ec v\u00e0 th\u00f4ng s\u1ed1 k\u1ef9 thu\u1eadt ph\u00edch c\u1eafm \u0111\u1ec3 ph\u00f9 h\u1ee3p v\u1edbi nhi\u1ec1u th\u1ecb tr\u01b0\u1eddng kh\u00e1c nhau. Th\u1eddi gian ph\u1ea3n h\u1ed3i k\u1ef9 thu\u1eadt nhanh ch\u00f3ng v\u00e0 kh\u1ea3 n\u0103ng cung c\u1ea5p ph\u1ee5 t\u00f9ng thay th\u1ebf c\u1ee7a ch\u00fang t\u00f4i c\u00e0ng c\u1ee7ng c\u1ed1 v\u1ecb th\u1ebf c\u1ee7a ch\u00fang t\u00f4i nh\u01b0 m\u1ed9t \u0111\u1ed1i t\u00e1c \u0111\u00e1ng tin c\u1eady.<\/p>\n<p>\u0110\u1eebng \u0111\u1ec3 nh\u1eefng ph\u1ee5 ki\u1ec7n k\u00e9m ch\u1ea5t l\u01b0\u1ee3ng l\u00e0m \u1ea3nh h\u01b0\u1edfng \u0111\u1ebfn danh ti\u1ebfng c\u1ee7a nh\u1eefng c\u1ed7 m\u00e1y cao c\u1ea5p c\u1ee7a b\u1ea1n. Vi\u1ec7c l\u1ef1a ch\u1ecdn m\u1ed9t m\u00e1y b\u01a1m kh\u00ed ph\u00f9 h\u1ee3p v\u1edbi ch\u1ea5t l\u01b0\u1ee3ng thi\u1ebft b\u1ecb l\u00e0 r\u1ea5t quan tr\u1ecdng \u0111\u1ec3 duy tr\u00ec hi\u1ec7u su\u1ea5t ho\u1ea1t \u0111\u1ed9ng t\u1ed1i \u01b0u.<\/p>\n<p>H\u00e3y li\u00ean h\u1ec7 v\u1edbi ch\u00fang t\u00f4i ngay h\u00f4m nay \u0111\u1ec3 y\u00eau c\u1ea7u m\u1eabu th\u1eed nghi\u1ec7m ho\u1eb7c \u0111\u1ec3 nh\u1eadn b\u1ea3ng gi\u00e1 b\u00e1n bu\u00f4n B2B m\u1edbi nh\u1ea5t. N\u00e2ng t\u1ea7m s\u1ea3n ph\u1ea9m c\u1ee7a b\u1ea1n v\u1edbi m\u00e1y b\u01a1m kh\u00ed ho\u1ea1t \u0111\u1ed9ng li\u00ean t\u1ee5c mang l\u1ea1i hi\u1ec7u su\u1ea5t v\u00e0 \u0111\u1ed9 tin c\u1eady v\u01b0\u1ee3t tr\u1ed9i.<\/p>\n<p><a href=\"https:\/\/aircompressorforlasercutter.com\/vi\/lien-he-voi-chung-toi\/\">Li\u00ean h\u1ec7 v\u1edbi ch\u00fang t\u00f4i<\/a><\/p>","protected":false},"excerpt":{"rendered":"<p>Continuous Duty Air Pump for Commercial Laser Cutting The Unsung Hero In the realm of laser cutting, where precision and quality reign supreme, one critical component often fades into the background: the air pump. While buyers invest substantial sums into high-end laser engraving machines, the importance of the air pump??a vital accessory??remains largely overlooked. This [&hellip;]<\/p>","protected":false},"featured_media":456,"comment_status":"open","ping_status":"closed","template":"","meta":{"_et_pb_use_builder":"","_et_pb_old_content":"","_et_gb_content_width":""},"product_brand":[],"product_cat":[1093],"product_tag":[1094],"class_list":{"0":"post-474","1":"product","2":"type-product","3":"status-publish","4":"has-post-thumbnail","6":"product_cat-air-compressor-for-laser-cutter","7":"product_tag-air-compressor-for-laser-cutter","9":"first","10":"instock","11":"shipping-taxable","12":"product-type-simple"},"_links":{"self":[{"href":"https:\/\/aircompressorforlasercutter.com\/vi\/wp-json\/wp\/v2\/product\/474","targetHints":{"allow":["GET"]}}],"collection":[{"href":"https:\/\/aircompressorforlasercutter.com\/vi\/wp-json\/wp\/v2\/product"}],"about":[{"href":"https:\/\/aircompressorforlasercutter.com\/vi\/wp-json\/wp\/v2\/types\/product"}],"replies":[{"embeddable":true,"href":"https:\/\/aircompressorforlasercutter.com\/vi\/wp-json\/wp\/v2\/comments?post=474"}],"wp:featuredmedia":[{"embeddable":true,"href":"https:\/\/aircompressorforlasercutter.com\/vi\/wp-json\/wp\/v2\/media\/456"}],"wp:attachment":[{"href":"https:\/\/aircompressorforlasercutter.com\/vi\/wp-json\/wp\/v2\/media?parent=474"}],"wp:term":[{"taxonomy":"product_brand","embeddable":true,"href":"https:\/\/aircompressorforlasercutter.com\/vi\/wp-json\/wp\/v2\/product_brand?post=474"},{"taxonomy":"product_cat","embeddable":true,"href":"https:\/\/aircompressorforlasercutter.com\/vi\/wp-json\/wp\/v2\/product_cat?post=474"},{"taxonomy":"product_tag","embeddable":true,"href":"https:\/\/aircompressorforlasercutter.com\/vi\/wp-json\/wp\/v2\/product_tag?post=474"}],"curies":[{"name":"wp","href":"https:\/\/api.w.org\/{rel}","templated":true}]}}