{"id":475,"date":"2026-01-14T08:26:19","date_gmt":"2026-01-14T08:26:19","guid":{"rendered":"https:\/\/aircompressorforlasercutter.com\/product\/high-output-air-assist-pump-30l-min\/"},"modified":"2026-01-14T08:38:39","modified_gmt":"2026-01-14T08:38:39","slug":"high-output-air-assist-pump-30l-min","status":"publish","type":"product","link":"https:\/\/aircompressorforlasercutter.com\/vi\/san-pham\/bom-ho-tro-khi-cong-suat-cao-30-lit-phut\/","title":{"rendered":"B\u01a1m h\u1ed7 tr\u1ee3 kh\u00ed c\u00f4ng su\u1ea5t cao 30L\/ph\u00fat"},"content":{"rendered":"<h1>B\u01a1m h\u1ed7 tr\u1ee3 kh\u00ed c\u00f4ng su\u1ea5t cao 30L\/ph\u00fat: Ng\u01b0\u1eddi h\u00f9ng th\u1ea7m l\u1eb7ng trong c\u00f4ng ngh\u1ec7 c\u1eaft laser<\/h1>\n<h2>L\u1eddi gi\u1edbi thi\u1ec7u: Ng\u01b0\u1eddi h\u00f9ng th\u1ea7m l\u1eb7ng ph\u00eda sau h\u1eadu tr\u01b0\u1eddng<\/h2>\n<p>Trong l\u0129nh v\u1ef1c kh\u1eafc v\u00e0 c\u1eaft laser, s\u1ef1 ch\u00fa \u00fd th\u01b0\u1eddng t\u1eadp trung v\u00e0o ch\u00ednh c\u00e1c m\u00e1y m\u00f3c, n\u01a1i ng\u01b0\u1eddi mua \u0111\u1ea7u t\u01b0 m\u1ed9t kho\u1ea3n v\u1ed1n \u0111\u00e1ng k\u1ec3 v\u00e0o c\u00e1c m\u00e1y c\u1eaft laser cao c\u1ea5p. Tuy nhi\u00ean, m\u1ed9t b\u1ed9 ph\u1eadn thi\u1ebft y\u1ebfu th\u01b0\u1eddng b\u1ecb b\u1ecf qua l\u00e0 b\u01a1m h\u1ed7 tr\u1ee3 kh\u00ed. H\u1ec7 th\u1ed1ng h\u1ed7 tr\u1ee3 quan tr\u1ecdng n\u00e0y \u0111\u00f3ng vai tr\u00f2 then ch\u1ed1t trong hi\u1ec7u su\u1ea5t v\u00e0 tu\u1ed5i th\u1ecd c\u1ee7a thi\u1ebft b\u1ecb c\u1eaft laser, khi\u1ebfn n\u00f3 kh\u00f4ng ch\u1ec9 \u0111\u01a1n thu\u1ea7n l\u00e0 m\u1ed9t ph\u1ee5 ki\u1ec7n.<\/p>\n<h2>B\u1ed1i c\u1ea3nh th\u1ecb tr\u01b0\u1eddng: S\u1ef1 c\u1ea7n thi\u1ebft b\u1ecb b\u1ecf qua<\/h2>\n<p>Trong khi ng\u01b0\u1eddi mua t\u1eadp trung v\u00e0o th\u00f4ng s\u1ed1 k\u1ef9 thu\u1eadt v\u00e0 kh\u1ea3 n\u0103ng c\u1ee7a m\u00e1y c\u1eaft laser, b\u01a1m kh\u00ed h\u1ed7 tr\u1ee3 v\u1eabn l\u00e0 m\u1ed9t y\u1ebfu t\u1ed1 quan tr\u1ecdng nh\u01b0ng th\u01b0\u1eddng b\u1ecb \u0111\u00e1nh gi\u00e1 th\u1ea5p. Th\u1ecb tr\u01b0\u1eddng hi\u1ec7n nay c\u00f3 r\u1ea5t nhi\u1ec1u l\u1ef1a ch\u1ecdn, nh\u01b0ng nhi\u1ec1u ng\u01b0\u1eddi mua l\u1ea1i b\u1ecf qua t\u1ea7m quan tr\u1ecdng c\u1ee7a vi\u1ec7c ch\u1ecdn m\u1ed9t b\u01a1m kh\u00ed ch\u1ea5t l\u01b0\u1ee3ng cao. S\u1ef1 thi\u1ebfu s\u00f3t n\u00e0y c\u00f3 th\u1ec3 \u1ea3nh h\u01b0\u1edfng \u0111\u00e1ng k\u1ec3 \u0111\u1ebfn ch\u1ea5t l\u01b0\u1ee3ng c\u1eaft v\u00e0 tu\u1ed5i th\u1ecd c\u1ee7a m\u00e1y, d\u1eabn \u0111\u1ebfn k\u1ebft qu\u1ea3 kh\u00f4ng \u0111\u1ea1t y\u00eau c\u1ea7u v\u00e0 nguy c\u01a1 h\u1ecfng h\u00f3c thi\u1ebft b\u1ecb.<\/p>\n<h2>\u00dd t\u01b0\u1edfng c\u1ed1t l\u00f5i: H\u1ed7 tr\u1ee3 kh\u00f4ng kh\u00ed nh\u01b0 m\u1ed9t y\u1ebfu t\u1ed1 quy\u1ebft \u0111\u1ecbnh ch\u1ea5t l\u01b0\u1ee3ng<\/h2>\n<p>H\u1ec7 th\u1ed1ng h\u1ed7 tr\u1ee3 kh\u00ed kh\u00f4ng ch\u1ec9 \u0111\u01a1n thu\u1ea7n l\u00e0 m\u1ed9t b\u1ed9 ph\u1eadn ph\u1ee5 tr\u1ee3; n\u00f3 \u1ea3nh h\u01b0\u1edfng tr\u1ef1c ti\u1ebfp \u0111\u1ebfn ch\u1ea5t l\u01b0\u1ee3ng c\u00e1c \u0111\u01b0\u1eddng c\u1eaft v\u00e0 \u0111\u1ed9 b\u1ec1n c\u1ee7a ch\u00ednh m\u00e1y. M\u1ed9t m\u00e1y b\u01a1m h\u1ed7 tr\u1ee3 kh\u00ed \u0111\u00e1ng tin c\u1eady c\u00f3 th\u1ec3 c\u1ea3i thi\u1ec7n \u0111\u00e1ng k\u1ec3 tr\u1ea3i nghi\u1ec7m c\u1eaft b\u1eb1ng c\u00e1ch cung c\u1ea5p lu\u1ed3ng kh\u00ed \u1ed5n \u0111\u1ecbnh, gi\u00fap t\u0103ng \u0111\u1ed9 ch\u00ednh x\u00e1c c\u1ee7a c\u00e1c \u0111\u01b0\u1eddng c\u1eaft \u0111\u1ed3ng th\u1eddi b\u1ea3o v\u1ec7 th\u1ea5u k\u00ednh laser.<\/p>\n<h2>T\u1ea7m quan tr\u1ecdng c\u1ee7a vi\u1ec7c l\u1ef1a ch\u1ecdn m\u00e1y b\u01a1m kh\u00ed ph\u00f9 h\u1ee3p<\/h2>\n<p>\u0110\u1ed1i v\u1edbi c\u00e1c nh\u00e0 ph\u00e2n ph\u1ed1i, vi\u1ec7c l\u1ef1a ch\u1ecdn \u0111\u00fang b\u01a1m kh\u00ed s\u1ebd mang l\u1ea1i nh\u1eefng l\u1ee3i \u00edch thi\u1ebft th\u1ef1c. M\u1ed9t b\u01a1m kh\u00ed h\u1ed7 tr\u1ee3 hi\u1ec7u su\u1ea5t cao s\u1ebd gi\u1ea3m thi\u1ec3u s\u1ed1 l\u01b0\u1ee3ng khi\u1ebfu n\u1ea1i c\u1ee7a kh\u00e1ch h\u00e0ng v\u1ec1 c\u00e1c v\u1ea5n \u0111\u1ec1 nh\u01b0 \u201cc\u1eaft kh\u00f4ng ho\u00e0n ch\u1ec9nh\u201d ho\u1eb7c \u201c\u1ed1ng k\u00ednh b\u1ecb h\u01b0 h\u1ecfng\u201d. \u0110i\u1ec1u n\u00e0y d\u1eabn \u0111\u1ebfn s\u1ef1 h\u00e0i l\u00f2ng v\u00e0 gi\u1eef ch\u00e2n kh\u00e1ch h\u00e0ng cao h\u01a1n, cu\u1ed1i c\u00f9ng th\u00fac \u0111\u1ea9y hi\u1ec7u qu\u1ea3 kinh doanh.<\/p>\n<h2>Ph\u00e2n t\u00edch \u0111i\u1ec3m y\u1ebfu: Chi ph\u00ed \u1ea9n c\u1ee7a m\u00e1y b\u01a1m h\u01a1i gi\u00e1 r\u1ebb<\/h2>\n<h3>Ch\u1ea5t l\u01b0\u1ee3ng c\u1eaft k\u00e9m<\/h3>\n<p>Vi\u1ec7c s\u1eed d\u1ee5ng b\u01a1m kh\u00ed ch\u1ea5t l\u01b0\u1ee3ng th\u1ea5p c\u00f3 th\u1ec3 d\u1eabn \u0111\u1ebfn lu\u1ed3ng kh\u00ed kh\u00f4ng \u1ed5n \u0111\u1ecbnh, g\u00e2y ra ch\u1ea5t l\u01b0\u1ee3ng c\u1eaft k\u00e9m. S\u1ef1 kh\u00f4ng \u1ed5n \u0111\u1ecbnh n\u00e0y c\u00f3 th\u1ec3 khi\u1ebfn c\u00e1c c\u1ea1nh v\u1eadt li\u1ec7u b\u1ecb ch\u00e1y ho\u1eb7c kh\u00e9t, \u1ea3nh h\u01b0\u1edfng x\u1ea5u \u0111\u1ebfn h\u00ecnh th\u1ee9c s\u1ea3n ph\u1ea9m c\u1ee7a ng\u01b0\u1eddi d\u00f9ng cu\u1ed1i. Ch\u1ea5t l\u01b0\u1ee3ng h\u00ecnh \u1ea3nh c\u1ee7a v\u1ebft c\u1eaft c\u00f3 th\u1ec3 t\u00e1c \u0111\u1ed9ng \u0111\u00e1ng k\u1ec3 \u0111\u1ebfn nh\u1eadn th\u1ee9c c\u1ee7a kh\u00e1ch h\u00e0ng v\u00e0 doanh s\u1ed1 b\u00e1n h\u00e0ng.<\/p>\n<h3>R\u1ee7i ro h\u01b0 h\u1ecfng thi\u1ebft b\u1ecb<\/h3>\n<p>C\u00e1c lo\u1ea1i b\u01a1m kh\u00ed k\u00e9m ch\u1ea5t l\u01b0\u1ee3ng, \u0111\u1eb7c bi\u1ec7t l\u00e0 lo\u1ea1i s\u1eed d\u1ee5ng d\u1ea7u, ti\u1ec1m \u1ea9n nguy c\u01a1 g\u00e2y \u00f4 nhi\u1ec5m \u0111\u00e1ng k\u1ec3. Ch\u00fang c\u00f3 th\u1ec3 ph\u00e1t ra s\u01b0\u01a1ng d\u1ea7u ho\u1eb7c h\u01a1i \u1ea9m l\u00e0m h\u1ecfng th\u1ea5u k\u00ednh laser, d\u1eabn \u0111\u1ebfn chi ph\u00ed s\u1eeda ch\u1eefa t\u1ed1n k\u00e9m v\u00e0 kh\u1ea3 n\u0103ng ph\u1ea3i tr\u1ea3 l\u1ea1i s\u1ea3n ph\u1ea9m. Thi\u1ec7t h\u1ea1i v\u1ec1 t\u00e0i ch\u00ednh do th\u1eddi gian ng\u1eebng ho\u1ea1t \u0111\u1ed9ng nh\u01b0 v\u1eady c\u00f3 th\u1ec3 t\u00edch l\u0169y nhanh ch\u00f3ng, do \u0111\u00f3 vi\u1ec7c \u0111\u1ea7u t\u01b0 v\u00e0o m\u1ed9t gi\u1ea3i ph\u00e1p ch\u1ea5t l\u01b0\u1ee3ng l\u00e0 v\u00f4 c\u00f9ng c\u1ea7n thi\u1ebft.<\/p>\n<h3>Ng\u0103n ch\u1eb7n ti\u1ebfng \u1ed3n<\/h3>\n<p>M\u00e1y n\u00e9n kh\u00ed truy\u1ec1n th\u1ed1ng n\u1ed5i ti\u1ebfng v\u1edbi \u0111\u1ed9 \u1ed3n cao, \u0111\u00e2y c\u00f3 th\u1ec3 l\u00e0 m\u1ed9t nh\u01b0\u1ee3c \u0111i\u1ec3m \u0111\u00e1ng k\u1ec3, \u0111\u1eb7c bi\u1ec7t \u0111\u1ed1i v\u1edbi ng\u01b0\u1eddi d\u00f9ng gia \u0111\u00ecnh v\u00e0 m\u00f4i tr\u01b0\u1eddng gi\u00e1o d\u1ee5c. Ti\u1ebfng \u1ed3n qu\u00e1 m\u1ee9c c\u00f3 th\u1ec3 h\u1ea1n ch\u1ebf kh\u1ea3 n\u0103ng s\u1eed d\u1ee5ng m\u00e1y c\u1eaft laser \u1edf khu d\u00e2n c\u01b0 v\u00e0 tr\u01b0\u1eddng h\u1ecdc, t\u1eeb \u0111\u00f3 thu h\u1eb9p th\u1ecb tr\u01b0\u1eddng b\u00e1n h\u00e0ng v\u00e0 ph\u1ea1m vi ti\u1ebfp c\u1eadn kh\u00e1ch h\u00e0ng c\u1ee7a b\u1ea1n.<\/p>\n<h2>Gi\u1ea3i ph\u00e1p c\u1ee7a ch\u00fang t\u00f4i<\/h2>\n<h3>Thi\u1ebft k\u1ebf kh\u00f4ng d\u1ea7u v\u00e0 kh\u00f4ng \u1ea9m<\/h3>\n<p>M\u00e1y b\u01a1m h\u1ed7 tr\u1ee3 kh\u00ed 100% c\u1ee7a ch\u00fang t\u00f4i c\u00f3 thi\u1ebft k\u1ebf kh\u00f4ng d\u1ea7u v\u00e0 kh\u00f4ng \u1ea9m, \u0111\u1ea3m b\u1ea3o b\u1ea3o v\u1ec7 ho\u00e0n to\u00e0n cho th\u1ea5u k\u00ednh laser. Ng\u01b0\u1eddi d\u00f9ng cu\u1ed1i c\u00f3 th\u1ec3 t\u1eadn h\u01b0\u1edfng tr\u1ea3i nghi\u1ec7m d\u1ec5 d\u00e0ng v\u1edbi y\u00eau c\u1ea7u b\u1ea3o tr\u00ec t\u1ed1i thi\u1ec3u, cho ph\u00e9p h\u1ecd t\u1eadp trung v\u00e0o c\u00e1c d\u1ef1 \u00e1n c\u1ee7a m\u00ecnh m\u00e0 kh\u00f4ng c\u1ea7n lo l\u1eafng v\u1ec1 vi\u1ec7c b\u1ea3o tr\u00ec th\u01b0\u1eddng xuy\u00ean.<\/p>\n<h3>C\u00f4ng ngh\u1ec7 si\u00eau y\u00ean t\u0129nh<\/h3>\n<p>\u0110\u01b0\u1ee3c thi\u1ebft k\u1ebf \u0111\u1eb7c bi\u1ec7t cho m\u00f4i tr\u01b0\u1eddng trong nh\u00e0 v\u00e0 x\u01b0\u1edfng gia \u0111\u00ecnh, m\u00e1y b\u01a1m kh\u00ed c\u1ee7a ch\u00fang t\u00f4i ho\u1ea1t \u0111\u1ed9ng v\u1edbi \u0111\u1ed9 \u1ed3n d\u01b0\u1edbi 60dB. Ho\u1ea1t \u0111\u1ed9ng si\u00eau \u00eam \u00e1i n\u00e0y gi\u00fap n\u00e2ng cao \u0111\u00e1ng k\u1ec3 tr\u1ea3i nghi\u1ec7m ng\u01b0\u1eddi d\u00f9ng, khi\u1ebfn n\u00f3 ph\u00f9 h\u1ee3p cho c\u00e1c d\u1ef1 \u00e1n DIY t\u1ea1i nh\u00e0 v\u00e0 c\u00e1c t\u00ecnh hu\u1ed1ng gi\u00e1o d\u1ee5c ch\u1ebf t\u1ea1o.<\/p>\n<h3>Hi\u1ec7u su\u1ea5t m\u1ea1nh m\u1ebd<\/h3>\n<p>V\u1edbi l\u01b0u l\u01b0\u1ee3ng kh\u00ed \u1ed5n \u0111\u1ecbnh v\u00e0 li\u00ean t\u1ee5c 30 l\u00edt\/ph\u00fat, b\u01a1m h\u1ed7 tr\u1ee3 kh\u00ed c\u1ee7a ch\u00fang t\u00f4i \u0111\u1ea3m b\u1ea3o c\u00e1c v\u1ebft c\u1eaft s\u1ea1ch s\u1ebd, kh\u00f4ng kh\u00f3i ngay c\u1ea3 khi l\u00e0m vi\u1ec7c v\u1edbi c\u00e1c v\u1eadt li\u1ec7u d\u00e0y nh\u01b0 g\u1ed7 v\u00e0 acrylic. Lu\u1ed3ng kh\u00ed \u1ed5n \u0111\u1ecbnh n\u00e0y r\u1ea5t quan tr\u1ecdng \u0111\u1ec3 \u0111\u1ea1t \u0111\u01b0\u1ee3c k\u1ebft qu\u1ea3 ch\u1ea5t l\u01b0\u1ee3ng cao, \u0111\u1eb7c bi\u1ec7t l\u00e0 trong c\u00e1c \u1ee9ng d\u1ee5ng \u0111\u00f2i h\u1ecfi kh\u1eaft khe.<\/p>\n<h2>Kh\u1ea3 n\u0103ng t\u01b0\u01a1ng th\u00edch r\u1ed9ng: Gi\u1ea3i ph\u00e1p tr\u1ecdn g\u00f3i gi\u00fap b\u1ea1n y\u00ean t\u00e2m qu\u1ea3n l\u00fd kho h\u00e0ng.<\/h2>\n<h3>\u1ee8ng d\u1ee5ng r\u1ed9ng r\u00e3i<\/h3>\n<p>M\u00e1y b\u01a1m h\u1ed7 tr\u1ee3 kh\u00ed c\u1ee7a ch\u00fang t\u00f4i \u0111\u01b0\u1ee3c thi\u1ebft k\u1ebf \u0111\u1ec3 ho\u00e0n to\u00e0n t\u01b0\u01a1ng th\u00edch v\u1edbi c\u00e1c m\u00e1y c\u1eaft laser 95% ph\u1ed5 bi\u1ebfn, bao g\u1ed3m xTool, Ortur, Atomstack v\u00e0 nhi\u1ec1u m\u1eabu m\u00e1y laser CO2 kh\u00e1c nhau. T\u00ednh linh ho\u1ea1t n\u00e0y c\u00f3 ngh\u0129a l\u00e0 b\u1ea1n c\u00f3 th\u1ec3 t\u1ef1 tin d\u1ef1 tr\u1eef m\u00e1y b\u01a1m c\u1ee7a ch\u00fang t\u00f4i, bi\u1ebft r\u1eb1ng n\u00f3 s\u1ebd \u0111\u00e1p \u1ee9ng \u0111\u01b0\u1ee3c nhu c\u1ea7u \u0111a d\u1ea1ng c\u1ee7a kh\u00e1ch h\u00e0ng.<\/p>\n<h3>L\u1ee3i \u00edch d\u00e0nh cho nh\u00e0 ph\u00e2n ph\u1ed1i<\/h3>\n<p>B\u1eb1ng c\u00e1ch cung c\u1ea5p m\u1ed9t m\u00e3 s\u1ea3n ph\u1ea9m duy nh\u1ea5t ph\u00f9 h\u1ee3p v\u1edbi nhi\u1ec1u lo\u1ea1i m\u00e1y, b\u1ea1n c\u00f3 th\u1ec3 gi\u1ea3m \u0111\u00e1ng k\u1ec3 \u00e1p l\u1ef1c t\u1ed3n kho v\u00e0 s\u1ef1 ph\u1ee9c t\u1ea1p trong qu\u1ea3n l\u00fd h\u00e0ng t\u1ed3n. S\u1ef1 \u0111\u01a1n gi\u1ea3n h\u00f3a n\u00e0y cho ph\u00e9p b\u1ea1n t\u1eadp trung v\u00e0o ph\u00e1t tri\u1ec3n kinh doanh m\u00e0 kh\u00f4ng c\u1ea7n ph\u1ea3i lo l\u1eafng v\u1ec1 vi\u1ec7c qu\u1ea3n l\u00fd m\u1ed9t d\u00f2ng s\u1ea3n ph\u1ea9m r\u1ed9ng l\u1edbn.<\/p>\n<h2>L\u1ee3i th\u1ebf c\u1ee7a chu\u1ed7i cung \u1ee9ng v\u00e0 quan h\u1ec7 \u0111\u1ed1i t\u00e1c<\/h2>\n<h3>\u0110i\u1ec3m m\u1ea1nh c\u1ee7a nh\u00e0 m\u00e1y: Ki\u1ec3m so\u00e1t ch\u1ea5t l\u01b0\u1ee3ng nghi\u00eam ng\u1eb7t<\/h3>\n<p>Ch\u00fang t\u00f4i tu\u00e2n th\u1ee7 quy tr\u00ecnh ki\u1ec3m so\u00e1t ch\u1ea5t l\u01b0\u1ee3ng nghi\u00eam ng\u1eb7t v\u1edbi t\u1ef7 l\u1ec7 l\u1ed7i c\u1ef1c th\u1ea5p, d\u01b0\u1edbi 11% s\u1ea3n ph\u1ea9m l\u1ed7i. Cam k\u1ebft v\u1ec1 ch\u1ea5t l\u01b0\u1ee3ng n\u00e0y kh\u00f4ng ch\u1ec9 b\u1ea3o v\u1ec7 uy t\u00edn c\u1ee7a b\u1ea1n m\u00e0 c\u00f2n gi\u00fap b\u1ea1n ti\u1ebft ki\u1ec7m chi ph\u00ed v\u1eadn chuy\u1ec3n li\u00ean quan \u0111\u1ebfn vi\u1ec7c tr\u1ea3 l\u1ea1i v\u00e0 \u0111\u1ed5i h\u00e0ng.<\/p>\n<h3>D\u1ecbch v\u1ee5 t\u00f9y ch\u1ec9nh (OEM\/ODM)<\/h3>\n<p>Ch\u00fang t\u00f4i cung c\u1ea5p c\u00e1c t\u00f9y ch\u1ecdn t\u00f9y ch\u1ec9nh, bao g\u1ed3m thi\u1ebft k\u1ebf logo th\u01b0\u01a1ng hi\u1ec7u, bao b\u00ec v\u00e0 th\u00f4ng s\u1ed1 k\u1ef9 thu\u1eadt ph\u00edch c\u1eafm cho nhi\u1ec1u qu\u1ed1c gia kh\u00e1c nhau. S\u1ef1 linh ho\u1ea1t n\u00e0y cho ph\u00e9p b\u1ea1n t\u1ea1o ra b\u1ea3n s\u1eafc th\u01b0\u01a1ng hi\u1ec7u \u0111\u1ed9c \u0111\u00e1o v\u00e0 \u0111\u00e1p \u1ee9ng hi\u1ec7u qu\u1ea3 c\u00e1c nhu c\u1ea7u c\u1ee5 th\u1ec3 c\u1ee7a th\u1ecb tr\u01b0\u1eddng.<\/p>\n<h3>H\u1ed7 tr\u1ee3 sau b\u00e1n h\u00e0ng<\/h3>\n<p>Ch\u00fang t\u00f4i t\u1ef1 h\u00e0o v\u1ec1 th\u1eddi gian ph\u1ea3n h\u1ed3i k\u1ef9 thu\u1eadt nhanh ch\u00f3ng v\u00e0 kh\u1ea3 n\u0103ng cung c\u1ea5p ph\u1ee5 t\u00f9ng thay th\u1ebf d\u1ed3i d\u00e0o. \u0110\u1ed9i ng\u0169 h\u1ed7 tr\u1ee3 t\u1eadn t\u00e2m c\u1ee7a ch\u00fang t\u00f4i lu\u00f4n s\u1eb5n s\u00e0ng tr\u1ee3 gi\u00fap, \u0111\u1ea3m b\u1ea3o ho\u1ea1t \u0111\u1ed9ng c\u1ee7a b\u1ea1n di\u1ec5n ra su\u00f4n s\u1ebb v\u00e0 hi\u1ec7u qu\u1ea3.<\/p>\n<p>\u0110\u1eebng \u0111\u1ec3 c\u00e1c linh ki\u1ec7n k\u00e9m ch\u1ea5t l\u01b0\u1ee3ng l\u00e0m \u1ea3nh h\u01b0\u1edfng \u0111\u1ebfn danh ti\u1ebfng c\u1ee7a m\u00e1y m\u00f3c cao c\u1ea5p c\u1ee7a b\u1ea1n. H\u00e3y ch\u1ecdn m\u1ed9t m\u00e1y b\u01a1m kh\u00ed c\u00f3 ch\u1ea5t l\u01b0\u1ee3ng t\u01b0\u01a1ng x\u1ee9ng v\u1edbi thi\u1ebft b\u1ecb c\u1ee7a b\u1ea1n, gi\u00fap n\u00e2ng cao c\u1ea3 hi\u1ec7u su\u1ea5t v\u00e0 s\u1ef1 h\u00e0i l\u00f2ng c\u1ee7a kh\u00e1ch h\u00e0ng.<\/p>\n<p>H\u00e3y li\u00ean h\u1ec7 v\u1edbi ch\u00fang t\u00f4i ngay h\u00f4m nay \u0111\u1ec3 y\u00eau c\u1ea7u m\u1eabu th\u1eed nghi\u1ec7m ho\u1eb7c nh\u1eadn b\u00e1o gi\u00e1 b\u00e1n bu\u00f4n B2B m\u1edbi nh\u1ea5t. \u0110\u1ea3m b\u1ea3o kh\u00e1ch h\u00e0ng c\u1ee7a b\u1ea1n \u0111\u01b0\u1ee3c tr\u1ea3i nghi\u1ec7m d\u1ecbch v\u1ee5 c\u1eaft t\u1ed1t nh\u1ea5t.<\/p>\n<p><a href=\"https:\/\/aircompressorforlasercutter.com\/vi\/lien-he-voi-chung-toi\/\">Li\u00ean h\u1ec7 ngay!<\/a><\/p>","protected":false},"excerpt":{"rendered":"<p>High Output Air Assist Pump 30L\/min: The Unsung Hero in Laser Cutting Introduction: The Unsung Hero Behind the Scenes In the realm of laser engraving and cutting, the spotlight often shines on the machines themselves, where buyers invest significant capital in high-end laser cutters. However, an essential component that frequently gets overlooked is the air [&hellip;]<\/p>","protected":false},"featured_media":456,"comment_status":"open","ping_status":"closed","template":"","meta":{"_et_pb_use_builder":"","_et_pb_old_content":"","_et_gb_content_width":""},"product_brand":[],"product_cat":[1093],"product_tag":[1095],"class_list":{"0":"post-475","1":"product","2":"type-product","3":"status-publish","4":"has-post-thumbnail","6":"product_cat-air-compressor-for-laser-cutter","7":"product_tag-air-compressor-for-laser-cutter-price","9":"first","10":"instock","11":"shipping-taxable","12":"product-type-simple"},"_links":{"self":[{"href":"https:\/\/aircompressorforlasercutter.com\/vi\/wp-json\/wp\/v2\/product\/475","targetHints":{"allow":["GET"]}}],"collection":[{"href":"https:\/\/aircompressorforlasercutter.com\/vi\/wp-json\/wp\/v2\/product"}],"about":[{"href":"https:\/\/aircompressorforlasercutter.com\/vi\/wp-json\/wp\/v2\/types\/product"}],"replies":[{"embeddable":true,"href":"https:\/\/aircompressorforlasercutter.com\/vi\/wp-json\/wp\/v2\/comments?post=475"}],"wp:featuredmedia":[{"embeddable":true,"href":"https:\/\/aircompressorforlasercutter.com\/vi\/wp-json\/wp\/v2\/media\/456"}],"wp:attachment":[{"href":"https:\/\/aircompressorforlasercutter.com\/vi\/wp-json\/wp\/v2\/media?parent=475"}],"wp:term":[{"taxonomy":"product_brand","embeddable":true,"href":"https:\/\/aircompressorforlasercutter.com\/vi\/wp-json\/wp\/v2\/product_brand?post=475"},{"taxonomy":"product_cat","embeddable":true,"href":"https:\/\/aircompressorforlasercutter.com\/vi\/wp-json\/wp\/v2\/product_cat?post=475"},{"taxonomy":"product_tag","embeddable":true,"href":"https:\/\/aircompressorforlasercutter.com\/vi\/wp-json\/wp\/v2\/product_tag?post=475"}],"curies":[{"name":"wp","href":"https:\/\/api.w.org\/{rel}","templated":true}]}}