{"id":476,"date":"2026-01-14T08:26:19","date_gmt":"2026-01-14T08:26:19","guid":{"rendered":"https:\/\/aircompressorforlasercutter.com\/product\/electromagnetic-air-pump-for-laser-engraving-machine\/"},"modified":"2026-01-14T08:32:52","modified_gmt":"2026-01-14T08:32:52","slug":"electromagnetic-air-pump-for-laser-engraving-machine","status":"publish","type":"product","link":"https:\/\/aircompressorforlasercutter.com\/vi\/san-pham\/bom-khi-dien-tu-cho-may-khac-laser\/","title":{"rendered":"B\u01a1m kh\u00ed \u0111i\u1ec7n t\u1eeb cho m\u00e1y kh\u1eafc laser"},"content":{"rendered":"<h1>B\u01a1m kh\u00ed \u0111i\u1ec7n t\u1eeb cho m\u00e1y kh\u1eafc laser<\/h1>\n<h2>Ng\u01b0\u1eddi h\u00f9ng th\u1ea7m l\u1eb7ng ph\u00eda sau h\u1eadu tr\u01b0\u1eddng<\/h2>\n<p>Trong b\u1ed1i c\u1ea3nh c\u1ea1nh tranh hi\u1ec7n nay, ng\u01b0\u1eddi mua th\u01b0\u1eddng \u0111\u1ea7u t\u01b0 m\u1ed9t l\u01b0\u1ee3ng v\u1ed1n \u0111\u00e1ng k\u1ec3 v\u00e0o m\u00e1y kh\u1eafc laser m\u00e0 b\u1ecf qua m\u1ed9t b\u1ed9 ph\u1eadn quan tr\u1ecdng: b\u01a1m kh\u00ed. S\u1ef1 thi\u1ebfu s\u00f3t n\u00e0y c\u00f3 th\u1ec3 \u1ea3nh h\u01b0\u1edfng \u0111\u00e1ng k\u1ec3 \u0111\u1ebfn hi\u1ec7u su\u1ea5t t\u1ed5ng th\u1ec3 v\u00e0 tu\u1ed5i th\u1ecd c\u1ee7a thi\u1ebft b\u1ecb. H\u00e3y c\u00f9ng t\u00ecm hi\u1ec3u t\u1ea1i sao h\u1ed7 tr\u1ee3 kh\u00ed n\u00e9n kh\u00f4ng ch\u1ec9 l\u00e0 m\u1ed9t ph\u1ee5 ki\u1ec7n m\u00e0 c\u00f2n l\u00e0 y\u1ebfu t\u1ed1 then ch\u1ed1t \u1ea3nh h\u01b0\u1edfng \u0111\u1ebfn c\u1ea3 ch\u1ea5t l\u01b0\u1ee3ng c\u1eaft v\u00e0 tu\u1ed5i th\u1ecd c\u1ee7a m\u00e1y.<\/p>\n<h2>Th\u1ef1c t\u1ebf th\u1ecb tr\u01b0\u1eddng: B\u1ecf qua m\u00e1y b\u01a1m kh\u00ed<\/h2>\n<p>M\u00f4i tr\u01b0\u1eddng th\u1ecb tr\u01b0\u1eddng hi\u1ec7n nay \u0111\u1eb7c tr\u01b0ng b\u1edfi nhu c\u1ea7u cao \u0111\u1ed1i v\u1edbi c\u00e1c m\u00e1y kh\u1eafc laser ti\u00ean ti\u1ebfn, th\u01b0\u1eddng c\u00f3 gi\u00e1 r\u1ea5t cao. Tuy nhi\u00ean, nhi\u1ec1u ng\u01b0\u1eddi mua l\u1ea1i b\u1ecf qua t\u1ea7m quan tr\u1ecdng c\u1ee7a vi\u1ec7c t\u00edch h\u1ee3p m\u1ed9t m\u00e1y b\u01a1m kh\u00ed ch\u1ea5t l\u01b0\u1ee3ng cao v\u00e0o h\u1ec7 th\u1ed1ng c\u1ee7a h\u1ecd. S\u1ef1 thi\u1ebfu ch\u00fa \u00fd n\u00e0y c\u00f3 th\u1ec3 d\u1eabn \u0111\u1ebfn nh\u1eefng b\u1ea5t hi\u1ec7u qu\u1ea3 \u1ea3nh h\u01b0\u1edfng tr\u1ef1c ti\u1ebfp \u0111\u1ebfn tr\u1ea3i nghi\u1ec7m c\u1ee7a ng\u01b0\u1eddi d\u00f9ng cu\u1ed1i.<\/p>\n<p>H\u1ed7 tr\u1ee3 kh\u00ed n\u00e9n l\u00e0 v\u00f4 c\u00f9ng quan tr\u1ecdng; n\u00f3 kh\u00f4ng ch\u1ec9 gi\u00fap t\u0103ng \u0111\u1ed9 ch\u00ednh x\u00e1c khi c\u1eaft m\u00e0 c\u00f2n g\u00f3p ph\u1ea7n \u0111\u00e1ng k\u1ec3 v\u00e0o \u0111\u1ed9 b\u1ec1n c\u1ee7a h\u1ec7 th\u1ed1ng laser. \u0110\u1ed1i v\u1edbi c\u00e1c \u0111\u1ea1i l\u00fd B2B, vi\u1ec7c l\u1ef1a ch\u1ecdn b\u01a1m kh\u00ed ph\u00f9 h\u1ee3p c\u00f3 th\u1ec3 gi\u00fap gi\u1ea3m thi\u1ec3u khi\u1ebfu n\u1ea1i c\u1ee7a kh\u00e1ch h\u00e0ng v\u1ec1 c\u00e1c v\u1ea5n \u0111\u1ec1 nh\u01b0 \"c\u1eaft kh\u00f4ng ho\u00e0n ch\u1ec9nh\" ho\u1eb7c \"th\u1ea5u k\u00ednh b\u1ecb h\u1ecfng\", t\u1eeb \u0111\u00f3 d\u1eabn \u0111\u1ebfn t\u1ef7 l\u1ec7 gi\u1eef ch\u00e2n kh\u00e1ch h\u00e0ng cao h\u01a1n.<\/p>\n<h2>Nh\u1eefng \u0111i\u1ec3m b\u1ea5t l\u1ee3i: Chi ph\u00ed \u1ea9n c\u1ee7a m\u00e1y b\u01a1m h\u01a1i gi\u00e1 r\u1ebb<\/h2>\n<h3>Ch\u1ea5t l\u01b0\u1ee3ng c\u1eaft k\u00e9m<\/h3>\n<p>\u0110\u1ea7u t\u01b0 v\u00e0o m\u1ed9t m\u00e1y b\u01a1m kh\u00ed gi\u00e1 r\u1ebb c\u00f3 th\u1ec3 g\u00e2y ra v\u00f4 s\u1ed1 v\u1ea5n \u0111\u1ec1, ch\u1ee7 y\u1ebfu l\u00e0 s\u1ef1 kh\u00f4ng \u1ed5n \u0111\u1ecbnh trong lu\u1ed3ng kh\u00ed. S\u1ef1 kh\u00f4ng \u1ed5n \u0111\u1ecbnh n\u00e0y c\u00f3 th\u1ec3 d\u1eabn \u0111\u1ebfn hi\u1ec7n t\u01b0\u1ee3ng ch\u00e1y c\u1ea1nh v\u1eadt li\u1ec7u, gi\u1ea3m hi\u1ec7u qu\u1ea3 c\u1eaft v\u00e0 s\u1ea3n ph\u1ea9m cu\u1ed1i c\u00f9ng k\u00e9m h\u1ea5p d\u1eabn h\u01a1n \u0111\u1ed1i v\u1edbi ng\u01b0\u1eddi d\u00f9ng. Trong m\u1ed9t th\u1ecb tr\u01b0\u1eddng m\u00e0 ch\u1ea5t l\u01b0\u1ee3ng th\u1ea9m m\u1ef9 \u1ea3nh h\u01b0\u1edfng tr\u1ef1c ti\u1ebfp \u0111\u1ebfn doanh s\u1ed1 b\u00e1n h\u00e0ng, nh\u1eefng nh\u01b0\u1ee3c \u0111i\u1ec3m n\u00e0y c\u00f3 th\u1ec3 g\u00e2y thi\u1ec7t h\u1ea1i nghi\u00eam tr\u1ecdng.<\/p>\n<h3>Nguy c\u01a1 h\u01b0 h\u1ecfng thi\u1ebft b\u1ecb<\/h3>\n<p>Vi\u1ec7c s\u1eed d\u1ee5ng c\u00e1c lo\u1ea1i b\u01a1m kh\u00ed k\u00e9m ch\u1ea5t l\u01b0\u1ee3ng, \u0111\u1eb7c bi\u1ec7t l\u00e0 nh\u1eefng lo\u1ea1i c\u00f3 ch\u1ee9a d\u1ea7u, ti\u1ec1m \u1ea9n nhi\u1ec1u r\u1ee7i ro. Nh\u1eefng lo\u1ea1i b\u01a1m n\u00e0y c\u00f3 th\u1ec3 ph\u00e1t ra s\u01b0\u01a1ng d\u1ea7u ho\u1eb7c h\u01a1i \u1ea9m, l\u00e0m \u00f4 nhi\u1ec5m h\u1ec7 th\u1ed1ng quang h\u1ecdc laser. S\u1ef1 \u00f4 nhi\u1ec5m n\u00e0y c\u00f3 th\u1ec3 d\u1eabn \u0111\u1ebfn chi ph\u00ed s\u1eeda ch\u1eefa t\u1ed1n k\u00e9m v\u00e0 l\u00e0m t\u0103ng t\u1ef7 l\u1ec7 s\u1ea3n ph\u1ea9m b\u1ecb tr\u1ea3 l\u1ea1i, cu\u1ed1i c\u00f9ng \u1ea3nh h\u01b0\u1edfng \u0111\u1ebfn l\u1ee3i nhu\u1eadn c\u1ee7a b\u1ea1n.<\/p>\n<h3>Ng\u0103n ch\u1eb7n ti\u1ebfng \u1ed3n<\/h3>\n<p>M\u00e1y n\u00e9n kh\u00ed truy\u1ec1n th\u1ed1ng th\u01b0\u1eddng g\u00e2y ti\u1ebfng \u1ed3n, t\u1ea1o ra m\u00f4i tr\u01b0\u1eddng kh\u00f4ng ph\u00f9 h\u1ee3p cho ng\u01b0\u1eddi d\u00f9ng gia \u0111\u00ecnh ho\u1eb7c c\u00e1c kh\u00f4ng gian ch\u1ebf t\u1ea1o trong gi\u00e1o d\u1ee5c. M\u1ee9c \u0111\u1ed9 ti\u1ebfng \u1ed3n cao c\u00f3 th\u1ec3 khi\u1ebfn kh\u00e1ch h\u00e0ng ti\u1ec1m n\u0103ng e ng\u1ea1i, h\u1ea1n ch\u1ebf ph\u1ea1m vi ti\u1ebfp c\u1eadn th\u1ecb tr\u01b0\u1eddng v\u00e0 gi\u1ea3m thi\u1ec3u c\u01a1 h\u1ed9i b\u00e1n h\u00e0ng.<\/p>\n<h2>Gi\u1ea3i ph\u00e1p c\u1ee7a ch\u00fang t\u00f4i: \u0110\u1ecbnh ngh\u0129a l\u1ea1i d\u1ecbch v\u1ee5 h\u1ed7 tr\u1ee3 h\u00e0ng kh\u00f4ng \u201cchuy\u00ean nghi\u1ec7p\u201d.<\/h2>\n<h3>Thi\u1ebft k\u1ebf kh\u00f4ng d\u1ea7u v\u00e0 kh\u00f4ng n\u01b0\u1edbc<\/h3>\n<p>M\u00e1y b\u01a1m kh\u00ed \u0111i\u1ec7n t\u1eeb 100% c\u1ee7a ch\u00fang t\u00f4i \u0111\u1ea3m b\u1ea3o b\u1ea3o v\u1ec7 th\u1ea5u k\u00ednh laser nh\u1edd thi\u1ebft k\u1ebf kh\u00f4ng d\u1ea7u v\u00e0 kh\u00f4ng n\u01b0\u1edbc. T\u00ednh n\u0103ng n\u00e0y \u0111\u1ea3m b\u1ea3o ng\u01b0\u1eddi d\u00f9ng cu\u1ed1i kh\u00f4ng ph\u1ea3i lo l\u1eafng v\u1ec1 vi\u1ec7c b\u1ea3o tr\u00ec, mang l\u1ea1i tr\u1ea3i nghi\u1ec7m d\u1ec5 d\u00e0ng v\u00e0 n\u00e2ng cao s\u1ef1 h\u00e0i l\u00f2ng c\u1ee7a ng\u01b0\u1eddi d\u00f9ng.<\/p>\n<h3>C\u00f4ng ngh\u1ec7 si\u00eau y\u00ean t\u0129nh<\/h3>\n<p>\u0110\u01b0\u1ee3c thi\u1ebft k\u1ebf \u0111\u1eb7c bi\u1ec7t cho m\u00f4i tr\u01b0\u1eddng trong nh\u00e0, m\u00e1y b\u01a1m kh\u00ed c\u1ee7a ch\u00fang t\u00f4i s\u1eed d\u1ee5ng c\u00f4ng ngh\u1ec7 \u00e2m thanh ti\u00ean ti\u1ebfn \u0111\u1ec3 duy tr\u00ec m\u1ee9c \u0111\u1ed9 ti\u1ebfng \u1ed3n d\u01b0\u1edbi 60 dB. Ho\u1ea1t \u0111\u1ed9ng si\u00eau \u00eam \u00e1i n\u00e0y c\u1ea3i thi\u1ec7n \u0111\u00e1ng k\u1ec3 tr\u1ea3i nghi\u1ec7m ng\u01b0\u1eddi d\u00f9ng, l\u00fd t\u01b0\u1edfng cho c\u00e1c ph\u00f2ng thu t\u1ea1i nh\u00e0 ho\u1eb7c m\u00f4i tr\u01b0\u1eddng gi\u00e1o d\u1ee5c.<\/p>\n<h3>Hi\u1ec7u su\u1ea5t m\u1ea1nh m\u1ebd<\/h3>\n<p>M\u00e1y b\u01a1m kh\u00ed c\u1ee7a ch\u00fang t\u00f4i cung c\u1ea5p l\u01b0u l\u01b0\u1ee3ng kh\u00ed li\u00ean t\u1ee5c 30 l\u00edt\/ph\u00fat, \u0111\u1ea3m b\u1ea3o lu\u1ed3ng kh\u00ed \u1ed5n \u0111\u1ecbnh. Hi\u1ec7u su\u1ea5t n\u00e0y r\u1ea5t quan tr\u1ecdng khi c\u1eaft c\u00e1c v\u1eadt li\u1ec7u d\u00e0y nh\u01b0 g\u1ed7 ho\u1eb7c acrylic, gi\u00fap t\u1ea1o ra c\u00e1c v\u1ebft c\u1eaft s\u1ea1ch v\u00e0 l\u01b0\u1ee3ng kh\u00f3i th\u1ea3i t\u1ed1i thi\u1ec3u. Ng\u01b0\u1eddi d\u00f9ng c\u00f3 th\u1ec3 mong \u0111\u1ee3i k\u1ebft qu\u1ea3 ho\u00e0n h\u1ea3o, n\u00e2ng cao ch\u1ea5t l\u01b0\u1ee3ng s\u1ea3n ph\u1ea9m c\u1ee7a m\u00ecnh.<\/p>\n<h2>Kh\u1ea3 n\u0103ng t\u01b0\u01a1ng th\u00edch: Gi\u1ea3i ph\u00e1p gh\u00e9p n\u1ed1i tr\u1ecdn g\u00f3i<\/h2>\n<h3>Kh\u1ea3 n\u0103ng t\u01b0\u01a1ng th\u00edch r\u1ed9ng<\/h3>\n<p>M\u00e1y b\u01a1m kh\u00ed n\u00e0y \u0111\u01b0\u1ee3c thi\u1ebft k\u1ebf \u0111\u1ec3 t\u00edch h\u1ee3p li\u1ec1n m\u1ea1ch v\u1edbi c\u00e1c m\u1eabu m\u00e1y kh\u1eafc laser th\u00f4ng d\u1ee5ng 95%, bao g\u1ed3m xTool, Ortur, Atomstack v\u00e0 nhi\u1ec1u m\u00e1y laser CO2 kh\u00e1c nhau. T\u00ednh linh ho\u1ea1t n\u00e0y v\u00f4 c\u00f9ng qu\u00fd gi\u00e1 \u0111\u1ed1i v\u1edbi c\u00e1c \u0111\u1ea1i l\u00fd B2B, v\u00ec n\u00f3 cho ph\u00e9p qu\u1ea3n l\u00fd kho h\u00e0ng hi\u1ec7u qu\u1ea3 h\u01a1n.<\/p>\n<h3>L\u1ee3i \u00edch d\u00e0nh cho nh\u00e0 ph\u00e2n ph\u1ed1i<\/h3>\n<p>V\u1edbi m\u1ed9t m\u00e3 s\u1ea3n ph\u1ea9m (SKU) t\u01b0\u01a1ng th\u00edch v\u1edbi nhi\u1ec1u m\u00e1y m\u00f3c, c\u00e1c nh\u00e0 ph\u00e2n ph\u1ed1i c\u00f3 th\u1ec3 gi\u1ea3m \u0111\u00e1ng k\u1ec3 \u00e1p l\u1ef1c t\u1ed3n kho v\u00e0 \u0111\u01a1n gi\u1ea3n h\u00f3a quy tr\u00ecnh b\u1ed5 sung h\u00e0ng. Gi\u1ea3i ph\u00e1p n\u00e0y kh\u00f4ng ch\u1ec9 n\u00e2ng cao hi\u1ec7u qu\u1ea3 ho\u1ea1t \u0111\u1ed9ng m\u00e0 c\u00f2n gi\u1ea3m b\u1edbt s\u1ef1 ph\u1ee9c t\u1ea1p trong vi\u1ec7c th\u1ef1c hi\u1ec7n \u0111\u01a1n h\u00e0ng.<\/p>\n<h2>L\u1ee3i th\u1ebf c\u1ee7a chu\u1ed7i cung \u1ee9ng v\u00e0 quan h\u1ec7 \u0111\u1ed1i t\u00e1c<\/h2>\n<h3>S\u1ee9c m\u1ea1nh c\u1ee7a nh\u00e0 m\u00e1y<\/h3>\n<p>Quy tr\u00ecnh ki\u1ec3m so\u00e1t ch\u1ea5t l\u01b0\u1ee3ng nghi\u00eam ng\u1eb7t c\u1ee7a ch\u00fang t\u00f4i \u0111\u1ea3m b\u1ea3o t\u1ef7 l\u1ec7 l\u1ed7i c\u1ef1c th\u1ea5p, d\u01b0\u1edbi 11%\/3 s\u1ea3n ph\u1ea9m. \u0110\u1ed9 tin c\u1eady n\u00e0y gi\u00fap gi\u1ea3m chi ph\u00ed h\u1eadu c\u1ea7n li\u00ean quan \u0111\u1ebfn vi\u1ec7c tr\u1ea3 l\u1ea1i v\u00e0 \u0111\u1ed5i h\u00e0ng, mang \u0111\u1ebfn gi\u1ea3i ph\u00e1p ti\u1ebft ki\u1ec7m chi ph\u00ed cho doanh nghi\u1ec7p c\u1ee7a b\u1ea1n.<\/p>\n<h3>D\u1ecbch v\u1ee5 t\u00f9y ch\u1ec9nh (OEM\/ODM)<\/h3>\n<p>Ch\u00fang t\u00f4i cung c\u1ea5p c\u00e1c gi\u1ea3i ph\u00e1p t\u00f9y ch\u1ec9nh bao g\u1ed3m thi\u1ebft k\u1ebf logo th\u01b0\u01a1ng hi\u1ec7u, thi\u1ebft k\u1ebf bao b\u00ec v\u00e0 th\u00f4ng s\u1ed1 k\u1ef9 thu\u1eadt ph\u00edch c\u1eafm \u0111\u1ec3 \u0111\u00e1p \u1ee9ng nhu c\u1ea7u c\u1ee7a c\u00e1c th\u1ecb tr\u01b0\u1eddng kh\u00e1c nhau. S\u1ef1 linh ho\u1ea1t n\u00e0y cho ph\u00e9p b\u1ea1n d\u1ec5 d\u00e0ng x\u00e2y d\u1ef1ng b\u1ea3n s\u1eafc th\u01b0\u01a1ng hi\u1ec7u ri\u00eang c\u1ee7a m\u00ecnh.<\/p>\n<h3>H\u1ed7 tr\u1ee3 sau b\u00e1n h\u00e0ng<\/h3>\n<p>Cam k\u1ebft c\u1ee7a ch\u00fang t\u00f4i \u0111\u1ed1i v\u1edbi s\u1ef1 h\u00e0i l\u00f2ng c\u1ee7a kh\u00e1ch h\u00e0ng bao g\u1ed3m th\u1eddi gian ph\u1ea3n h\u1ed3i k\u1ef9 thu\u1eadt nhanh ch\u00f3ng v\u00e0 kh\u1ea3 n\u0103ng cung c\u1ea5p ph\u1ee5 t\u00f9ng thay th\u1ebf hi\u1ec7u qu\u1ea3. Khung h\u1ed7 tr\u1ee3 n\u00e0y \u0111\u1ea3m b\u1ea3o b\u1ea1n c\u00f3 th\u1ec3 duy tr\u00ec ho\u1ea1t \u0111\u1ed9ng li\u00ean t\u1ee5c v\u00e0 l\u00e0m h\u00e0i l\u00f2ng kh\u00e1ch h\u00e0ng c\u1ee7a m\u00ecnh.<\/p>\n<h2>K\u1ebft lu\u1eadn v\u00e0 l\u1eddi k\u00eau g\u1ecdi h\u00e0nh \u0111\u1ed9ng<\/h2>\n<p>\u0110\u1eebng \u0111\u1ec3 c\u00e1c linh ki\u1ec7n k\u00e9m ch\u1ea5t l\u01b0\u1ee3ng l\u00e0m \u1ea3nh h\u01b0\u1edfng \u0111\u1ebfn danh ti\u1ebfng c\u1ee7a nh\u1eefng thi\u1ebft b\u1ecb cao c\u1ea5p c\u1ee7a b\u1ea1n. H\u00e3y \u0111\u1ea7u t\u01b0 v\u00e0o m\u1ed9t m\u00e1y b\u01a1m kh\u00ed c\u00f3 ch\u1ea5t l\u01b0\u1ee3ng t\u01b0\u01a1ng x\u1ee9ng v\u1edbi thi\u1ebft b\u1ecb c\u1ee7a b\u1ea1n v\u00e0 n\u00e2ng cao tr\u1ea3i nghi\u1ec7m t\u1ed5ng th\u1ec3 c\u1ee7a ng\u01b0\u1eddi d\u00f9ng.<\/p>\n<p>H\u00e3y li\u00ean h\u1ec7 v\u1edbi ch\u00fang t\u00f4i ngay h\u00f4m nay \u0111\u1ec3 d\u00f9ng th\u1eed s\u1ea3n ph\u1ea9m ho\u1eb7c nh\u1eadn b\u00e1o gi\u00e1 b\u00e1n bu\u00f4n B2B m\u1edbi nh\u1ea5t. H\u00e3y n\u00e2ng t\u1ea7m s\u1ea3n ph\u1ea9m c\u1ee7a b\u1ea1n v\u1edbi m\u1ed9t s\u1ea3n ph\u1ea9m th\u1ef1c s\u1ef1 \u0111\u00e1p \u1ee9ng \u0111\u01b0\u1ee3c m\u1ecdi l\u1eddi h\u1ee9a.<\/p>\n<p>\u0110\u1ec3 bi\u1ebft th\u00eam th\u00f4ng tin chi ti\u1ebft, vui l\u00f2ng truy c\u1eadp <a href=\"https:\/\/aircompressorforlasercutter.com\/vi\/lien-he-voi-chung-toi\/\">Trang Li\u00ean h\u1ec7 Ever-power<\/a>.<\/p>","protected":false},"excerpt":{"rendered":"<p>Electromagnetic Air Pump for Laser Engraving Machine The Unsung Hero Behind the Scenes In today&#8217;s competitive landscape, it is common for buyers to invest significant capital into laser engraving machines while neglecting one critical component: the air pump. This oversight can have substantial implications on the overall performance and longevity of the equipment. Let&#8217;s explore [&hellip;]<\/p>","protected":false},"featured_media":456,"comment_status":"open","ping_status":"closed","template":"","meta":{"_et_pb_use_builder":"","_et_pb_old_content":"","_et_gb_content_width":""},"product_brand":[],"product_cat":[1093],"product_tag":[1096],"class_list":{"0":"post-476","1":"product","2":"type-product","3":"status-publish","4":"has-post-thumbnail","6":"product_cat-air-compressor-for-laser-cutter","7":"product_tag-air-compressor-for-laser-cutter-cost","9":"first","10":"instock","11":"shipping-taxable","12":"product-type-simple"},"_links":{"self":[{"href":"https:\/\/aircompressorforlasercutter.com\/vi\/wp-json\/wp\/v2\/product\/476","targetHints":{"allow":["GET"]}}],"collection":[{"href":"https:\/\/aircompressorforlasercutter.com\/vi\/wp-json\/wp\/v2\/product"}],"about":[{"href":"https:\/\/aircompressorforlasercutter.com\/vi\/wp-json\/wp\/v2\/types\/product"}],"replies":[{"embeddable":true,"href":"https:\/\/aircompressorforlasercutter.com\/vi\/wp-json\/wp\/v2\/comments?post=476"}],"wp:featuredmedia":[{"embeddable":true,"href":"https:\/\/aircompressorforlasercutter.com\/vi\/wp-json\/wp\/v2\/media\/456"}],"wp:attachment":[{"href":"https:\/\/aircompressorforlasercutter.com\/vi\/wp-json\/wp\/v2\/media?parent=476"}],"wp:term":[{"taxonomy":"product_brand","embeddable":true,"href":"https:\/\/aircompressorforlasercutter.com\/vi\/wp-json\/wp\/v2\/product_brand?post=476"},{"taxonomy":"product_cat","embeddable":true,"href":"https:\/\/aircompressorforlasercutter.com\/vi\/wp-json\/wp\/v2\/product_cat?post=476"},{"taxonomy":"product_tag","embeddable":true,"href":"https:\/\/aircompressorforlasercutter.com\/vi\/wp-json\/wp\/v2\/product_tag?post=476"}],"curies":[{"name":"wp","href":"https:\/\/api.w.org\/{rel}","templated":true}]}}