{"id":477,"date":"2026-01-14T08:26:19","date_gmt":"2026-01-14T08:26:19","guid":{"rendered":"https:\/\/aircompressorforlasercutter.com\/product\/air-compressor-to-prevent-charring-on-wood-laser-cut\/"},"modified":"2026-01-14T08:32:43","modified_gmt":"2026-01-14T08:32:43","slug":"air-compressor-to-prevent-charring-on-wood-laser-cut","status":"publish","type":"product","link":"https:\/\/aircompressorforlasercutter.com\/vi\/san-pham\/may-nen-khi-de-ngan-ngua-hien-tuong-chay-xem-tren-go-cat-bang-laser\/","title":{"rendered":"M\u00e1y n\u00e9n kh\u00ed \u0111\u1ec3 ng\u0103n ng\u1eeba hi\u1ec7n t\u01b0\u1ee3ng ch\u00e1y x\u00e9m tr\u00ean g\u1ed7 c\u1eaft b\u1eb1ng laser"},"content":{"rendered":"<h1>M\u00e1y n\u00e9n kh\u00ed gi\u00fap ng\u0103n ng\u1eeba hi\u1ec7n t\u01b0\u1ee3ng ch\u00e1y x\u00e9m tr\u00ean g\u1ed7 c\u1eaft b\u1eb1ng laser: Ng\u01b0\u1eddi h\u00f9ng th\u1ea7m l\u1eb7ng<\/h1>\n<h2>1. B\u1ed1i c\u1ea3nh: Th\u00e0nh ph\u1ea7n b\u1ecb b\u1ecf qua<\/h2>\n<p>Trong b\u1ed1i c\u1ea3nh c\u1ea1nh tranh kh\u1ed1c li\u1ec7t c\u1ee7a ng\u00e0nh kh\u1eafc v\u00e0 c\u1eaft laser, nhi\u1ec1u ng\u01b0\u1eddi mua \u0111\u1ea7u t\u01b0 m\u1ea1nh v\u00e0o c\u00e1c m\u00e1y laser cao c\u1ea5p, th\u01b0\u1eddng b\u1ecf qua ph\u1ee5 ki\u1ec7n quan tr\u1ecdng c\u00f3 th\u1ec3 \u1ea3nh h\u01b0\u1edfng \u0111\u00e1ng k\u1ec3 \u0111\u1ebfn hi\u1ec7u su\u1ea5t c\u1eaft: m\u00e1y n\u00e9n kh\u00ed. M\u1eb7c d\u00f9 \u0111\u1ed9 ch\u00ednh x\u00e1c c\u1ee7a m\u00e1y c\u1eaft laser \u0111\u01b0\u1ee3c qu\u1ea3ng c\u00e1o l\u00e0 \u0111i\u1ec3m b\u00e1n h\u00e0ng ch\u00ednh, nh\u01b0ng hi\u1ec7u qu\u1ea3 c\u1ee7a qu\u00e1 tr\u00ecnh c\u1eaft l\u1ea1i li\u00ean quan m\u1eadt thi\u1ebft \u0111\u1ebfn ch\u1ea5t l\u01b0\u1ee3ng ngu\u1ed3n cung c\u1ea5p kh\u00ed. B\u00e0i vi\u1ebft n\u00e0y nh\u1eb1m nh\u1ea5n m\u1ea1nh r\u1eb1ng h\u1ed7 tr\u1ee3 kh\u00ed n\u00e9n kh\u00f4ng ch\u1ec9 \u0111\u01a1n thu\u1ea7n l\u00e0 m\u1ed9t ph\u1ee5 ki\u1ec7n; n\u00f3 l\u00e0 m\u1ed9t y\u1ebfu t\u1ed1 quan tr\u1ecdng \u1ea3nh h\u01b0\u1edfng tr\u1ef1c ti\u1ebfp \u0111\u1ebfn c\u1ea3 ch\u1ea5t l\u01b0\u1ee3ng c\u1eaft v\u00e0 tu\u1ed5i th\u1ecd c\u1ee7a m\u00e1y.<\/p>\n<h2>Quan \u0111i\u1ec3m c\u1ed1t l\u00f5i: Vai tr\u00f2 c\u1ee7a h\u1ec7 th\u1ed1ng h\u1ed7 tr\u1ee3 kh\u00f4ng kh\u00ed trong ch\u1ea5t l\u01b0\u1ee3ng v\u00e0 tu\u1ed5i th\u1ecd<\/h2>\n<p>\u0110\u1ed1i v\u1edbi c\u00e1c nh\u00e0 ph\u00e2n ph\u1ed1i v\u00e0 nh\u00e0 s\u1ea3n xu\u1ea5t, vi\u1ec7c l\u1ef1a ch\u1ecdn m\u00e1y n\u00e9n kh\u00ed ch\u1ea5t l\u01b0\u1ee3ng cao \u0111\u1ed3ng ngh\u0129a v\u1edbi vi\u1ec7c gi\u1ea3m thi\u1ec3u s\u1ef1 kh\u00f4ng h\u00e0i l\u00f2ng c\u1ee7a kh\u00e1ch h\u00e0ng do c\u00e1c v\u1ea5n \u0111\u1ec1 nh\u01b0 \"c\u1eaft kh\u00f4ng \u0111\u1ea1t y\u00eau c\u1ea7u\" ho\u1eb7c \"l\u00e0m h\u1ecfng th\u1ea5u k\u00ednh\". B\u1eb1ng c\u00e1ch \u0111\u1ea3m b\u1ea3o ng\u01b0\u1eddi d\u00f9ng cu\u1ed1i nh\u1eadn \u0111\u01b0\u1ee3c k\u1ebft qu\u1ea3 c\u1eaft t\u1ed1i \u01b0u, c\u00e1c nh\u00e0 cung c\u1ea5p c\u00f3 th\u1ec3 \u0111\u1ea1t \u0111\u01b0\u1ee3c t\u1ef7 l\u1ec7 gi\u1eef ch\u00e2n kh\u00e1ch h\u00e0ng cao h\u01a1n v\u00e0 th\u00fac \u0111\u1ea9y c\u00e1c m\u1ed1i quan h\u1ec7 \u0111\u1ed1i t\u00e1c l\u00e2u d\u00e0i. M\u1ed9t m\u00e1y n\u00e9n kh\u00ed hi\u1ec7u qu\u1ea3 c\u00f3 th\u1ec3 t\u0103ng n\u0103ng su\u1ea5t, n\u00e2ng cao tr\u1ea3i nghi\u1ec7m ng\u01b0\u1eddi d\u00f9ng v\u00e0 cu\u1ed1i c\u00f9ng l\u00e0 th\u00fac \u0111\u1ea9y doanh s\u1ed1 b\u00e1n h\u00e0ng.<\/p>\n<h2>2. Ph\u00e2n t\u00edch \u0111i\u1ec3m kh\u00f3 kh\u0103n: Chi ph\u00ed \u1ea9n c\u1ee7a m\u00e1y n\u00e9n kh\u00ed gi\u00e1 r\u1ebb<\/h2>\n<h3>Ch\u1ea5t l\u01b0\u1ee3ng c\u1eaft k\u00e9m<\/h3>\n<p>\u0110\u1ea7u t\u01b0 v\u00e0o m\u00e1y n\u00e9n kh\u00ed gi\u00e1 r\u1ebb c\u00f3 th\u1ec3 d\u1eabn \u0111\u1ebfn lu\u1ed3ng kh\u00ed kh\u00f4ng \u1ed5n \u0111\u1ecbnh, g\u00e2y ra hi\u1ec7n t\u01b0\u1ee3ng ch\u00e1y c\u1ea1nh v\u1eadt li\u1ec7u v\u00e0 gi\u1ea3m hi\u1ec7u qu\u1ea3 c\u1eaft. \u0110i\u1ec1u n\u00e0y kh\u00f4ng ch\u1ec9 \u1ea3nh h\u01b0\u1edfng \u0111\u1ebfn t\u00ednh th\u1ea9m m\u1ef9 c\u1ee7a s\u1ea3n ph\u1ea9m cu\u1ed1i c\u00f9ng m\u00e0 c\u00f2n c\u00f3 th\u1ec3 d\u1eabn \u0111\u1ebfn l\u00e3ng ph\u00ed v\u1eadt li\u1ec7u. \u0110\u1ed1i v\u1edbi c\u00e1c doanh nghi\u1ec7p, duy tr\u00ec ti\u00eau chu\u1ea9n ch\u1ea5t l\u01b0\u1ee3ng cao l\u00e0 \u0111i\u1ec1u thi\u1ebft y\u1ebfu, v\u00ec k\u1ebft qu\u1ea3 k\u00e9m ch\u1ea5t l\u01b0\u1ee3ng c\u00f3 th\u1ec3 l\u00e0m t\u1ed5n h\u1ea1i danh ti\u1ebfng v\u00e0 d\u1eabn \u0111\u1ebfn gi\u1ea3m l\u00f2ng trung th\u00e0nh c\u1ee7a kh\u00e1ch h\u00e0ng.<\/p>\n<h3>Nguy c\u01a1 h\u01b0 h\u1ecfng thi\u1ebft b\u1ecb<\/h3>\n<p>Vi\u1ec7c s\u1eed d\u1ee5ng m\u00e1y n\u00e9n kh\u00ed k\u00e9m ch\u1ea5t l\u01b0\u1ee3ng, \u0111\u1eb7c bi\u1ec7t l\u00e0 lo\u1ea1i c\u00f3 ch\u1ee9a d\u1ea7u, c\u00f3 th\u1ec3 t\u1ea1o ra h\u01a1i s\u01b0\u01a1ng l\u00e0m \u00f4 nhi\u1ec5m c\u00e1c th\u1ea5u k\u00ednh laser. S\u1ef1 \u00f4 nhi\u1ec5m n\u00e0y c\u00f3 th\u1ec3 d\u1eabn \u0111\u1ebfn chi ph\u00ed s\u1eeda ch\u1eefa t\u1ed1n k\u00e9m v\u00e0 gia t\u0103ng khi\u1ebfu n\u1ea1i c\u1ee7a kh\u00e1ch h\u00e0ng. B\u1ea3o v\u1ec7 t\u00ednh to\u00e0n v\u1eb9n c\u1ee7a thi\u1ebft b\u1ecb laser \u0111\u1eaft ti\u1ec1n l\u00e0 t\u1ed1i quan tr\u1ecdng; do \u0111\u00f3, \u0111\u1ea7u t\u01b0 v\u00e0o m\u1ed9t m\u00e1y n\u00e9n kh\u00ed \u0111\u00e1ng tin c\u1eady l\u00e0 m\u1ed9t quy\u1ebft \u0111\u1ecbnh chi\u1ebfn l\u01b0\u1ee3c gi\u00fap b\u1ea3o v\u1ec7 t\u00e0i s\u1ea3n v\u00e0 gi\u1ea3m thi\u1ec3u s\u1ef1 gi\u00e1n \u0111o\u1ea1n ho\u1ea1t \u0111\u1ed9ng.<\/p>\n<h3>\u00d4 nhi\u1ec5m ti\u1ebfng \u1ed3n<\/h3>\n<p>M\u00e1y n\u00e9n kh\u00ed truy\u1ec1n th\u1ed1ng th\u01b0\u1eddng t\u1ea1o ra ti\u1ebfng \u1ed3n qu\u00e1 m\u1ee9c, khi\u1ebfn ch\u00fang kh\u00f4ng ph\u00f9 h\u1ee3p v\u1edbi ng\u01b0\u1eddi d\u00f9ng gia \u0111\u00ecnh v\u00e0 m\u00f4i tr\u01b0\u1eddng gi\u00e1o d\u1ee5c. Ti\u1ebfng \u1ed3n khi ho\u1ea1t \u0111\u1ed9ng c\u00f3 th\u1ec3 l\u00e0m n\u1ea3n l\u00f2ng kh\u00e1ch h\u00e0ng ti\u1ec1m n\u0103ng trong c\u00e1c kh\u00f4ng gian t\u1ef1 ch\u1ebf v\u00e0 s\u00e1ng t\u1ea1o. B\u1eb1ng c\u00e1ch l\u1ef1a ch\u1ecdn m\u1ed9t m\u1eabu m\u00e1y \u00eam h\u01a1n, c\u00e1c doanh nghi\u1ec7p c\u00f3 th\u1ec3 m\u1edf r\u1ed9ng ph\u1ea1m vi th\u1ecb tr\u01b0\u1eddng v\u00e0 thu h\u00fat nhi\u1ec1u \u0111\u1ed1i t\u01b0\u1ee3ng h\u01a1n, bao g\u1ed3m c\u1ea3 ch\u1ee7 nh\u00e0 v\u00e0 c\u00e1c t\u1ed5 ch\u1ee9c gi\u00e1o d\u1ee5c.<\/p>\n<h2>3. Gi\u1ea3i ph\u00e1p c\u1ee7a ch\u00fang t\u00f4i: \u0110\u1ecbnh ngh\u0129a l\u1ea1i d\u1ecbch v\u1ee5 h\u1ed7 tr\u1ee3 h\u00e0ng kh\u00f4ng chuy\u00ean nghi\u1ec7p<\/h2>\n<h3>Thi\u1ebft k\u1ebf kh\u00f4ng d\u1ea7u v\u00e0 kh\u00f4ng n\u01b0\u1edbc<\/h3>\n<p>M\u00e1y n\u00e9n kh\u00ed c\u1ee7a ch\u00fang t\u00f4i c\u00f3 thi\u1ebft k\u1ebf kh\u00f4ng d\u1ea7u v\u00e0 kh\u00f4ng n\u01b0\u1edbc 100%, \u0111\u1ea3m b\u1ea3o quang h\u1ecdc laser lu\u00f4n s\u1ea1ch s\u1ebd. Thi\u1ebft k\u1ebf n\u00e0y kh\u00f4ng ch\u1ec9 \u0111\u1ea3m b\u1ea3o c\u00e1c \u0111\u01b0\u1eddng c\u1eaft s\u1ea1ch h\u01a1n m\u00e0 c\u00f2n gi\u1ea3m b\u1edbt g\u00e1nh n\u1eb7ng b\u1ea3o tr\u00ec cho ng\u01b0\u1eddi d\u00f9ng cu\u1ed1i. Kh\u00f4ng c\u1ea7n b\u1ea3o d\u01b0\u1ee1ng th\u01b0\u1eddng xuy\u00ean, kh\u00e1ch h\u00e0ng c\u00f3 th\u1ec3 t\u1eadp trung v\u00e0o c\u00e1c d\u1ef1 \u00e1n c\u1ee7a m\u00ecnh m\u00e0 kh\u00f4ng ph\u1ea3i lo l\u1eafng v\u1ec1 vi\u1ec7c b\u1ea3o tr\u00ec thi\u1ebft b\u1ecb.<\/p>\n<h3>C\u00f4ng ngh\u1ec7 si\u00eau y\u00ean t\u0129nh<\/h3>\n<p>\u0110\u01b0\u1ee3c thi\u1ebft k\u1ebf \u0111\u1eb7c bi\u1ec7t cho c\u00e1c \u1ee9ng d\u1ee5ng trong nh\u00e0 v\u00e0 ph\u00f2ng thu t\u1ea1i gia, m\u00e1y n\u00e9n kh\u00ed c\u1ee7a ch\u00fang t\u00f4i ho\u1ea1t \u0111\u1ed9ng v\u1edbi \u0111\u1ed9 \u1ed3n c\u1ef1c th\u1ea5p (&lt;60dB). Hi\u1ec7u su\u1ea5t si\u00eau y\u00ean t\u0129nh n\u00e0y gi\u00fap n\u00e2ng cao \u0111\u00e1ng k\u1ec3 tr\u1ea3i nghi\u1ec7m ng\u01b0\u1eddi d\u00f9ng b\u1eb1ng c\u00e1ch cung c\u1ea5p m\u1ed9t m\u00f4i tr\u01b0\u1eddng l\u00e0m vi\u1ec7c y\u00ean t\u0129nh. Ng\u01b0\u1eddi d\u00f9ng c\u00f3 th\u1ec3 t\u1eadp trung v\u00e0o c\u00e1c d\u1ef1 \u00e1n c\u1ee7a m\u00ecnh m\u00e0 kh\u00f4ng b\u1ecb ti\u1ebfng \u1ed3n l\u00e0m phi\u1ec1n, th\u00fac \u0111\u1ea9y s\u1ef1 s\u00e1ng t\u1ea1o v\u00e0 n\u0103ng su\u1ea5t.<\/p>\n<h3>Hi\u1ec7u su\u1ea5t m\u1ea1nh m\u1ebd<\/h3>\n<p>V\u1edbi c\u00f4ng su\u1ea5t \u1ed5n \u0111\u1ecbnh 30 l\u00edt\/ph\u00fat, m\u00e1y n\u00e9n kh\u00ed c\u1ee7a ch\u00fang t\u00f4i cung c\u1ea5p lu\u1ed3ng kh\u00ed m\u1ea1nh m\u1ebd, \u0111\u1ea3m b\u1ea3o c\u00e1c v\u1ebft c\u1eaft s\u1ea1ch tr\u00ean g\u1ed7 d\u00e0y v\u00e0 v\u1eadt li\u1ec7u acrylic. Hi\u1ec7u su\u1ea5t \u0111\u00e1ng tin c\u1eady n\u00e0y c\u00f3 ngh\u0129a l\u00e0 ng\u01b0\u1eddi d\u00f9ng c\u00f3 th\u1ec3 mong \u0111\u1ee3i k\u1ebft qu\u1ea3 ho\u00e0n h\u1ea3o m\u00e0 kh\u00f4ng g\u1eb7p ph\u1ea3i s\u1ef1 kh\u00f3 ch\u1ecbu do kh\u00f3i ho\u1eb7c c\u1eb7n b\u1ea9n \u1ea3nh h\u01b0\u1edfng \u0111\u1ebfn c\u00f4ng vi\u1ec7c. B\u1eb1ng c\u00e1ch duy tr\u00ec \u0111i\u1ec1u ki\u1ec7n c\u1eaft s\u1ea1ch, c\u00e1c doanh nghi\u1ec7p c\u00f3 th\u1ec3 n\u00e2ng cao hi\u1ec7u qu\u1ea3 ho\u1ea1t \u0111\u1ed9ng v\u00e0 ch\u1ea5t l\u01b0\u1ee3ng s\u1ea3n ph\u1ea9m.<\/p>\n<h2>4. Kh\u1ea3 n\u0103ng t\u01b0\u01a1ng th\u00edch r\u1ed9ng r\u00e3i: Gi\u1ea3i ph\u00e1p tr\u1ecdn g\u00f3i<\/h2>\n<h3>\u1ee8ng d\u1ee5ng r\u1ed9ng r\u00e3i<\/h3>\n<p>M\u00e1y n\u00e9n kh\u00ed c\u1ee7a ch\u00fang t\u00f4i \u0111\u01b0\u1ee3c thi\u1ebft k\u1ebf \u0111\u1ec3 t\u00edch h\u1ee3p li\u1ec1n m\u1ea1ch v\u1edbi c\u00e1c m\u1eabu m\u00e1y c\u1eaft laser ph\u1ed5 bi\u1ebfn tr\u00ean th\u1ecb tr\u01b0\u1eddng (m\u00e3 s\u1ea3n ph\u1ea9m 95%), bao g\u1ed3m xTool, Ortur, Atomstack v\u00e0 nhi\u1ec1u m\u00e1y laser CO2 kh\u00e1c. Kh\u1ea3 n\u0103ng t\u01b0\u01a1ng th\u00edch v\u01b0\u1ee3t tr\u1ed9i n\u00e0y cho ph\u00e9p c\u00e1c nh\u00e0 ph\u00e2n ph\u1ed1i t\u1ed1i \u01b0u h\u00f3a kho h\u00e0ng v\u00e0 cung c\u1ea5p gi\u1ea3i ph\u00e1p linh ho\u1ea1t cho kh\u00e1ch h\u00e0ng c\u1ee7a h\u1ecd.<\/p>\n<h3>L\u1ee3i \u00edch d\u00e0nh cho nh\u00e0 ph\u00e2n ph\u1ed1i<\/h3>\n<p>Chi\u1ebfn l\u01b0\u1ee3c \u201cm\u1ed9t m\u00e3 s\u1ea3n ph\u1ea9m ph\u00f9 h\u1ee3p v\u1edbi nhi\u1ec1u m\u00e1y m\u00f3c\u201d gi\u00fap gi\u1ea3m \u0111\u00e1ng k\u1ec3 \u00e1p l\u1ef1c t\u1ed3n kho v\u00e0 s\u1ef1 ph\u1ee9c t\u1ea1p trong vi\u1ec7c d\u1ef1 tr\u1eef h\u00e0ng h\u00f3a cho c\u00e1c nh\u00e0 ph\u00e2n ph\u1ed1i. B\u1eb1ng c\u00e1ch \u0111\u01a1n gi\u1ea3n h\u00f3a c\u00e1c s\u1ea3n ph\u1ea9m cung c\u1ea5p, doanh nghi\u1ec7p c\u00f3 th\u1ec3 n\u00e2ng cao hi\u1ec7u qu\u1ea3 ho\u1ea1t \u0111\u1ed9ng v\u00e0 t\u1eadp trung v\u00e0o vi\u1ec7c cung c\u1ea5p d\u1ecbch v\u1ee5 xu\u1ea5t s\u1eafc cho kh\u00e1ch h\u00e0ng.<\/p>\n<h2>5. L\u1ee3i th\u1ebf c\u1ee7a chu\u1ed7i cung \u1ee9ng v\u00e0 quan h\u1ec7 \u0111\u1ed1i t\u00e1c<\/h2>\n<h3>S\u1ee9c m\u1ea1nh c\u1ee7a nh\u00e0 m\u00e1y<\/h3>\n<p>Quy tr\u00ecnh ki\u1ec3m so\u00e1t ch\u1ea5t l\u01b0\u1ee3ng nghi\u00eam ng\u1eb7t c\u1ee7a ch\u00fang t\u00f4i \u0111\u1ea3m b\u1ea3o t\u1ef7 l\u1ec7 l\u1ed7i c\u1ef1c th\u1ea5p (&lt;1%), gi\u00fap gi\u1ea3m chi ph\u00ed h\u1eadu c\u1ea7n li\u00ean quan \u0111\u1ebfn vi\u1ec7c tr\u1ea3 l\u1ea1i v\u00e0 \u0111\u1ed5i h\u00e0ng. B\u1eb1ng c\u00e1ch l\u1ef1a ch\u1ecdn m\u00e1y n\u00e9n kh\u00ed c\u1ee7a ch\u00fang t\u00f4i, c\u00e1c nh\u00e0 ph\u00e2n ph\u1ed1i \u0111ang \u0111\u1ea7u t\u01b0 v\u00e0o thi\u1ebft b\u1ecb \u0111\u00e1ng tin c\u1eady v\u00e0 b\u1ec1n b\u1ec9, \u0111\u00e1p \u1ee9ng c\u00e1c ti\u00eau chu\u1ea9n cao.<\/p>\n<h3>D\u1ecbch v\u1ee5 t\u00f9y ch\u1ec9nh (OEM\/ODM)<\/h3>\n<p>Ch\u00fang t\u00f4i cung c\u1ea5p c\u00e1c t\u00f9y ch\u1ecdn t\u00f9y ch\u1ec9nh to\u00e0n di\u1ec7n, bao g\u1ed3m vi\u1ec7c in logo c\u1ee7a b\u1ea1n, thi\u1ebft k\u1ebf bao b\u00ec ri\u00eang v\u00e0 nhi\u1ec1u th\u00f4ng s\u1ed1 k\u1ef9 thu\u1eadt ph\u00edch c\u1eafm kh\u00e1c nhau cho c\u00e1c th\u1ecb tr\u01b0\u1eddng kh\u00e1c nhau. S\u1ef1 linh ho\u1ea1t n\u00e0y cho ph\u00e9p b\u1ea1n x\u00e2y d\u1ef1ng v\u00e0 qu\u1ea3ng b\u00e1 nh\u1eadn di\u1ec7n th\u01b0\u01a1ng hi\u1ec7u c\u1ee7a ri\u00eang m\u00ecnh m\u1ed9t c\u00e1ch hi\u1ec7u qu\u1ea3.<\/p>\n<h3>H\u1ed7 tr\u1ee3 sau b\u00e1n h\u00e0ng<\/h3>\n<p>Cam k\u1ebft c\u1ee7a ch\u00fang t\u00f4i v\u1ec1 s\u1ef1 h\u00e0i l\u00f2ng c\u1ee7a kh\u00e1ch h\u00e0ng kh\u00f4ng ch\u1ec9 d\u1eebng l\u1ea1i \u1edf vi\u1ec7c b\u00e1n h\u00e0ng. Ch\u00fang t\u00f4i cung c\u1ea5p ph\u1ea3n h\u1ed3i k\u1ef9 thu\u1eadt nhanh ch\u00f3ng v\u00e0 ngu\u1ed3n cung c\u1ea5p ph\u1ee5 t\u00f9ng thay th\u1ebf \u0111\u00e1ng tin c\u1eady, \u0111\u1ea3m b\u1ea3o b\u1ea1n c\u00f3 th\u1ec3 duy tr\u00ec s\u1ef1 h\u00e0i l\u00f2ng c\u1ee7a kh\u00e1ch h\u00e0ng v\u00e0 ho\u1ea1t \u0111\u1ed9ng kinh doanh. M\u1ee9c \u0111\u1ed9 h\u1ed7 tr\u1ee3 n\u00e0y r\u1ea5t quan tr\u1ecdng trong vi\u1ec7c thi\u1ebft l\u1eadp m\u1ed1i quan h\u1ec7 l\u00e2u d\u00e0i v\u00e0 t\u0103ng c\u01b0\u1eddng l\u00f2ng trung th\u00e0nh v\u1edbi th\u01b0\u01a1ng hi\u1ec7u.<\/p>\n<h2>6. K\u1ebft lu\u1eadn v\u00e0 L\u1eddi k\u00eau g\u1ecdi h\u00e0nh \u0111\u1ed9ng (CTA)<\/h2>\n<p>T\u00f3m l\u1ea1i, \u0111\u1eebng \u0111\u1ec3 c\u00e1c ph\u1ee5 ki\u1ec7n k\u00e9m ch\u1ea5t l\u01b0\u1ee3ng l\u00e0m \u1ea3nh h\u01b0\u1edfng \u0111\u1ebfn danh ti\u1ebfng c\u1ee7a m\u00e1y c\u1eaft laser cao c\u1ea5p c\u1ee7a b\u1ea1n. Vi\u1ec7c l\u1ef1a ch\u1ecdn m\u00e1y n\u00e9n kh\u00ed ph\u00f9 h\u1ee3p v\u1edbi ch\u1ea5t l\u01b0\u1ee3ng thi\u1ebft b\u1ecb l\u00e0 m\u1ed9t quy\u1ebft \u0111\u1ecbnh quan tr\u1ecdng c\u00f3 th\u1ec3 n\u00e2ng cao hi\u1ec7u su\u1ea5t c\u1eaft, gi\u1ea3m thi\u1ec3u c\u00e1c v\u1ea5n \u0111\u1ec1 b\u1ea3o tr\u00ec v\u00e0 t\u0103ng s\u1ef1 h\u00e0i l\u00f2ng c\u1ee7a kh\u00e1ch h\u00e0ng. H\u00e3y h\u00e0nh \u0111\u1ed9ng ngay b\u1eb1ng c\u00e1ch li\u00ean h\u1ec7 v\u1edbi ch\u00fang t\u00f4i \u0111\u1ec3 \u0111\u01b0\u1ee3c d\u00f9ng th\u1eed m\u1eabu ho\u1eb7c y\u00eau c\u1ea7u b\u00e1o gi\u00e1 b\u00e1n bu\u00f4n B2B m\u1edbi nh\u1ea5t.<\/p>\n<p><a href=\"https:\/\/aircompressorforlasercutter.com\/vi\/lien-he-voi-chung-toi\/\">Li\u00ean h\u1ec7 v\u1edbi ch\u00fang t\u00f4i ngay h\u00f4m nay<\/a> N\u00e2ng cao gi\u1ea3i ph\u00e1p c\u1eaft g\u1ecdt c\u1ee7a b\u1ea1n v\u00e0 \u0111\u1ea3m b\u1ea3o cung c\u1ea5p nh\u1eefng s\u1ea3n ph\u1ea9m t\u1ed1t nh\u1ea5t cho kh\u00e1ch h\u00e0ng.<\/p>","protected":false},"excerpt":{"rendered":"<p>Air Compressor to Prevent Charring on Wood Laser Cut: The Unsung Hero 1. Background: The Overlooked Component In the competitive landscape of laser engraving and cutting, many buyers invest heavily in high-end laser machines, often neglecting the crucial accessory that can significantly impact their cutting performance: the air compressor. While the laser cutter??s precision is [&hellip;]<\/p>","protected":false},"featured_media":456,"comment_status":"open","ping_status":"closed","template":"","meta":{"_et_pb_use_builder":"","_et_pb_old_content":"","_et_gb_content_width":""},"product_brand":[],"product_cat":[1093],"product_tag":[1094],"class_list":{"0":"post-477","1":"product","2":"type-product","3":"status-publish","4":"has-post-thumbnail","6":"product_cat-air-compressor-for-laser-cutter","7":"product_tag-air-compressor-for-laser-cutter","9":"first","10":"instock","11":"shipping-taxable","12":"product-type-simple"},"_links":{"self":[{"href":"https:\/\/aircompressorforlasercutter.com\/vi\/wp-json\/wp\/v2\/product\/477","targetHints":{"allow":["GET"]}}],"collection":[{"href":"https:\/\/aircompressorforlasercutter.com\/vi\/wp-json\/wp\/v2\/product"}],"about":[{"href":"https:\/\/aircompressorforlasercutter.com\/vi\/wp-json\/wp\/v2\/types\/product"}],"replies":[{"embeddable":true,"href":"https:\/\/aircompressorforlasercutter.com\/vi\/wp-json\/wp\/v2\/comments?post=477"}],"wp:featuredmedia":[{"embeddable":true,"href":"https:\/\/aircompressorforlasercutter.com\/vi\/wp-json\/wp\/v2\/media\/456"}],"wp:attachment":[{"href":"https:\/\/aircompressorforlasercutter.com\/vi\/wp-json\/wp\/v2\/media?parent=477"}],"wp:term":[{"taxonomy":"product_brand","embeddable":true,"href":"https:\/\/aircompressorforlasercutter.com\/vi\/wp-json\/wp\/v2\/product_brand?post=477"},{"taxonomy":"product_cat","embeddable":true,"href":"https:\/\/aircompressorforlasercutter.com\/vi\/wp-json\/wp\/v2\/product_cat?post=477"},{"taxonomy":"product_tag","embeddable":true,"href":"https:\/\/aircompressorforlasercutter.com\/vi\/wp-json\/wp\/v2\/product_tag?post=477"}],"curies":[{"name":"wp","href":"https:\/\/api.w.org\/{rel}","templated":true}]}}