{"id":478,"date":"2026-01-14T08:26:19","date_gmt":"2026-01-14T08:26:19","guid":{"rendered":"https:\/\/aircompressorforlasercutter.com\/product\/air-compressor-for-cleaner-laser-engraving-edges\/"},"modified":"2026-01-14T08:36:17","modified_gmt":"2026-01-14T08:36:17","slug":"air-compressor-for-cleaner-laser-engraving-edges","status":"publish","type":"product","link":"https:\/\/aircompressorforlasercutter.com\/vi\/san-pham\/may-nen-khi-giup-lam-sach-cac-canh-khac-laser\/","title":{"rendered":"M\u00e1y n\u00e9n kh\u00ed gi\u00fap l\u00e0m s\u1ea1ch c\u00e1c c\u1ea1nh kh\u1eafc laser."},"content":{"rendered":"<h1>M\u00e1y n\u00e9n kh\u00ed gi\u00fap l\u00e0m s\u1ea1ch c\u00e1c c\u1ea1nh kh\u1eafc laser.<\/h1>\n<h2>Ng\u01b0\u1eddi h\u00f9ng th\u1ea7m l\u1eb7ng ph\u00eda sau h\u1eadu tr\u01b0\u1eddng<\/h2>\n<p>Trong th\u1ebf gi\u1edbi kh\u1eafc laser \u0111ang ph\u00e1t tri\u1ec3n nhanh ch\u00f3ng, m\u1ed9t y\u1ebfu t\u1ed1 quan tr\u1ecdng th\u01b0\u1eddng b\u1ecb b\u1ecf qua \u2013 \u0111\u00f3 l\u00e0 m\u00e1y n\u00e9n kh\u00ed. H\u1ea7u h\u1ebft ng\u01b0\u1eddi mua \u0111\u1ea7u t\u01b0 \u0111\u00e1ng k\u1ec3 v\u00e0o c\u00e1c m\u00e1y kh\u1eafc laser cao c\u1ea5p, nh\u01b0ng h\u1ecd th\u01b0\u1eddng xem nh\u1eb9 t\u1ea7m quan tr\u1ecdng c\u1ee7a m\u1ed9t m\u00e1y b\u01a1m kh\u00ed \u0111\u00e1ng tin c\u1eady. S\u1ef1 thi\u1ebfu s\u00f3t n\u00e0y c\u00f3 th\u1ec3 l\u00e0m gi\u1ea3m ch\u1ea5t l\u01b0\u1ee3ng c\u00f4ng vi\u1ec7c c\u1ee7a h\u1ecd, cu\u1ed1i c\u00f9ng \u1ea3nh h\u01b0\u1edfng \u0111\u1ebfn uy t\u00edn v\u00e0 n\u0103ng su\u1ea5t.<\/p>\n<h2>B\u1ed1i c\u1ea3nh: T\u00ecnh h\u00ecnh th\u1ecb tr\u01b0\u1eddng hi\u1ec7n t\u1ea1i<\/h2>\n<p>Th\u1ecb tr\u01b0\u1eddng hi\u1ec7n nay tr\u00e0n ng\u1eadp c\u00e1c lo\u1ea1i m\u00e1y kh\u1eafc laser, m\u1ed7i lo\u1ea1i \u0111\u1ec1u h\u1ee9a h\u1eb9n \u0111\u1ed9 ch\u00ednh x\u00e1c v\u00e0 hi\u1ec7u qu\u1ea3 v\u01b0\u1ee3t tr\u1ed9i. Tuy nhi\u00ean, nhi\u1ec1u ng\u01b0\u1eddi d\u00f9ng kh\u00f4ng nh\u1eadn ra r\u1eb1ng h\u1ed7 tr\u1ee3 kh\u00ed n\u00e9n kh\u00f4ng ch\u1ec9 l\u00e0 m\u1ed9t ph\u1ee5 ki\u1ec7n; n\u00f3 l\u00e0 m\u1ed9t th\u00e0nh ph\u1ea7n c\u01a1 b\u1ea3n \u1ea3nh h\u01b0\u1edfng tr\u1ef1c ti\u1ebfp \u0111\u1ebfn ch\u1ea5t l\u01b0\u1ee3ng c\u1eaft v\u00e0 tu\u1ed5i th\u1ecd c\u1ee7a m\u00e1y. M\u00e1y n\u00e9n kh\u00ed ph\u00f9 h\u1ee3p c\u00f3 th\u1ec3 t\u1ea1o ra s\u1ef1 kh\u00e1c bi\u1ec7t \u0111\u00e1ng k\u1ec3 trong k\u1ebft qu\u1ea3 cu\u1ed1i c\u00f9ng.<\/p>\n<h2>Th\u00f4ng tin c\u1ed1t l\u00f5i<\/h2>\n<p>\u0110\u1ed1i v\u1edbi c\u00e1c nh\u00e0 ph\u00e2n ph\u1ed1i, vi\u1ec7c l\u1ef1a ch\u1ecdn m\u00e1y b\u01a1m kh\u00ed ch\u1ea5t l\u01b0\u1ee3ng cao \u0111\u1ed3ng ngh\u0129a v\u1edbi vi\u1ec7c gi\u1ea3m thi\u1ec3u khi\u1ebfu n\u1ea1i t\u1eeb kh\u00e1ch h\u00e0ng v\u1ec1 c\u00e1c v\u1ea5n \u0111\u1ec1 nh\u01b0 c\u1eaft kh\u00f4ng ho\u00e0n ch\u1ec9nh ho\u1eb7c h\u01b0 h\u1ecfng th\u1ea5u k\u00ednh. S\u1ef1 c\u1ea3i ti\u1ebfn n\u00e0y kh\u00f4ng ch\u1ec9 n\u00e2ng cao s\u1ef1 h\u00e0i l\u00f2ng c\u1ee7a kh\u00e1ch h\u00e0ng m\u00e0 c\u00f2n d\u1eabn \u0111\u1ebfn t\u1ef7 l\u1ec7 gi\u1eef ch\u00e2n kh\u00e1ch h\u00e0ng cao h\u01a1n. B\u1eb1ng c\u00e1ch hi\u1ec3u \u0111\u01b0\u1ee3c vai tr\u00f2 quan tr\u1ecdng c\u1ee7a m\u00e1y n\u00e9n kh\u00ed, c\u00e1c nh\u00e0 ph\u00e2n ph\u1ed1i c\u00f3 th\u1ec3 cung c\u1ea5p cho kh\u00e1ch h\u00e0ng c\u1ee7a m\u00ecnh m\u1ed9t gi\u1ea3i ph\u00e1p m\u1ea1nh m\u1ebd h\u01a1n, \u0111\u00e1p \u1ee9ng nhu c\u1ea7u ho\u1ea1t \u0111\u1ed9ng c\u1ee7a h\u1ecd.<\/p>\n<p><img loading=\"lazy\" decoding=\"async\" class=\"wp-image-455 size-full aligncenter\" src=\"https:\/\/aircompressorforlasercutter.com\/wp-content\/uploads\/2026\/01\/Air-Compressor-For-Laser-Cutter2.webp\" alt=\"M\u00e1y n\u00e9n kh\u00ed cho m\u00e1y c\u1eaft laser\" width=\"800\" height=\"800\" srcset=\"https:\/\/aircompressorforlasercutter.com\/wp-content\/uploads\/2026\/01\/Air-Compressor-For-Laser-Cutter2.webp 800w, https:\/\/aircompressorforlasercutter.com\/wp-content\/uploads\/2026\/01\/Air-Compressor-For-Laser-Cutter2-480x480.webp 480w\" sizes=\"auto, (min-width: 0px) and (max-width: 480px) 480px, (min-width: 481px) 800px, 100vw\" \/><\/p>\n<h2>Ph\u00e2n t\u00edch \u0111i\u1ec3m y\u1ebfu: Chi ph\u00ed \u1ea9n c\u1ee7a m\u00e1y b\u01a1m h\u01a1i gi\u00e1 r\u1ebb<\/h2>\n<h3>Ch\u1ea5t l\u01b0\u1ee3ng c\u1eaft k\u00e9m<\/h3>\n<p>\u0110\u1ea7u t\u01b0 v\u00e0o m\u00e1y b\u01a1m kh\u00ed gi\u00e1 r\u1ebb th\u01b0\u1eddng d\u1eabn \u0111\u1ebfn lu\u1ed3ng kh\u00ed kh\u00f4ng \u1ed5n \u0111\u1ecbnh, khi\u1ebfn c\u00e1c c\u1ea1nh v\u1eadt li\u1ec7u b\u1ecb ch\u00e1y ho\u1eb7c kh\u00e9t. S\u1ef1 kh\u00f4ng \u0111\u1ed3ng nh\u1ea5t n\u00e0y \u1ea3nh h\u01b0\u1edfng x\u1ea5u \u0111\u1ebfn h\u00ecnh th\u1ee9c c\u1ee7a s\u1ea3n ph\u1ea9m ho\u00e0n thi\u1ec7n, d\u1eabn \u0111\u1ebfn gi\u1ea3m s\u1ef1 h\u00e0i l\u00f2ng c\u1ee7a kh\u00e1ch h\u00e0ng v\u00e0 c\u00f3 th\u1ec3 g\u00e2y m\u1ea5t kh\u00e1ch h\u00e0ng.<\/p>\n<h3>Nguy c\u01a1 h\u01b0 h\u1ecfng thi\u1ebft b\u1ecb<\/h3>\n<p>C\u00e1c lo\u1ea1i b\u01a1m kh\u00ed k\u00e9m ch\u1ea5t l\u01b0\u1ee3ng, \u0111\u1eb7c bi\u1ec7t l\u00e0 lo\u1ea1i c\u00f3 ch\u1ee9a d\u1ea7u, c\u00f3 th\u1ec3 t\u1ea1o ra h\u01a1i d\u1ea7u ho\u1eb7c h\u01a1i \u1ea9m l\u00e0m \u00f4 nhi\u1ec5m th\u1ea5u k\u00ednh laser. \u0110i\u1ec1u n\u00e0y kh\u00f4ng ch\u1ec9 l\u00e0m t\u0103ng chi ph\u00ed b\u1ea3o tr\u00ec m\u00e0 c\u00f2n c\u00f3 th\u1ec3 d\u1eabn \u0111\u1ebfn s\u1eeda ch\u1eefa ho\u1eb7c tr\u1ea3 l\u1ea1i s\u1ea3n ph\u1ea9m t\u1ed1n k\u00e9m, t\u1ea1o ra g\u00e1nh n\u1eb7ng \u0111\u00e1ng k\u1ec3 cho ng\u00e2n s\u00e1ch ho\u1ea1t \u0111\u1ed9ng.<\/p>\n<h3>Ho\u1ea1t \u0111\u1ed9ng \u1ed3n \u00e0o<\/h3>\n<p>M\u00e1y n\u00e9n kh\u00ed truy\u1ec1n th\u1ed1ng n\u1ed5i ti\u1ebfng v\u1edbi \u0111\u1ed9 \u1ed3n qu\u00e1 cao, \u0111i\u1ec1u n\u00e0y c\u00f3 th\u1ec3 khi\u1ebfn ng\u01b0\u1eddi d\u00f9ng gia \u0111\u00ecnh v\u00e0 c\u00e1c kh\u00f4ng gian ch\u1ebf t\u1ea1o trong gi\u00e1o d\u1ee5c ng\u1ea7n ng\u1ea1i s\u1eed d\u1ee5ng c\u00f4ng ngh\u1ec7 kh\u1eafc laser. H\u1ea1n ch\u1ebf n\u00e0y thu h\u1eb9p l\u01b0\u1ee3ng kh\u00e1ch h\u00e0ng ti\u1ec1m n\u0103ng v\u00e0 h\u1ea1n ch\u1ebf c\u01a1 h\u1ed9i t\u0103ng tr\u01b0\u1edfng th\u1ecb tr\u01b0\u1eddng.<\/p>\n<h2>Gi\u1ea3i ph\u00e1p c\u1ee7a ch\u00fang t\u00f4i: \u0110\u1ecbnh ngh\u0129a l\u1ea1i d\u1ecbch v\u1ee5 h\u1ed7 tr\u1ee3 h\u00e0ng kh\u00f4ng chuy\u00ean nghi\u1ec7p<\/h2>\n<h3>Thi\u1ebft k\u1ebf kh\u00f4ng d\u1ea7u v\u00e0 kh\u00f4ng n\u01b0\u1edbc<\/h3>\n<p>M\u00e1y n\u00e9n kh\u00ed c\u1ee7a ch\u00fang t\u00f4i c\u00f3 thi\u1ebft k\u1ebf kh\u00f4ng d\u1ea7u v\u00e0 kh\u00f4ng n\u01b0\u1edbc ti\u00ean ti\u1ebfn, \u0111\u1ea3m b\u1ea3o b\u1ea3o v\u1ec7 th\u1ea5u k\u00ednh laser theo ti\u00eau chu\u1ea9n 100%. \u0110i\u1ec1u n\u00e0y c\u00f3 ngh\u0129a l\u00e0 ng\u01b0\u1eddi d\u00f9ng c\u00f3 th\u1ec3 t\u1eadp trung v\u00e0o d\u1ef1 \u00e1n c\u1ee7a m\u00ecnh m\u00e0 kh\u00f4ng c\u1ea7n lo l\u1eafng v\u1ec1 b\u1ea3o tr\u00ec, d\u1eabn \u0111\u1ebfn quy tr\u00ecnh l\u00e0m vi\u1ec7c hi\u1ec7u qu\u1ea3 h\u01a1n.<\/p>\n<h3>C\u00f4ng ngh\u1ec7 si\u00eau y\u00ean t\u0129nh<\/h3>\n<p>\u0110\u01b0\u1ee3c thi\u1ebft k\u1ebf \u0111\u1eb7c bi\u1ec7t cho ph\u00f2ng thu trong nh\u00e0 v\u00e0 t\u1ea1i gia, m\u00e1y n\u00e9n kh\u00ed c\u1ee7a ch\u00fang t\u00f4i ho\u1ea1t \u0111\u1ed9ng v\u1edbi \u0111\u1ed9 \u1ed3n c\u1ef1c th\u1ea5p, d\u01b0\u1edbi 60 dB. S\u1ef1 c\u1ea3i ti\u1ebfn n\u00e0y gi\u00fap n\u00e2ng cao \u0111\u00e1ng k\u1ec3 tr\u1ea3i nghi\u1ec7m ng\u01b0\u1eddi d\u00f9ng, bi\u1ebfn n\u00f3 tr\u1edf th\u00e0nh l\u1ef1a ch\u1ecdn l\u00fd t\u01b0\u1edfng cho c\u1ea3 ng\u01b0\u1eddi ch\u01a1i nghi\u1ec7p d\u01b0 v\u00e0 chuy\u00ean nghi\u1ec7p.<\/p>\n<h3>Hi\u1ec7u su\u1ea5t m\u1ea1nh m\u1ebd<\/h3>\n<p>V\u1edbi c\u00f4ng su\u1ea5t \u1ed5n \u0111\u1ecbnh 30 l\u00edt\/ph\u00fat, m\u00e1y n\u00e9n kh\u00ed c\u1ee7a ch\u00fang t\u00f4i \u0111\u1ea3m b\u1ea3o c\u00e1c v\u1ebft c\u1eaft s\u1ea1ch s\u1ebd v\u00e0 kh\u00f4ng kh\u00f3i, ngay c\u1ea3 khi l\u00e0m vi\u1ec7c v\u1edbi c\u00e1c v\u1eadt li\u1ec7u d\u00e0y h\u01a1n nh\u01b0 v\u00e1n \u00e9p ho\u1eb7c acrylic. \u0110\u1ed9 tin c\u1eady n\u00e0y \u0111\u1ea3m b\u1ea3o ng\u01b0\u1eddi d\u00f9ng c\u00f3 th\u1ec3 \u0111\u1ea1t \u0111\u01b0\u1ee3c k\u1ebft qu\u1ea3 ch\u1ea5t l\u01b0\u1ee3ng cao m\u1ed9t c\u00e1ch nh\u1ea5t qu\u00e1n.<\/p>\n<p><img loading=\"lazy\" decoding=\"async\" class=\"wp-image-458 size-full aligncenter\" src=\"https:\/\/aircompressorforlasercutter.com\/wp-content\/uploads\/2026\/01\/Air-Compressor-For-Laser-Cutter6.webp\" alt=\"M\u00e1y n\u00e9n kh\u00ed cho m\u00e1y c\u1eaft laser\" width=\"800\" height=\"800\" srcset=\"https:\/\/aircompressorforlasercutter.com\/wp-content\/uploads\/2026\/01\/Air-Compressor-For-Laser-Cutter6.webp 800w, https:\/\/aircompressorforlasercutter.com\/wp-content\/uploads\/2026\/01\/Air-Compressor-For-Laser-Cutter6-480x480.webp 480w\" sizes=\"auto, (min-width: 0px) and (max-width: 480px) 480px, (min-width: 481px) 800px, 100vw\" \/><\/p>\n<h2>Kh\u1ea3 n\u0103ng t\u01b0\u01a1ng th\u00edch r\u1ed9ng r\u00e3i<\/h2>\n<h3>\u1ee8ng d\u1ee5ng r\u1ed9ng r\u00e3i<\/h3>\n<p>M\u00e1y n\u00e9n kh\u00ed c\u1ee7a ch\u00fang t\u00f4i \u0111\u01b0\u1ee3c thi\u1ebft k\u1ebf \u0111\u1ec3 t\u00edch h\u1ee3p li\u1ec1n m\u1ea1ch v\u1edbi c\u00e1c m\u00e1y kh\u1eafc laser th\u00f4ng d\u1ee5ng tr\u00ean th\u1ecb tr\u01b0\u1eddng (m\u00e3 s\u1ea3n ph\u1ea9m 95%), bao g\u1ed3m xTool, Ortur, Atomstack v\u00e0 nhi\u1ec1u h\u1ec7 th\u1ed1ng laser CO2 kh\u00e1c nhau. T\u00ednh linh ho\u1ea1t n\u00e0y cho ph\u00e9p d\u1ec5 d\u00e0ng t\u00edch h\u1ee3p m\u00e0 kh\u00f4ng c\u1ea7n s\u1eeda \u0111\u1ed5i nhi\u1ec1u.<\/p>\n<h3>L\u1ee3i \u00edch d\u00e0nh cho nh\u00e0 ph\u00e2n ph\u1ed1i<\/h3>\n<p>B\u1eb1ng c\u00e1ch cung c\u1ea5p m\u1ed9t m\u00e3 s\u1ea3n ph\u1ea9m duy nh\u1ea5t t\u01b0\u01a1ng th\u00edch v\u1edbi nhi\u1ec1u lo\u1ea1i m\u00e1y, c\u00e1c nh\u00e0 ph\u00e2n ph\u1ed1i c\u00f3 th\u1ec3 gi\u1ea3m \u0111\u00e1ng k\u1ec3 \u00e1p l\u1ef1c t\u1ed3n kho v\u00e0 \u0111\u01a1n gi\u1ea3n h\u00f3a quy tr\u00ecnh nh\u1eadp h\u00e0ng, t\u1eeb \u0111\u00f3 n\u00e2ng cao hi\u1ec7u qu\u1ea3 ho\u1ea1t \u0111\u1ed9ng.<\/p>\n<h2>L\u1ee3i th\u1ebf c\u1ee7a chu\u1ed7i cung \u1ee9ng v\u00e0 h\u1ee3p t\u00e1c<\/h2>\n<h3>S\u1ee9c m\u1ea1nh c\u1ee7a nh\u00e0 m\u00e1y<\/h3>\n<p>Quy tr\u00ecnh ki\u1ec3m so\u00e1t ch\u1ea5t l\u01b0\u1ee3ng nghi\u00eam ng\u1eb7t c\u1ee7a ch\u00fang t\u00f4i \u0111\u1ea3m b\u1ea3o t\u1ef7 l\u1ec7 l\u1ed7i c\u1ef1c th\u1ea5p, d\u01b0\u1edbi 1%. S\u1ef1 ch\u00fa tr\u1ecdng t\u1ec9 m\u1ec9 \u0111\u1ebfn t\u1eebng chi ti\u1ebft n\u00e0y gi\u00fap c\u00e1c nh\u00e0 ph\u00e2n ph\u1ed1i ti\u1ebft ki\u1ec7m chi ph\u00ed h\u1eadu c\u1ea7n li\u00ean quan \u0111\u1ebfn vi\u1ec7c tr\u1ea3 l\u1ea1i v\u00e0 \u0111\u1ed5i h\u00e0ng, t\u1eeb \u0111\u00f3 t\u0103ng l\u1ee3i nhu\u1eadn.<\/p>\n<h3>D\u1ecbch v\u1ee5 t\u00f9y ch\u1ec9nh<\/h3>\n<p>Ch\u00fang t\u00f4i cung c\u1ea5p c\u00e1c d\u1ecbch v\u1ee5 \u0111\u01b0\u1ee3c thi\u1ebft k\u1ebf ri\u00eang, bao g\u1ed3m t\u00f9y ch\u1ec9nh logo, thi\u1ebft k\u1ebf bao b\u00ec v\u00e0 kh\u1ea3 n\u0103ng th\u00edch \u1ee9ng v\u1edbi c\u00e1c th\u00f4ng s\u1ed1 k\u1ef9 thu\u1eadt ph\u00edch c\u1eafm kh\u00e1c nhau cho nhi\u1ec1u qu\u1ed1c gia. S\u1ef1 linh ho\u1ea1t n\u00e0y cho ph\u00e9p c\u00e1c nh\u00e0 ph\u00e2n ph\u1ed1i ph\u00e1t tri\u1ec3n b\u1ea3n s\u1eafc th\u01b0\u01a1ng hi\u1ec7u ri\u00eang c\u1ee7a h\u1ecd \u0111\u1ed3ng th\u1eddi \u0111\u00e1p \u1ee9ng nhu c\u1ea7u th\u1ecb tr\u01b0\u1eddng.<\/p>\n<h3>H\u1ed7 tr\u1ee3 sau b\u00e1n h\u00e0ng<\/h3>\n<p>Kh\u1ea3 n\u0103ng ph\u1ea3n h\u1ed3i k\u1ef9 thu\u1eadt nhanh ch\u00f3ng v\u00e0 cung c\u1ea5p ph\u1ee5 t\u00f9ng thay th\u1ebf k\u1ecbp th\u1eddi c\u1ee7a ch\u00fang t\u00f4i \u0111\u1ea3m b\u1ea3o kh\u00e1ch h\u00e0ng nh\u1eadn \u0111\u01b0\u1ee3c s\u1ef1 h\u1ed7 tr\u1ee3 k\u1ecbp th\u1eddi, t\u1eeb \u0111\u00f3 n\u00e2ng cao h\u01a1n n\u1eefa tr\u1ea3i nghi\u1ec7m v\u1eadn h\u00e0nh v\u00e0 ni\u1ec1m tin c\u1ee7a h\u1ecd v\u00e0o s\u1ea3n ph\u1ea9m c\u1ee7a ch\u00fang t\u00f4i.<\/p>\n<p>\u0110\u1eebng \u0111\u1ec3 nh\u1eefng ph\u1ee5 ki\u1ec7n k\u00e9m ch\u1ea5t l\u01b0\u1ee3ng l\u00e0m \u1ea3nh h\u01b0\u1edfng \u0111\u1ebfn danh ti\u1ebfng c\u1ee7a nh\u1eefng m\u00e1y m\u00f3c cao c\u1ea5p c\u1ee7a b\u1ea1n. H\u00e3y ch\u1ecdn m\u1ed9t m\u00e1y b\u01a1m kh\u00ed c\u00f3 ch\u1ea5t l\u01b0\u1ee3ng t\u01b0\u01a1ng x\u1ee9ng v\u1edbi thi\u1ebft b\u1ecb c\u1ee7a b\u1ea1n \u0111\u1ec3 \u0111\u1ea3m b\u1ea3o k\u1ebft qu\u1ea3 v\u01b0\u1ee3t tr\u1ed9i v\u00e0 n\u00e2ng cao uy t\u00edn th\u01b0\u01a1ng hi\u1ec7u.<\/p>\n<p>H\u00e3y li\u00ean h\u1ec7 v\u1edbi ch\u00fang t\u00f4i ngay h\u00f4m nay \u0111\u1ec3 y\u00eau c\u1ea7u m\u1eabu th\u1eed nghi\u1ec7m ho\u1eb7c \u0111\u1ec3 nh\u1eadn \u0111\u01b0\u1ee3c gi\u00e1 b\u00e1n bu\u00f4n B2B m\u1edbi nh\u1ea5t. H\u00e3y ch\u1ee7 \u0111\u1ed9ng n\u00e2ng t\u1ea7m doanh nghi\u1ec7p c\u1ee7a b\u1ea1n v\u1edbi m\u00e1y n\u00e9n kh\u00ed hi\u1ec7n \u0111\u1ea1i c\u1ee7a Ever-power.<\/p>\n<p style=\"text-align: center;\"><span style=\"font-size: 18pt;\"><a href=\"https:\/\/aircompressorforlasercutter.com\/vi\/lien-he-voi-chung-toi\/\">Li\u00ean h\u1ec7 v\u1edbi ch\u00fang t\u00f4i<\/a><\/span><\/p>","protected":false},"excerpt":{"rendered":"<p>Air Compressor for Cleaner Laser Engraving Edges The Unsung Hero Behind the Scenes In the fast-evolving world of laser engraving, one crucial element often remains in the shadows??the air compressor. Most buyers invest significantly in high-end laser engraving machines, yet they frequently overlook the importance of a reliable air pump. This oversight can undermine the [&hellip;]<\/p>","protected":false},"featured_media":457,"comment_status":"open","ping_status":"closed","template":"","meta":{"_et_pb_use_builder":"","_et_pb_old_content":"","_et_gb_content_width":""},"product_brand":[],"product_cat":[1093],"product_tag":[1095],"class_list":{"0":"post-478","1":"product","2":"type-product","3":"status-publish","4":"has-post-thumbnail","6":"product_cat-air-compressor-for-laser-cutter","7":"product_tag-air-compressor-for-laser-cutter-price","9":"first","10":"instock","11":"shipping-taxable","12":"product-type-simple"},"_links":{"self":[{"href":"https:\/\/aircompressorforlasercutter.com\/vi\/wp-json\/wp\/v2\/product\/478","targetHints":{"allow":["GET"]}}],"collection":[{"href":"https:\/\/aircompressorforlasercutter.com\/vi\/wp-json\/wp\/v2\/product"}],"about":[{"href":"https:\/\/aircompressorforlasercutter.com\/vi\/wp-json\/wp\/v2\/types\/product"}],"replies":[{"embeddable":true,"href":"https:\/\/aircompressorforlasercutter.com\/vi\/wp-json\/wp\/v2\/comments?post=478"}],"wp:featuredmedia":[{"embeddable":true,"href":"https:\/\/aircompressorforlasercutter.com\/vi\/wp-json\/wp\/v2\/media\/457"}],"wp:attachment":[{"href":"https:\/\/aircompressorforlasercutter.com\/vi\/wp-json\/wp\/v2\/media?parent=478"}],"wp:term":[{"taxonomy":"product_brand","embeddable":true,"href":"https:\/\/aircompressorforlasercutter.com\/vi\/wp-json\/wp\/v2\/product_brand?post=478"},{"taxonomy":"product_cat","embeddable":true,"href":"https:\/\/aircompressorforlasercutter.com\/vi\/wp-json\/wp\/v2\/product_cat?post=478"},{"taxonomy":"product_tag","embeddable":true,"href":"https:\/\/aircompressorforlasercutter.com\/vi\/wp-json\/wp\/v2\/product_tag?post=478"}],"curies":[{"name":"wp","href":"https:\/\/api.w.org\/{rel}","templated":true}]}}