{"id":479,"date":"2026-01-14T08:26:20","date_gmt":"2026-01-14T08:26:20","guid":{"rendered":"https:\/\/aircompressorforlasercutter.com\/product\/high-pressure-air-assist-for-deep-laser-cutting\/"},"modified":"2026-01-14T08:32:16","modified_gmt":"2026-01-14T08:32:16","slug":"high-pressure-air-assist-for-deep-laser-cutting","status":"publish","type":"product","link":"https:\/\/aircompressorforlasercutter.com\/vi\/san-pham\/ho-tro-khi-nen-ap-suat-cao-cho-viec-cat-laser-sau\/","title":{"rendered":"H\u1ed7 tr\u1ee3 kh\u00ed n\u00e9n \u00e1p su\u1ea5t cao cho vi\u1ec7c c\u1eaft laser s\u00e2u"},"content":{"rendered":"<h1>H\u1ed7 tr\u1ee3 kh\u00ed n\u00e9n \u00e1p su\u1ea5t cao cho c\u1eaft laser s\u00e2u: Ng\u01b0\u1eddi h\u00f9ng th\u1ea7m l\u1eb7ng b\u1ecb b\u1ecf qua<\/h1>\n<h2>1. B\u1ed1i c\u1ea3nh: T\u00ecnh h\u00ecnh th\u1ecb tr\u01b0\u1eddng hi\u1ec7n t\u1ea1i<\/h2>\n<p>Trong b\u1ed1i c\u1ea3nh c\u00f4ng ngh\u1ec7 c\u1eaft laser \u0111ang ph\u00e1t tri\u1ec3n nhanh ch\u00f3ng, h\u1ea7u h\u1ebft ng\u01b0\u1eddi mua \u0111\u1ea7u t\u01b0 m\u1ed9t kho\u1ea3n ti\u1ec1n \u0111\u00e1ng k\u1ec3 v\u00e0o c\u00e1c m\u00e1y kh\u1eafc laser ti\u00ean ti\u1ebfn, th\u01b0\u1eddng b\u1ecf qua m\u1ed9t b\u1ed9 ph\u1eadn quan tr\u1ecdng: m\u00e1y n\u00e9n kh\u00ed. M\u1eb7c d\u00f9 tr\u1ecdng t\u00e2m ch\u1ee7 y\u1ebfu l\u00e0 thi\u1ebft b\u1ecb c\u1eaft, nh\u01b0ng m\u00e1y b\u01a1m kh\u00ed \u0111\u00f3ng vai tr\u00f2 then ch\u1ed1t trong vi\u1ec7c \u0111\u1ea3m b\u1ea3o hi\u1ec7u su\u1ea5t, hi\u1ec7u qu\u1ea3 v\u00e0 ch\u1ea5t l\u01b0\u1ee3ng \u0111\u1ea7u ra t\u1ed1i \u01b0u. Tr\u00ean th\u1ef1c t\u1ebf, h\u1ed7 tr\u1ee3 kh\u00ed n\u00e9n kh\u00f4ng ch\u1ec9 \u0111\u01a1n thu\u1ea7n l\u00e0 m\u1ed9t ph\u1ee5 ki\u1ec7n; n\u00f3 \u1ea3nh h\u01b0\u1edfng c\u01a1 b\u1ea3n \u0111\u1ebfn ch\u1ea5t l\u01b0\u1ee3ng c\u1eaft v\u00e0 k\u00e9o d\u00e0i tu\u1ed5i th\u1ecd c\u1ee7a m\u00e1y laser.<\/p>\n<p>T\u1ea7m quan tr\u1ecdng c\u1ee7a h\u1ec7 th\u1ed1ng h\u1ed7 tr\u1ee3 kh\u00ed n\u00e9n l\u00e0 kh\u00f4ng th\u1ec3 ph\u1ee7 nh\u1eadn. \u0110\u1ed1i v\u1edbi kh\u00e1ch h\u00e0ng B2B, vi\u1ec7c l\u1ef1a ch\u1ecdn \u0111\u00fang b\u01a1m kh\u00ed n\u00e9n s\u1ebd d\u1eabn \u0111\u1ebfn \u00edt khi\u1ebfu n\u1ea1i h\u01a1n v\u1ec1 c\u00e1c v\u1ea5n \u0111\u1ec1 nh\u01b0 c\u1eaft kh\u00f4ng ho\u00e0n ch\u1ec9nh ho\u1eb7c th\u1ea5u k\u00ednh b\u1ecb h\u01b0 h\u1ecfng, t\u1eeb \u0111\u00f3 gi\u00fap t\u0103ng t\u1ef7 l\u1ec7 gi\u1eef ch\u00e2n kh\u00e1ch h\u00e0ng. \u0110i\u1ec1u c\u1ea7n thi\u1ebft l\u00e0 ph\u1ea3i nh\u1eadn ra r\u1eb1ng h\u1ec7 th\u1ed1ng h\u1ed7 tr\u1ee3 kh\u00ed n\u00e9n t\u00e1c \u0111\u1ed9ng tr\u1ef1c ti\u1ebfp \u0111\u1ebfn l\u1ee3i nhu\u1eadn, n\u00e2ng cao c\u1ea3 t\u00ednh ti\u1ec7n d\u1ee5ng v\u00e0 s\u1ef1 h\u00e0i l\u00f2ng c\u1ee7a kh\u00e1ch h\u00e0ng.<\/p>\n<h2>2. Ph\u00e2n t\u00edch \u0111i\u1ec3m kh\u00f3 kh\u0103n: Chi ph\u00ed \u1ea9n c\u1ee7a m\u00e1y b\u01a1m h\u01a1i gi\u00e1 r\u1ebb<\/h2>\n<p>Vi\u1ec7c l\u1ef1a ch\u1ecdn m\u00e1y b\u01a1m kh\u00ed gi\u00e1 r\u1ebb c\u00f3 th\u1ec3 d\u1eabn \u0111\u1ebfn nhi\u1ec1u chi ph\u00ed \u1ea9n, \u1ea3nh h\u01b0\u1edfng \u0111\u1ebfn ch\u1ea5t l\u01b0\u1ee3ng v\u00e0 s\u1ef1 h\u00e0i l\u00f2ng c\u1ee7a kh\u00e1ch h\u00e0ng. H\u1eadu qu\u1ea3 c\u1ee7a vi\u1ec7c ch\u1ecdn m\u00e1y n\u00e9n kh\u00ed k\u00e9m ch\u1ea5t l\u01b0\u1ee3ng c\u00f3 th\u1ec3 bi\u1ec3u hi\u1ec7n theo nhi\u1ec1u c\u00e1ch kh\u00e1c nhau:<\/p>\n<h3>C\u00e1c v\u1ea5n \u0111\u1ec1 v\u1ec1 ch\u1ea5t l\u01b0\u1ee3ng c\u1eaft<\/h3>\n<p>Lu\u1ed3ng kh\u00ed kh\u00f4ng \u1ed5n \u0111\u1ecbnh t\u1eeb m\u00e1y n\u00e9n kh\u00ed k\u00e9m ch\u1ea5t l\u01b0\u1ee3ng c\u00f3 th\u1ec3 d\u1eabn \u0111\u1ebfn hi\u1ec7n t\u01b0\u1ee3ng ch\u00e1y ho\u1eb7c kh\u00e9t m\u00e9p v\u1eadt li\u1ec7u, l\u00e0m gi\u1ea3m t\u00ednh th\u1ea9m m\u1ef9. Hi\u1ec7u qu\u1ea3 c\u1eaft b\u1ecb \u1ea3nh h\u01b0\u1edfng, d\u1eabn \u0111\u1ebfn k\u1ebft qu\u1ea3 kh\u00f4ng nh\u1ea5t qu\u00e1n. Khi ng\u01b0\u1eddi d\u00f9ng cu\u1ed1i nh\u1eadn \u0111\u01b0\u1ee3c s\u1ea3n ph\u1ea9m k\u00e9m ch\u1ea5t l\u01b0\u1ee3ng, \u0111i\u1ec1u n\u00e0y s\u1ebd \u1ea3nh h\u01b0\u1edfng x\u1ea5u \u0111\u1ebfn doanh s\u1ed1 b\u00e1n h\u00e0ng v\u00e0 uy t\u00edn c\u1ee7a h\u1ecd.<\/p>\n<h3>Nguy c\u01a1 h\u01b0 h\u1ecfng thi\u1ebft b\u1ecb<\/h3>\n<p>Vi\u1ec7c s\u1eed d\u1ee5ng m\u00e1y b\u01a1m kh\u00ed ch\u1ea5t l\u01b0\u1ee3ng th\u1ea5p, \u0111\u1eb7c bi\u1ec7t l\u00e0 lo\u1ea1i c\u00f3 ch\u1ee9a d\u1ea7u, c\u00f3 th\u1ec3 gi\u1ea3i ph\u00f3ng h\u01a1i d\u1ea7u ho\u1eb7c h\u01a1i \u1ea9m, l\u00e0m \u00f4 nhi\u1ec5m th\u1ea5u k\u00ednh laser. \u0110i\u1ec1u n\u00e0y kh\u00f4ng ch\u1ec9 d\u1eabn \u0111\u1ebfn chi ph\u00ed s\u1eeda ch\u1eefa t\u1ed1n k\u00e9m m\u00e0 c\u00f2n c\u00f3 th\u1ec3 l\u00e0m t\u0103ng t\u1ef7 l\u1ec7 tr\u1ea3 l\u1ea1i s\u1ea3n ph\u1ea9m, cu\u1ed1i c\u00f9ng \u1ea3nh h\u01b0\u1edfng \u0111\u1ebfn l\u1ee3i nhu\u1eadn c\u1ee7a b\u1ea1n.<\/p>\n<h3>Ng\u0103n ch\u1eb7n ti\u1ebfng \u1ed3n<\/h3>\n<p>M\u00e1y n\u00e9n kh\u00ed truy\u1ec1n th\u1ed1ng th\u01b0\u1eddng t\u1ea1o ra ti\u1ebfng \u1ed3n qu\u00e1 m\u1ee9c, \u0111i\u1ec1u n\u00e0y c\u00f3 th\u1ec3 khi\u1ebfn ng\u01b0\u1eddi d\u00f9ng gia \u0111\u00ecnh v\u00e0 c\u00e1c kh\u00f4ng gian ch\u1ebf t\u1ea1o trong gi\u00e1o d\u1ee5c ng\u1ea7n ng\u1ea1i s\u1eed d\u1ee5ng c\u00f4ng ngh\u1ec7 c\u1eaft laser. H\u1ea1n ch\u1ebf n\u00e0y thu h\u1eb9p th\u1ecb tr\u01b0\u1eddng ti\u1ec1m n\u0103ng, \u1ea3nh h\u01b0\u1edfng \u0111\u1ebfn t\u0103ng tr\u01b0\u1edfng doanh thu.<\/p>\n<h2>3. Gi\u1ea3i ph\u00e1p c\u1ee7a ch\u00fang t\u00f4i: \u0110\u1ecbnh ngh\u0129a l\u1ea1i d\u1ecbch v\u1ee5 h\u1ed7 tr\u1ee3 tr\u00ean kh\u00f4ng \u201cchuy\u00ean nghi\u1ec7p\u201d.<\/h2>\n<p>T\u1ea1i Ever-power, ch\u00fang t\u00f4i cam k\u1ebft cung c\u1ea5p gi\u1ea3i ph\u00e1p h\u1ed7 tr\u1ee3 kh\u00ed n\u00e9n hi\u1ec7u su\u1ea5t cao, kh\u1eafc ph\u1ee5c nh\u1eefng nh\u01b0\u1ee3c \u0111i\u1ec3m c\u1ee7a m\u00e1y n\u00e9n kh\u00ed th\u00f4ng th\u01b0\u1eddng. C\u00e1c t\u00ednh n\u0103ng c\u1ea3i ti\u1ebfn c\u1ee7a ch\u00fang t\u00f4i n\u00e2ng cao tr\u1ea3i nghi\u1ec7m ng\u01b0\u1eddi d\u00f9ng v\u00e0 \u0111\u1ea3m b\u1ea3o k\u1ebft qu\u1ea3 c\u1eaft v\u01b0\u1ee3t tr\u1ed9i:<\/p>\n<h3>Thi\u1ebft k\u1ebf kh\u00f4ng d\u1ea7u v\u00e0 kh\u00f4ng n\u01b0\u1edbc<\/h3>\n<p>M\u00e1y b\u01a1m kh\u00ed c\u1ee7a ch\u00fang t\u00f4i c\u00f3 thi\u1ebft k\u1ebf kh\u00f4ng d\u1ea7u v\u00e0 kh\u00f4ng n\u01b0\u1edbc 100%, \u0111\u1ea3m b\u1ea3o b\u1ea3o v\u1ec7 th\u1ea5u k\u00ednh laser. \u0110i\u1ec1u n\u00e0y lo\u1ea1i b\u1ecf n\u1ed7i lo b\u1ea3o tr\u00ec cho ng\u01b0\u1eddi d\u00f9ng cu\u1ed1i, mang \u0111\u1ebfn tr\u1ea3i nghi\u1ec7m d\u1ec5 d\u00e0ng.<\/p>\n<h3>C\u00f4ng ngh\u1ec7 si\u00eau y\u00ean t\u0129nh<\/h3>\n<p>\u0110\u01b0\u1ee3c thi\u1ebft k\u1ebf \u0111\u1eb7c bi\u1ec7t cho m\u00f4i tr\u01b0\u1eddng ph\u00f2ng thu trong nh\u00e0 v\u00e0 t\u1ea1i gia, m\u00e1y b\u01a1m kh\u00ed c\u1ee7a ch\u00fang t\u00f4i duy tr\u00ec \u0111\u1ed9 \u1ed3n d\u01b0\u1edbi 60dB. Ho\u1ea1t \u0111\u1ed9ng si\u00eau \u00eam \u00e1i n\u00e0y gi\u00fap n\u00e2ng cao s\u1ef1 h\u00e0i l\u00f2ng c\u1ee7a ng\u01b0\u1eddi d\u00f9ng v\u00e0 m\u1edf r\u1ed9ng kh\u1ea3 n\u0103ng s\u1eed d\u1ee5ng trong nhi\u1ec1u m\u00f4i tr\u01b0\u1eddng kh\u00e1c nhau.<\/p>\n<h3>Hi\u1ec7u su\u1ea5t m\u1ea1nh m\u1ebd<\/h3>\n<p>V\u1edbi kh\u1ea3 n\u0103ng cung c\u1ea5p l\u01b0u l\u01b0\u1ee3ng kh\u00ed \u1ed5n \u0111\u1ecbnh v\u00e0 li\u00ean t\u1ee5c \u1edf m\u1ee9c 30 l\u00edt\/ph\u00fat, m\u00e1y b\u01a1m kh\u00ed c\u1ee7a ch\u00fang t\u00f4i \u0111\u1ea3m b\u1ea3o c\u1eaft s\u1ea1ch ngay c\u1ea3 nh\u1eefng v\u1eadt li\u1ec7u g\u1ed7 ho\u1eb7c acrylic d\u00e0y, kh\u00f4ng t\u1ea1o kh\u00f3i hay b\u1ee5i. \u0110i\u1ec1u n\u00e0y d\u1eabn \u0111\u1ebfn s\u1ea3n ph\u1ea9m cu\u1ed1i c\u00f9ng ch\u1ea5t l\u01b0\u1ee3ng cao cho ng\u01b0\u1eddi s\u1eed d\u1ee5ng.<\/p>\n<h2>4. Kh\u1ea3 n\u0103ng t\u01b0\u01a1ng th\u00edch r\u1ed9ng: D\u1ecbch v\u1ee5 tr\u1ecdn g\u00f3i (Kh\u00f4ng c\u1ea7n lo l\u1eafng v\u1ec1 kho h\u00e0ng)<\/h2>\n<p>Gi\u1ea3i ph\u00e1p h\u1ed7 tr\u1ee3 kh\u00ed n\u00e9n c\u1ee7a ch\u00fang t\u00f4i t\u1ef1 h\u00e0o c\u00f3 kh\u1ea3 n\u0103ng t\u01b0\u01a1ng th\u00edch r\u1ed9ng r\u00e3i v\u1edbi c\u00e1c m\u1eabu m\u00e1y ph\u1ed5 bi\u1ebfn hi\u1ec7n c\u00f3 tr\u00ean th\u1ecb tr\u01b0\u1eddng (m\u00e3 s\u1ea3n ph\u1ea9m 95%), bao g\u1ed3m xTool, Ortur, Atomstack v\u00e0 nhi\u1ec1u m\u00e1y c\u1eaft laser CO2 kh\u00e1c nhau. T\u00ednh linh ho\u1ea1t n\u00e0y mang l\u1ea1i nh\u1eefng l\u1ee3i th\u1ebf \u0111\u00e1ng k\u1ec3 cho c\u00e1c nh\u00e0 ph\u00e2n ph\u1ed1i:<\/p>\n<h3>Kh\u1ea3 n\u0103ng t\u01b0\u01a1ng th\u00edch v\u1edbi m\u1ed9t m\u00e3 s\u1ea3n ph\u1ea9m duy nh\u1ea5t<\/h3>\n<p>V\u1edbi m\u1ed9t m\u00e3 s\u1ea3n ph\u1ea9m duy nh\u1ea5t ph\u00f9 h\u1ee3p v\u1edbi nhi\u1ec1u lo\u1ea1i m\u00e1y, c\u00e1c nh\u00e0 ph\u00e2n ph\u1ed1i c\u00f3 th\u1ec3 gi\u1ea3m \u0111\u00e1ng k\u1ec3 \u00e1p l\u1ef1c t\u1ed3n kho v\u00e0 s\u1ef1 ph\u1ee9c t\u1ea1p li\u00ean quan \u0111\u1ebfn qu\u1ea3n l\u00fd h\u00e0ng t\u1ed3n. Vi\u1ec7c tinh gi\u1ea3n n\u00e0y d\u1eabn \u0111\u1ebfn hi\u1ec7u qu\u1ea3 ho\u1ea1t \u0111\u1ed9ng t\u1ed1t h\u01a1n.<\/p>\n<h2>5. L\u1ee3i th\u1ebf v\u1ec1 chu\u1ed7i cung \u1ee9ng v\u00e0 h\u1ee3p t\u00e1c<\/h2>\n<p>Ever-power cam k\u1ebft cung c\u1ea5p cho c\u00e1c \u0111\u1ed1i t\u00e1c c\u1ee7a ch\u00fang t\u00f4i n\u0103ng l\u1ef1c chu\u1ed7i cung \u1ee9ng m\u1ea1nh m\u1ebd, gi\u00fap n\u00e2ng cao \u0111\u1ed9 tin c\u1eady c\u1ee7a s\u1ea3n ph\u1ea9m v\u00e0 s\u1ef1 h\u00e0i l\u00f2ng c\u1ee7a kh\u00e1ch h\u00e0ng:<\/p>\n<h3>N\u0103ng l\u1ef1c s\u1ea3n xu\u1ea5t v\u00e0 ki\u1ec3m so\u00e1t ch\u1ea5t l\u01b0\u1ee3ng<\/h3>\n<p>Quy tr\u00ecnh ki\u1ec3m so\u00e1t ch\u1ea5t l\u01b0\u1ee3ng nghi\u00eam ng\u1eb7t c\u1ee7a ch\u00fang t\u00f4i \u0111\u1ea3m b\u1ea3o t\u1ef7 l\u1ec7 l\u1ed7i \u1ea5n t\u01b0\u1ee3ng, d\u01b0\u1edbi 1%. Vi\u1ec7c gi\u1ea3m \u0111\u00e1ng k\u1ec3 l\u1ed7i s\u1ea3n ph\u1ea9m n\u00e0y gi\u00fap \u0111\u1ed1i t\u00e1c c\u1ee7a ch\u00fang t\u00f4i ti\u1ebft ki\u1ec7m \u0111\u01b0\u1ee3c \u0111\u00e1ng k\u1ec3 chi ph\u00ed ho\u00e0n tr\u1ea3 v\u00e0 h\u1eadu c\u1ea7n.<\/p>\n<h3>D\u1ecbch v\u1ee5 t\u00f9y ch\u1ec9nh (OEM\/ODM)<\/h3>\n<p>Ch\u00fang t\u00f4i cung c\u1ea5p c\u00e1c gi\u1ea3i ph\u00e1p t\u00f9y ch\u1ec9nh, bao g\u1ed3m c\u01a1 h\u1ed9i x\u00e2y d\u1ef1ng th\u01b0\u01a1ng hi\u1ec7u v\u1edbi logo ri\u00eang, thi\u1ebft k\u1ebf bao b\u00ec v\u00e0 th\u00f4ng s\u1ed1 k\u1ef9 thu\u1eadt ph\u00edch c\u1eafm cho nhi\u1ec1u qu\u1ed1c gia kh\u00e1c nhau. \u0110i\u1ec1u n\u00e0y cho ph\u00e9p b\u1ea1n x\u00e2y d\u1ef1ng b\u1ea3n s\u1eafc th\u01b0\u01a1ng hi\u1ec7u \u0111\u1ed9c \u0111\u00e1o c\u1ee7a m\u00ecnh tr\u00ean th\u1ecb tr\u01b0\u1eddng.<\/p>\n<h3>H\u1ed7 tr\u1ee3 sau b\u00e1n h\u00e0ng<\/h3>\n<p>Cam k\u1ebft c\u1ee7a ch\u00fang t\u00f4i v\u1ec1 d\u1ecbch v\u1ee5 kh\u00e1ch h\u00e0ng v\u01b0\u1ee3t tr\u1ed9i bao g\u1ed3m th\u1eddi gian ph\u1ea3n h\u1ed3i k\u1ef9 thu\u1eadt nhanh ch\u00f3ng v\u00e0 kh\u1ea3 n\u0103ng cung c\u1ea5p ph\u1ee5 t\u00f9ng thay th\u1ebf hi\u1ec7u qu\u1ea3, \u0111\u1ea3m b\u1ea3o ho\u1ea1t \u0111\u1ed9ng c\u1ee7a b\u1ea1n di\u1ec5n ra su\u00f4n s\u1ebb v\u00e0 hi\u1ec7u qu\u1ea3.<\/p>\n<h2>6. K\u1ebft lu\u1eadn v\u00e0 L\u1eddi k\u00eau g\u1ecdi h\u00e0nh \u0111\u1ed9ng (CTA)<\/h2>\n<p>\u0110\u1eebng \u0111\u1ec3 c\u00e1c linh ki\u1ec7n k\u00e9m ch\u1ea5t l\u01b0\u1ee3ng l\u00e0m \u1ea3nh h\u01b0\u1edfng \u0111\u1ebfn danh ti\u1ebfng c\u1ee7a nh\u1eefng m\u00e1y m\u00f3c cao c\u1ea5p c\u1ee7a b\u1ea1n. H\u00e3y l\u1ef1a ch\u1ecdn m\u1ed9t m\u00e1y b\u01a1m kh\u00ed ph\u00f9 h\u1ee3p v\u1edbi ch\u1ea5t l\u01b0\u1ee3ng thi\u1ebft b\u1ecb c\u1ee7a b\u1ea1n. B\u1eb1ng c\u00e1ch \u0111\u1ea7u t\u01b0 v\u00e0o m\u1ed9t gi\u1ea3i ph\u00e1p h\u1ed7 tr\u1ee3 kh\u00ed n\u00e9n cao c\u1ea5p, b\u1ea1n s\u1ebd n\u00e2ng cao s\u1ef1 h\u00e0i l\u00f2ng v\u00e0 gi\u1eef ch\u00e2n kh\u00e1ch h\u00e0ng.<\/p>\n<p>H\u00e3y li\u00ean h\u1ec7 v\u1edbi ch\u00fang t\u00f4i ngay h\u00f4m nay \u0111\u1ec3 y\u00eau c\u1ea7u th\u1eed nghi\u1ec7m m\u1eabu ho\u1eb7c nh\u1eadn th\u00f4ng tin gi\u00e1 b\u00e1n bu\u00f4n B2B m\u1edbi nh\u1ea5t. C\u00f9ng nhau, ch\u00fang ta h\u00e3y n\u00e2ng t\u1ea7m tr\u1ea3i nghi\u1ec7m c\u1eaft laser.<\/p>\n<p><a href=\"https:\/\/aircompressorforlasercutter.com\/vi\/lien-he-voi-chung-toi\/\">Li\u00ean h\u1ec7 v\u1edbi ch\u00fang t\u00f4i<\/a><\/p>","protected":false},"excerpt":{"rendered":"<p>High Pressure Air Assist for Deep Laser Cutting: The Overlooked Unsung Hero 1. Background: The Current Market Landscape In the rapidly evolving landscape of laser cutting technology, most buyers invest substantial amounts in advanced laser engraving machines, often overlooking a critical component: the air compressor. While the focus is primarily on the cutting device itself, [&hellip;]<\/p>","protected":false},"featured_media":457,"comment_status":"open","ping_status":"closed","template":"","meta":{"_et_pb_use_builder":"","_et_pb_old_content":"","_et_gb_content_width":""},"product_brand":[],"product_cat":[1093],"product_tag":[1096],"class_list":{"0":"post-479","1":"product","2":"type-product","3":"status-publish","4":"has-post-thumbnail","6":"product_cat-air-compressor-for-laser-cutter","7":"product_tag-air-compressor-for-laser-cutter-cost","9":"first","10":"instock","11":"shipping-taxable","12":"product-type-simple"},"_links":{"self":[{"href":"https:\/\/aircompressorforlasercutter.com\/vi\/wp-json\/wp\/v2\/product\/479","targetHints":{"allow":["GET"]}}],"collection":[{"href":"https:\/\/aircompressorforlasercutter.com\/vi\/wp-json\/wp\/v2\/product"}],"about":[{"href":"https:\/\/aircompressorforlasercutter.com\/vi\/wp-json\/wp\/v2\/types\/product"}],"replies":[{"embeddable":true,"href":"https:\/\/aircompressorforlasercutter.com\/vi\/wp-json\/wp\/v2\/comments?post=479"}],"wp:featuredmedia":[{"embeddable":true,"href":"https:\/\/aircompressorforlasercutter.com\/vi\/wp-json\/wp\/v2\/media\/457"}],"wp:attachment":[{"href":"https:\/\/aircompressorforlasercutter.com\/vi\/wp-json\/wp\/v2\/media?parent=479"}],"wp:term":[{"taxonomy":"product_brand","embeddable":true,"href":"https:\/\/aircompressorforlasercutter.com\/vi\/wp-json\/wp\/v2\/product_brand?post=479"},{"taxonomy":"product_cat","embeddable":true,"href":"https:\/\/aircompressorforlasercutter.com\/vi\/wp-json\/wp\/v2\/product_cat?post=479"},{"taxonomy":"product_tag","embeddable":true,"href":"https:\/\/aircompressorforlasercutter.com\/vi\/wp-json\/wp\/v2\/product_tag?post=479"}],"curies":[{"name":"wp","href":"https:\/\/api.w.org\/{rel}","templated":true}]}}