{"id":480,"date":"2026-01-14T08:26:20","date_gmt":"2026-01-14T08:26:20","guid":{"rendered":"https:\/\/aircompressorforlasercutter.com\/product\/laser-lens-cooling-air-pump-system\/"},"modified":"2026-01-14T08:32:05","modified_gmt":"2026-01-14T08:32:05","slug":"laser-lens-cooling-air-pump-system","status":"publish","type":"product","link":"https:\/\/aircompressorforlasercutter.com\/vi\/san-pham\/he-thong-bom-khi-lam-mat-thau-kinh-laser\/","title":{"rendered":"H\u1ec7 th\u1ed1ng b\u01a1m kh\u00ed l\u00e0m m\u00e1t th\u1ea5u k\u00ednh laser"},"content":{"rendered":"<h1>H\u1ec7 th\u1ed1ng b\u01a1m kh\u00ed l\u00e0m m\u00e1t th\u1ea5u k\u00ednh laser: Ng\u01b0\u1eddi h\u00f9ng th\u1ea7m l\u1eb7ng c\u1ee7a c\u00f4ng ngh\u1ec7 c\u1eaft laser<\/h1>\n<h2>1. L\u1eddi gi\u1edbi thi\u1ec7u: Ng\u01b0\u1eddi h\u00f9ng th\u1ea7m l\u1eb7ng<\/h2>\n<p>Trong l\u0129nh v\u1ef1c c\u1eaft v\u00e0 kh\u1eafc laser, ng\u01b0\u1eddi mua th\u01b0\u1eddng \u0111\u1ea7u t\u01b0 \u0111\u00e1ng k\u1ec3 v\u00e0o c\u00e1c m\u00e1y laser cao c\u1ea5p, nh\u01b0ng vai tr\u00f2 quan tr\u1ecdng c\u1ee7a b\u01a1m kh\u00ed l\u1ea1i th\u01b0\u1eddng b\u1ecb b\u1ecf qua. Nh\u1eefng b\u1ed9 ph\u1eadn n\u00e0y c\u00f3 v\u1ebb th\u1ee9 y\u1ebfu, nh\u01b0ng ch\u00fang \u0111\u00f3ng vai tr\u00f2 thi\u1ebft y\u1ebfu trong vi\u1ec7c n\u00e2ng cao hi\u1ec7u su\u1ea5t t\u1ed5ng th\u1ec3 v\u00e0 tu\u1ed5i th\u1ecd c\u1ee7a h\u1ec7 th\u1ed1ng laser. N\u1ebfu kh\u00f4ng c\u00f3 s\u1ef1 h\u1ed7 tr\u1ee3 kh\u00ed n\u00e9n th\u00edch h\u1ee3p, k\u1ebft qu\u1ea3 ho\u1ea1t \u0111\u1ed9ng c\u1ee7a laser c\u00f3 th\u1ec3 b\u1ecb \u1ea3nh h\u01b0\u1edfng nghi\u00eam tr\u1ecdng, t\u00e1c \u0111\u1ed9ng \u0111\u1ebfn c\u1ea3 ch\u1ea5t l\u01b0\u1ee3ng c\u1eaft v\u00e0 tu\u1ed5i th\u1ecd c\u1ee7a m\u00e1y.<\/p>\n<h2>2. B\u1ee9c tranh th\u1ecb tr\u01b0\u1eddng: Y\u1ebfu t\u1ed1 b\u1ecb b\u1ecf qua<\/h2>\n<p>Th\u1ecb tr\u01b0\u1eddng hi\u1ec7n nay cho th\u1ea5y xu h\u01b0\u1edbng t\u1eadp trung ch\u1ee7 y\u1ebfu v\u00e0o vi\u1ec7c mua s\u1eafm c\u00e1c m\u00e1y kh\u1eafc laser hi\u1ec7n \u0111\u1ea1i nh\u1ea5t. Tuy nhi\u00ean, b\u1ed9 ph\u1eadn b\u01a1m kh\u00ed thi\u1ebft y\u1ebfu h\u1ed7 tr\u1ee3 c\u00e1c m\u00e1y n\u00e0y th\u01b0\u1eddng b\u1ecb b\u1ecf qua. Ng\u01b0\u1eddi mua \u0111\u1ea7u t\u01b0 m\u1ea1nh v\u00e0o c\u00f4ng ngh\u1ec7 laser c\u1ea7n hi\u1ec3u r\u1eb1ng h\u1ed7 tr\u1ee3 kh\u00ed n\u00e9n kh\u00f4ng ch\u1ec9 l\u00e0 m\u1ed9t t\u00ednh n\u0103ng b\u1ed5 sung; n\u00f3 l\u00e0 y\u1ebfu t\u1ed1 quy\u1ebft \u0111\u1ecbnh \u1ea3nh h\u01b0\u1edfng \u0111\u1ebfn ch\u1ea5t l\u01b0\u1ee3ng c\u1eaft cu\u1ed1i c\u00f9ng v\u00e0 \u0111\u1ed9 b\u1ec1n c\u1ee7a thi\u1ebft b\u1ecb.<\/p>\n<h3>\u00dd t\u01b0\u1edfng c\u1ed1t l\u00f5i: T\u00e1c \u0111\u1ed9ng tr\u1ef1c ti\u1ebfp c\u1ee7a h\u1ed7 tr\u1ee3 h\u00e0ng kh\u00f4ng<\/h3>\n<p>\u0110\u1ed1i v\u1edbi kh\u00e1ch h\u00e0ng B2B, vi\u1ec7c l\u1ef1a ch\u1ecdn \u0111\u00fang b\u01a1m kh\u00ed s\u1ebd gi\u00fap gi\u1ea3m thi\u1ec3u c\u00e1c khi\u1ebfu n\u1ea1i v\u1ec1 vi\u1ec7c c\u1eaft kh\u00f4ng ho\u00e0n ch\u1ec9nh ho\u1eb7c th\u1ea5u k\u00ednh b\u1ecb h\u01b0 h\u1ecfng. \u0110i\u1ec1u n\u00e0y d\u1eabn \u0111\u1ebfn t\u1ef7 l\u1ec7 gi\u1eef ch\u00e2n kh\u00e1ch h\u00e0ng cao h\u01a1n. M\u1ed9t b\u01a1m kh\u00ed \u0111\u00e1ng tin c\u1eady c\u00f3 th\u1ec3 lo\u1ea1i b\u1ecf c\u00e1c v\u1ea5n \u0111\u1ec1 li\u00ean quan \u0111\u1ebfn ch\u1ea5t l\u01b0\u1ee3ng c\u1eaft v\u00e0 \u0111\u1ea3m b\u1ea3o tr\u1ea3i nghi\u1ec7m v\u1eadn h\u00e0nh tr\u01a1n tru, t\u1eeb \u0111\u00f3 n\u00e2ng cao s\u1ef1 h\u00e0i l\u00f2ng v\u00e0 l\u00f2ng trung th\u00e0nh c\u1ee7a kh\u00e1ch h\u00e0ng.<\/p>\n<h2>3. Ph\u00e2n t\u00edch \u0111i\u1ec3m kh\u00f3 kh\u0103n: Chi ph\u00ed \u1ea9n c\u1ee7a m\u00e1y b\u01a1m h\u01a1i gi\u00e1 r\u1ebb<\/h2>\n<p>M\u1eb7c d\u00f9 vi\u1ec7c l\u1ef1a ch\u1ecdn m\u00e1y b\u01a1m kh\u00ed r\u1ebb h\u01a1n tho\u1ea1t nh\u00ecn c\u00f3 v\u1ebb ti\u1ebft ki\u1ec7m chi ph\u00ed, nh\u01b0ng n\u00f3 c\u00f3 th\u1ec3 ph\u00e1t sinh nh\u1eefng chi ph\u00ed \u1ea9n \u0111\u00e1ng k\u1ec3, \u1ea3nh h\u01b0\u1edfng \u0111\u1ebfn hi\u1ec7u qu\u1ea3 ho\u1ea1t \u0111\u1ed9ng.<\/p>\n<h3>Ch\u1ea5t l\u01b0\u1ee3ng c\u1eaft k\u00e9m<\/h3>\n<p>Lu\u1ed3ng kh\u00ed kh\u00f4ng \u1ed5n \u0111\u1ecbnh do m\u00e1y b\u01a1m k\u00e9m ch\u1ea5t l\u01b0\u1ee3ng th\u01b0\u1eddng d\u1eabn \u0111\u1ebfn c\u00e1c c\u1ea1nh b\u1ecb ch\u00e1y ho\u1eb7c v\u1ebft c\u1eaft b\u1ecb nh\u00f2e, t\u1ea1o ra c\u00e1c s\u1ea3n ph\u1ea9m ho\u00e0n thi\u1ec7n kh\u00f4ng \u0111\u1ea1t ti\u00eau chu\u1ea9n, c\u00f3 th\u1ec3 l\u00e0m t\u1ed5n h\u1ea1i \u0111\u1ebfn uy t\u00edn c\u1ee7a doanh nghi\u1ec7p. Ch\u1ea5t l\u01b0\u1ee3ng th\u1ea9m m\u1ef9 c\u1ee7a s\u1ea3n ph\u1ea9m cu\u1ed1i c\u00f9ng l\u00e0 t\u1ed1i quan tr\u1ecdng, \u0111\u1eb7c bi\u1ec7t \u0111\u1ed1i v\u1edbi ng\u01b0\u1eddi d\u00f9ng cu\u1ed1i, nh\u1eefng ng\u01b0\u1eddi c\u1ea7n \u0111\u1ed9 ch\u00ednh x\u00e1c v\u00e0 r\u00f5 n\u00e9t.<\/p>\n<h3>Nguy c\u01a1 h\u01b0 h\u1ecfng thi\u1ebft b\u1ecb<\/h3>\n<p>C\u00e1c lo\u1ea1i b\u01a1m kh\u00ed k\u00e9m ch\u1ea5t l\u01b0\u1ee3ng, \u0111\u1eb7c bi\u1ec7t l\u00e0 nh\u1eefng lo\u1ea1i ch\u1ee9a nhi\u1ec1u d\u1ea7u, c\u00f3 th\u1ec3 ph\u00e1t ra s\u01b0\u01a1ng d\u1ea7u ho\u1eb7c h\u01a1i \u1ea9m l\u00e0m \u00f4 nhi\u1ec5m th\u1ea5u k\u00ednh laser. \u0110i\u1ec1u n\u00e0y kh\u00f4ng ch\u1ec9 d\u1eabn \u0111\u1ebfn chi ph\u00ed s\u1eeda ch\u1eefa t\u1ed1n k\u00e9m m\u00e0 c\u00f2n c\u00f3 th\u1ec3 d\u1eabn \u0111\u1ebfn vi\u1ec7c tr\u1ea3 l\u1ea1i s\u1ea3n ph\u1ea9m, \u1ea3nh h\u01b0\u1edfng th\u00eam \u0111\u1ebfn l\u1ee3i nhu\u1eadn.<\/p>\n<h3>Ng\u0103n ch\u1eb7n ti\u1ebfng \u1ed3n<\/h3>\n<p>M\u00e1y n\u00e9n kh\u00ed truy\u1ec1n th\u1ed1ng c\u00f3 th\u1ec3 t\u1ea1o ra ti\u1ebfng \u1ed3n qu\u00e1 m\u1ee9c, \u0111i\u1ec1u n\u00e0y khi\u1ebfn ng\u01b0\u1eddi d\u00f9ng gia \u0111\u00ecnh v\u00e0 c\u00e1c kh\u00f4ng gian ch\u1ebf t\u1ea1o trong gi\u00e1o d\u1ee5c ng\u1ea7n ng\u1ea1i s\u1eed d\u1ee5ng m\u00e1y c\u1eaft laser. H\u1ea1n ch\u1ebf n\u00e0y thu h\u1eb9p ti\u1ec1m n\u0103ng th\u1ecb tr\u01b0\u1eddng v\u00e0 h\u1ea1n ch\u1ebf c\u01a1 h\u1ed9i b\u00e1n h\u00e0ng cho c\u00e1c nh\u00e0 ph\u00e2n ph\u1ed1i.<\/p>\n<h2>4. Gi\u1ea3i ph\u00e1p c\u1ee7a ch\u00fang t\u00f4i: \u0110\u1ecbnh ngh\u0129a l\u1ea1i d\u1ecbch v\u1ee5 h\u1ed7 tr\u1ee3 h\u00e0ng kh\u00f4ng chuy\u00ean nghi\u1ec7p<\/h2>\n<h3>Thi\u1ebft k\u1ebf kh\u00f4ng d\u1ea7u v\u00e0 kh\u00f4ng n\u01b0\u1edbc<\/h3>\n<p>M\u00e1y b\u01a1m kh\u00ed 100% c\u1ee7a ch\u00fang t\u00f4i t\u1ef1 h\u00e0o s\u1edf h\u1eefu thi\u1ebft k\u1ebf kh\u00f4ng d\u1ea7u v\u00e0 kh\u00f4ng n\u01b0\u1edbc, \u0111\u1ea3m b\u1ea3o c\u00e1c th\u1ea5u k\u00ednh laser \u0111\u01b0\u1ee3c b\u1ea3o v\u1ec7 ho\u00e0n to\u00e0n. \u0110i\u1ec1u n\u00e0y c\u00f3 ngh\u0129a l\u00e0 ng\u01b0\u1eddi d\u00f9ng cu\u1ed1i c\u00f3 th\u1ec3 v\u1eadn h\u00e0nh m\u00e1y m\u00f3c c\u1ee7a h\u1ecd m\u1ed9t c\u00e1ch an t\u00e2m, kh\u00f4ng ph\u1ea3i lo l\u1eafng v\u1ec1 c\u00e1c v\u1ea5n \u0111\u1ec1 b\u1ea3o tr\u00ec v\u00e0 \u00f4 nhi\u1ec5m.<\/p>\n<h3>C\u00f4ng ngh\u1ec7 si\u00eau y\u00ean t\u0129nh<\/h3>\n<p>\u0110\u01b0\u1ee3c thi\u1ebft k\u1ebf \u0111\u1eb7c bi\u1ec7t cho m\u00f4i tr\u01b0\u1eddng trong nh\u00e0 v\u00e0 ph\u00f2ng thu t\u1ea1i gia, m\u00e1y b\u01a1m kh\u00ed c\u1ee7a ch\u00fang t\u00f4i ho\u1ea1t \u0111\u1ed9ng v\u1edbi \u0111\u1ed9 \u1ed3n c\u1ef1c th\u1ea5p (d\u01b0\u1edbi 60dB). T\u00ednh n\u0103ng n\u00e0y gi\u00fap n\u00e2ng cao \u0111\u00e1ng k\u1ec3 tr\u1ea3i nghi\u1ec7m ng\u01b0\u1eddi d\u00f9ng, l\u00e0m cho n\u00f3 ph\u00f9 h\u1ee3p v\u1edbi nhi\u1ec1u \u1ee9ng d\u1ee5ng kh\u00e1c nhau m\u00e0 kh\u00f4ng g\u00e2y \u1ea3nh h\u01b0\u1edfng \u0111\u1ebfn m\u00f4i tr\u01b0\u1eddng xung quanh.<\/p>\n<h3>Hi\u1ec7u n\u0103ng m\u1ea1nh m\u1ebd<\/h3>\n<p>V\u1edbi l\u01b0u l\u01b0\u1ee3ng \u1ed5n \u0111\u1ecbnh 30 l\u00edt\/ph\u00fat, m\u00e1y b\u01a1m c\u1ee7a ch\u00fang t\u00f4i \u0111\u1ea3m b\u1ea3o ngay c\u1ea3 khi c\u1eaft g\u1ed7 d\u00e0y ho\u1eb7c v\u1eadt li\u1ec7u acrylic, c\u00e1c v\u1ebft c\u1eaft v\u1eabn s\u1ea1ch s\u1ebd, kh\u00f4ng kh\u00f3i v\u00e0 kh\u00f4ng m\u1ea3nh v\u1ee5n. \u0110\u1ed9 tin c\u1eady n\u00e0y gi\u00fap t\u0103ng hi\u1ec7u qu\u1ea3 v\u00e0 ch\u1ea5t l\u01b0\u1ee3ng s\u1ea3n ph\u1ea9m t\u1ed1t h\u01a1n cho ng\u01b0\u1eddi s\u1eed d\u1ee5ng cu\u1ed1i c\u00f9ng.<\/p>\n<h2>5. Kh\u1ea3 n\u0103ng t\u01b0\u01a1ng th\u00edch r\u1ed9ng r\u00e3i: Gi\u1ea3i ph\u00e1p tr\u1ecdn g\u00f3i<\/h2>\n<p>M\u00e1y b\u01a1m kh\u00ed c\u1ee7a ch\u00fang t\u00f4i \u0111\u01b0\u1ee3c thi\u1ebft k\u1ebf \u0111\u1ec3 t\u01b0\u01a1ng th\u00edch v\u1edbi 95% c\u1ee7a c\u00e1c m\u00e1y c\u1eaft laser ph\u1ed5 bi\u1ebfn tr\u00ean th\u1ecb tr\u01b0\u1eddng, bao g\u1ed3m xTool, Ortur, Atomstack v\u00e0 nhi\u1ec1u h\u1ec7 th\u1ed1ng laser CO2 kh\u00e1c nhau. Kh\u1ea3 n\u0103ng t\u01b0\u01a1ng th\u00edch r\u1ed9ng r\u00e3i n\u00e0y mang l\u1ea1i l\u1ee3i th\u1ebf \u0111\u00e1ng k\u1ec3 cho c\u00e1c nh\u00e0 ph\u00e2n ph\u1ed1i.<\/p>\n<h3>L\u1ee3i \u00edch d\u00e0nh cho nh\u00e0 ph\u00e2n ph\u1ed1i<\/h3>\n<p>B\u1eb1ng c\u00e1ch d\u1ef1 tr\u1eef m\u00e1y b\u01a1m kh\u00ed c\u1ee7a ch\u00fang t\u00f4i, c\u00e1c nh\u00e0 ph\u00e2n ph\u1ed1i c\u00f3 th\u1ec3 t\u1eadn h\u01b0\u1edfng s\u1ef1 ti\u1ec7n l\u1ee3i c\u1ee7a vi\u1ec7c \"m\u1ed9t m\u00e3 s\u1ea3n ph\u1ea9m ph\u00f9 h\u1ee3p v\u1edbi nhi\u1ec1u m\u00e1y m\u00f3c\", \u0111i\u1ec1u n\u00e0y gi\u00fap gi\u1ea3m \u0111\u00e1ng k\u1ec3 \u00e1p l\u1ef1c t\u1ed3n kho v\u00e0 s\u1ef1 ph\u1ee9c t\u1ea1p trong qu\u1ea3n l\u00fd kho. Hi\u1ec7u qu\u1ea3 n\u00e0y cho ph\u00e9p c\u00e1c nh\u00e0 ph\u00e2n ph\u1ed1i t\u1eadp trung v\u00e0o vi\u1ec7c m\u1edf r\u1ed9ng kinh doanh m\u00e0 kh\u00f4ng ph\u1ea3i ch\u1ecbu g\u00e1nh n\u1eb7ng qu\u1ea3n l\u00fd h\u00e0ng t\u1ed3n kho qu\u00e1 m\u1ee9c.<\/p>\n<h2>6. L\u1ee3i th\u1ebf c\u1ee7a chu\u1ed7i cung \u1ee9ng v\u00e0 quan h\u1ec7 \u0111\u1ed1i t\u00e1c<\/h2>\n<h3>S\u1ee9c m\u1ea1nh c\u1ee7a nh\u00e0 m\u00e1y<\/h3>\n<p>Cam k\u1ebft v\u1ec1 ch\u1ea5t l\u01b0\u1ee3ng c\u1ee7a ch\u00fang t\u00f4i \u0111\u01b0\u1ee3c th\u1ec3 hi\u1ec7n qua quy tr\u00ecnh ki\u1ec3m so\u00e1t ch\u1ea5t l\u01b0\u1ee3ng nghi\u00eam ng\u1eb7t, \u0111\u1ea3m b\u1ea3o t\u1ef7 l\u1ec7 l\u1ed7i c\u1ef1c th\u1ea5p, d\u01b0\u1edbi 1%. \u0110\u1ed9 tin c\u1eady n\u00e0y gi\u00fap ti\u1ebft ki\u1ec7m chi ph\u00ed h\u1eadu c\u1ea7n li\u00ean quan \u0111\u1ebfn vi\u1ec7c tr\u1ea3 l\u1ea1i v\u00e0 \u0111\u1ed5i h\u00e0ng, mang l\u1ea1i tr\u1ea3i nghi\u1ec7m v\u1eadn h\u00e0nh su\u00f4n s\u1ebb cho c\u00e1c \u0111\u1ed1i t\u00e1c c\u1ee7a ch\u00fang t\u00f4i.<\/p>\n<h3>D\u1ecbch v\u1ee5 t\u00f9y ch\u1ec9nh (OEM\/ODM)<\/h3>\n<p>Ch\u00fang t\u00f4i cung c\u1ea5p c\u00e1c d\u1ecbch v\u1ee5 t\u00f9y ch\u1ec9nh, bao g\u1ed3m \u0111\u1eb7t logo th\u01b0\u01a1ng hi\u1ec7u, thi\u1ebft k\u1ebf bao b\u00ec v\u00e0 \u0111i\u1ec1u ch\u1ec9nh cho c\u00e1c th\u00f4ng s\u1ed1 k\u1ef9 thu\u1eadt ph\u00edch c\u1eafm kh\u00e1c nhau. S\u1ef1 linh ho\u1ea1t n\u00e0y cho ph\u00e9p c\u00e1c \u0111\u1ed1i t\u00e1c x\u00e2y d\u1ef1ng b\u1ea3n s\u1eafc th\u01b0\u01a1ng hi\u1ec7u ri\u00eang, t\u1eeb \u0111\u00f3 n\u00e2ng cao h\u01a1n n\u1eefa s\u1ef1 hi\u1ec7n di\u1ec7n tr\u00ean th\u1ecb tr\u01b0\u1eddng.<\/p>\n<h3>H\u1ed7 tr\u1ee3 sau b\u00e1n h\u00e0ng<\/h3>\n<p>\u0110\u1ed9i ng\u0169 c\u1ee7a ch\u00fang t\u00f4i cam k\u1ebft cung c\u1ea5p ph\u1ea3n h\u1ed3i k\u1ef9 thu\u1eadt nhanh ch\u00f3ng v\u00e0 kh\u1ea3 n\u0103ng cung c\u1ea5p ph\u1ee5 t\u00f9ng thay th\u1ebf. Cam k\u1ebft h\u1ed7 tr\u1ee3 n\u00e0y \u0111\u1ea3m b\u1ea3o kh\u00e1ch h\u00e0ng c\u00f3 th\u1ec3 tin t\u01b0\u1edfng v\u00e0o ch\u00fang t\u00f4i \u0111\u1ec3 \u0111\u01b0\u1ee3c h\u1ed7 tr\u1ee3 k\u1ecbp th\u1eddi v\u00e0 duy tr\u00ec hi\u1ec7u qu\u1ea3 ho\u1ea1t \u0111\u1ed9ng li\u00ean t\u1ee5c.<\/p>\n<h2>7. K\u1ebft lu\u1eadn v\u00e0 L\u1eddi k\u00eau g\u1ecdi h\u00e0nh \u0111\u1ed9ng (CTA)<\/h2>\n<p>T\u00f3m l\u1ea1i, \u0111\u1eebng \u0111\u1ec3 c\u00e1c ph\u1ee5 ki\u1ec7n k\u00e9m ch\u1ea5t l\u01b0\u1ee3ng l\u00e0m \u1ea3nh h\u01b0\u1edfng \u0111\u1ebfn danh ti\u1ebfng c\u1ee7a nh\u1eefng m\u00e1y m\u00f3c cao c\u1ea5p c\u1ee7a b\u1ea1n. Vi\u1ec7c l\u1ef1a ch\u1ecdn m\u1ed9t m\u00e1y b\u01a1m kh\u00ed ch\u1ea5t l\u01b0\u1ee3ng ph\u00f9 h\u1ee3p v\u1edbi \u0111\u1eb3ng c\u1ea5p thi\u1ebft b\u1ecb l\u00e0 \u0111i\u1ec1u c\u1ea7n thi\u1ebft \u0111\u1ec3 duy tr\u00ec danh ti\u1ebfng xu\u1ea5t s\u1eafc trong ng\u00e0nh.<\/p>\n<p>H\u00e3y h\u00e0nh \u0111\u1ed9ng ngay h\u00f4m nay b\u1eb1ng c\u00e1ch li\u00ean h\u1ec7 v\u1edbi ch\u00fang t\u00f4i \u0111\u1ec3 \u0111\u01b0\u1ee3c d\u00f9ng th\u1eed m\u1eabu ho\u1eb7c nh\u1eadn b\u00e1o gi\u00e1 b\u00e1n bu\u00f4n B2B m\u1edbi nh\u1ea5t.<\/p>\n<p>Th\u0103m nom <a href=\"https:\/\/aircompressorforlasercutter.com\/vi\/lien-he-voi-chung-toi\/\">\u0111\u00e2y<\/a> \u0111\u1ec3 li\u00ean l\u1ea1c.<\/p>","protected":false},"excerpt":{"rendered":"<p>Laser Lens Cooling Air Pump System: The Unsung Hero of Laser Cutting 1. Introduction: The Unsung Hero In the world of laser cutting and engraving, buyers often invest significantly in high-end laser machines, yet the critical role of air pumps is frequently overlooked. These components might seem secondary, but they play a vital role in [&hellip;]<\/p>","protected":false},"featured_media":457,"comment_status":"open","ping_status":"closed","template":"","meta":{"_et_pb_use_builder":"","_et_pb_old_content":"","_et_gb_content_width":""},"product_brand":[],"product_cat":[1093],"product_tag":[1094],"class_list":{"0":"post-480","1":"product","2":"type-product","3":"status-publish","4":"has-post-thumbnail","6":"product_cat-air-compressor-for-laser-cutter","7":"product_tag-air-compressor-for-laser-cutter","9":"first","10":"instock","11":"shipping-taxable","12":"product-type-simple"},"_links":{"self":[{"href":"https:\/\/aircompressorforlasercutter.com\/vi\/wp-json\/wp\/v2\/product\/480","targetHints":{"allow":["GET"]}}],"collection":[{"href":"https:\/\/aircompressorforlasercutter.com\/vi\/wp-json\/wp\/v2\/product"}],"about":[{"href":"https:\/\/aircompressorforlasercutter.com\/vi\/wp-json\/wp\/v2\/types\/product"}],"replies":[{"embeddable":true,"href":"https:\/\/aircompressorforlasercutter.com\/vi\/wp-json\/wp\/v2\/comments?post=480"}],"wp:featuredmedia":[{"embeddable":true,"href":"https:\/\/aircompressorforlasercutter.com\/vi\/wp-json\/wp\/v2\/media\/457"}],"wp:attachment":[{"href":"https:\/\/aircompressorforlasercutter.com\/vi\/wp-json\/wp\/v2\/media?parent=480"}],"wp:term":[{"taxonomy":"product_brand","embeddable":true,"href":"https:\/\/aircompressorforlasercutter.com\/vi\/wp-json\/wp\/v2\/product_brand?post=480"},{"taxonomy":"product_cat","embeddable":true,"href":"https:\/\/aircompressorforlasercutter.com\/vi\/wp-json\/wp\/v2\/product_cat?post=480"},{"taxonomy":"product_tag","embeddable":true,"href":"https:\/\/aircompressorforlasercutter.com\/vi\/wp-json\/wp\/v2\/product_tag?post=480"}],"curies":[{"name":"wp","href":"https:\/\/api.w.org\/{rel}","templated":true}]}}