{"id":481,"date":"2026-01-14T08:26:20","date_gmt":"2026-01-14T08:26:20","guid":{"rendered":"https:\/\/aircompressorforlasercutter.com\/product\/air-blower-for-laser-cutter-debris-removal\/"},"modified":"2026-01-14T08:31:51","modified_gmt":"2026-01-14T08:31:51","slug":"air-blower-for-laser-cutter-debris-removal","status":"publish","type":"product","link":"https:\/\/aircompressorforlasercutter.com\/vi\/san-pham\/may-thoi-khi-de-loai-bo-manh-vun-may-cat-laser\/","title":{"rendered":"M\u00e1y th\u1ed5i kh\u00ed \u0111\u1ec3 lo\u1ea1i b\u1ecf m\u1ea3nh v\u1ee5n m\u00e1y c\u1eaft laser"},"content":{"rendered":"<h1>M\u00e1y th\u1ed5i kh\u00ed \u0111\u1ec3 lo\u1ea1i b\u1ecf m\u1ea3nh v\u1ee5n m\u00e1y c\u1eaft laser: Ng\u01b0\u1eddi h\u00f9ng th\u1ea7m l\u1eb7ng<\/h1>\n<h2>L\u1eddi gi\u1edbi thi\u1ec7u: Ng\u01b0\u1eddi anh h\u00f9ng th\u1ea7m l\u1eb7ng<\/h2>\n<p>Trong l\u0129nh v\u1ef1c c\u00f4ng ngh\u1ec7 c\u1eaft laser, m\u1ed9t b\u1ed9 ph\u1eadn quan tr\u1ecdng th\u01b0\u1eddng b\u1ecb lu m\u1edd b\u1edfi nh\u1eefng thi\u1ebft b\u1ecb h\u00e0o nho\u00e1ng h\u01a1n \u2013 \u0111\u00f3 l\u00e0 m\u00e1y th\u1ed5i kh\u00ed. Trong khi ng\u01b0\u1eddi mua \u0111\u1ea7u t\u01b0 m\u1ed9t kho\u1ea3n ti\u1ec1n \u0111\u00e1ng k\u1ec3 v\u00e0o c\u00e1c m\u00e1y kh\u1eafc laser cao c\u1ea5p, h\u1ecd th\u01b0\u1eddng b\u1ecf qua t\u1ea7m quan tr\u1ecdng c\u1ee7a m\u1ed9t m\u00e1y b\u01a1m kh\u00ed ch\u1ea5t l\u01b0\u1ee3ng. H\u1ec7 th\u1ed1ng h\u1ed7 tr\u1ee3 kh\u00ed kh\u00f4ng ch\u1ec9 \u0111\u01a1n thu\u1ea7n l\u00e0 m\u1ed9t ph\u1ee5 ki\u1ec7n; n\u00f3 \u0111\u00f3ng vai tr\u00f2 thi\u1ebft y\u1ebfu trong vi\u1ec7c quy\u1ebft \u0111\u1ecbnh c\u1ea3 ch\u1ea5t l\u01b0\u1ee3ng c\u1eaft v\u00e0 tu\u1ed5i th\u1ecd c\u1ee7a thi\u1ebft b\u1ecb.<\/p>\n<h2>B\u1ed1i c\u1ea3nh th\u1ecb tr\u01b0\u1eddng: T\u00ecnh h\u00ecnh hi\u1ec7n t\u1ea1i<\/h2>\n<p>Th\u1ecb tr\u01b0\u1eddng c\u1eaft laser \u0111ang ch\u1ee9ng ki\u1ebfn \u200b\u200bs\u1ef1 t\u0103ng tr\u01b0\u1edfng ch\u01b0a t\u1eebng c\u00f3, v\u1edbi c\u00e1c doanh nghi\u1ec7p h\u00e1o h\u1ee9c \u00e1p d\u1ee5ng c\u00f4ng ngh\u1ec7 ti\u00ean ti\u1ebfn. Tuy nhi\u00ean, nhi\u1ec1u ng\u01b0\u1eddi mua l\u1ea1i b\u1ecf qua b\u1ed9 ph\u1eadn th\u1ed5i kh\u00ed, m\u1ed9t ph\u1ea7n kh\u00f4ng th\u1ec3 thi\u1ebfu c\u1ee7a qu\u00e1 tr\u00ecnh c\u1eaft. N\u1ebfu kh\u00f4ng c\u00f3 h\u1ec7 th\u1ed1ng h\u1ed7 tr\u1ee3 kh\u00ed hi\u1ec7u qu\u1ea3, ti\u1ec1m n\u0103ng c\u1ee7a m\u00e1y c\u1eaft laser s\u1ebd b\u1ecb h\u1ea1n ch\u1ebf nghi\u00eam tr\u1ecdng. S\u1ef1 thi\u1ebfu s\u00f3t n\u00e0y c\u00f3 th\u1ec3 d\u1eabn \u0111\u1ebfn k\u1ebft qu\u1ea3 c\u1eaft k\u00e9m ch\u1ea5t l\u01b0\u1ee3ng, chi ph\u00ed b\u1ea3o tr\u00ec t\u0103ng cao v\u00e0 s\u1ef1 kh\u00f4ng h\u00e0i l\u00f2ng c\u1ee7a kh\u00e1ch h\u00e0ng.<\/p>\n<h2>\u00dd t\u01b0\u1edfng c\u1ed1t l\u00f5i: T\u1ea7m quan tr\u1ecdng c\u1ee7a h\u1ed7 tr\u1ee3 tr\u00ean kh\u00f4ng<\/h2>\n<p>\u0110\u1ea7u t\u01b0 v\u00e0o m\u00e1y th\u1ed5i kh\u00ed ch\u1ea5t l\u01b0\u1ee3ng cao mang l\u1ea1i nh\u1eefng l\u1ee3i \u00edch thi\u1ebft th\u1ef1c. \u0110\u1ed1i v\u1edbi c\u00e1c nh\u00e0 ph\u00e2n ph\u1ed1i, vi\u1ec7c l\u1ef1a ch\u1ecdn m\u00e1y b\u01a1m kh\u00ed ph\u00f9 h\u1ee3p gi\u00fap gi\u1ea3m thi\u1ec3u c\u00e1c khi\u1ebfu n\u1ea1i li\u00ean quan \u0111\u1ebfn v\u1ebft c\u1eaft kh\u00f4ng s\u1ea1ch v\u00e0 th\u1ea5u k\u00ednh b\u1ecb h\u01b0 h\u1ecfng, t\u1eeb \u0111\u00f3 d\u1eabn \u0111\u1ebfn t\u1ef7 l\u1ec7 gi\u1eef ch\u00e2n kh\u00e1ch h\u00e0ng cao h\u01a1n. H\u1ec7 th\u1ed1ng h\u1ed7 tr\u1ee3 kh\u00ed \u0111\u00e1ng tin c\u1eady \u0111\u1ea3m b\u1ea3o v\u1edbi kh\u00e1ch h\u00e0ng r\u1eb1ng kho\u1ea3n \u0111\u1ea7u t\u01b0 c\u1ee7a h\u1ecd v\u00e0o c\u00f4ng ngh\u1ec7 c\u1eaft laser s\u1ebd mang l\u1ea1i k\u1ebft qu\u1ea3 t\u1ed1t nh\u1ea5t.<\/p>\n<h2>Nh\u1eefng \u0111i\u1ec3m b\u1ea5t l\u1ee3i: Chi ph\u00ed \u1ea9n c\u1ee7a m\u00e1y th\u1ed5i kh\u00ed gi\u00e1 r\u1ebb<\/h2>\n<p>M\u1eb7c d\u00f9 vi\u1ec7c l\u1ef1a ch\u1ecdn m\u00e1y b\u01a1m h\u01a1i gi\u00e1 r\u1ebb c\u00f3 v\u1ebb h\u1ea5p d\u1eabn, nh\u01b0ng nh\u1eefng chi ph\u00ed \u1ea9n gi\u1ea5u c\u00f3 th\u1ec3 g\u00e2y ra h\u1eadu qu\u1ea3 nghi\u00eam tr\u1ecdng:<\/p>\n<h3>Ch\u1ea5t l\u01b0\u1ee3ng c\u1eaft k\u00e9m<\/h3>\n<p>Lu\u1ed3ng kh\u00ed kh\u00f4ng \u1ed5n \u0111\u1ecbnh t\u1eeb c\u00e1c m\u00e1y b\u01a1m k\u00e9m ch\u1ea5t l\u01b0\u1ee3ng d\u1eabn \u0111\u1ebfn hi\u1ec7n t\u01b0\u1ee3ng ch\u00e1y c\u1ea1nh v\u00e0 hi\u1ec7u su\u1ea5t c\u1eaft th\u1ea5p. \u0110i\u1ec1u n\u00e0y kh\u00f4ng ch\u1ec9 \u1ea3nh h\u01b0\u1edfng \u0111\u1ebfn t\u00ednh th\u1ea9m m\u1ef9 c\u1ee7a s\u1ea3n ph\u1ea9m ho\u00e0n thi\u1ec7n m\u00e0 c\u00f2n t\u00e1c \u0111\u1ed9ng \u0111\u1ebfn s\u1ef1 h\u00e0i l\u00f2ng c\u1ee7a ng\u01b0\u1eddi d\u00f9ng cu\u1ed1i.<\/p>\n<h3>Nguy c\u01a1 h\u01b0 h\u1ecfng thi\u1ebft b\u1ecb<\/h3>\n<p>C\u00e1c lo\u1ea1i b\u01a1m kh\u00ed ch\u1ea5t l\u01b0\u1ee3ng th\u1ea5p, \u0111\u1eb7c bi\u1ec7t l\u00e0 nh\u1eefng lo\u1ea1i c\u00f3 ch\u1ee9a d\u1ea7u, c\u00f3 th\u1ec3 gi\u1ea3i ph\u00f3ng h\u01a1i d\u1ea7u ho\u1eb7c h\u01a1i \u1ea9m l\u00e0m \u00f4 nhi\u1ec5m th\u1ea5u k\u00ednh laser. \u0110i\u1ec1u n\u00e0y d\u1eabn \u0111\u1ebfn chi ph\u00ed s\u1eeda ch\u1eefa ho\u1eb7c thay th\u1ebf t\u1ed1n k\u00e9m, l\u00e0m gi\u1ea3m gi\u00e1 tr\u1ecb t\u1ed5ng th\u1ec3 c\u1ee7a kho\u1ea3n \u0111\u1ea7u t\u01b0.<\/p>\n<h3>Ho\u1ea1t \u0111\u1ed9ng \u1ed3n \u00e0o<\/h3>\n<p>M\u00e1y n\u00e9n kh\u00ed truy\u1ec1n th\u1ed1ng th\u01b0\u1eddng \u1ed3n \u00e0o, g\u00e2y kh\u00f3 kh\u0103n cho vi\u1ec7c s\u1eed d\u1ee5ng trong c\u00e1c x\u01b0\u1edfng gia \u0111\u00ecnh v\u00e0 m\u00f4i tr\u01b0\u1eddng gi\u00e1o d\u1ee5c ch\u1ebf t\u1ea1o. \u0110i\u1ec1u n\u00e0y h\u1ea1n ch\u1ebf ti\u1ec1m n\u0103ng th\u1ecb tr\u01b0\u1eddng v\u00e0 g\u00e2y kh\u00f3 kh\u0103n cho c\u00e1c doanh nghi\u1ec7p trong vi\u1ec7c ph\u1ee5c v\u1ee5 nhi\u1ec1u \u0111\u1ed1i t\u01b0\u1ee3ng kh\u00e1ch h\u00e0ng h\u01a1n.<\/p>\n<h2>Gi\u1ea3i ph\u00e1p c\u1ee7a ch\u00fang t\u00f4i: \u0110\u1ecbnh ngh\u0129a l\u1ea1i d\u1ecbch v\u1ee5 h\u1ed7 tr\u1ee3 h\u00e0ng kh\u00f4ng chuy\u00ean nghi\u1ec7p<\/h2>\n<p>Ch\u00fang t\u00f4i gi\u1edbi thi\u1ec7u m\u1ed9t ti\u00eau chu\u1ea9n \u0111\u01b0\u1ee3c \u0111\u1ecbnh ngh\u0129a l\u1ea1i trong c\u00f4ng ngh\u1ec7 h\u1ed7 tr\u1ee3 kh\u00ed n\u00e9n:<\/p>\n<h3>Thi\u1ebft k\u1ebf kh\u00f4ng d\u1ea7u v\u00e0 kh\u00f4ng n\u01b0\u1edbc<\/h3>\n<p>M\u00e1y th\u1ed5i kh\u00ed c\u1ee7a ch\u00fang t\u00f4i c\u00f3 thi\u1ebft k\u1ebf kh\u00f4ng d\u1ea7u 100%, \u0111\u1ea3m b\u1ea3o b\u1ea3o v\u1ec7 ho\u00e0n to\u00e0n c\u00e1c th\u1ea5u k\u00ednh laser \u0111\u1ed3ng th\u1eddi lo\u1ea1i b\u1ecf nhu c\u1ea7u b\u1ea3o tr\u00ec th\u01b0\u1eddng xuy\u00ean. \u0110i\u1ec1u n\u00e0y cho ph\u00e9p ng\u01b0\u1eddi d\u00f9ng t\u1eadp trung v\u00e0o c\u00e1c d\u1ef1 \u00e1n s\u00e1ng t\u1ea1o c\u1ee7a h\u1ecd m\u00e0 kh\u00f4ng c\u1ea7n lo l\u1eafng v\u1ec1 vi\u1ec7c b\u1ea3o d\u01b0\u1ee1ng thi\u1ebft b\u1ecb.<\/p>\n<h3>C\u00f4ng ngh\u1ec7 si\u00eau y\u00ean t\u0129nh<\/h3>\n<p>\u0110\u01b0\u1ee3c thi\u1ebft k\u1ebf \u0111\u1eb7c bi\u1ec7t \u0111\u1ec3 s\u1eed d\u1ee5ng trong nh\u00e0 v\u00e0 ph\u00f2ng thu t\u1ea1i gia, m\u00e1y th\u1ed5i kh\u00ed c\u1ee7a ch\u00fang t\u00f4i ho\u1ea1t \u0111\u1ed9ng v\u1edbi \u0111\u1ed9 \u1ed3n c\u1ef1c th\u1ea5p (&lt;60dB), c\u1ea3i thi\u1ec7n \u0111\u00e1ng k\u1ec3 tr\u1ea3i nghi\u1ec7m ng\u01b0\u1eddi d\u00f9ng v\u00e0 ph\u00f9 h\u1ee3p v\u1edbi nhi\u1ec1u m\u00f4i tr\u01b0\u1eddng kh\u00e1c nhau.<\/p>\n<h3>Hi\u1ec7u su\u1ea5t m\u1ea1nh m\u1ebd<\/h3>\n<p>V\u1edbi l\u01b0u l\u01b0\u1ee3ng kh\u00ed \u1ed5n \u0111\u1ecbnh 30 l\u00edt\/ph\u00fat (ho\u1eb7c theo th\u00f4ng s\u1ed1 c\u1ee5 th\u1ec3 c\u1ee7a b\u1ea1n), m\u00e1y th\u1ed5i kh\u00ed c\u1ee7a ch\u00fang t\u00f4i \u0111\u1ea3m b\u1ea3o c\u00e1c v\u1ebft c\u1eaft s\u1ea1ch s\u1ebd, kh\u00f4ng kh\u00f3i ngay c\u1ea3 tr\u00ean c\u00e1c v\u1eadt li\u1ec7u d\u00e0y nh\u01b0 g\u1ed7 v\u00e0 acrylic. Hi\u1ec7u su\u1ea5t \u1ea5n t\u01b0\u1ee3ng n\u00e0y n\u00e2ng cao ch\u1ea5t l\u01b0\u1ee3ng c\u1eaft t\u1ed5ng th\u1ec3, d\u1eabn \u0111\u1ebfn s\u1ef1 h\u00e0i l\u00f2ng cao h\u01a1n c\u1ee7a ng\u01b0\u1eddi d\u00f9ng cu\u1ed1i.<\/p>\n<h2>Kh\u1ea3 n\u0103ng t\u01b0\u01a1ng th\u00edch r\u1ed9ng: Gi\u1ea3i ph\u00e1p tr\u1ecdn g\u00f3i<\/h2>\n<p>M\u00e1y th\u1ed5i kh\u00ed c\u1ee7a ch\u00fang t\u00f4i \u0111\u01b0\u1ee3c thi\u1ebft k\u1ebf \u0111\u1ec3 t\u01b0\u01a1ng th\u00edch r\u1ed9ng r\u00e3i:<\/p>\n<h3>Ph\u1ea1m vi r\u1ed9ng l\u1edbn<\/h3>\n<p>N\u00f3 ho\u00e0n to\u00e0n ph\u00f9 h\u1ee3p v\u1edbi c\u00e1c m\u1eabu m\u00e1y ph\u1ed5 bi\u1ebfn hi\u1ec7n c\u00f3 tr\u00ean th\u1ecb tr\u01b0\u1eddng (bao g\u1ed3m xTool, Ortur, Atomstack v\u00e0 nhi\u1ec1u m\u00e1y c\u1eaft laser CO2 kh\u00e1c). T\u00ednh linh ho\u1ea1t n\u00e0y khi\u1ebfn n\u00f3 tr\u1edf th\u00e0nh m\u1ed9t b\u1ed5 sung c\u00f3 gi\u00e1 tr\u1ecb cho kho h\u00e0ng c\u1ee7a b\u1ea5t k\u1ef3 nh\u00e0 ph\u00e2n ph\u1ed1i n\u00e0o.<\/p>\n<h3>L\u1ee3i \u00edch d\u00e0nh cho nh\u00e0 ph\u00e2n ph\u1ed1i<\/h3>\n<p>V\u1edbi m\u1ed9t m\u00e3 s\u1ea3n ph\u1ea9m duy nh\u1ea5t t\u01b0\u01a1ng th\u00edch v\u1edbi nhi\u1ec1u lo\u1ea1i m\u00e1y, b\u1ea1n c\u00f3 th\u1ec3 gi\u1ea3m \u0111\u00e1ng k\u1ec3 \u00e1p l\u1ef1c t\u1ed3n kho v\u00e0 s\u1ef1 ph\u1ee9c t\u1ea1p trong quy tr\u00ecnh nh\u1eadp h\u00e0ng. C\u00e1ch ti\u1ebfp c\u1eadn tinh g\u1ecdn n\u00e0y gi\u00fap n\u00e2ng cao hi\u1ec7u qu\u1ea3 ho\u1ea1t \u0111\u1ed9ng v\u00e0 l\u1ee3i nhu\u1eadn.<\/p>\n<h2>L\u1ee3i th\u1ebf c\u1ee7a chu\u1ed7i cung \u1ee9ng v\u00e0 quan h\u1ec7 \u0111\u1ed1i t\u00e1c<\/h2>\n<p>H\u1ee3p t\u00e1c v\u1edbi ch\u00fang t\u00f4i mang l\u1ea1i nhi\u1ec1u l\u1ee3i \u00edch:<\/p>\n<h3>Ch\u1ee9ng nh\u1eadn nh\u00e0 m\u00e1y v\u1eefng ch\u1eafc<\/h3>\n<p>Ch\u00fang t\u00f4i th\u1ef1c hi\u1ec7n c\u00e1c quy tr\u00ecnh ki\u1ec3m so\u00e1t ch\u1ea5t l\u01b0\u1ee3ng nghi\u00eam ng\u1eb7t, \u0111\u1ea3m b\u1ea3o t\u1ef7 l\u1ec7 l\u1ed7i c\u1ef1c th\u1ea5p (&lt;1%). Cam k\u1ebft v\u1ec1 ch\u1ea5t l\u01b0\u1ee3ng n\u00e0y gi\u00fap b\u1ea1n ti\u1ebft ki\u1ec7m chi ph\u00ed v\u1eadn chuy\u1ec3n li\u00ean quan \u0111\u1ebfn vi\u1ec7c tr\u1ea3 l\u1ea1i v\u00e0 \u0111\u1ed5i h\u00e0ng, t\u1eeb \u0111\u00f3 c\u1ea3i thi\u1ec7n l\u1ee3i nhu\u1eadn c\u1ee7a b\u1ea1n.<\/p>\n<h3>D\u1ecbch v\u1ee5 t\u00f9y ch\u1ec9nh (OEM\/ODM)<\/h3>\n<p>Ch\u00fang t\u00f4i cung c\u1ea5p c\u00e1c t\u00f9y ch\u1ecdn t\u00f9y ch\u1ec9nh, bao g\u1ed3m \u1ee9ng d\u1ee5ng logo th\u01b0\u01a1ng hi\u1ec7u, thi\u1ebft k\u1ebf bao b\u00ec v\u00e0 th\u00f4ng s\u1ed1 k\u1ef9 thu\u1eadt ph\u00edch c\u1eafm ph\u00f9 h\u1ee3p v\u1edbi t\u1eebng qu\u1ed1c gia. \u0110i\u1ec1u n\u00e0y cho ph\u00e9p b\u1ea1n x\u00e2y d\u1ef1ng nh\u1eadn di\u1ec7n th\u01b0\u01a1ng hi\u1ec7u ri\u00eang m\u1ed9t c\u00e1ch hi\u1ec7u qu\u1ea3.<\/p>\n<h3>H\u1ed7 tr\u1ee3 sau b\u00e1n h\u00e0ng<\/h3>\n<p>Kh\u1ea3 n\u0103ng ph\u1ea3n h\u1ed3i k\u1ef9 thu\u1eadt nhanh ch\u00f3ng v\u00e0 cung c\u1ea5p ph\u1ee5 t\u00f9ng thay th\u1ebf c\u1ee7a ch\u00fang t\u00f4i \u0111\u1ea3m b\u1ea3o ho\u1ea1t \u0111\u1ed9ng c\u1ee7a b\u1ea1n di\u1ec5n ra su\u00f4n s\u1ebb, gi\u1ea3m thi\u1ec3u th\u1eddi gian ng\u1eebng ho\u1ea1t \u0111\u1ed9ng v\u00e0 n\u00e2ng cao s\u1ef1 h\u00e0i l\u00f2ng c\u1ee7a kh\u00e1ch h\u00e0ng.<\/p>\n<h2>K\u1ebft lu\u1eadn v\u00e0 l\u1eddi k\u00eau g\u1ecdi h\u00e0nh \u0111\u1ed9ng<\/h2>\n<p>\u0110\u1eebng \u0111\u1ec3 c\u00e1c linh ki\u1ec7n k\u00e9m ch\u1ea5t l\u01b0\u1ee3ng l\u00e0m \u1ea3nh h\u01b0\u1edfng \u0111\u1ebfn danh ti\u1ebfng c\u1ee7a nh\u1eefng m\u00e1y m\u00f3c ch\u1ea5t l\u01b0\u1ee3ng cao c\u1ee7a b\u1ea1n. H\u00e3y ch\u1ecdn m\u1ed9t m\u00e1y th\u1ed5i kh\u00ed ph\u00f9 h\u1ee3p v\u1edbi ti\u00eau chu\u1ea9n ch\u1ea5t l\u01b0\u1ee3ng c\u1ee7a thi\u1ebft b\u1ecb v\u00e0 mang l\u1ea1i hi\u1ec7u su\u1ea5t v\u01b0\u1ee3t tr\u1ed9i.<\/p>\n<p>H\u00e3y li\u00ean h\u1ec7 v\u1edbi ch\u00fang t\u00f4i ngay h\u00f4m nay \u0111\u1ec3 d\u00f9ng th\u1eed m\u1eabu ho\u1eb7c \u0111\u1ec3 nh\u1eadn th\u00f4ng tin gi\u00e1 b\u00e1n bu\u00f4n B2B m\u1edbi nh\u1ea5t. <a href=\"https:\/\/aircompressorforlasercutter.com\/vi\/lien-he-voi-chung-toi\/\">H\u00e3y li\u00ean h\u1ec7 v\u1edbi ch\u00fang t\u00f4i t\u1ea1i \u0111\u00e2y!<\/a><\/p>","protected":false},"excerpt":{"rendered":"<p>Air Blower for Laser Cutter Debris Removal: The Unsung Hero Introduction: The Unsung Hero In the realm of laser cutting technology, one critical component often gets overshadowed by the more glamorous machinery??the air blower. While buyers invest significant amounts in high-end laser engraving machines, they frequently overlook the importance of a quality air pump. The [&hellip;]<\/p>","protected":false},"featured_media":457,"comment_status":"open","ping_status":"closed","template":"","meta":{"_et_pb_use_builder":"","_et_pb_old_content":"","_et_gb_content_width":""},"product_brand":[],"product_cat":[1093],"product_tag":[1095],"class_list":{"0":"post-481","1":"product","2":"type-product","3":"status-publish","4":"has-post-thumbnail","6":"product_cat-air-compressor-for-laser-cutter","7":"product_tag-air-compressor-for-laser-cutter-price","9":"first","10":"instock","11":"shipping-taxable","12":"product-type-simple"},"_links":{"self":[{"href":"https:\/\/aircompressorforlasercutter.com\/vi\/wp-json\/wp\/v2\/product\/481","targetHints":{"allow":["GET"]}}],"collection":[{"href":"https:\/\/aircompressorforlasercutter.com\/vi\/wp-json\/wp\/v2\/product"}],"about":[{"href":"https:\/\/aircompressorforlasercutter.com\/vi\/wp-json\/wp\/v2\/types\/product"}],"replies":[{"embeddable":true,"href":"https:\/\/aircompressorforlasercutter.com\/vi\/wp-json\/wp\/v2\/comments?post=481"}],"wp:featuredmedia":[{"embeddable":true,"href":"https:\/\/aircompressorforlasercutter.com\/vi\/wp-json\/wp\/v2\/media\/457"}],"wp:attachment":[{"href":"https:\/\/aircompressorforlasercutter.com\/vi\/wp-json\/wp\/v2\/media?parent=481"}],"wp:term":[{"taxonomy":"product_brand","embeddable":true,"href":"https:\/\/aircompressorforlasercutter.com\/vi\/wp-json\/wp\/v2\/product_brand?post=481"},{"taxonomy":"product_cat","embeddable":true,"href":"https:\/\/aircompressorforlasercutter.com\/vi\/wp-json\/wp\/v2\/product_cat?post=481"},{"taxonomy":"product_tag","embeddable":true,"href":"https:\/\/aircompressorforlasercutter.com\/vi\/wp-json\/wp\/v2\/product_tag?post=481"}],"curies":[{"name":"wp","href":"https:\/\/api.w.org\/{rel}","templated":true}]}}