{"id":482,"date":"2026-01-14T08:26:20","date_gmt":"2026-01-14T08:26:20","guid":{"rendered":"https:\/\/aircompressorforlasercutter.com\/product\/precision-air-assist-for-detailed-photo-engraving\/"},"modified":"2026-01-14T08:26:20","modified_gmt":"2026-01-14T08:26:20","slug":"precision-air-assist-for-detailed-photo-engraving","status":"publish","type":"product","link":"https:\/\/aircompressorforlasercutter.com\/vi\/san-pham\/ho-tro-khi-nen-chinh-xac-cho-viec-khac-anh-chi-tiet\/","title":{"rendered":"H\u1ed7 tr\u1ee3 kh\u00ed n\u00e9n ch\u00ednh x\u00e1c cho vi\u1ec7c kh\u1eafc \u1ea3nh chi ti\u1ebft."},"content":{"rendered":"<h1>H\u1ed7 tr\u1ee3 kh\u00ed n\u00e9n ch\u00ednh x\u00e1c cho vi\u1ec7c kh\u1eafc \u1ea3nh chi ti\u1ebft<\/h1>\n<h2>Ng\u01b0\u1eddi h\u00f9ng th\u1ea7m l\u1eb7ng trong l\u0129nh v\u1ef1c kh\u1eafc laser<\/h2>\n<p>Trong b\u1ed1i c\u1ea3nh c\u1ea1nh tranh kh\u1ed1c li\u1ec7t c\u1ee7a ng\u00e0nh kh\u1eafc laser, n\u01a1i c\u00f4ng ngh\u1ec7 giao thoa v\u1edbi ngh\u1ec7 thu\u1eadt, ng\u01b0\u1eddi ta d\u1ec5 d\u00e0ng b\u1ecf qua nh\u1eefng y\u1ebfu t\u1ed1 thi\u1ebft y\u1ebfu g\u00f3p ph\u1ea7n v\u00e0o ch\u1ea5t l\u01b0\u1ee3ng t\u1ed5ng th\u1ec3 c\u1ee7a s\u1ea3n ph\u1ea9m ho\u00e0n thi\u1ec7n. M\u1eb7c d\u00f9 nhi\u1ec1u ng\u01b0\u1eddi mua \u0111\u1ea7u t\u01b0 m\u1ed9t kho\u1ea3n ti\u1ec1n \u0111\u00e1ng k\u1ec3 \u0111\u1ec3 mua m\u00e1y kh\u1eafc laser cao c\u1ea5p, h\u1ecd th\u01b0\u1eddng b\u1ecf qua vai tr\u00f2 quan tr\u1ecdng c\u1ee7a m\u00e1y n\u00e9n kh\u00ed, m\u1ed9t ph\u1ee5 ki\u1ec7n thi\u1ebft y\u1ebfu \u1ea3nh h\u01b0\u1edfng \u0111\u00e1ng k\u1ec3 \u0111\u1ebfn qu\u00e1 tr\u00ecnh kh\u1eafc.<\/p>\n<p>H\u1ec7 th\u1ed1ng h\u1ed7 tr\u1ee3 kh\u00ed ch\u00ednh x\u00e1c kh\u00f4ng ch\u1ec9 \u0111\u01a1n thu\u1ea7n l\u00e0 m\u1ed9t ph\u1ee5 ki\u1ec7n b\u1ed5 sung; n\u00f3 \u0111\u00f3ng vai tr\u00f2 quan tr\u1ecdng trong vi\u1ec7c quy\u1ebft \u0111\u1ecbnh ch\u1ea5t l\u01b0\u1ee3ng c\u1eaft cu\u1ed1i c\u00f9ng v\u00e0 tu\u1ed5i th\u1ecd c\u1ee7a ch\u00ednh m\u00e1y. \u0110\u1ed1i v\u1edbi c\u00e1c doanh nghi\u1ec7p t\u1eadp trung v\u00e0o vi\u1ec7c cung c\u1ea5p d\u1ecbch v\u1ee5 kh\u1eafc laser ch\u1ea5t l\u01b0\u1ee3ng cao, vi\u1ec7c hi\u1ec3u \u0111\u01b0\u1ee3c t\u1ea7m quan tr\u1ecdng c\u1ee7a m\u1ed9t h\u1ec7 th\u1ed1ng h\u1ed7 tr\u1ee3 kh\u00ed ch\u1ea5t l\u01b0\u1ee3ng cao c\u00f3 th\u1ec3 t\u1ea1o ra s\u1ef1 kh\u00e1c bi\u1ec7t l\u1edbn.<\/p>\n<h2>B\u1ed1i c\u1ea3nh th\u1ecb tr\u01b0\u1eddng v\u00e0 nh\u1eefng hi\u1ec3u bi\u1ebft c\u1ed1t l\u00f5i<\/h2>\n<p>T\u00ecnh h\u00ecnh th\u1ecb tr\u01b0\u1eddng hi\u1ec7n nay cho th\u1ea5y m\u1ed9t xu h\u01b0\u1edbng \u0111\u00e1ng lo ng\u1ea1i. Nhi\u1ec1u nh\u00e0 ph\u00e2n ph\u1ed1i v\u00e0 ng\u01b0\u1eddi d\u00f9ng cu\u1ed1i \u01b0u ti\u00ean vi\u1ec7c mua s\u1eafm c\u00e1c m\u00e1y c\u1eaft v\u00e0 kh\u1eafc laser ti\u00ean ti\u1ebfn, th\u01b0\u1eddng d\u1eabn \u0111\u1ebfn m\u1ed9t thi\u1ebfu s\u00f3t quan tr\u1ecdng \u2013 m\u00e1y n\u00e9n kh\u00ed ho\u1eb7c h\u1ec7 th\u1ed1ng h\u1ed7 tr\u1ee3 kh\u00ed n\u00e9n. Khi \u0111\u00e1nh gi\u00e1 to\u00e0n b\u1ed9 thi\u1ebft l\u1eadp cho vi\u1ec7c kh\u1eafc laser, \u0111i\u1ec1u c\u1ea7n thi\u1ebft l\u00e0 ph\u1ea3i nh\u1eadn ra r\u1eb1ng h\u1ec7 th\u1ed1ng h\u1ed7 tr\u1ee3 kh\u00ed n\u00e9n kh\u00f4ng ch\u1ec9 n\u00e2ng cao hi\u1ec7u su\u1ea5t m\u00e0 c\u00f2n t\u00e1c \u0111\u1ed9ng s\u00e2u s\u1eafc \u0111\u1ebfn s\u1ef1 h\u00e0i l\u00f2ng v\u00e0 gi\u1eef ch\u00e2n kh\u00e1ch h\u00e0ng.<\/p>\n<p>\u0110\u1ed1i v\u1edbi c\u00e1c \u0111\u1ea1i l\u00fd, vi\u1ec7c l\u1ef1a ch\u1ecdn m\u1ed9t m\u00e1y n\u00e9n kh\u00ed \u0111\u00e1ng tin c\u1eady \u0111\u1ed3ng ngh\u0129a v\u1edbi vi\u1ec7c gi\u1ea3m thi\u1ec3u khi\u1ebfu n\u1ea1i c\u1ee7a kh\u00e1ch h\u00e0ng li\u00ean quan \u0111\u1ebfn ch\u1ea5t l\u01b0\u1ee3ng c\u1eaft kh\u00f4ng \u0111\u1ea1t y\u00eau c\u1ea7u ho\u1eb7c h\u01b0 h\u1ecfng th\u1ea5u k\u00ednh kh\u1eafc. \u0110i\u1ec1u n\u00e0y d\u1eabn \u0111\u1ebfn t\u1ef7 l\u1ec7 gi\u1eef ch\u00e2n kh\u00e1ch h\u00e0ng cao h\u01a1n, c\u1ee7ng c\u1ed1 t\u1ea7m quan tr\u1ecdng c\u1ee7a vi\u1ec7c \u0111\u1ea7u t\u01b0 v\u00e0o m\u1ed9t gi\u1ea3i ph\u00e1p h\u1ed7 tr\u1ee3 kh\u00ed n\u00e9n ch\u1ea5t l\u01b0\u1ee3ng cao.<\/p>\n<h2>Ph\u00e2n t\u00edch \u0111i\u1ec3m y\u1ebfu: Chi ph\u00ed \u1ea9n c\u1ee7a m\u00e1y b\u01a1m h\u01a1i ch\u1ea5t l\u01b0\u1ee3ng th\u1ea5p<\/h2>\n<h3>Ch\u1ea5t l\u01b0\u1ee3ng c\u1eaft k\u00e9m<\/h3>\n<p>M\u1ed9t trong nh\u1eefng nh\u01b0\u1ee3c \u0111i\u1ec3m \u0111\u00e1ng k\u1ec3 nh\u1ea5t c\u1ee7a vi\u1ec7c s\u1eed d\u1ee5ng b\u01a1m kh\u00ed gi\u00e1 r\u1ebb l\u00e0 \u1ea3nh h\u01b0\u1edfng x\u1ea5u \u0111\u1ebfn ch\u1ea5t l\u01b0\u1ee3ng c\u1eaft. Lu\u1ed3ng kh\u00ed kh\u00f4ng \u1ed5n \u0111\u1ecbnh c\u00f3 th\u1ec3 d\u1eabn \u0111\u1ebfn c\u00e1c c\u1ea1nh b\u1ecb ch\u00e1y x\u00e9m tr\u00ean v\u1eadt li\u1ec7u, gi\u1ea3m hi\u1ec7u qu\u1ea3 c\u1eaft v\u00e0 cu\u1ed1i c\u00f9ng \u1ea3nh h\u01b0\u1edfng \u0111\u1ebfn t\u00ednh th\u1ea9m m\u1ef9 c\u1ee7a s\u1ea3n ph\u1ea9m cu\u1ed1i c\u00f9ng. Nh\u1eefng l\u1ed7i n\u00e0y kh\u00f4ng ch\u1ec9 l\u00e0m gi\u1ea3m ch\u1ea5t l\u01b0\u1ee3ng m\u00e0 c\u00f2n c\u00f3 th\u1ec3 d\u1eabn \u0111\u1ebfn s\u1ef1 kh\u00f4ng h\u00e0i l\u00f2ng c\u1ee7a kh\u00e1ch h\u00e0ng.<\/p>\n<h3>R\u1ee7i ro h\u01b0 h\u1ecfng thi\u1ebft b\u1ecb<\/h3>\n<p>Vi\u1ec7c s\u1eed d\u1ee5ng b\u01a1m kh\u00ed k\u00e9m ch\u1ea5t l\u01b0\u1ee3ng, \u0111\u1eb7c bi\u1ec7t l\u00e0 nh\u1eefng lo\u1ea1i th\u1ea3i ra d\u1ea7u ho\u1eb7c h\u01a1i \u1ea9m, ti\u1ec1m \u1ea9n r\u1ee7i ro \u0111\u00e1ng k\u1ec3 \u0111\u1ed1i v\u1edbi th\u1ea5u k\u00ednh laser. C\u00e1c ch\u1ea5t g\u00e2y \u00f4 nhi\u1ec5m t\u1eeb h\u1ec7 th\u1ed1ng h\u1ed7 tr\u1ee3 kh\u00ed k\u00e9m ch\u1ea5t l\u01b0\u1ee3ng c\u00f3 th\u1ec3 d\u1eabn \u0111\u1ebfn chi ph\u00ed s\u1eeda ch\u1eefa v\u00e0 tr\u1ea3 l\u1ea1i h\u00e0ng t\u1ed1n k\u00e9m do h\u01b0 h\u1ecfng, \u1ea3nh h\u01b0\u1edfng \u0111\u1ebfn uy t\u00edn v\u00e0 l\u1ee3i nhu\u1eadn c\u1ee7a doanh nghi\u1ec7p.<\/p>\n<h3>C\u00e1c bi\u1ec7n ph\u00e1p ng\u0103n ch\u1eb7n ti\u1ebfng \u1ed3n<\/h3>\n<p>M\u00e1y n\u00e9n kh\u00ed truy\u1ec1n th\u1ed1ng th\u01b0\u1eddng t\u1ea1o ra ti\u1ebfng \u1ed3n qu\u00e1 m\u1ee9c, h\u1ea1n ch\u1ebf kh\u1ea3 n\u0103ng s\u1eed d\u1ee5ng ch\u00fang trong m\u00f4i tr\u01b0\u1eddng gia \u0111\u00ecnh ho\u1eb7c tr\u01b0\u1eddng h\u1ecdc. H\u1ea1n ch\u1ebf n\u00e0y thu h\u1eb9p th\u1ecb tr\u01b0\u1eddng ti\u1ec1m n\u0103ng c\u1ee7a b\u1ea1n, v\u00ec nh\u1eefng ng\u01b0\u1eddi \u0111am m\u00ea t\u1ef1 ch\u1ebf v\u00e0 c\u00e1c t\u1ed5 ch\u1ee9c gi\u00e1o d\u1ee5c \u0111\u1ec1u e ng\u1ea1i ti\u1ebfng \u1ed3n khi v\u1eadn h\u00e0nh m\u00e1y n\u00e9n kh\u00ed th\u00f4ng th\u01b0\u1eddng.<\/p>\n<h2>Gi\u1ea3i ph\u00e1p c\u1ee7a ch\u00fang t\u00f4i: \u0110\u1ecbnh ngh\u0129a l\u1ea1i d\u1ecbch v\u1ee5 h\u1ed7 tr\u1ee3 h\u00e0ng kh\u00f4ng chuy\u00ean nghi\u1ec7p<\/h2>\n<h3>Thi\u1ebft k\u1ebf kh\u00f4ng d\u1ea7u, kh\u00f4ng n\u01b0\u1edbc<\/h3>\n<p>H\u1ec7 th\u1ed1ng h\u1ed7 tr\u1ee3 kh\u00ed ch\u00ednh x\u00e1c c\u1ee7a ch\u00fang t\u00f4i \u0111\u01b0\u1ee3c thi\u1ebft k\u1ebf kh\u00f4ng d\u1ea7u v\u00e0 kh\u00f4ng n\u01b0\u1edbc, \u0111\u1ea3m b\u1ea3o kh\u1ea3 n\u0103ng b\u1ea3o v\u1ec7 100% cho th\u1ea5u k\u00ednh laser. T\u00ednh n\u0103ng n\u00e0y kh\u00f4ng ch\u1ec9 gi\u1ea3m b\u1edbt g\u00e1nh n\u1eb7ng b\u1ea3o tr\u00ec cho ng\u01b0\u1eddi d\u00f9ng cu\u1ed1i m\u00e0 c\u00f2n t\u0103ng tu\u1ed5i th\u1ecd thi\u1ebft b\u1ecb, mang l\u1ea1i s\u1ef1 an t\u00e2m v\u00e0 tr\u1ea3i nghi\u1ec7m kh\u1eafc li\u1ec1n m\u1ea1ch.<\/p>\n<h3>C\u00f4ng ngh\u1ec7 si\u00eau y\u00ean t\u0129nh<\/h3>\n<p>\u0110\u01b0\u1ee3c ph\u00e1t tri\u1ec3n \u0111\u1eb7c bi\u1ec7t cho c\u00e1c \u1ee9ng d\u1ee5ng trong nh\u00e0 v\u00e0 ph\u00f2ng thu t\u1ea1i gia, h\u1ec7 th\u1ed1ng h\u1ed7 tr\u1ee3 kh\u00ed c\u1ee7a ch\u00fang t\u00f4i s\u1eed d\u1ee5ng c\u00f4ng ngh\u1ec7 si\u00eau y\u00ean t\u0129nh, gi\u1eef m\u1ee9c \u0111\u1ed9 ti\u1ebfng \u1ed3n d\u01b0\u1edbi 60dB. Vi\u1ec7c gi\u1ea3m \u0111\u00e1ng k\u1ec3 ti\u1ebfng \u1ed3n khi ho\u1ea1t \u0111\u1ed9ng gi\u00fap n\u00e2ng cao tr\u1ea3i nghi\u1ec7m ng\u01b0\u1eddi d\u00f9ng, l\u00fd t\u01b0\u1edfng cho c\u00e1c m\u00f4i tr\u01b0\u1eddng m\u00e0 vi\u1ec7c gi\u1ea3m ti\u1ebfng \u1ed3n l\u00e0 t\u1ed1i quan tr\u1ecdng.<\/p>\n<h3>Hi\u1ec7u su\u1ea5t m\u1ea1nh m\u1ebd<\/h3>\n<p>V\u1edbi c\u00f4ng su\u1ea5t \u1ed5n \u0111\u1ecbnh 30 l\u00edt\/ph\u00fat, h\u1ec7 th\u1ed1ng h\u1ed7 tr\u1ee3 kh\u00ed c\u1ee7a ch\u00fang t\u00f4i \u0111\u1ea3m b\u1ea3o ng\u01b0\u1eddi d\u00f9ng c\u00f3 th\u1ec3 t\u1ea1o ra nh\u1eefng \u0111\u01b0\u1eddng c\u1eaft s\u1ea1ch s\u1ebd, kh\u00f4ng kh\u00f3i, ngay c\u1ea3 tr\u00ean g\u1ed7 d\u00e0y ho\u1eb7c v\u1eadt li\u1ec7u acrylic. Hi\u1ec7u su\u1ea5t m\u1ea1nh m\u1ebd n\u00e0y \u0111\u1ea3m b\u1ea3o c\u00e1c chuy\u00ean gia kh\u1eafc laser c\u00f3 th\u1ec3 t\u1ea1o ra nh\u1eefng s\u1ea3n ph\u1ea9m ch\u1ea5t l\u01b0\u1ee3ng cao \u0111\u00e1p \u1ee9ng k\u1ef3 v\u1ecdng c\u1ee7a nh\u1eefng kh\u00e1ch h\u00e0ng kh\u00f3 t\u00ednh.<\/p>\n<h2>Kh\u1ea3 n\u0103ng t\u01b0\u01a1ng th\u00edch to\u00e0n di\u1ec7n: Gi\u1ea3i ph\u00e1p tr\u1ecdn g\u00f3i<\/h2>\n<h3>\u1ee8ng d\u1ee5ng r\u1ed9ng r\u00e3i<\/h3>\n<p>H\u1ec7 th\u1ed1ng h\u1ed7 tr\u1ee3 kh\u00ed n\u00e9n c\u1ee7a ch\u00fang t\u00f4i \u0111\u01b0\u1ee3c thi\u1ebft k\u1ebf \u0111\u1ec3 t\u00edch h\u1ee3p ho\u00e0n h\u1ea3o v\u1edbi c\u00e1c m\u00e1y kh\u1eafc laser th\u00f4ng d\u1ee5ng tr\u00ean th\u1ecb tr\u01b0\u1eddng, bao g\u1ed3m c\u00e1c th\u01b0\u01a1ng hi\u1ec7u n\u1ed5i ti\u1ebfng nh\u01b0 xTool, Ortur, Atomstack v\u00e0 nhi\u1ec1u m\u00e1y laser CO2 kh\u00e1c. Kh\u1ea3 n\u0103ng t\u01b0\u01a1ng th\u00edch r\u1ed9ng r\u00e3i n\u00e0y \u0111\u1ea3m b\u1ea3o c\u00e1c \u0111\u1ea1i l\u00fd c\u00f3 th\u1ec3 ph\u1ee5c v\u1ee5 nhi\u1ec1u \u0111\u1ed1i t\u01b0\u1ee3ng kh\u00e1ch h\u00e0ng kh\u00e1c nhau m\u00e0 kh\u00f4ng c\u1ea7n qu\u1ea3n l\u00fd nhi\u1ec1u m\u00e3 s\u1ea3n ph\u1ea9m (SKU).<\/p>\n<h3>L\u1ee3i \u00edch d\u00e0nh cho \u0111\u1ea1i l\u00fd<\/h3>\n<p>B\u1eb1ng c\u00e1ch cung c\u1ea5p m\u1ed9t m\u00e3 s\u1ea3n ph\u1ea9m duy nh\u1ea5t ph\u00f9 h\u1ee3p v\u1edbi nhi\u1ec1u lo\u1ea1i m\u00e1y, c\u00e1c \u0111\u1ea1i l\u00fd c\u00f3 th\u1ec3 gi\u1ea3m \u0111\u00e1ng k\u1ec3 \u00e1p l\u1ef1c t\u1ed3n kho v\u00e0 s\u1ef1 ph\u1ee9c t\u1ea1p trong qu\u1ea3n l\u00fd kho. C\u00e1ch ti\u1ebfp c\u1eadn tinh g\u1ecdn n\u00e0y kh\u00f4ng ch\u1ec9 n\u00e2ng cao hi\u1ec7u qu\u1ea3 ho\u1ea1t \u0111\u1ed9ng m\u00e0 c\u00f2n cho ph\u00e9p \u0111\u00e1p \u1ee9ng nhanh h\u01a1n nhu c\u1ea7u th\u1ecb tr\u01b0\u1eddng.<\/p>\n<h2>L\u1ee3i th\u1ebf c\u1ee7a chu\u1ed7i cung \u1ee9ng v\u00e0 quan h\u1ec7 \u0111\u1ed1i t\u00e1c<\/h2>\n<h3>S\u1ee9c m\u1ea1nh c\u1ee7a nh\u00e0 m\u00e1y<\/h3>\n<p>Cam k\u1ebft v\u1ec1 ch\u1ea5t l\u01b0\u1ee3ng c\u1ee7a ch\u00fang t\u00f4i \u0111\u01b0\u1ee3c th\u1ec3 hi\u1ec7n qua quy tr\u00ecnh ki\u1ec3m so\u00e1t ch\u1ea5t l\u01b0\u1ee3ng nghi\u00eam ng\u1eb7t, duy tr\u00ec t\u1ef7 l\u1ec7 l\u1ed7i d\u01b0\u1edbi 11%\/3%. Vi\u1ec7c \u0111\u1ea3m b\u1ea3o ch\u1ea5t l\u01b0\u1ee3ng v\u01b0\u1ee3t tr\u1ed9i n\u00e0y gi\u00fap gi\u1ea3m thi\u1ec3u chi ph\u00ed v\u1eadn chuy\u1ec3n li\u00ean quan \u0111\u1ebfn vi\u1ec7c tr\u1ea3 l\u1ea1i v\u00e0 \u0111\u1ed5i h\u00e0ng, t\u1eeb \u0111\u00f3 mang l\u1ea1i l\u1ee3i \u00edch cho l\u1ee3i nhu\u1eadn c\u1ee7a b\u1ea1n.<\/p>\n<h3>D\u1ecbch v\u1ee5 t\u00f9y ch\u1ec9nh (OEM\/ODM)<\/h3>\n<p>Ch\u00fang t\u00f4i cung c\u1ea5p c\u00e1c d\u1ecbch v\u1ee5 \u0111\u01b0\u1ee3c thi\u1ebft k\u1ebf ri\u00eang, bao g\u1ed3m t\u00f9y ch\u1ec9nh logo th\u01b0\u01a1ng hi\u1ec7u, thi\u1ebft k\u1ebf bao b\u00ec v\u00e0 \u0111i\u1ec1u ch\u1ec9nh cho c\u00e1c th\u00f4ng s\u1ed1 k\u1ef9 thu\u1eadt ph\u00edch c\u1eafm kh\u00e1c nhau. S\u1ef1 linh ho\u1ea1t n\u00e0y cho ph\u00e9p b\u1ea1n x\u00e2y d\u1ef1ng v\u00e0 qu\u1ea3ng b\u00e1 nh\u1eadn di\u1ec7n th\u01b0\u01a1ng hi\u1ec7u m\u1ed9t c\u00e1ch hi\u1ec7u qu\u1ea3, \u0111\u00e1p \u1ee9ng s\u1edf th\u00edch ri\u00eang bi\u1ec7t c\u1ee7a th\u1ecb tr\u01b0\u1eddng m\u1ee5c ti\u00eau.<\/p>\n<h3>H\u1ed7 tr\u1ee3 sau b\u00e1n h\u00e0ng<\/h3>\n<p>Kh\u1ea3 n\u0103ng ph\u1ea3n h\u1ed3i k\u1ef9 thu\u1eadt nhanh ch\u00f3ng v\u00e0 cung c\u1ea5p ph\u1ee5 t\u00f9ng thay th\u1ebf c\u1ee7a ch\u00fang t\u00f4i \u0111\u1ea3m b\u1ea3o ho\u1ea1t \u0111\u1ed9ng c\u1ee7a b\u1ea1n di\u1ec5n ra su\u00f4n s\u1ebb. Ch\u00fang t\u00f4i hi\u1ec3u t\u1ea7m quan tr\u1ecdng c\u1ee7a vi\u1ec7c h\u1ed7 tr\u1ee3 k\u1ecbp th\u1eddi, \u0111\u1eb7c bi\u1ec7t trong m\u00f4i tr\u01b0\u1eddng kh\u1eafc laser t\u1ed1c \u0111\u1ed9 cao, \u0111\u00f3 l\u00e0 l\u00fd do t\u1ea1i sao d\u1ecbch v\u1ee5 h\u1eadu m\u00e3i c\u1ee7a ch\u00fang t\u00f4i \u0111\u01b0\u1ee3c thi\u1ebft k\u1ebf \u0111\u1ec3 \u0111\u00e1p \u1ee9ng nhu c\u1ea7u c\u1ee7a b\u1ea1n m\u1ed9t c\u00e1ch nhanh ch\u00f3ng v\u00e0 hi\u1ec7u qu\u1ea3.<\/p>\n<h2>K\u1ebft lu\u1eadn v\u00e0 l\u1eddi k\u00eau g\u1ecdi h\u00e0nh \u0111\u1ed9ng<\/h2>\n<p>T\u00f3m l\u1ea1i, \u0111\u1eebng \u0111\u1ec3 c\u00e1c ph\u1ee5 ki\u1ec7n k\u00e9m ch\u1ea5t l\u01b0\u1ee3ng l\u00e0m \u1ea3nh h\u01b0\u1edfng \u0111\u1ebfn danh ti\u1ebfng c\u1ee7a nh\u1eefng m\u00e1y m\u00f3c cao c\u1ea5p c\u1ee7a b\u1ea1n. Vi\u1ec7c l\u1ef1a ch\u1ecdn h\u1ec7 th\u1ed1ng h\u1ed7 tr\u1ee3 kh\u00ed n\u00e9n ph\u00f9 h\u1ee3p v\u1edbi ch\u1ea5t l\u01b0\u1ee3ng thi\u1ebft b\u1ecb l\u00e0 r\u1ea5t quan tr\u1ecdng \u0111\u1ec3 duy tr\u00ec s\u1ef1 h\u00e0i l\u00f2ng c\u1ee7a kh\u00e1ch h\u00e0ng v\u00e0 th\u00e0nh c\u00f4ng trong ho\u1ea1t \u0111\u1ed9ng.<\/p>\n<p>Li\u00ean h\u1ec7 v\u1edbi ch\u00fang t\u00f4i ngay h\u00f4m nay \u0111\u1ec3 y\u00eau c\u1ea7u th\u1eed nghi\u1ec7m m\u1eabu ho\u1eb7c nh\u1eadn th\u00f4ng tin gi\u00e1 b\u00e1n bu\u00f4n B2B m\u1edbi nh\u1ea5t. N\u00e2ng cao kh\u1ea3 n\u0103ng kh\u1eafc laser c\u1ee7a b\u1ea1n v\u1edbi h\u1ec7 th\u1ed1ng h\u1ed7 tr\u1ee3 kh\u00ed ch\u00ednh x\u00e1c c\u1ee7a Ever-power v\u00e0 c\u1ea3m nh\u1eadn s\u1ef1 kh\u00e1c bi\u1ec7t v\u1ec1 ch\u1ea5t l\u01b0\u1ee3ng v\u00e0 hi\u1ec7u su\u1ea5t.<\/p>\n<p><a href=\"https:\/\/aircompressorforlasercutter.com\/vi\/lien-he-voi-chung-toi\/\">H\u00e3y li\u00ean h\u1ec7 v\u1edbi ch\u00fang t\u00f4i ngay!<\/a><\/p>","protected":false},"excerpt":{"rendered":"<p>Precision Air Assist for Detailed Photo Engraving The Unsung Hero in Laser Engraving In the competitive landscape of laser engraving, where technology meets artistry, it is easy to overlook the essential components that contribute to the overall quality of the finished product. While many buyers invest substantial amounts in purchasing high-end laser engraving machines, they [&hellip;]<\/p>","protected":false},"featured_media":457,"comment_status":"open","ping_status":"closed","template":"","meta":{"_et_pb_use_builder":"","_et_pb_old_content":"","_et_gb_content_width":""},"product_brand":[],"product_cat":[1093],"product_tag":[1096],"class_list":{"0":"post-482","1":"product","2":"type-product","3":"status-publish","4":"has-post-thumbnail","6":"product_cat-air-compressor-for-laser-cutter","7":"product_tag-air-compressor-for-laser-cutter-cost","9":"first","10":"instock","11":"shipping-taxable","12":"product-type-simple"},"_links":{"self":[{"href":"https:\/\/aircompressorforlasercutter.com\/vi\/wp-json\/wp\/v2\/product\/482","targetHints":{"allow":["GET"]}}],"collection":[{"href":"https:\/\/aircompressorforlasercutter.com\/vi\/wp-json\/wp\/v2\/product"}],"about":[{"href":"https:\/\/aircompressorforlasercutter.com\/vi\/wp-json\/wp\/v2\/types\/product"}],"replies":[{"embeddable":true,"href":"https:\/\/aircompressorforlasercutter.com\/vi\/wp-json\/wp\/v2\/comments?post=482"}],"wp:featuredmedia":[{"embeddable":true,"href":"https:\/\/aircompressorforlasercutter.com\/vi\/wp-json\/wp\/v2\/media\/457"}],"wp:attachment":[{"href":"https:\/\/aircompressorforlasercutter.com\/vi\/wp-json\/wp\/v2\/media?parent=482"}],"wp:term":[{"taxonomy":"product_brand","embeddable":true,"href":"https:\/\/aircompressorforlasercutter.com\/vi\/wp-json\/wp\/v2\/product_brand?post=482"},{"taxonomy":"product_cat","embeddable":true,"href":"https:\/\/aircompressorforlasercutter.com\/vi\/wp-json\/wp\/v2\/product_cat?post=482"},{"taxonomy":"product_tag","embeddable":true,"href":"https:\/\/aircompressorforlasercutter.com\/vi\/wp-json\/wp\/v2\/product_tag?post=482"}],"curies":[{"name":"wp","href":"https:\/\/api.w.org\/{rel}","templated":true}]}}