{"id":483,"date":"2026-01-14T08:26:20","date_gmt":"2026-01-14T08:26:20","guid":{"rendered":"https:\/\/aircompressorforlasercutter.com\/product\/variable-speed-air-assist-compressor-for-laser\/"},"modified":"2026-01-14T08:31:33","modified_gmt":"2026-01-14T08:31:33","slug":"variable-speed-air-assist-compressor-for-laser","status":"publish","type":"product","link":"https:\/\/aircompressorforlasercutter.com\/vi\/san-pham\/may-nen-khi-ho-tro-toc-do-bien-doi-cho-laser\/","title":{"rendered":"M\u00e1y n\u00e9n kh\u00ed h\u1ed7 tr\u1ee3 t\u1ed1c \u0111\u1ed9 bi\u1ebfn \u0111\u1ed5i cho laser"},"content":{"rendered":"<h1>M\u00e1y n\u00e9n kh\u00ed h\u1ed7 tr\u1ee3 t\u1ed1c \u0111\u1ed9 bi\u1ebfn \u0111\u1ed5i cho m\u00e1y laser<\/h1>\n<h2>Ng\u01b0\u1eddi h\u00f9ng th\u1ea7m l\u1eb7ng ph\u00eda sau h\u1eadu tr\u01b0\u1eddng<\/h2>\n<p>Ng\u00e0nh c\u00f4ng nghi\u1ec7p kh\u1eafc laser \u0111ang ph\u00e1t tri\u1ec3n m\u1ea1nh m\u1ebd, v\u1edbi nhi\u1ec1u ng\u01b0\u1eddi mua \u0111\u1ea7u t\u01b0 nh\u1eefng kho\u1ea3n ti\u1ec1n \u0111\u00e1ng k\u1ec3 v\u00e0o c\u00e1c m\u00e1y kh\u1eafc laser ch\u1ea5t l\u01b0\u1ee3ng cao. Tuy nhi\u00ean, trong qu\u00e1 tr\u00ecnh theo \u0111u\u1ed5i s\u1ef1 ho\u00e0n h\u1ea3o n\u00e0y, nhi\u1ec1u ng\u01b0\u1eddi l\u1ea1i b\u1ecf qua m\u1ed9t th\u00e0nh ph\u1ea7n quan tr\u1ecdng: m\u00e1y n\u00e9n kh\u00ed h\u1ed7 tr\u1ee3. Ph\u1ee5 ki\u1ec7n thi\u1ebft y\u1ebfu n\u00e0y kh\u00f4ng ch\u1ec9 \u0111\u01a1n thu\u1ea7n l\u00e0 m\u1ed9t b\u1ed9 ph\u1eadn b\u1ed5 sung; n\u00f3 \u1ea3nh h\u01b0\u1edfng c\u01a1 b\u1ea3n \u0111\u1ebfn c\u1ea3 ch\u1ea5t l\u01b0\u1ee3ng c\u1eaft v\u00e0 tu\u1ed5i th\u1ecd c\u1ee7a m\u00e1y trong qu\u00e1 tr\u00ecnh ho\u1ea1t \u0111\u1ed9ng.<\/p>\n<h2>T\u1ed5ng quan th\u1ecb tr\u01b0\u1eddng: B\u1ecb b\u1ecf qua nh\u01b0ng v\u00f4 c\u00f9ng thi\u1ebft y\u1ebfu<\/h2>\n<p>Tr\u00ean th\u1ecb tr\u01b0\u1eddng hi\u1ec7n nay, h\u1ea7u h\u1ebft ng\u01b0\u1eddi mua t\u1eadp trung v\u00e0o kh\u1ea3 n\u0103ng c\u1ee7a m\u00e1y kh\u1eafc laser m\u00e0 th\u01b0\u1eddng b\u1ecf qua t\u1ea7m quan tr\u1ecdng c\u1ee7a m\u00e1y n\u00e9n kh\u00ed. Th\u1ef1c t\u1ebf l\u00e0 h\u1ed7 tr\u1ee3 kh\u00ed n\u00e9n kh\u00f4ng ch\u1ec9 l\u00e0 m\u1ed9t ph\u1ee5 ki\u1ec7n b\u1ed5 sung. N\u00f3 \u1ea3nh h\u01b0\u1edfng tr\u1ef1c ti\u1ebfp \u0111\u1ebfn \u0111\u1ed9 ch\u00ednh x\u00e1c khi c\u1eaft, ch\u1ea5t l\u01b0\u1ee3ng s\u1ea3n ph\u1ea9m ho\u00e0n thi\u1ec7n v\u00e0 hi\u1ec7u qu\u1ea3 ho\u1ea1t \u0111\u1ed9ng t\u1ed5ng th\u1ec3 c\u1ee7a m\u00e1y. Trong c\u00e1c giao d\u1ecbch B2B, vi\u1ec7c l\u1ef1a ch\u1ecdn m\u00e1y n\u00e9n kh\u00ed ph\u00f9 h\u1ee3p s\u1ebd d\u1eabn \u0111\u1ebfn \u00edt khi\u1ebfu n\u1ea1i h\u01a1n v\u1ec1 c\u00e1c v\u1ea5n \u0111\u1ec1 nh\u01b0 \"c\u1eaft kh\u00f4ng ho\u00e0n ch\u1ec9nh\" ho\u1eb7c \"l\u00e0m h\u1ecfng th\u1ea5u k\u00ednh\", t\u1eeb \u0111\u00f3 gi\u00fap t\u0103ng t\u1ef7 l\u1ec7 gi\u1eef ch\u00e2n kh\u00e1ch h\u00e0ng v\u00e0 s\u1ef1 h\u00e0i l\u00f2ng c\u1ee7a kh\u00e1ch h\u00e0ng.<\/p>\n<h2>Nh\u1eefng \u0111i\u1ec3m b\u1ea5t l\u1ee3i: Chi ph\u00ed \u1ea9n c\u1ee7a m\u00e1y n\u00e9n kh\u00ed gi\u00e1 r\u1ebb<\/h2>\n<h3>Ch\u1ea5t l\u01b0\u1ee3ng c\u1eaft k\u00e9m<\/h3>\n<p>Vi\u1ec7c s\u1eed d\u1ee5ng m\u00e1y n\u00e9n kh\u00ed k\u00e9m ch\u1ea5t l\u01b0\u1ee3ng c\u00f3 th\u1ec3 d\u1eabn \u0111\u1ebfn gi\u1ea3m \u0111\u00e1ng k\u1ec3 ch\u1ea5t l\u01b0\u1ee3ng c\u1eaft. Lu\u1ed3ng kh\u00ed kh\u00f4ng \u1ed5n \u0111\u1ecbnh khi\u1ebfn c\u00e1c c\u1ea1nh v\u1eadt li\u1ec7u b\u1ecb ch\u00e1y x\u00e9m ho\u1eb7c kh\u00e9t, \u1ea3nh h\u01b0\u1edfng x\u1ea5u \u0111\u1ebfn t\u00ednh th\u1ea9m m\u1ef9 c\u1ee7a s\u1ea3n ph\u1ea9m cu\u1ed1i c\u00f9ng. \u0110i\u1ec1u n\u00e0y kh\u00f4ng ch\u1ec9 l\u00e0m gi\u1ea3m s\u1ef1 h\u00e0i l\u00f2ng c\u1ee7a kh\u00e1ch h\u00e0ng m\u00e0 c\u00f2n c\u00f3 th\u1ec3 d\u1eabn \u0111\u1ebfn m\u1ea5t c\u01a1 h\u1ed9i b\u00e1n h\u00e0ng.<\/p>\n<h3>Nguy c\u01a1 h\u01b0 h\u1ecfng thi\u1ebft b\u1ecb<\/h3>\n<p>C\u00e1c m\u00e1y n\u00e9n kh\u00ed ch\u1ea5t l\u01b0\u1ee3ng th\u1ea5p, \u0111\u1eb7c bi\u1ec7t l\u00e0 nh\u1eefng m\u00e1y \u0111\u01b0a d\u1ea7u v\u00e0o lu\u1ed3ng kh\u00ed, ti\u1ec1m \u1ea9n r\u1ee7i ro \u0111\u00e1ng k\u1ec3 \u0111\u1ed1i v\u1edbi h\u1ec7 th\u1ed1ng quang h\u1ecdc laser. S\u01b0\u01a1ng d\u1ea7u c\u00f3 th\u1ec3 l\u00e0m \u00f4 nhi\u1ec5m th\u1ea5u k\u00ednh laser, d\u1eabn \u0111\u1ebfn chi ph\u00ed s\u1eeda ch\u1eefa t\u1ed1n k\u00e9m v\u00e0 kh\u1ea3 n\u0103ng ph\u1ea3i tr\u1ea3 l\u1ea1i s\u1ea3n ph\u1ea9m. \u0110\u1ea7u t\u01b0 v\u00e0o m\u1ed9t h\u1ec7 th\u1ed1ng h\u1ed7 tr\u1ee3 kh\u00ed n\u00e9n \u0111\u00e1ng tin c\u1eady s\u1ebd gi\u1ea3m thi\u1ec3u r\u1ee7i ro n\u00e0y v\u00e0 b\u1ea3o v\u1ec7 kho\u1ea3n \u0111\u1ea7u t\u01b0 v\u1eadn h\u00e0nh c\u1ee7a b\u1ea1n.<\/p>\n<h3>Ng\u0103n ch\u1eb7n ti\u1ebfng \u1ed3n<\/h3>\n<p>M\u00e1y n\u00e9n kh\u00ed truy\u1ec1n th\u1ed1ng n\u1ed5i ti\u1ebfng v\u1edbi \u0111\u1ed9 \u1ed3n cao, \u0111\u00e2y c\u00f3 th\u1ec3 l\u00e0 r\u00e0o c\u1ea3n \u0111\u00e1ng k\u1ec3 \u0111\u1ed1i v\u1edbi ng\u01b0\u1eddi d\u00f9ng gia \u0111\u00ecnh v\u00e0 c\u00e1c kh\u00f4ng gian ch\u1ebf t\u1ea1o trong gi\u00e1o d\u1ee5c. Ti\u1ebfng \u1ed3n qu\u00e1 m\u1ee9c kh\u00f4ng ch\u1ec9 h\u1ea1n ch\u1ebf vi\u1ec7c s\u1eed d\u1ee5ng m\u00e0 c\u00f2n l\u00e0m gi\u1ea3m tr\u1ea3i nghi\u1ec7m t\u1ed5ng th\u1ec3 c\u1ee7a ng\u01b0\u1eddi d\u00f9ng. B\u1eb1ng c\u00e1ch \u00e1p d\u1ee5ng c\u00e1c c\u00f4ng ngh\u1ec7 \u00edt g\u00e2y ti\u1ebfng \u1ed3n h\u01a1n, b\u1ea1n c\u00f3 th\u1ec3 m\u1edf r\u1ed9ng ph\u1ea1m vi th\u1ecb tr\u01b0\u1eddng v\u00e0 thu h\u00fat nhi\u1ec1u \u0111\u1ed1i t\u01b0\u1ee3ng kh\u00e1ch h\u00e0ng h\u01a1n.<\/p>\n<h2>Gi\u1ea3i ph\u00e1p c\u1ee7a ch\u00fang t\u00f4i: \u0110\u1ecbnh ngh\u0129a l\u1ea1i d\u1ecbch v\u1ee5 h\u1ed7 tr\u1ee3 h\u00e0ng kh\u00f4ng chuy\u00ean nghi\u1ec7p<\/h2>\n<h3>Thi\u1ebft k\u1ebf kh\u00f4ng d\u1ea7u v\u00e0 kh\u00f4ng n\u01b0\u1edbc<\/h3>\n<p>M\u00e1y n\u00e9n kh\u00ed h\u1ed7 tr\u1ee3 t\u1ed1c \u0111\u1ed9 bi\u1ebfn \u0111\u1ed5i 100% c\u1ee7a ch\u00fang t\u00f4i c\u00f3 thi\u1ebft k\u1ebf kh\u00f4ng d\u1ea7u v\u00e0 kh\u00f4ng n\u01b0\u1edbc, \u0111\u1ea3m b\u1ea3o s\u1ef1 b\u1ea3o v\u1ec7 t\u1ed1i \u0111a cho c\u00e1c th\u1ea5u k\u00ednh laser. Gi\u1ea3i ph\u00e1p kh\u00f4ng c\u1ea7n b\u1ea3o tr\u00ec n\u00e0y mang l\u1ea1i s\u1ef1 an t\u00e2m cho ng\u01b0\u1eddi d\u00f9ng cu\u1ed1i, cho ph\u00e9p h\u1ecd t\u1eadp trung v\u00e0o c\u00e1c d\u1ef1 \u00e1n c\u1ee7a m\u00ecnh m\u00e0 kh\u00f4ng c\u1ea7n lo l\u1eafng v\u1ec1 \u0111\u1ed9 b\u1ec1n c\u1ee7a thi\u1ebft b\u1ecb.<\/p>\n<h3>C\u00f4ng ngh\u1ec7 si\u00eau y\u00ean t\u0129nh<\/h3>\n<p>\u0110\u01b0\u1ee3c thi\u1ebft k\u1ebf \u0111\u1eb7c bi\u1ec7t \u0111\u1ec3 s\u1eed d\u1ee5ng trong nh\u00e0, m\u00e1y n\u00e9n kh\u00ed c\u1ee7a ch\u00fang t\u00f4i ho\u1ea1t \u0111\u1ed9ng v\u1edbi \u0111\u1ed9 \u1ed3n d\u01b0\u1edbi 60dB, l\u00fd t\u01b0\u1edfng cho c\u00e1c x\u01b0\u1edfng gia \u0111\u00ecnh v\u00e0 m\u00f4i tr\u01b0\u1eddng gi\u00e1o d\u1ee5c. B\u1eb1ng c\u00e1ch gi\u1ea3m \u0111\u00e1ng k\u1ec3 \u00f4 nhi\u1ec5m ti\u1ebfng \u1ed3n, ch\u00fang t\u00f4i n\u00e2ng cao tr\u1ea3i nghi\u1ec7m ng\u01b0\u1eddi d\u00f9ng v\u00e0 khuy\u1ebfn kh\u00edch vi\u1ec7c \u00e1p d\u1ee5ng r\u1ed9ng r\u00e3i h\u01a1n c\u00f4ng ngh\u1ec7 c\u1eaft laser.<\/p>\n<h3>Hi\u1ec7u su\u1ea5t m\u1ea1nh m\u1ebd<\/h3>\n<p>V\u1edbi c\u00f4ng su\u1ea5t \u1ed5n \u0111\u1ecbnh 30 l\u00edt\/ph\u00fat, m\u00e1y n\u00e9n kh\u00ed c\u1ee7a ch\u00fang t\u00f4i \u0111\u1ea3m b\u1ea3o ngay c\u1ea3 khi c\u1eaft c\u00e1c v\u1eadt li\u1ec7u d\u00e0y nh\u01b0 g\u1ed7 ho\u1eb7c acrylic, v\u1ebft c\u1eaft v\u1eabn s\u1ea1ch s\u1ebd v\u00e0 kh\u00f4ng kh\u00f3i. \u0110\u1ed9 tin c\u1eady v\u1ec1 hi\u1ec7u su\u1ea5t n\u00e0y \u0111\u1ed3ng ngh\u0129a v\u1edbi s\u1ea3n ph\u1ea9m ch\u1ea5t l\u01b0\u1ee3ng cao h\u01a1n cho kh\u00e1ch h\u00e0ng c\u1ee7a b\u1ea1n v\u00e0 c\u00f3 th\u1ec3 d\u1eabn \u0111\u1ebfn t\u0103ng doanh s\u1ed1 b\u00e1n h\u00e0ng v\u00e0 l\u00f2ng trung th\u00e0nh c\u1ee7a kh\u00e1ch h\u00e0ng.<\/p>\n<h2>Kh\u1ea3 n\u0103ng t\u01b0\u01a1ng th\u00edch r\u1ed9ng: Gi\u1ea3i ph\u00e1p tr\u1ecdn g\u00f3i<\/h2>\n<h3>Ph\u1ea1m vi r\u1ed9ng l\u1edbn<\/h3>\n<p>M\u00e1y n\u00e9n kh\u00ed c\u1ee7a ch\u00fang t\u00f4i t\u01b0\u01a1ng th\u00edch v\u1edbi 95% c\u1ee7a c\u00e1c d\u00f2ng m\u00e1y kh\u1eafc laser ph\u1ed5 bi\u1ebfn, bao g\u1ed3m xTool, Ortur, Atomstack v\u00e0 nhi\u1ec1u m\u00e1y laser CO2 kh\u00e1c. Kh\u1ea3 n\u0103ng t\u01b0\u01a1ng th\u00edch r\u1ed9ng r\u00e3i n\u00e0y cho ph\u00e9p t\u00edch h\u1ee3p li\u1ec1n m\u1ea1ch, gi\u1ea3m thi\u1ec3u r\u1eafc r\u1ed1i trong vi\u1ec7c t\u00ecm ki\u1ebfm c\u00e1c ph\u1ee5 ki\u1ec7n ho\u1eb7c \u0111i\u1ec1u ch\u1ec9nh ph\u00f9 h\u1ee3p.<\/p>\n<h3>L\u1ee3i \u00edch d\u00e0nh cho \u0111\u1ea1i l\u00fd<\/h3>\n<p>B\u1eb1ng c\u00e1ch cung c\u1ea5p m\u1ed9t m\u00e3 s\u1ea3n ph\u1ea9m duy nh\u1ea5t ph\u00f9 h\u1ee3p v\u1edbi nhi\u1ec1u lo\u1ea1i m\u00e1y, c\u00e1c \u0111\u1ea1i l\u00fd c\u00f3 th\u1ec3 gi\u1ea3m \u0111\u00e1ng k\u1ec3 g\u00e1nh n\u1eb7ng t\u1ed3n kho v\u00e0 t\u1ed1i \u01b0u h\u00f3a ho\u1ea1t \u0111\u1ed9ng c\u1ee7a m\u00ecnh. Vi\u1ec7c gi\u1ea3m b\u1edbt s\u1ef1 ph\u1ee9c t\u1ea1p n\u00e0y kh\u00f4ng ch\u1ec9 ti\u1ebft ki\u1ec7m chi ph\u00ed m\u00e0 c\u00f2n \u0111\u01a1n gi\u1ea3n h\u00f3a quy tr\u00ecnh \u0111\u1eb7t h\u00e0ng cho c\u00e1c nh\u00e0 b\u00e1n l\u1ebb.<\/p>\n<h2>L\u1ee3i th\u1ebf c\u1ee7a chu\u1ed7i cung \u1ee9ng v\u00e0 quan h\u1ec7 \u0111\u1ed1i t\u00e1c<\/h2>\n<h3>S\u1ee9c m\u1ea1nh c\u1ee7a nh\u00e0 m\u00e1y<\/h3>\n<p>Quy tr\u00ecnh ki\u1ec3m so\u00e1t ch\u1ea5t l\u01b0\u1ee3ng nghi\u00eam ng\u1eb7t c\u1ee7a ch\u00fang t\u00f4i \u0111\u1ea3m b\u1ea3o t\u1ef7 l\u1ec7 l\u1ed7i c\u1ef1c th\u1ea5p, d\u01b0\u1edbi 1%. Ti\u00eau chu\u1ea9n cao n\u00e0y gi\u00fap gi\u1ea3m thi\u1ec3u vi\u1ec7c tr\u1ea3 l\u1ea1i v\u00e0 \u0111\u1ed5i h\u00e0ng, ti\u1ebft ki\u1ec7m chi ph\u00ed v\u1eadn chuy\u1ec3n v\u00e0 n\u00e2ng cao s\u1ef1 h\u00e0i l\u00f2ng c\u1ee7a kh\u00e1ch h\u00e0ng.<\/p>\n<h3>D\u1ecbch v\u1ee5 t\u00f9y ch\u1ec9nh (OEM\/ODM)<\/h3>\n<p>Ch\u00fang t\u00f4i cung c\u1ea5p c\u00e1c t\u00f9y ch\u1ecdn t\u00f9y ch\u1ec9nh to\u00e0n di\u1ec7n, bao g\u1ed3m \u1ee9ng d\u1ee5ng logo th\u01b0\u01a1ng hi\u1ec7u, thi\u1ebft k\u1ebf bao b\u00ec v\u00e0 tu\u00e2n th\u1ee7 c\u00e1c ti\u00eau chu\u1ea9n ph\u00edch c\u1eafm qu\u1ed1c t\u1ebf kh\u00e1c nhau. Kh\u1ea3 n\u0103ng th\u00edch \u1ee9ng n\u00e0y gi\u00fap b\u1ea1n x\u00e2y d\u1ef1ng b\u1ea3n s\u1eafc th\u01b0\u01a1ng hi\u1ec7u \u0111\u1ed9c \u0111\u00e1o c\u1ee7a ri\u00eang m\u00ecnh trong m\u1ed9t th\u1ecb tr\u01b0\u1eddng c\u1ea1nh tranh.<\/p>\n<h3>H\u1ed7 tr\u1ee3 sau b\u00e1n h\u00e0ng<\/h3>\n<p>Cam k\u1ebft c\u1ee7a ch\u00fang t\u00f4i \u0111\u1ed1i v\u1edbi d\u1ecbch v\u1ee5 kh\u00e1ch h\u00e0ng bao g\u1ed3m h\u1ed7 tr\u1ee3 k\u1ef9 thu\u1eadt nhanh ch\u00f3ng v\u00e0 cung c\u1ea5p ph\u1ee5 t\u00f9ng thay th\u1ebf. \u0110i\u1ec1u n\u00e0y \u0111\u1ea3m b\u1ea3o ho\u1ea1t \u0111\u1ed9ng c\u1ee7a b\u1ea1n kh\u00f4ng b\u1ecb gi\u00e1n \u0111o\u1ea1n, t\u1eeb \u0111\u00f3 c\u1ee7ng c\u1ed1 th\u00eam ni\u1ec1m tin c\u1ee7a kh\u00e1ch h\u00e0ng v\u00e0o th\u01b0\u01a1ng hi\u1ec7u c\u1ee7a b\u1ea1n.<\/p>\n<h2>K\u1ebft lu\u1eadn v\u00e0 l\u1eddi k\u00eau g\u1ecdi h\u00e0nh \u0111\u1ed9ng<\/h2>\n<p>\u0110\u1eebng \u0111\u1ec3 c\u00e1c linh ki\u1ec7n k\u00e9m ch\u1ea5t l\u01b0\u1ee3ng l\u00e0m \u1ea3nh h\u01b0\u1edfng \u0111\u1ebfn danh ti\u1ebfng c\u1ee7a nh\u1eefng m\u00e1y m\u00f3c cao c\u1ea5p c\u1ee7a b\u1ea1n. H\u00e3y ch\u1ecdn m\u00e1y n\u00e9n kh\u00ed h\u1ed7 tr\u1ee3 ph\u00f9 h\u1ee3p v\u1edbi ch\u1ea5t l\u01b0\u1ee3ng thi\u1ebft b\u1ecb c\u1ee7a b\u1ea1n v\u00e0 th\u00fac \u0111\u1ea9y ti\u1ec1m n\u0103ng kinh doanh.<\/p>\n<p>Li\u00ean h\u1ec7 v\u1edbi ch\u00fang t\u00f4i ngay \u0111\u1ec3 d\u00f9ng th\u1eed m\u1eabu ho\u1eb7c \u0111\u1ec3 nh\u1eadn b\u00e1o gi\u00e1 b\u00e1n bu\u00f4n B2B m\u1edbi nh\u1ea5t. Truy c\u1eadp <a href=\"https:\/\/aircompressorforlasercutter.com\/vi\/lien-he-voi-chung-toi\/\">\u0111\u00e2y<\/a> \u0111\u1ec3 li\u00ean l\u1ea1c.<\/p>","protected":false},"excerpt":{"rendered":"<p>Variable Speed Air Assist Compressor for Laser The Unsung Hero Behind the Scenes The laser engraving industry is burgeoning, with buyers investing substantial amounts in high-quality laser engraving machines. However, in this pursuit of excellence, many overlook a crucial component: the air assist compressor. This essential accessory is not simply an add-on; it fundamentally impacts [&hellip;]<\/p>","protected":false},"featured_media":457,"comment_status":"open","ping_status":"closed","template":"","meta":{"_et_pb_use_builder":"","_et_pb_old_content":"","_et_gb_content_width":""},"product_brand":[],"product_cat":[1093],"product_tag":[1094],"class_list":{"0":"post-483","1":"product","2":"type-product","3":"status-publish","4":"has-post-thumbnail","6":"product_cat-air-compressor-for-laser-cutter","7":"product_tag-air-compressor-for-laser-cutter","9":"first","10":"instock","11":"shipping-taxable","12":"product-type-simple"},"_links":{"self":[{"href":"https:\/\/aircompressorforlasercutter.com\/vi\/wp-json\/wp\/v2\/product\/483","targetHints":{"allow":["GET"]}}],"collection":[{"href":"https:\/\/aircompressorforlasercutter.com\/vi\/wp-json\/wp\/v2\/product"}],"about":[{"href":"https:\/\/aircompressorforlasercutter.com\/vi\/wp-json\/wp\/v2\/types\/product"}],"replies":[{"embeddable":true,"href":"https:\/\/aircompressorforlasercutter.com\/vi\/wp-json\/wp\/v2\/comments?post=483"}],"wp:featuredmedia":[{"embeddable":true,"href":"https:\/\/aircompressorforlasercutter.com\/vi\/wp-json\/wp\/v2\/media\/457"}],"wp:attachment":[{"href":"https:\/\/aircompressorforlasercutter.com\/vi\/wp-json\/wp\/v2\/media?parent=483"}],"wp:term":[{"taxonomy":"product_brand","embeddable":true,"href":"https:\/\/aircompressorforlasercutter.com\/vi\/wp-json\/wp\/v2\/product_brand?post=483"},{"taxonomy":"product_cat","embeddable":true,"href":"https:\/\/aircompressorforlasercutter.com\/vi\/wp-json\/wp\/v2\/product_cat?post=483"},{"taxonomy":"product_tag","embeddable":true,"href":"https:\/\/aircompressorforlasercutter.com\/vi\/wp-json\/wp\/v2\/product_tag?post=483"}],"curies":[{"name":"wp","href":"https:\/\/api.w.org\/{rel}","templated":true}]}}