{"id":484,"date":"2026-01-14T08:26:20","date_gmt":"2026-01-14T08:26:20","guid":{"rendered":"https:\/\/aircompressorforlasercutter.com\/product\/50w-electromagnetic-air-pump-for-laser-assist\/"},"modified":"2026-01-14T08:31:20","modified_gmt":"2026-01-14T08:31:20","slug":"50w-electromagnetic-air-pump-for-laser-assist","status":"publish","type":"product","link":"https:\/\/aircompressorforlasercutter.com\/vi\/san-pham\/bom-khi-dien-tu-50w-dung-cho-may-ho-tro-laser\/","title":{"rendered":"B\u01a1m kh\u00ed \u0111i\u1ec7n t\u1eeb 50W d\u00f9ng cho m\u00e1y h\u1ed7 tr\u1ee3 laser"},"content":{"rendered":"<h2>1. B\u1ed1i c\u1ea3nh: Th\u00e0nh ph\u1ea7n b\u1ecb b\u1ecf qua<\/h2>\n<p>Trong th\u1ecb tr\u01b0\u1eddng kh\u1eafc v\u00e0 c\u1eaft laser \u0111ang ph\u00e1t tri\u1ec3n nhanh ch\u00f3ng, ng\u01b0\u1eddi mua th\u01b0\u1eddng \u0111\u1ea7u t\u01b0 m\u1ed9t l\u01b0\u1ee3ng v\u1ed1n \u0111\u00e1ng k\u1ec3 v\u00e0o c\u00e1c m\u00e1y laser cao c\u1ea5p. Tuy nhi\u00ean, m\u1ed9t b\u1ed9 ph\u1eadn quan tr\u1ecdng\u2014b\u01a1m kh\u00ed\u2014l\u1ea1i th\u01b0\u1eddng b\u1ecb b\u1ecf qua. S\u1ef1 thi\u1ebfu s\u00f3t n\u00e0y c\u00f3 th\u1ec3 \u1ea3nh h\u01b0\u1edfng \u0111\u00e1ng k\u1ec3 \u0111\u1ebfn hi\u1ec7u qu\u1ea3 ho\u1ea1t \u0111\u1ed9ng v\u00e0 ch\u1ea5t l\u01b0\u1ee3ng s\u1ea3n ph\u1ea9m ho\u00e0n thi\u1ec7n.<\/p>\n<p>H\u1ec7 th\u1ed1ng h\u1ed7 tr\u1ee3 kh\u00ed n\u00e9n kh\u00f4ng ch\u1ec9 \u0111\u01a1n thu\u1ea7n l\u00e0 m\u1ed9t ph\u1ee5 ki\u1ec7n; n\u00f3 \u1ea3nh h\u01b0\u1edfng tr\u1ef1c ti\u1ebfp \u0111\u1ebfn ch\u1ea5t l\u01b0\u1ee3ng c\u1eaft cu\u1ed1i c\u00f9ng v\u00e0 tu\u1ed5i th\u1ecd c\u1ee7a m\u00e1y. M\u1ed9t m\u00e1y b\u01a1m kh\u00ed \u0111\u01b0\u1ee3c l\u1ef1a ch\u1ecdn k\u1ef9 l\u01b0\u1ee1ng c\u00f3 th\u1ec3 n\u00e2ng cao hi\u1ec7u su\u1ea5t, g\u00f3p ph\u1ea7n mang l\u1ea1i k\u1ebft qu\u1ea3 c\u1eaft v\u01b0\u1ee3t tr\u1ed9i \u0111\u1ed3ng th\u1eddi \u0111\u1ea3m b\u1ea3o m\u00e1y ho\u1ea1t \u0111\u1ed9ng tr\u01a1n tru theo th\u1eddi gian.<\/p>\n<p><img loading=\"lazy\" decoding=\"async\" class=\"wp-image-458 size-full aligncenter\" src=\"https:\/\/aircompressorforlasercutter.com\/wp-content\/uploads\/2026\/01\/Air-Compressor-For-Laser-Cutter6.webp\" alt=\"M\u00e1y n\u00e9n kh\u00ed cho m\u00e1y c\u1eaft laser\" width=\"800\" height=\"800\" srcset=\"https:\/\/aircompressorforlasercutter.com\/wp-content\/uploads\/2026\/01\/Air-Compressor-For-Laser-Cutter6.webp 800w, https:\/\/aircompressorforlasercutter.com\/wp-content\/uploads\/2026\/01\/Air-Compressor-For-Laser-Cutter6-480x480.webp 480w\" sizes=\"auto, (min-width: 0px) and (max-width: 480px) 480px, (min-width: 481px) 800px, 100vw\" \/><\/p>\n<h2>\u00dd t\u01b0\u1edfng c\u1ed1t l\u00f5i: Gi\u00e1 tr\u1ecb kinh doanh c\u1ee7a d\u1ecbch v\u1ee5 h\u1ed7 tr\u1ee3 h\u00e0ng kh\u00f4ng<\/h2>\n<p>\u0110\u1ed1i v\u1edbi c\u00e1c nh\u00e0 ph\u00e2n ph\u1ed1i, vi\u1ec7c l\u1ef1a ch\u1ecdn \u0111\u00fang lo\u1ea1i b\u01a1m h\u01a1i mang l\u1ea1i nh\u1eefng l\u1ee3i \u00edch thi\u1ebft th\u1ef1c: gi\u1ea3m thi\u1ec3u khi\u1ebfu n\u1ea1i c\u1ee7a kh\u00e1ch h\u00e0ng v\u1ec1 c\u00e1c v\u1ea5n \u0111\u1ec1 nh\u01b0 \u201cc\u1eaft kh\u00f4ng ho\u00e0n ch\u1ec9nh\u201d ho\u1eb7c \u201c\u1ed1ng k\u00ednh b\u1ecb h\u01b0 h\u1ecfng\u201d, t\u1eeb \u0111\u00f3 d\u1eabn \u0111\u1ebfn t\u1ef7 l\u1ec7 gi\u1eef ch\u00e2n kh\u00e1ch h\u00e0ng cao h\u01a1n. Hi\u1ec3u \u0111\u01b0\u1ee3c m\u1ed1i li\u00ean h\u1ec7 n\u00e0y c\u00f3 th\u1ec3 gi\u00fap doanh nghi\u1ec7p cung c\u1ea5p d\u1ecbch v\u1ee5 t\u1ed1t h\u01a1n \u0111\u1ed3ng th\u1eddi n\u00e2ng cao uy t\u00edn tr\u00ean th\u1ecb tr\u01b0\u1eddng.<\/p>\n<h2>2. Ph\u00e2n t\u00edch \u0111i\u1ec3m kh\u00f3 kh\u0103n: Chi ph\u00ed \u1ea9n c\u1ee7a m\u00e1y b\u01a1m h\u01a1i gi\u00e1 r\u1ebb<\/h2>\n<h3>Ch\u1ea5t l\u01b0\u1ee3ng c\u1eaft k\u00e9m<\/h3>\n<p>\u0110\u1ea7u t\u01b0 v\u00e0o m\u00e1y b\u01a1m kh\u00ed gi\u00e1 r\u1ebb th\u01b0\u1eddng d\u1eabn \u0111\u1ebfn lu\u1ed3ng kh\u00ed kh\u00f4ng \u1ed5n \u0111\u1ecbnh, g\u00e2y ra hi\u1ec7n t\u01b0\u1ee3ng ch\u00e1y c\u1ea1nh v\u1eadt li\u1ec7u v\u00e0 gi\u1ea3m hi\u1ec7u qu\u1ea3 c\u1eaft. S\u1ef1 kh\u00f4ng nh\u1ea5t qu\u00e1n n\u00e0y kh\u00f4ng ch\u1ec9 \u1ea3nh h\u01b0\u1edfng \u0111\u1ebfn t\u00ednh th\u1ea9m m\u1ef9 c\u1ee7a s\u1ea3n ph\u1ea9m cu\u1ed1i c\u00f9ng m\u00e0 c\u00f2n c\u00f3 th\u1ec3 l\u00e0m gi\u1ea3m s\u1ef1 h\u00e0i l\u00f2ng c\u1ee7a kh\u00e1ch h\u00e0ng.<\/p>\n<h3>Nguy c\u01a1 h\u01b0 h\u1ecfng thi\u1ebft b\u1ecb<\/h3>\n<p>C\u00e1c lo\u1ea1i b\u01a1m kh\u00ed k\u00e9m ch\u1ea5t l\u01b0\u1ee3ng, \u0111\u1eb7c bi\u1ec7t l\u00e0 lo\u1ea1i s\u1eed d\u1ee5ng d\u1ea7u, th\u01b0\u1eddng c\u00f3 xu h\u01b0\u1edbng ph\u00e1t ra s\u01b0\u01a1ng d\u1ea7u ho\u1eb7c h\u01a1i \u1ea9m, l\u00e0m \u00f4 nhi\u1ec5m th\u1ea5u k\u00ednh laser. Nh\u1eefng h\u01b0 h\u1ecfng n\u00e0y c\u00f3 th\u1ec3 d\u1eabn \u0111\u1ebfn chi ph\u00ed s\u1eeda ch\u1eefa v\u00e0 tr\u1ea3 l\u1ea1i h\u00e0ng \u0111\u1eaft \u0111\u1ecf, g\u00e2y \u00e1p l\u1ef1c l\u00ean ng\u00e2n s\u00e1ch ho\u1ea1t \u0111\u1ed9ng.<\/p>\n<h3>Ng\u0103n ch\u1eb7n ti\u1ebfng \u1ed3n<\/h3>\n<p>M\u00e1y n\u00e9n kh\u00ed truy\u1ec1n th\u1ed1ng n\u1ed5i ti\u1ebfng v\u1edbi \u0111\u1ed9 \u1ed3n qu\u00e1 cao, \u0111i\u1ec1u n\u00e0y c\u00f3 th\u1ec3 g\u00e2y kh\u00f3 ch\u1ecbu cho ng\u01b0\u1eddi d\u00f9ng gia \u0111\u00ecnh v\u00e0 c\u1ea3n tr\u1edf c\u00e1c d\u1ef1 \u00e1n t\u1ef1 ch\u1ebf trong m\u00f4i tr\u01b0\u1eddng gi\u00e1o d\u1ee5c. H\u1ea1n ch\u1ebf n\u00e0y thu h\u1eb9p t\u1ec7p kh\u00e1ch h\u00e0ng ti\u1ec1m n\u0103ng v\u00e0 h\u1ea1n ch\u1ebf c\u01a1 h\u1ed9i b\u00e1n h\u00e0ng.<\/p>\n<h2>3. Gi\u1ea3i ph\u00e1p c\u1ee7a ch\u00fang t\u00f4i: \u0110\u1ecbnh ngh\u0129a l\u1ea1i d\u1ecbch v\u1ee5 h\u1ed7 tr\u1ee3 h\u00e0ng kh\u00f4ng \u201cchuy\u00ean nghi\u1ec7p\u201d.<\/h2>\n<h3>Thi\u1ebft k\u1ebf kh\u00f4ng d\u1ea7u v\u00e0 kh\u00f4ng n\u01b0\u1edbc<\/h3>\n<p>M\u00e1y b\u01a1m kh\u00ed \u0111i\u1ec7n t\u1eeb 50W c\u1ee7a ch\u00fang t\u00f4i c\u00f3 thi\u1ebft k\u1ebf kh\u00f4ng d\u1ea7u v\u00e0 kh\u00f4ng n\u01b0\u1edbc 100%, \u0111\u1ea3m b\u1ea3o s\u1ef1 b\u1ea3o v\u1ec7 t\u1ed1i \u0111a cho c\u00e1c th\u1ea5u k\u00ednh laser. Ng\u01b0\u1eddi d\u00f9ng cu\u1ed1i c\u00f3 th\u1ec3 t\u1eadn h\u01b0\u1edfng tr\u1ea3i nghi\u1ec7m kh\u00f4ng c\u1ea7n b\u1ea3o tr\u00ec, mang l\u1ea1i s\u1ef1 an t\u00e2m v\u00e0 ti\u1ebft ki\u1ec7m th\u1eddi gian.<\/p>\n<h3>C\u00f4ng ngh\u1ec7 si\u00eau y\u00ean t\u0129nh<\/h3>\n<p>\u0110\u01b0\u1ee3c thi\u1ebft k\u1ebf \u0111\u1eb7c bi\u1ec7t \u0111\u1ec3 s\u1eed d\u1ee5ng trong nh\u00e0 v\u00e0 ph\u00f2ng thu t\u1ea1i gia, m\u00e1y b\u01a1m kh\u00ed c\u1ee7a ch\u00fang t\u00f4i ho\u1ea1t \u0111\u1ed9ng v\u1edbi \u0111\u1ed9 \u1ed3n c\u1ef1c th\u1ea5p (&lt;60dB). C\u1ea3i ti\u1ebfn n\u00e0y gi\u00fap n\u00e2ng cao \u0111\u00e1ng k\u1ec3 tr\u1ea3i nghi\u1ec7m ng\u01b0\u1eddi d\u00f9ng, l\u00fd t\u01b0\u1edfng cho c\u1ea3 m\u1ee5c \u0111\u00edch c\u00e1 nh\u00e2n v\u00e0 gi\u00e1o d\u1ee5c.<\/p>\n<h3>Hi\u1ec7u su\u1ea5t m\u1ea1nh m\u1ebd<\/h3>\n<p>V\u1edbi kh\u1ea3 n\u0103ng cung c\u1ea5p l\u01b0u l\u01b0\u1ee3ng kh\u00ed li\u00ean t\u1ee5c v\u00e0 \u1ed5n \u0111\u1ecbnh 30 l\u00edt\/ph\u00fat, m\u00e1y b\u01a1m c\u1ee7a ch\u00fang t\u00f4i \u0111\u1ea3m b\u1ea3o c\u00e1c v\u1ebft c\u1eaft s\u1ea1ch s\u1ebd v\u00e0 kh\u00f4ng kh\u00f3i, ngay c\u1ea3 khi l\u00e0m vi\u1ec7c v\u1edbi g\u1ed7 d\u00e0y ho\u1eb7c v\u1eadt li\u1ec7u acrylic. Hi\u1ec7u su\u1ea5t n\u00e0y \u0111\u1ea3m b\u1ea3o m\u1ecdi d\u1ef1 \u00e1n \u0111\u1ec1u \u0111\u00e1p \u1ee9ng c\u00e1c ti\u00eau chu\u1ea9n ch\u1ea5t l\u01b0\u1ee3ng cao.<\/p>\n<h2>4. Kh\u1ea3 n\u0103ng t\u01b0\u01a1ng th\u00edch r\u1ed9ng r\u00e3i: Gi\u1ea3i ph\u00e1p tr\u1ecdn g\u00f3i<\/h2>\n<h3>Ph\u1ea1m vi \u1ee9ng d\u1ee5ng r\u1ed9ng r\u00e3i<\/h3>\n<p>M\u00e1y b\u01a1m kh\u00ed c\u1ee7a ch\u00fang t\u00f4i ho\u00e0n to\u00e0n t\u01b0\u01a1ng th\u00edch v\u1edbi model 95% c\u1ee7a c\u00e1c d\u00f2ng m\u00e1y ph\u1ed5 bi\u1ebfn tr\u00ean th\u1ecb tr\u01b0\u1eddng, bao g\u1ed3m xTool, Ortur, Atomstack v\u00e0 nhi\u1ec1u m\u00e1y c\u1eaft laser CO2 kh\u00e1c. T\u00ednh linh ho\u1ea1t n\u00e0y cho ph\u00e9p c\u00e1c doanh nghi\u1ec7p ph\u1ee5c v\u1ee5 \u0111\u01b0\u1ee3c nhi\u1ec1u kh\u00e1ch h\u00e0ng h\u01a1n m\u00e0 kh\u00f4ng \u1ea3nh h\u01b0\u1edfng \u0111\u1ebfn ch\u1ea5t l\u01b0\u1ee3ng.<\/p>\n<h3>L\u1ee3i \u00edch d\u00e0nh cho nh\u00e0 ph\u00e2n ph\u1ed1i<\/h3>\n<p>B\u1eb1ng c\u00e1ch cung c\u1ea5p m\u1ed9t m\u00e3 s\u1ea3n ph\u1ea9m duy nh\u1ea5t ph\u00f9 h\u1ee3p v\u1edbi nhi\u1ec1u lo\u1ea1i m\u00e1y, c\u00e1c nh\u00e0 ph\u00e2n ph\u1ed1i c\u00f3 th\u1ec3 gi\u1ea3m \u0111\u00e1ng k\u1ec3 \u00e1p l\u1ef1c t\u1ed3n kho v\u00e0 s\u1ef1 ph\u1ee9c t\u1ea1p trong qu\u1ea3n l\u00fd h\u00e0ng t\u1ed3n. Hi\u1ec7u qu\u1ea3 n\u00e0y d\u1eabn \u0111\u1ebfn ho\u1ea1t \u0111\u1ed9ng \u0111\u01b0\u1ee3c tinh g\u1ecdn v\u00e0 l\u1ee3i nhu\u1eadn \u0111\u01b0\u1ee3c n\u00e2ng cao.<\/p>\n<h2>5. L\u1ee3i th\u1ebf v\u1ec1 chu\u1ed7i cung \u1ee9ng v\u00e0 h\u1ee3p t\u00e1c<\/h2>\n<h3>S\u1ee9c m\u1ea1nh c\u1ee7a nh\u00e0 m\u00e1y<\/h3>\n<p>Quy tr\u00ecnh ki\u1ec3m so\u00e1t ch\u1ea5t l\u01b0\u1ee3ng nghi\u00eam ng\u1eb7t c\u1ee7a ch\u00fang t\u00f4i \u0111\u1ea3m b\u1ea3o t\u1ef7 l\u1ec7 l\u1ed7i c\u1ef1c th\u1ea5p (&lt;1%), gi\u00fap gi\u1ea3m thi\u1ec3u chi ph\u00ed v\u1eadn chuy\u1ec3n h\u00e0ng tr\u1ea3 l\u1ea1i v\u00e0 \u0111\u1ed5i tr\u1ea3. \u0110\u1ed9 tin c\u1eady n\u00e0y l\u00e0 n\u1ec1n t\u1ea3ng cho cam k\u1ebft c\u1ee7a ch\u00fang t\u00f4i \u0111\u1ed1i v\u1edbi c\u1ea3 \u0111\u1ed1i t\u00e1c v\u00e0 kh\u00e1ch h\u00e0ng.<\/p>\n<h3>D\u1ecbch v\u1ee5 t\u00f9y ch\u1ec9nh (OEM\/ODM)<\/h3>\n<p>Ch\u00fang t\u00f4i h\u1ed7 tr\u1ee3 t\u00f9y ch\u1ec9nh logo th\u01b0\u01a1ng hi\u1ec7u, thi\u1ebft k\u1ebf bao b\u00ec v\u00e0 th\u00f4ng s\u1ed1 k\u1ef9 thu\u1eadt ph\u00edch c\u1eafm ph\u00f9 h\u1ee3p v\u1edbi t\u1eebng qu\u1ed1c gia, gi\u00fap b\u1ea1n kh\u1eb3ng \u0111\u1ecbnh b\u1ea3n s\u1eafc th\u01b0\u01a1ng hi\u1ec7u c\u1ee7a m\u00ecnh trong th\u1ecb tr\u01b0\u1eddng c\u1ea1nh tranh.<\/p>\n<h3>H\u1ed7 tr\u1ee3 sau b\u00e1n h\u00e0ng<\/h3>\n<p>Kh\u1ea3 n\u0103ng ph\u1ea3n h\u1ed3i k\u1ef9 thu\u1eadt nhanh ch\u00f3ng v\u00e0 cung c\u1ea5p ph\u1ee5 t\u00f9ng thay th\u1ebf k\u1ecbp th\u1eddi c\u1ee7a ch\u00fang t\u00f4i \u0111\u1ea3m b\u1ea3o ho\u1ea1t \u0111\u1ed9ng c\u1ee7a b\u1ea1n kh\u00f4ng b\u1ecb gi\u00e1n \u0111o\u1ea1n, c\u1ee7ng c\u1ed1 ni\u1ec1m tin c\u1ee7a b\u1ea1n v\u00e0o th\u01b0\u01a1ng hi\u1ec7u ch\u00fang t\u00f4i.<\/p>\n<h2>6. K\u1ebft lu\u1eadn v\u00e0 L\u1eddi k\u00eau g\u1ecdi h\u00e0nh \u0111\u1ed9ng (CTA)<\/h2>\n<p>\u0110\u1eebng \u0111\u1ec3 c\u00e1c linh ki\u1ec7n k\u00e9m ch\u1ea5t l\u01b0\u1ee3ng l\u00e0m \u1ea3nh h\u01b0\u1edfng \u0111\u1ebfn danh ti\u1ebfng c\u1ee7a nh\u1eefng m\u00e1y m\u00f3c cao c\u1ea5p c\u1ee7a b\u1ea1n. Vi\u1ec7c l\u1ef1a ch\u1ecdn m\u1ed9t m\u00e1y b\u01a1m kh\u00ed ph\u00f9 h\u1ee3p v\u1edbi ch\u1ea5t l\u01b0\u1ee3ng thi\u1ebft b\u1ecb l\u00e0 r\u1ea5t quan tr\u1ecdng \u0111\u1ec3 duy tr\u00ec s\u1ef1 h\u00e0i l\u00f2ng v\u00e0 l\u00f2ng trung th\u00e0nh c\u1ee7a kh\u00e1ch h\u00e0ng.<\/p>\n<p>H\u00e3y li\u00ean h\u1ec7 v\u1edbi ch\u00fang t\u00f4i ngay h\u00f4m nay \u0111\u1ec3 y\u00eau c\u1ea7u m\u1eabu th\u1eed nghi\u1ec7m ho\u1eb7c \u0111\u1ec3 nh\u1eadn \u0111\u01b0\u1ee3c gi\u00e1 b\u00e1n bu\u00f4n B2B m\u1edbi nh\u1ea5t. H\u00e3y \u0111\u1ec3 Ever-power tr\u1edf th\u00e0nh \u0111\u1ed1i t\u00e1c \u0111\u00e1ng tin c\u1eady c\u1ee7a b\u1ea1n trong vi\u1ec7c \u0111\u1ea1t \u0111\u01b0\u1ee3c s\u1ef1 xu\u1ea5t s\u1eafc trong ho\u1ea1t \u0111\u1ed9ng.<\/p>\n<p style=\"text-align: center;\"><span style=\"font-size: 18pt;\"><a href=\"https:\/\/aircompressorforlasercutter.com\/vi\/lien-he-voi-chung-toi\/\">Li\u00ean h\u1ec7 v\u1edbi ch\u00fang t\u00f4i<\/a><\/span><\/p>","protected":false},"excerpt":{"rendered":"<p>1. Background: The Overlooked Component In the rapidly evolving market of laser engraving and cutting, buyers often invest substantial amounts of capital in high-end laser machines. However, a critical component??the air pump??remains largely overlooked. This oversight can significantly impact operational efficiency and the quality of finished products. Air assistance is not merely an accessory; it [&hellip;]<\/p>","protected":false},"featured_media":457,"comment_status":"open","ping_status":"closed","template":"","meta":{"_et_pb_use_builder":"","_et_pb_old_content":"","_et_gb_content_width":""},"product_brand":[],"product_cat":[1093],"product_tag":[1095],"class_list":{"0":"post-484","1":"product","2":"type-product","3":"status-publish","4":"has-post-thumbnail","6":"product_cat-air-compressor-for-laser-cutter","7":"product_tag-air-compressor-for-laser-cutter-price","9":"first","10":"instock","11":"shipping-taxable","12":"product-type-simple"},"_links":{"self":[{"href":"https:\/\/aircompressorforlasercutter.com\/vi\/wp-json\/wp\/v2\/product\/484","targetHints":{"allow":["GET"]}}],"collection":[{"href":"https:\/\/aircompressorforlasercutter.com\/vi\/wp-json\/wp\/v2\/product"}],"about":[{"href":"https:\/\/aircompressorforlasercutter.com\/vi\/wp-json\/wp\/v2\/types\/product"}],"replies":[{"embeddable":true,"href":"https:\/\/aircompressorforlasercutter.com\/vi\/wp-json\/wp\/v2\/comments?post=484"}],"wp:featuredmedia":[{"embeddable":true,"href":"https:\/\/aircompressorforlasercutter.com\/vi\/wp-json\/wp\/v2\/media\/457"}],"wp:attachment":[{"href":"https:\/\/aircompressorforlasercutter.com\/vi\/wp-json\/wp\/v2\/media?parent=484"}],"wp:term":[{"taxonomy":"product_brand","embeddable":true,"href":"https:\/\/aircompressorforlasercutter.com\/vi\/wp-json\/wp\/v2\/product_brand?post=484"},{"taxonomy":"product_cat","embeddable":true,"href":"https:\/\/aircompressorforlasercutter.com\/vi\/wp-json\/wp\/v2\/product_cat?post=484"},{"taxonomy":"product_tag","embeddable":true,"href":"https:\/\/aircompressorforlasercutter.com\/vi\/wp-json\/wp\/v2\/product_tag?post=484"}],"curies":[{"name":"wp","href":"https:\/\/api.w.org\/{rel}","templated":true}]}}