{"id":485,"date":"2026-01-14T08:26:21","date_gmt":"2026-01-14T08:26:21","guid":{"rendered":"https:\/\/aircompressorforlasercutter.com\/product\/air-compressor-with-tube-fittings-for-laser-cutter\/"},"modified":"2026-01-14T08:26:21","modified_gmt":"2026-01-14T08:26:21","slug":"air-compressor-with-tube-fittings-for-laser-cutter","status":"publish","type":"product","link":"https:\/\/aircompressorforlasercutter.com\/vi\/san-pham\/may-nen-khi-kem-phu-kien-ong-dan-khi-cho-may-cat-laser\/","title":{"rendered":"M\u00e1y n\u00e9n kh\u00ed k\u00e8m ph\u1ee5 ki\u1ec7n \u1ed1ng d\u1eabn kh\u00ed cho m\u00e1y c\u1eaft laser"},"content":{"rendered":"<h1>M\u00e1y n\u00e9n kh\u00ed k\u00e8m ph\u1ee5 ki\u1ec7n \u1ed1ng d\u1eabn cho m\u00e1y c\u1eaft laser: Ng\u01b0\u1eddi h\u00f9ng th\u1ea7m l\u1eb7ng<\/h1>\n<h2>L\u1eddi gi\u1edbi thi\u1ec7u: Ng\u01b0\u1eddi anh h\u00f9ng th\u1ea7m l\u1eb7ng<\/h2>\n<p>Trong th\u1ebf gi\u1edbi c\u1eaft v\u00e0 kh\u1eafc laser, tr\u1ecdng t\u00e2m th\u01b0\u1eddng t\u1eadp trung v\u00e0o ch\u00ednh m\u00e1y laser. Ng\u01b0\u1eddi mua \u0111\u1ea7u t\u01b0 nh\u1eefng kho\u1ea3n ti\u1ec1n \u0111\u00e1ng k\u1ec3 v\u00e0o c\u00f4ng ngh\u1ec7 kh\u1eafc laser ti\u00ean ti\u1ebfn, nh\u01b0ng h\u1ecd th\u01b0\u1eddng b\u1ecf qua vai tr\u00f2 thi\u1ebft y\u1ebfu c\u1ee7a m\u00e1y n\u00e9n kh\u00ed. Th\u00e0nh ph\u1ea7n quan tr\u1ecdng n\u00e0y, d\u00f9 th\u01b0\u1eddng \u0111\u01b0\u1ee3c coi l\u00e0 ph\u1ee5 ki\u1ec7n, l\u1ea1i \u0111\u00f3ng vai tr\u00f2 then ch\u1ed1t trong vi\u1ec7c quy\u1ebft \u0111\u1ecbnh ch\u1ea5t l\u01b0\u1ee3ng \u0111\u01b0\u1eddng c\u1eaft v\u00e0 tu\u1ed5i th\u1ecd c\u1ee7a m\u00e1y.<\/p>\n<p>H\u1ed7 tr\u1ee3 kh\u00ed n\u00e9n kh\u00f4ng ch\u1ec9 l\u00e0 m\u1ed9t t\u00ednh n\u0103ng b\u1ed5 sung; \u0111\u00f3 l\u00e0 m\u1ed9t y\u1ebfu t\u1ed1 quan tr\u1ecdng \u1ea3nh h\u01b0\u1edfng tr\u1ef1c ti\u1ebfp \u0111\u1ebfn ch\u1ea5t l\u01b0\u1ee3ng c\u1eaft cu\u1ed1i c\u00f9ng v\u00e0 tu\u1ed5i th\u1ecd c\u1ee7a thi\u1ebft b\u1ecb. M\u1ed9t m\u00e1y n\u00e9n kh\u00ed \u0111\u00e1ng tin c\u1eady c\u00f3 th\u1ec3 n\u00e2ng cao \u0111\u00e1ng k\u1ec3 hi\u1ec7u qu\u1ea3 v\u00e0 n\u0103ng su\u1ea5t c\u1ee7a m\u00e1y c\u1eaft laser.<\/p>\n<h2>Gi\u00e1 tr\u1ecb c\u1ed1t l\u00f5i: L\u1ee3i th\u1ebf B2B<\/h2>\n<p>\u0110\u1ed1i v\u1edbi c\u00e1c nh\u00e0 ph\u00e2n ph\u1ed1i, vi\u1ec7c l\u1ef1a ch\u1ecdn m\u1ed9t m\u00e1y b\u01a1m kh\u00ed ch\u1ea5t l\u01b0\u1ee3ng cao s\u1ebd gi\u00fap gi\u1ea3m \u0111\u00e1ng k\u1ec3 s\u1ed1 l\u01b0\u1ee3ng khi\u1ebfu n\u1ea1i c\u1ee7a kh\u00e1ch h\u00e0ng v\u1ec1 c\u00e1c v\u1ea5n \u0111\u1ec1 nh\u01b0 \"c\u1eaft kh\u00f4ng \u0111\u1ea1t y\u00eau c\u1ea7u\" ho\u1eb7c \"\u1ed1ng k\u00ednh b\u1ecb h\u01b0 h\u1ecfng\". S\u1ef1 c\u1ea3i thi\u1ec7n n\u00e0y tr\u1ef1c ti\u1ebfp d\u1eabn \u0111\u1ebfn t\u1ef7 l\u1ec7 gi\u1eef ch\u00e2n kh\u00e1ch h\u00e0ng cao h\u01a1n. B\u1eb1ng c\u00e1ch cung c\u1ea5p cho kh\u00e1ch h\u00e0ng c\u1ee7a b\u1ea1n m\u1ed9t m\u00e1y n\u00e9n kh\u00ed v\u01b0\u1ee3t tr\u1ed9i, b\u1ea1n \u0111\u1ea3m b\u1ea3o s\u1ef1 h\u00e0i l\u00f2ng cao h\u01a1n v\u00e0 gi\u1ea3m thi\u1ec3u c\u00e1c v\u1ea5n \u0111\u1ec1 sau b\u00e1n h\u00e0ng.<\/p>\n<h2>Nh\u1eefng \u0111i\u1ec3m b\u1ea5t l\u1ee3i: Chi ph\u00ed \u1ea9n c\u1ee7a m\u00e1y b\u01a1m h\u01a1i gi\u00e1 r\u1ebb<\/h2>\n<h3>Ch\u1ea5t l\u01b0\u1ee3ng c\u1eaft k\u00e9m<\/h3>\n<p>Vi\u1ec7c s\u1eed d\u1ee5ng b\u01a1m kh\u00ed ch\u1ea5t l\u01b0\u1ee3ng th\u1ea5p c\u00f3 th\u1ec3 d\u1eabn \u0111\u1ebfn lu\u1ed3ng kh\u00ed kh\u00f4ng \u1ed5n \u0111\u1ecbnh, g\u00e2y ra hi\u1ec7n t\u01b0\u1ee3ng ch\u00e1y c\u1ea1nh tr\u00ean v\u1eadt li\u1ec7u v\u00e0 gi\u1ea3m hi\u1ec7u qu\u1ea3 c\u1eaft. \u0110i\u1ec1u n\u00e0y kh\u00f4ng ch\u1ec9 \u1ea3nh h\u01b0\u1edfng \u0111\u1ebfn s\u1ea3n l\u01b0\u1ee3ng t\u1ee9c th\u1eddi m\u00e0 c\u00f2n t\u00e1c \u0111\u1ed9ng \u0111\u1ebfn kh\u1ea3 n\u0103ng ti\u1ebfp th\u1ecb c\u1ee7a s\u1ea3n ph\u1ea9m cu\u1ed1i c\u00f9ng. Kh\u00e1ch h\u00e0ng c\u00f3 th\u1ec3 th\u1ea5y s\u1ea3n ph\u1ea9m c\u1ee7a h\u1ecd k\u00e9m h\u1ea5p d\u1eabn h\u01a1n do ch\u1ea5t l\u01b0\u1ee3ng ho\u00e0n thi\u1ec7n k\u00e9m.<\/p>\n<h3>Nguy c\u01a1 h\u01b0 h\u1ecfng thi\u1ebft b\u1ecb<\/h3>\n<p>C\u00e1c lo\u1ea1i b\u01a1m kh\u00ed gi\u00e1 r\u1ebb, \u0111\u1eb7c bi\u1ec7t l\u00e0 nh\u1eefng lo\u1ea1i c\u00f3 ch\u1ee9a d\u1ea7u, c\u00f3 th\u1ec3 th\u1ea3i ra s\u01b0\u01a1ng d\u1ea7u ho\u1eb7c h\u01a1i \u1ea9m, l\u00e0m \u00f4 nhi\u1ec5m th\u1ea5u k\u00ednh laser. S\u1ef1 \u00f4 nhi\u1ec5m n\u00e0y c\u00f3 th\u1ec3 d\u1eabn \u0111\u1ebfn chi ph\u00ed s\u1eeda ch\u1eefa v\u00e0 tr\u1ea3 l\u1ea1i h\u00e0ng t\u1ed1n k\u00e9m, g\u00e2y th\u00eam g\u00e1nh n\u1eb7ng chi ph\u00ed b\u1ea5t ng\u1edd cho nh\u00e0 ph\u00e2n ph\u1ed1i v\u00e0 l\u00e0m gi\u1ea3m l\u1ee3i nhu\u1eadn.<\/p>\n<h3>S\u1ef1 gi\u00e1n \u0111o\u1ea1n ti\u1ebfng \u1ed3n<\/h3>\n<p>M\u00e1y n\u00e9n kh\u00ed truy\u1ec1n th\u1ed1ng n\u1ed5i ti\u1ebfng v\u1edbi \u0111\u1ed9 \u1ed3n qu\u00e1 m\u1ee9c, \u0111i\u1ec1u n\u00e0y c\u00f3 th\u1ec3 g\u00e2y kh\u00f3 ch\u1ecbu cho ng\u01b0\u1eddi d\u00f9ng gia \u0111\u00ecnh v\u00e0 c\u00e1c kh\u00f4ng gian ch\u1ebf t\u1ea1o trong gi\u00e1o d\u1ee5c. Ho\u1ea1t \u0111\u1ed9ng \u1ed3n \u00e0o l\u00e0m h\u1ea1n ch\u1ebf l\u01b0\u1ee3ng kh\u00e1ch h\u00e0ng ti\u1ec1m n\u0103ng v\u00e0 gi\u1ea3m c\u01a1 h\u1ed9i b\u00e1n h\u00e0ng. Do \u0111\u00f3, m\u1ed9t gi\u1ea3i ph\u00e1p ho\u1ea1t \u0111\u1ed9ng \u00eam \u00e1i l\u00e0 \u0111i\u1ec1u c\u1ea7n thi\u1ebft \u0111\u1ec3 ti\u1ebfp c\u1eadn c\u00e1c th\u1ecb tr\u01b0\u1eddng n\u00e0y.<\/p>\n<h2>Gi\u1ea3i ph\u00e1p c\u1ee7a ch\u00fang t\u00f4i: \u0110\u1ecbnh ngh\u0129a l\u1ea1i d\u1ecbch v\u1ee5 h\u1ed7 tr\u1ee3 h\u00e0ng kh\u00f4ng \u201cchuy\u00ean nghi\u1ec7p\u201d.<\/h2>\n<h3>Thi\u1ebft k\u1ebf kh\u00f4ng d\u1ea7u, kh\u00f4ng n\u01b0\u1edbc<\/h3>\n<p>M\u00e1y n\u00e9n kh\u00ed c\u1ee7a ch\u00fang t\u00f4i c\u00f3 thi\u1ebft k\u1ebf kh\u00f4ng d\u1ea7u, kh\u00f4ng n\u01b0\u1edbc 100%, \u0111\u1ea3m b\u1ea3o b\u1ea3o v\u1ec7 ho\u00e0n to\u00e0n cho c\u00e1c th\u1ea5u k\u00ednh laser. \u0110i\u1ec1u n\u00e0y gi\u00fap gi\u1ea3m thi\u1ec3u b\u1ea3o tr\u00ec cho ng\u01b0\u1eddi d\u00f9ng cu\u1ed1i, ti\u1ebft ki\u1ec7m th\u1eddi gian v\u00e0 c\u00f4ng s\u1ee9c \u0111\u1ed3ng th\u1eddi t\u1ed1i \u0111a h\u00f3a hi\u1ec7u qu\u1ea3 ho\u1ea1t \u0111\u1ed9ng.<\/p>\n<h3>C\u00f4ng ngh\u1ec7 si\u00eau y\u00ean t\u0129nh<\/h3>\n<p>\u0110\u01b0\u1ee3c ph\u00e1t tri\u1ec3n \u0111\u1eb7c bi\u1ec7t cho c\u00e1c \u1ee9ng d\u1ee5ng trong nh\u00e0 v\u00e0 ph\u00f2ng thu t\u1ea1i gia, m\u00e1y n\u00e9n c\u1ee7a ch\u00fang t\u00f4i ho\u1ea1t \u0111\u1ed9ng v\u1edbi \u0111\u1ed9 \u1ed3n c\u1ef1c th\u1ea5p, d\u01b0\u1edbi 60dB. S\u1ef1 c\u1ea3i ti\u1ebfn n\u00e0y gi\u00fap n\u00e2ng cao \u0111\u00e1ng k\u1ec3 tr\u1ea3i nghi\u1ec7m ng\u01b0\u1eddi d\u00f9ng b\u1eb1ng c\u00e1ch cung c\u1ea5p kh\u00f4ng gian l\u00e0m vi\u1ec7c y\u00ean t\u0129nh h\u01a1n, ph\u00f9 h\u1ee3p cho c\u1ea3 m\u00f4i tr\u01b0\u1eddng gia \u0111\u00ecnh v\u00e0 gi\u00e1o d\u1ee5c.<\/p>\n<h3>Hi\u1ec7u n\u0103ng m\u1ea1nh m\u1ebd<\/h3>\n<p>V\u1edbi c\u00f4ng su\u1ea5t m\u1ea1nh m\u1ebd 30 l\u00edt\/ph\u00fat, m\u00e1y n\u00e9n kh\u00ed c\u1ee7a ch\u00fang t\u00f4i \u0111\u1ea3m b\u1ea3o l\u01b0u l\u01b0\u1ee3ng kh\u00ed \u1ed5n \u0111\u1ecbnh v\u00e0 li\u00ean t\u1ee5c. Cho d\u00f9 c\u1eaft g\u1ed7 d\u00e0y hay acrylic, m\u00e1y \u0111\u1ec1u \u0111\u1ea3m b\u1ea3o c\u00e1c v\u1ebft c\u1eaft s\u1ea1ch, kh\u00f4ng kh\u00f3i, t\u1eeb \u0111\u00f3 n\u00e2ng cao ch\u1ea5t l\u01b0\u1ee3ng s\u1ea3n ph\u1ea9m ho\u00e0n thi\u1ec7n.<\/p>\n<h2>Kh\u1ea3 n\u0103ng t\u01b0\u01a1ng th\u00edch r\u1ed9ng: Gi\u1ea3i ph\u00e1p tr\u1ecdn g\u00f3i<\/h2>\n<h3>Ph\u1ea1m vi \u1ee9ng d\u1ee5ng r\u1ed9ng r\u00e3i<\/h3>\n<p>M\u00e1y n\u00e9n kh\u00ed c\u1ee7a ch\u00fang t\u00f4i \u0111\u01b0\u1ee3c thi\u1ebft k\u1ebf \u0111\u1ec3 ho\u00e0n to\u00e0n ph\u00f9 h\u1ee3p v\u1edbi c\u00e1c m\u1eabu m\u00e1y ph\u1ed5 bi\u1ebfn tr\u00ean th\u1ecb tr\u01b0\u1eddng (m\u00e3 s\u1ea3n ph\u1ea9m 95%), bao g\u1ed3m xTool, Ortur, Atomstack v\u00e0 nhi\u1ec1u m\u00e1y c\u1eaft laser CO2 kh\u00e1c nhau. T\u00ednh linh ho\u1ea1t n\u00e0y \u0111\u1ea3m b\u1ea3o kh\u00e1ch h\u00e0ng c\u1ee7a b\u1ea1n c\u00f3 th\u1ec3 s\u1eed d\u1ee5ng s\u1ea3n ph\u1ea9m c\u1ee7a ch\u00fang t\u00f4i m\u1ed9t c\u00e1ch li\u1ec1n m\u1ea1ch v\u1edbi thi\u1ebft b\u1ecb hi\u1ec7n c\u00f3 c\u1ee7a h\u1ecd.<\/p>\n<h3>L\u1ee3i \u00edch d\u00e0nh cho nh\u00e0 ph\u00e2n ph\u1ed1i<\/h3>\n<p>Ch\u1ec9 v\u1edbi m\u1ed9t m\u00e3 s\u1ea3n ph\u1ea9m (SKU) t\u01b0\u01a1ng th\u00edch v\u1edbi nhi\u1ec1u m\u00e1y m\u00f3c, b\u1ea1n c\u00f3 th\u1ec3 gi\u1ea3m \u0111\u00e1ng k\u1ec3 \u00e1p l\u1ef1c v\u00e0 s\u1ef1 ph\u1ee9c t\u1ea1p trong qu\u1ea3n l\u00fd h\u00e0ng t\u1ed3n kho. C\u00e1ch ti\u1ebfp c\u1eadn tinh g\u1ecdn n\u00e0y kh\u00f4ng ch\u1ec9 \u0111\u01a1n gi\u1ea3n h\u00f3a kh\u00e2u h\u1eadu c\u1ea7n m\u00e0 c\u00f2n t\u1ed1i \u01b0u h\u00f3a vi\u1ec7c qu\u1ea3n l\u00fd kho, gi\u00fap c\u1ea3i thi\u1ec7n d\u00f2ng ti\u1ec1n v\u00e0 hi\u1ec7u qu\u1ea3 ho\u1ea1t \u0111\u1ed9ng.<\/p>\n<h2>L\u1ee3i th\u1ebf c\u1ee7a chu\u1ed7i cung \u1ee9ng v\u00e0 quan h\u1ec7 \u0111\u1ed1i t\u00e1c<\/h2>\n<h3>S\u1ee9c m\u1ea1nh c\u1ee7a nh\u00e0 m\u00e1y<\/h3>\n<p>Quy tr\u00ecnh ki\u1ec3m so\u00e1t ch\u1ea5t l\u01b0\u1ee3ng (QC) nghi\u00eam ng\u1eb7t c\u1ee7a ch\u00fang t\u00f4i \u0111\u1ea3m b\u1ea3o t\u1ef7 l\u1ec7 l\u1ed7i c\u1ef1c th\u1ea5p, d\u01b0\u1edbi 1%. Cam k\u1ebft v\u1ec1 ch\u1ea5t l\u01b0\u1ee3ng n\u00e0y gi\u00fap b\u1ea1n ti\u1ebft ki\u1ec7m chi ph\u00ed v\u1eadn chuy\u1ec3n li\u00ean quan \u0111\u1ebfn vi\u1ec7c tr\u1ea3 l\u1ea1i v\u00e0 \u0111\u1ed5i h\u00e0ng, cu\u1ed1i c\u00f9ng c\u1ea3i thi\u1ec7n l\u1ee3i nhu\u1eadn c\u1ee7a b\u1ea1n.<\/p>\n<h3>D\u1ecbch v\u1ee5 t\u00f9y ch\u1ec9nh (OEM\/ODM)<\/h3>\n<p>Ch\u00fang t\u00f4i cung c\u1ea5p c\u00e1c t\u00f9y ch\u1ecdn t\u00f9y ch\u1ec9nh bao g\u1ed3m in logo c\u1ee7a b\u1ea1n, thi\u1ebft k\u1ebf bao b\u00ec ri\u00eang v\u00e0 nhi\u1ec1u th\u00f4ng s\u1ed1 k\u1ef9 thu\u1eadt ph\u00edch c\u1eafm kh\u00e1c nhau ph\u00f9 h\u1ee3p v\u1edbi t\u1eebng qu\u1ed1c gia. S\u1ef1 linh ho\u1ea1t n\u00e0y cho ph\u00e9p b\u1ea1n t\u1ea1o ra m\u1ed9t b\u1ea3n s\u1eafc th\u01b0\u01a1ng hi\u1ec7u \u0111\u1ed9c \u0111\u00e1o, g\u00e2y \u1ea5n t\u01b0\u1ee3ng v\u1edbi th\u1ecb tr\u01b0\u1eddng m\u1ee5c ti\u00eau c\u1ee7a m\u00ecnh.<\/p>\n<h3>H\u1ed7 tr\u1ee3 sau b\u00e1n h\u00e0ng<\/h3>\n<p>Kh\u1ea3 n\u0103ng ph\u1ea3n h\u1ed3i k\u1ef9 thu\u1eadt nhanh ch\u00f3ng v\u00e0 cung c\u1ea5p ph\u1ee5 t\u00f9ng thay th\u1ebf k\u1ecbp th\u1eddi c\u1ee7a ch\u00fang t\u00f4i \u0111\u1ea3m b\u1ea3o kh\u00e1ch h\u00e0ng c\u1ee7a b\u1ea1n nh\u1eadn \u0111\u01b0\u1ee3c s\u1ef1 h\u1ed7 tr\u1ee3 c\u1ea7n thi\u1ebft m\u00e0 kh\u00f4ng b\u1ecb ch\u1eadm tr\u1ec5 \u0111\u00e1ng k\u1ec3. M\u1ee9c \u0111\u1ed9 h\u1ed7 tr\u1ee3 n\u00e0y n\u00e2ng cao s\u1ef1 h\u00e0i l\u00f2ng c\u1ee7a kh\u00e1ch h\u00e0ng v\u00e0 th\u00fac \u0111\u1ea9y c\u00e1c m\u1ed1i quan h\u1ec7 kinh doanh l\u00e2u d\u00e0i.<\/p>\n<h2>K\u1ebft lu\u1eadn v\u00e0 l\u1eddi k\u00eau g\u1ecdi h\u00e0nh \u0111\u1ed9ng<\/h2>\n<p>\u0110\u1eebng \u0111\u1ec3 nh\u1eefng ph\u1ee5 ki\u1ec7n k\u00e9m ch\u1ea5t l\u01b0\u1ee3ng l\u00e0m \u1ea3nh h\u01b0\u1edfng \u0111\u1ebfn danh ti\u1ebfng c\u1ee7a nh\u1eefng m\u00e1y m\u00f3c cao c\u1ea5p c\u1ee7a b\u1ea1n. Vi\u1ec7c l\u1ef1a ch\u1ecdn m\u00e1y n\u00e9n kh\u00ed ph\u00f9 h\u1ee3p v\u1edbi ch\u1ea5t l\u01b0\u1ee3ng thi\u1ebft b\u1ecb l\u00e0 \u0111i\u1ec1u c\u1ea7n thi\u1ebft \u0111\u1ec3 duy tr\u00ec s\u1ef1 h\u00e0i l\u00f2ng v\u00e0 l\u00f2ng trung th\u00e0nh c\u1ee7a kh\u00e1ch h\u00e0ng.<\/p>\n<p>H\u00e3y li\u00ean h\u1ec7 v\u1edbi ch\u00fang t\u00f4i ngay h\u00f4m nay \u0111\u1ec3 y\u00eau c\u1ea7u th\u1eed nghi\u1ec7m m\u1eabu ho\u1eb7c nh\u1eadn b\u1ea3ng gi\u00e1 b\u00e1n bu\u00f4n B2B m\u1edbi nh\u1ea5t. N\u00e2ng t\u1ea7m s\u1ea3n ph\u1ea9m c\u1ee7a b\u1ea1n v\u1edbi c\u00e1c gi\u1ea3i ph\u00e1p m\u00e1y n\u00e9n kh\u00ed h\u00e0ng \u0111\u1ea7u c\u1ee7a ch\u00fang t\u00f4i.<\/p>\n<p><a href=\"https:\/\/aircompressorforlasercutter.com\/vi\/lien-he-voi-chung-toi\/\">H\u00e3y nh\u1ea5p v\u00e0o \u0111\u00e2y \u0111\u1ec3 li\u00ean h\u1ec7 v\u1edbi ch\u00fang t\u00f4i.<\/a><\/p>","protected":false},"excerpt":{"rendered":"<p>Air Compressor with Tube Fittings for Laser Cutter: The Unsung Hero Introduction: The Unsung Hero In the world of laser cutting and engraving, the focus often lies on the laser machine itself. Buyers invest significant sums in advanced laser engraving technology, yet they frequently overlook the essential role of an air compressor. This vital component, [&hellip;]<\/p>","protected":false},"featured_media":457,"comment_status":"open","ping_status":"closed","template":"","meta":{"_et_pb_use_builder":"","_et_pb_old_content":"","_et_gb_content_width":""},"product_brand":[],"product_cat":[1093],"product_tag":[1096],"class_list":{"0":"post-485","1":"product","2":"type-product","3":"status-publish","4":"has-post-thumbnail","6":"product_cat-air-compressor-for-laser-cutter","7":"product_tag-air-compressor-for-laser-cutter-cost","9":"first","10":"instock","11":"shipping-taxable","12":"product-type-simple"},"_links":{"self":[{"href":"https:\/\/aircompressorforlasercutter.com\/vi\/wp-json\/wp\/v2\/product\/485","targetHints":{"allow":["GET"]}}],"collection":[{"href":"https:\/\/aircompressorforlasercutter.com\/vi\/wp-json\/wp\/v2\/product"}],"about":[{"href":"https:\/\/aircompressorforlasercutter.com\/vi\/wp-json\/wp\/v2\/types\/product"}],"replies":[{"embeddable":true,"href":"https:\/\/aircompressorforlasercutter.com\/vi\/wp-json\/wp\/v2\/comments?post=485"}],"wp:featuredmedia":[{"embeddable":true,"href":"https:\/\/aircompressorforlasercutter.com\/vi\/wp-json\/wp\/v2\/media\/457"}],"wp:attachment":[{"href":"https:\/\/aircompressorforlasercutter.com\/vi\/wp-json\/wp\/v2\/media?parent=485"}],"wp:term":[{"taxonomy":"product_brand","embeddable":true,"href":"https:\/\/aircompressorforlasercutter.com\/vi\/wp-json\/wp\/v2\/product_brand?post=485"},{"taxonomy":"product_cat","embeddable":true,"href":"https:\/\/aircompressorforlasercutter.com\/vi\/wp-json\/wp\/v2\/product_cat?post=485"},{"taxonomy":"product_tag","embeddable":true,"href":"https:\/\/aircompressorforlasercutter.com\/vi\/wp-json\/wp\/v2\/product_tag?post=485"}],"curies":[{"name":"wp","href":"https:\/\/api.w.org\/{rel}","templated":true}]}}