{"id":486,"date":"2026-01-14T08:26:21","date_gmt":"2026-01-14T08:26:21","guid":{"rendered":"https:\/\/aircompressorforlasercutter.com\/product\/diode-laser-air-assist-system-with-adjustable-knob\/"},"modified":"2026-01-14T08:29:15","modified_gmt":"2026-01-14T08:29:15","slug":"diode-laser-air-assist-system-with-adjustable-knob","status":"publish","type":"product","link":"https:\/\/aircompressorforlasercutter.com\/vi\/san-pham\/he-thong-ho-tro-khi-nen-bang-laser-diode-voi-num-dieu-chinh\/","title":{"rendered":"H\u1ec7 th\u1ed1ng h\u1ed7 tr\u1ee3 kh\u00ed n\u00e9n b\u1eb1ng laser diode v\u1edbi n\u00fam \u0111i\u1ec1u ch\u1ec9nh."},"content":{"rendered":"<h1><span style=\"font-size: 26px;\">1. B\u1ed1i c\u1ea3nh: Y\u1ebfu t\u1ed1 thi\u1ebft y\u1ebfu b\u1ecb b\u1ecf qua<\/span><\/h1>\n<p>Trong th\u1ecb tr\u01b0\u1eddng c\u1ea1nh tranh ng\u00e0y nay, nhi\u1ec1u ng\u01b0\u1eddi mua \u0111\u1ea7u t\u01b0 m\u1ea1nh v\u00e0o c\u00e1c m\u00e1y kh\u1eafc laser ti\u00ean ti\u1ebfn, th\u01b0\u1eddng b\u1ecf qua m\u1ed9t b\u1ed9 ph\u1eadn quan tr\u1ecdng: h\u1ec7 th\u1ed1ng h\u1ed7 tr\u1ee3 kh\u00ed n\u00e9n. M\u1eb7c d\u00f9 m\u00e1y c\u1eaft laser c\u00f3 th\u1ec3 l\u00e0 \"ng\u00f4i sao\" c\u1ee7a s\u1ea3n ph\u1ea9m, nh\u01b0ng b\u01a1m kh\u00ed \u0111\u00f3ng vai tr\u00f2 then ch\u1ed1t trong vi\u1ec7c n\u00e2ng cao hi\u1ec7u su\u1ea5t v\u00e0 tu\u1ed5i th\u1ecd. H\u1ec7 th\u1ed1ng h\u1ed7 tr\u1ee3 kh\u00ed n\u00e9n kh\u00f4ng ch\u1ec9 \u0111\u01a1n thu\u1ea7n l\u00e0 m\u1ed9t ph\u1ee5 ki\u1ec7n; n\u00f3 \u1ea3nh h\u01b0\u1edfng tr\u1ef1c ti\u1ebfp \u0111\u1ebfn ch\u1ea5t l\u01b0\u1ee3ng c\u1eaft cu\u1ed1i c\u00f9ng v\u00e0 tu\u1ed5i th\u1ecd c\u1ee7a m\u00e1y m\u00f3c.<\/p>\n<p>\u0110\u1ed1i v\u1edbi kh\u00e1ch h\u00e0ng B2B, vi\u1ec7c l\u1ef1a ch\u1ecdn \u0111\u00fang lo\u1ea1i b\u01a1m h\u01a1i s\u1ebd gi\u00fap gi\u1ea3m thi\u1ec3u c\u00e1c khi\u1ebfu n\u1ea1i v\u1ec1 nh\u1eefng v\u1ea5n \u0111\u1ec1 nh\u01b0 c\u1eaft kh\u00f4ng ho\u00e0n ch\u1ec9nh ho\u1eb7c th\u1ea5u k\u00ednh b\u1ecb h\u01b0 h\u1ecfng, t\u1eeb \u0111\u00f3 d\u1eabn \u0111\u1ebfn t\u1ef7 l\u1ec7 gi\u1eef ch\u00e2n kh\u00e1ch h\u00e0ng cao h\u01a1n.<\/p>\n<p><img loading=\"lazy\" decoding=\"async\" class=\"wp-image-455 size-full aligncenter\" src=\"https:\/\/aircompressorforlasercutter.com\/wp-content\/uploads\/2026\/01\/Air-Compressor-For-Laser-Cutter2.webp\" alt=\"M\u00e1y n\u00e9n kh\u00ed cho m\u00e1y c\u1eaft laser\" width=\"800\" height=\"800\" srcset=\"https:\/\/aircompressorforlasercutter.com\/wp-content\/uploads\/2026\/01\/Air-Compressor-For-Laser-Cutter2.webp 800w, https:\/\/aircompressorforlasercutter.com\/wp-content\/uploads\/2026\/01\/Air-Compressor-For-Laser-Cutter2-480x480.webp 480w\" sizes=\"auto, (min-width: 0px) and (max-width: 480px) 480px, (min-width: 481px) 800px, 100vw\" \/><\/p>\n<h2>2. Ph\u00e2n t\u00edch \u0111i\u1ec3m kh\u00f3 kh\u0103n: Chi ph\u00ed \u1ea9n c\u1ee7a m\u00e1y b\u01a1m h\u01a1i gi\u00e1 r\u1ebb<\/h2>\n<h3>Ch\u1ea5t l\u01b0\u1ee3ng c\u1eaft k\u00e9m<\/h3>\n<p>Vi\u1ec7c s\u1eed d\u1ee5ng b\u01a1m kh\u00ed gi\u00e1 r\u1ebb c\u00f3 th\u1ec3 d\u1eabn \u0111\u1ebfn lu\u1ed3ng kh\u00ed kh\u00f4ng \u1ed5n \u0111\u1ecbnh, g\u00e2y ra hi\u1ec7n t\u01b0\u1ee3ng ch\u00e1y c\u1ea1nh v\u00e0 gi\u1ea3m hi\u1ec7u qu\u1ea3 c\u1eaft. T\u00ecnh tr\u1ea1ng n\u00e0y kh\u00f4ng ch\u1ec9 \u1ea3nh h\u01b0\u1edfng \u0111\u1ebfn s\u1ea3n l\u01b0\u1ee3ng t\u1ee9c th\u1eddi m\u00e0 c\u00f2n l\u00e0m gi\u1ea3m t\u00ednh th\u1ea9m m\u1ef9 c\u1ee7a s\u1ea3n ph\u1ea9m cu\u1ed1i c\u00f9ng. \u0110i\u1ec1u n\u00e0y c\u00f3 th\u1ec3 g\u00e2y ra hi\u1ec7u \u1ee9ng d\u00e2y chuy\u1ec1n, \u1ea3nh h\u01b0\u1edfng \u0111\u1ebfn s\u1ef1 h\u00e0i l\u00f2ng c\u1ee7a kh\u00e1ch h\u00e0ng v\u00e0 kh\u1ea3 n\u0103ng kinh doanh l\u1eb7p l\u1ea1i.<\/p>\n<h3>Nguy c\u01a1 h\u01b0 h\u1ecfng thi\u1ebft b\u1ecb<\/h3>\n<p>C\u00e1c lo\u1ea1i b\u01a1m k\u00e9m ch\u1ea5t l\u01b0\u1ee3ng, \u0111\u1eb7c bi\u1ec7t l\u00e0 nh\u1eefng lo\u1ea1i \u0111\u01b0\u1ee3c b\u00f4i tr\u01a1n b\u1eb1ng d\u1ea7u, c\u00f3 th\u1ec3 th\u1ea3i ra h\u01a1i d\u1ea7u ho\u1eb7c h\u01a1i \u1ea9m l\u00e0m \u00f4 nhi\u1ec5m th\u1ea5u k\u00ednh laser. S\u1ef1 \u00f4 nhi\u1ec5m n\u00e0y c\u00f3 th\u1ec3 d\u1eabn \u0111\u1ebfn chi ph\u00ed s\u1eeda ch\u1eefa v\u00e0 tr\u1ea3 l\u1ea1i h\u00e0ng t\u1ed1n k\u00e9m, l\u00e0m gi\u1ea3m l\u1ee3i nhu\u1eadn c\u1ee7a c\u00e1c nh\u00e0 ph\u00e2n ph\u1ed1i ph\u1ee5 thu\u1ed9c v\u00e0o m\u00e1y m\u00f3c ch\u1ea5t l\u01b0\u1ee3ng cao.<\/p>\n<h3>Ng\u0103n ch\u1eb7n ti\u1ebfng \u1ed3n<\/h3>\n<p>M\u00e1y n\u00e9n kh\u00ed truy\u1ec1n th\u1ed1ng c\u00f3 th\u1ec3 t\u1ea1o ra ti\u1ebfng \u1ed3n qu\u00e1 m\u1ee9c, \u0111i\u1ec1u n\u00e0y h\u1ea1n ch\u1ebf vi\u1ec7c s\u1eed d\u1ee5ng ch\u00fang trong m\u00f4i tr\u01b0\u1eddng gia \u0111\u00ecnh v\u00e0 c\u00e1c ho\u1ea1t \u0111\u1ed9ng gi\u00e1o d\u1ee5c ch\u1ebf t\u1ea1o. Nh\u1eefng h\u1ea1n ch\u1ebf n\u00e0y thu h\u1eb9p th\u1ecb tr\u01b0\u1eddng ti\u1ec1m n\u0103ng c\u1ee7a b\u1ea1n, v\u00ec ch\u1ee7 nh\u00e0 v\u00e0 c\u00e1c nh\u00e0 gi\u00e1o d\u1ee5c th\u01b0\u1eddng t\u00ecm ki\u1ebfm c\u00e1c gi\u1ea3i ph\u00e1p y\u00ean t\u0129nh h\u01a1n cho c\u00e1c d\u1ef1 \u00e1n c\u1ee7a h\u1ecd.<\/p>\n<h2>3. Gi\u1ea3i ph\u00e1p c\u1ee7a ch\u00fang t\u00f4i: \u0110\u1ecbnh ngh\u0129a l\u1ea1i d\u1ecbch v\u1ee5 h\u1ed7 tr\u1ee3 tr\u00ean kh\u00f4ng chuy\u00ean nghi\u1ec7p.<\/h2>\n<h3>Thi\u1ebft k\u1ebf kh\u00f4ng d\u1ea7u v\u00e0 kh\u00f4ng n\u01b0\u1edbc<\/h3>\n<p>H\u1ec7 th\u1ed1ng h\u1ed7 tr\u1ee3 kh\u00ed cho laser diode 100% s\u1edf h\u1eefu thi\u1ebft k\u1ebf kh\u00f4ng d\u1ea7u v\u00e0 kh\u00f4ng n\u01b0\u1edbc, mang \u0111\u1ebfn kh\u1ea3 n\u0103ng b\u1ea3o v\u1ec7 v\u01b0\u1ee3t tr\u1ed9i cho th\u1ea5u k\u00ednh laser \u0111\u1ed3ng th\u1eddi lo\u1ea1i b\u1ecf nh\u1eefng lo ng\u1ea1i v\u1ec1 b\u1ea3o tr\u00ec cho ng\u01b0\u1eddi d\u00f9ng cu\u1ed1i. \u0110i\u1ec1u n\u00e0y c\u00f3 ngh\u0129a l\u00e0 s\u1ef1 an t\u00e2m v\u00e0 hi\u1ec7u su\u1ea5t \u1ed5n \u0111\u1ecbnh m\u00e0 kh\u00f4ng c\u1ea7n ph\u1ea3i lo l\u1eafng v\u1ec1 vi\u1ec7c b\u1ea3o tr\u00ec.<\/p>\n<h3>C\u00f4ng ngh\u1ec7 si\u00eau y\u00ean t\u0129nh<\/h3>\n<p>\u0110\u01b0\u1ee3c thi\u1ebft k\u1ebf \u0111\u1eb7c bi\u1ec7t \u0111\u1ec3 s\u1eed d\u1ee5ng trong nh\u00e0 v\u00e0 ph\u00f2ng thu t\u1ea1i gia, h\u1ec7 th\u1ed1ng c\u1ee7a ch\u00fang t\u00f4i ho\u1ea1t \u0111\u1ed9ng \u1edf m\u1ee9c \u0111\u1ed9 ti\u1ebfng \u1ed3n c\u1ef1c th\u1ea5p (&lt;60dB). S\u1ef1 c\u1ea3i ti\u1ebfn n\u00e0y gi\u00fap n\u00e2ng cao \u0111\u00e1ng k\u1ec3 tr\u1ea3i nghi\u1ec7m ng\u01b0\u1eddi d\u00f9ng, l\u00fd t\u01b0\u1edfng cho nh\u1eefng m\u00f4i tr\u01b0\u1eddng m\u00e0 vi\u1ec7c ki\u1ec3m so\u00e1t ti\u1ebfng \u1ed3n l\u00e0 t\u1ed1i quan tr\u1ecdng.<\/p>\n<h3>Hi\u1ec7u su\u1ea5t m\u1ea1nh m\u1ebd<\/h3>\n<p>V\u1edbi l\u01b0u l\u01b0\u1ee3ng \u1ed5n \u0111\u1ecbnh 30 l\u00edt\/ph\u00fat, h\u1ec7 th\u1ed1ng h\u1ed7 tr\u1ee3 kh\u00ed n\u00e0y \u0111\u1ea3m b\u1ea3o c\u00e1c v\u1ebft c\u1eaft s\u1ea1ch s\u1ebd, kh\u00f4ng kh\u00f3i khi l\u00e0m vi\u1ec7c v\u1edbi c\u00e1c v\u1eadt li\u1ec7u d\u00e0y nh\u01b0 g\u1ed7 v\u00e0 acrylic. Hi\u1ec7u su\u1ea5t \u0111\u00e1ng tin c\u1eady n\u00e0y gi\u00fap n\u00e2ng cao hi\u1ec7u qu\u1ea3 c\u1ee7a qu\u00e1 tr\u00ecnh c\u1eaft, cu\u1ed1i c\u00f9ng d\u1eabn \u0111\u1ebfn k\u1ebft qu\u1ea3 ch\u1ea5t l\u01b0\u1ee3ng cao h\u01a1n.<\/p>\n<p><img loading=\"lazy\" decoding=\"async\" class=\"alignnone wp-image-453 size-full\" src=\"https:\/\/aircompressorforlasercutter.com\/wp-content\/uploads\/2026\/01\/Air-Compressor-For-Laser-Cutter.webp\" alt=\"M\u00e1y n\u00e9n kh\u00ed cho m\u00e1y c\u1eaft laser\" width=\"800\" height=\"800\" srcset=\"https:\/\/aircompressorforlasercutter.com\/wp-content\/uploads\/2026\/01\/Air-Compressor-For-Laser-Cutter.webp 800w, https:\/\/aircompressorforlasercutter.com\/wp-content\/uploads\/2026\/01\/Air-Compressor-For-Laser-Cutter-480x480.webp 480w\" sizes=\"auto, (min-width: 0px) and (max-width: 480px) 480px, (min-width: 481px) 800px, 100vw\" \/><\/p>\n<h2>4. Kh\u1ea3 n\u0103ng t\u01b0\u01a1ng th\u00edch r\u1ed9ng r\u00e3i: Gi\u1ea3i ph\u00e1p tr\u1ecdn g\u00f3i<\/h2>\n<h3>\u1ee8ng d\u1ee5ng r\u1ed9ng r\u00e3i<\/h3>\n<p>H\u1ec7 th\u1ed1ng h\u1ed7 tr\u1ee3 kh\u00ed c\u1ee7a ch\u00fang t\u00f4i \u0111\u01b0\u1ee3c thi\u1ebft k\u1ebf \u0111\u1ec3 ph\u00f9 h\u1ee3p ho\u00e0n h\u1ea3o v\u1edbi c\u00e1c m\u00e1y laser th\u00f4ng d\u1ee5ng tr\u00ean th\u1ecb tr\u01b0\u1eddng, bao g\u1ed3m xTool, Ortur, Atomstack v\u00e0 nhi\u1ec1u h\u1ec7 th\u1ed1ng laser CO2 kh\u00e1c nhau. T\u00ednh linh ho\u1ea1t n\u00e0y \u0111\u1ea3m b\u1ea3o c\u00e1c nh\u00e0 ph\u00e2n ph\u1ed1i c\u00f3 th\u1ec3 ph\u1ee5c v\u1ee5 m\u1ed9t l\u01b0\u1ee3ng kh\u00e1ch h\u00e0ng r\u1ed9ng l\u1edbn m\u00e0 kh\u00f4ng c\u1ea7n ph\u1ea3i d\u1ef1 tr\u1eef h\u00e0ng h\u00f3a qu\u00e1 nhi\u1ec1u.<\/p>\n<h3>L\u1ee3i \u00edch d\u00e0nh cho nh\u00e0 ph\u00e2n ph\u1ed1i<\/h3>\n<p>V\u1edbi m\u00f4 h\u00ecnh \"m\u1ed9t m\u00e3 s\u1ea3n ph\u1ea9m ph\u00f9 h\u1ee3p v\u1edbi nhi\u1ec1u m\u00e1y\", \u0111\u1ed9 ph\u1ee9c t\u1ea1p c\u1ee7a vi\u1ec7c qu\u1ea3n l\u00fd kho \u0111\u01b0\u1ee3c gi\u1ea3m \u0111\u00e1ng k\u1ec3. C\u00e1c nh\u00e0 ph\u00e2n ph\u1ed1i c\u00f3 th\u1ec3 t\u1ed1i \u01b0u h\u00f3a quy tr\u00ecnh t\u1ed3n kho, d\u1eabn \u0111\u1ebfn gi\u1ea3m \u00e1p l\u1ef1c d\u1ef1 tr\u1eef v\u00e0 t\u0103ng hi\u1ec7u qu\u1ea3 ho\u1ea1t \u0111\u1ed9ng.<\/p>\n<h2>5. L\u1ee3i th\u1ebf c\u1ee7a chu\u1ed7i cung \u1ee9ng v\u00e0 quan h\u1ec7 \u0111\u1ed1i t\u00e1c<\/h2>\n<h3>S\u1ee9c m\u1ea1nh c\u1ee7a nh\u00e0 m\u00e1y<\/h3>\n<p>Quy tr\u00ecnh ki\u1ec3m so\u00e1t ch\u1ea5t l\u01b0\u1ee3ng nghi\u00eam ng\u1eb7t c\u1ee7a ch\u00fang t\u00f4i \u0111\u1ea3m b\u1ea3o t\u1ef7 l\u1ec7 l\u1ed7i c\u1ef1c th\u1ea5p (&lt;1%), gi\u00fap c\u00e1c nh\u00e0 ph\u00e2n ph\u1ed1i ti\u1ebft ki\u1ec7m \u0111\u00e1ng k\u1ec3 chi ph\u00ed h\u1eadu c\u1ea7n li\u00ean quan \u0111\u1ebfn vi\u1ec7c tr\u1ea3 l\u1ea1i v\u00e0 \u0111\u1ed5i h\u00e0ng. \u0110\u1ed9 tin c\u1eady n\u00e0y th\u00fac \u0111\u1ea9y m\u1ed1i quan h\u1ec7 b\u1ec1n ch\u1eb7t gi\u1eefa nh\u00e0 s\u1ea3n xu\u1ea5t v\u00e0 nh\u00e0 ph\u00e2n ph\u1ed1i, n\u00e2ng cao ni\u1ec1m tin t\u1ed5ng th\u1ec3 tr\u00ean th\u1ecb tr\u01b0\u1eddng.<\/p>\n<h3>D\u1ecbch v\u1ee5 t\u00f9y ch\u1ec9nh (OEM\/ODM)<\/h3>\n<p>Ch\u00fang t\u00f4i h\u1ed7 tr\u1ee3 t\u00f9y ch\u1ec9nh logo th\u01b0\u01a1ng hi\u1ec7u, thi\u1ebft k\u1ebf bao b\u00ec v\u00e0 \u0111i\u1ec1u ch\u1ec9nh th\u00f4ng s\u1ed1 k\u1ef9 thu\u1eadt ph\u00edch c\u1eafm to\u00e0n c\u1ea7u, cho ph\u00e9p c\u00e1c \u0111\u1ed1i t\u00e1c t\u1ea1o d\u1ef1ng b\u1ea3n s\u1eafc ri\u00eang c\u1ee7a m\u00ecnh tr\u00ean th\u1ecb tr\u01b0\u1eddng. Nh\u1eefng gi\u1ea3i ph\u00e1p \u0111\u01b0\u1ee3c thi\u1ebft k\u1ebf ri\u00eang n\u00e0y gi\u00fap c\u00e1c nh\u00e0 ph\u00e2n ph\u1ed1i t\u1ea1o s\u1ef1 kh\u00e1c bi\u1ec7t so v\u1edbi \u0111\u1ed1i th\u1ee7 c\u1ea1nh tranh.<\/p>\n<h3>H\u1ed7 tr\u1ee3 sau b\u00e1n h\u00e0ng<\/h3>\n<p>Cam k\u1ebft c\u1ee7a ch\u00fang t\u00f4i v\u1ec1 h\u1ed7 tr\u1ee3 k\u1ef9 thu\u1eadt nhanh ch\u00f3ng v\u00e0 s\u1eb5n c\u00f3 ph\u1ee5 t\u00f9ng thay th\u1ebf \u0111\u1ea3m b\u1ea3o m\u1ecdi v\u1ea5n \u0111\u1ec1 \u0111\u1ec1u \u0111\u01b0\u1ee3c gi\u1ea3i quy\u1ebft k\u1ecbp th\u1eddi. M\u1ee9c \u0111\u1ed9 d\u1ecbch v\u1ee5 n\u00e0y r\u1ea5t quan tr\u1ecdng \u0111\u1ec3 duy tr\u00ec s\u1ef1 h\u00e0i l\u00f2ng v\u00e0 l\u00f2ng trung th\u00e0nh c\u1ee7a kh\u00e1ch h\u00e0ng.<\/p>\n<h2>6. K\u1ebft lu\u1eadn v\u00e0 L\u1eddi k\u00eau g\u1ecdi h\u00e0nh \u0111\u1ed9ng (CTA)<\/h2>\n<p>Ch\u1ea5t l\u01b0\u1ee3ng thi\u1ebft b\u1ecb c\u1ee7a b\u1ea1n kh\u00f4ng n\u00ean b\u1ecb \u1ea3nh h\u01b0\u1edfng b\u1edfi c\u00e1c linh ki\u1ec7n k\u00e9m ch\u1ea5t l\u01b0\u1ee3ng. H\u00e3y n\u00e2ng cao ch\u1ea5t l\u01b0\u1ee3ng s\u1ea3n ph\u1ea9m b\u1eb1ng c\u00e1ch l\u1ef1a ch\u1ecdn m\u00e1y b\u01a1m kh\u00ed ph\u00f9 h\u1ee3p v\u1edbi \u0111\u1eb3ng c\u1ea5p c\u1ee7a m\u00e1y laser c\u1ee7a b\u1ea1n.<\/p>\n<p>H\u00e3y li\u00ean h\u1ec7 v\u1edbi ch\u00fang t\u00f4i ngay h\u00f4m nay \u0111\u1ec3 y\u00eau c\u1ea7u m\u1eabu th\u1eed nghi\u1ec7m ho\u1eb7c \u0111\u1ec3 nh\u1eadn \u0111\u01b0\u1ee3c gi\u00e1 b\u00e1n bu\u00f4n B2B m\u1edbi nh\u1ea5t. H\u00e3y l\u1ef1a ch\u1ecdn gi\u1ea3i ph\u00e1p \u01b0u ti\u00ean hi\u1ec7u su\u1ea5t v\u00e0 \u0111\u1ed9 tin c\u1eady trong ho\u1ea1t \u0111\u1ed9ng c\u1eaft laser c\u1ee7a b\u1ea1n.<\/p>\n<p style=\"text-align: center;\"><a href=\"https:\/\/aircompressorforlasercutter.com\/vi\/lien-he-voi-chung-toi\/\"><span style=\"font-size: 18pt;\">Li\u00ean h\u1ec7 v\u1edbi ch\u00fang t\u00f4i ngay!<\/span><\/a><\/p>","protected":false},"excerpt":{"rendered":"<p>1. Background: The Overlooked Essential In today??s competitive market, many buyers invest heavily in advanced laser engraving machines, often overlooking a critical component: the air assist system. While the laser cutter may be the star of the show, the air pump plays a pivotal role in enhancing performance and longevity. Air assist is not merely [&hellip;]<\/p>","protected":false},"featured_media":457,"comment_status":"open","ping_status":"closed","template":"","meta":{"_et_pb_use_builder":"","_et_pb_old_content":"","_et_gb_content_width":""},"product_brand":[],"product_cat":[1093],"product_tag":[1096],"class_list":{"0":"post-486","1":"product","2":"type-product","3":"status-publish","4":"has-post-thumbnail","6":"product_cat-air-compressor-for-laser-cutter","7":"product_tag-air-compressor-for-laser-cutter-cost","9":"first","10":"instock","11":"shipping-taxable","12":"product-type-simple"},"_links":{"self":[{"href":"https:\/\/aircompressorforlasercutter.com\/vi\/wp-json\/wp\/v2\/product\/486","targetHints":{"allow":["GET"]}}],"collection":[{"href":"https:\/\/aircompressorforlasercutter.com\/vi\/wp-json\/wp\/v2\/product"}],"about":[{"href":"https:\/\/aircompressorforlasercutter.com\/vi\/wp-json\/wp\/v2\/types\/product"}],"replies":[{"embeddable":true,"href":"https:\/\/aircompressorforlasercutter.com\/vi\/wp-json\/wp\/v2\/comments?post=486"}],"wp:featuredmedia":[{"embeddable":true,"href":"https:\/\/aircompressorforlasercutter.com\/vi\/wp-json\/wp\/v2\/media\/457"}],"wp:attachment":[{"href":"https:\/\/aircompressorforlasercutter.com\/vi\/wp-json\/wp\/v2\/media?parent=486"}],"wp:term":[{"taxonomy":"product_brand","embeddable":true,"href":"https:\/\/aircompressorforlasercutter.com\/vi\/wp-json\/wp\/v2\/product_brand?post=486"},{"taxonomy":"product_cat","embeddable":true,"href":"https:\/\/aircompressorforlasercutter.com\/vi\/wp-json\/wp\/v2\/product_cat?post=486"},{"taxonomy":"product_tag","embeddable":true,"href":"https:\/\/aircompressorforlasercutter.com\/vi\/wp-json\/wp\/v2\/product_tag?post=486"}],"curies":[{"name":"wp","href":"https:\/\/api.w.org\/{rel}","templated":true}]}}